{"id":5812,"date":"2024-01-25T08:10:12","date_gmt":"2024-01-25T07:10:12","guid":{"rendered":"https:\/\/new.tracefy.com\/?page_id=5812"},"modified":"2024-12-09T14:02:42","modified_gmt":"2024-12-09T13:02:42","slug":"uber-tracefy","status":"publish","type":"page","link":"https:\/\/tracefy.com\/de\/over-tracefy\/","title":{"rendered":"\u00dcber Tracefy"},"content":{"rendered":"<div data-elementor-type=\"wp-page\" data-elementor-id=\"5812\" class=\"elementor elementor-5812\" data-elementor-post-type=\"page\">\n\t\t\t\t<div class=\"elementor-element elementor-element-e82f1e5 e-con-full e-flex e-con e-parent\" data-id=\"e82f1e5\" data-element_type=\"container\" data-e-type=\"container\" data-settings=\"{&quot;background_background&quot;:&quot;video&quot;,&quot;background_video_link&quot;:&quot;https:\\\/\\\/www.youtube.com\\\/watch?v=Lo7TLShKTI0&amp;ab_channel=Tracefy&quot;,&quot;background_play_on_mobile&quot;:&quot;yes&quot;,&quot;jet_parallax_layout_list&quot;:[]}\">\n\t\t<div class=\"elementor-background-video-container\">\n\t\t\t\t\t\t\t<div class=\"elementor-background-video-embed\" role=\"presentation\"><\/div>\n\t\t\t\t\t\t<\/div><div class=\"elementor-element elementor-element-5f4c229 e-flex e-con-boxed e-con e-child\" data-id=\"5f4c229\" data-element_type=\"container\" data-e-type=\"container\" data-settings=\"{&quot;background_background&quot;:&quot;classic&quot;,&quot;jet_parallax_layout_list&quot;:[]}\">\n\t\t\t\t\t<div class=\"e-con-inner\">\n\t\t\t\t\t<\/div>\n\t\t\t\t<\/div>\n\t\t\t\t<\/div>\n\t\t<div class=\"elementor-element elementor-element-ea6e0d8 e-flex e-con-boxed e-con e-parent\" data-id=\"ea6e0d8\" data-element_type=\"container\" data-e-type=\"container\" data-settings=\"{&quot;jet_parallax_layout_list&quot;:[]}\">\n\t\t\t\t\t<div class=\"e-con-inner\">\n\t\t<div class=\"elementor-element elementor-element-131cfc4 e-con-full e-flex e-con e-child\" data-id=\"131cfc4\" data-element_type=\"container\" data-e-type=\"container\" data-settings=\"{&quot;jet_parallax_layout_list&quot;:[]}\">\n\t\t\t\t<div class=\"elementor-element elementor-element-42eb033 elementor-widget elementor-widget-heading\" data-id=\"42eb033\" data-element_type=\"widget\" data-e-type=\"widget\" data-widget_type=\"heading.default\">\n\t\t\t\t<div class=\"elementor-widget-container\">\n\t\t\t\t\t<h2 class=\"elementor-heading-title elementor-size-default\">Das Tracefy-Team<\/h2>\t\t\t\t<\/div>\n\t\t\t\t<\/div>\n\t\t\t\t<div class=\"elementor-element elementor-element-07ba6a6 elementor-widget elementor-widget-text-editor\" data-id=\"07ba6a6\" data-element_type=\"widget\" data-e-type=\"widget\" data-widget_type=\"text-editor.default\">\n\t\t\t\t<div class=\"elementor-widget-container\">\n\t\t\t\t\t\t\t\t\t<p>Tracefy ist ein niederl\u00e4ndisches Technologieunternehmen, das sich auf GPS-L\u00f6sungen f\u00fcr Elektrofahrr\u00e4der und -roller spezialisiert hat. Wir bei Tracefy wollen einen Beitrag zur nachhaltigen Mobilit\u00e4t leisten. Wir tun dies, indem wir das Radfahren unterhaltsamer, intelligenter und sicherer machen. <br \/>So liefern wir beispielsweise die GPS-Technologie f\u00fcr verschiedene Shared-Scooter und Lieferdienste. Fahrradhersteller nutzen die Tracefy-L\u00f6sung, um \"vernetzte\" E-Bikes anzubieten, und dar\u00fcber hinaus k\u00f6nnen Verbraucher unsere GPS-Fahrradsicherheit bei einem der Tracefy angeschlossenen H\u00e4ndler in ihre E-Bikes einbauen lassen. <br \/>Tracefy entwickelt sowohl GPS-Hardware als auch Software.<\/p>\t\t\t\t\t\t\t\t<\/div>\n\t\t\t\t<\/div>\n\t\t\t\t<\/div>\n\t\t<div class=\"elementor-element elementor-element-4cacf96 e-con-full e-flex e-con e-child\" data-id=\"4cacf96\" data-element_type=\"container\" data-e-type=\"container\" data-settings=\"{&quot;background_background&quot;:&quot;classic&quot;,&quot;jet_parallax_layout_list&quot;:[]}\">\n\t\t\t\t<div class=\"elementor-element elementor-element-f779ceb elementor-widget elementor-widget-heading\" data-id=\"f779ceb\" data-element_type=\"widget\" data-e-type=\"widget\" data-widget_type=\"heading.default\">\n\t\t\t\t<div class=\"elementor-widget-container\">\n\t\t\t\t\t<h2 class=\"elementor-heading-title elementor-size-default\">Arbeiten bei Tracefy?<\/h2>\t\t\t\t<\/div>\n\t\t\t\t<\/div>\n\t\t\t\t<div class=\"elementor-element elementor-element-f0f9b7a elementor-widget elementor-widget-text-editor\" data-id=\"f0f9b7a\" data-element_type=\"widget\" data-e-type=\"widget\" data-widget_type=\"text-editor.default\">\n\t\t\t\t<div class=\"elementor-widget-container\">\n\t\t\t\t\t\t\t\t\t<p>Neugierig?<br \/>M\u00f6chten auch Sie Teil unseres tollen Teams werden?<\/p>\t\t\t\t\t\t\t\t<\/div>\n\t\t\t\t<\/div>\n\t\t\t\t<div class=\"elementor-element elementor-element-befd5e4 elementor-align-justify elementor-widget elementor-widget-button\" data-id=\"befd5e4\" data-element_type=\"widget\" data-e-type=\"widget\" data-widget_type=\"button.default\">\n\t\t\t\t<div class=\"elementor-widget-container\">\n\t\t\t\t\t\t\t\t\t<div class=\"elementor-button-wrapper\">\n\t\t\t\t\t<a class=\"elementor-button elementor-button-link elementor-size-sm\" href=\"https:\/\/tracefy.com\/de\/uber-tracefy\/arbeiten-bei\/\">\n\t\t\t\t\t\t<span class=\"elementor-button-content-wrapper\">\n\t\t\t\t\t\t<span class=\"elementor-button-icon\">\n\t\t\t\t<svg aria-hidden=\"true\" class=\"e-font-icon-svg e-far-arrow-alt-circle-right\" viewbox=\"0 0 512 512\" xmlns=\"http:\/\/www.w3.org\/2000\/svg\"><path d=\"M504 256C504 119 393 8 256 8S8 119 8 256s111 248 248 248 248-111 248-248zm-448 0c0-110.5 89.5-200 200-200s200 89.5 200 200-89.5 200-200 200S56 366.5 56 256zm72 20v-40c0-6.6 5.4-12 12-12h116v-67c0-10.7 12.9-16 20.5-8.5l99 99c4.7 4.7 4.7 12.3 0 17l-99 99c-7.6 7.6-20.5 2.2-20.5-8.5v-67H140c-6.6 0-12-5.4-12-12z\"><\/path><\/svg>\t\t\t<\/span>\n\t\t\t\t\t\t\t\t\t<span class=\"elementor-button-text\">Siehe unsere offenen Stellen<\/span>\n\t\t\t\t\t<\/span>\n\t\t\t\t\t<\/a>\n\t\t\t\t<\/div>\n\t\t\t\t\t\t\t\t<\/div>\n\t\t\t\t<\/div>\n\t\t\t\t<\/div>\n\t\t\t\t\t<\/div>\n\t\t\t\t<\/div>\n\t\t<div class=\"elementor-element elementor-element-7013916 e-flex e-con-boxed e-con e-parent\" data-id=\"7013916\" data-element_type=\"container\" data-e-type=\"container\" data-settings=\"{&quot;background_background&quot;:&quot;classic&quot;,&quot;jet_parallax_layout_list&quot;:[]}\">\n\t\t\t\t\t<div class=\"e-con-inner\">\n\t\t\t\t\t<\/div>\n\t\t\t\t<\/div>\n\t\t<div class=\"elementor-element elementor-element-7d43c78 e-flex e-con-boxed e-con e-parent\" data-id=\"7d43c78\" data-element_type=\"container\" data-e-type=\"container\" data-settings=\"{&quot;jet_parallax_layout_list&quot;:[]}\">\n\t\t\t\t\t<div class=\"e-con-inner\">\n\t\t\t\t<div class=\"elementor-element elementor-element-bb21390 elementor-widget elementor-widget-heading\" data-id=\"bb21390\" data-element_type=\"widget\" data-e-type=\"widget\" data-widget_type=\"heading.default\">\n\t\t\t\t<div class=\"elementor-widget-container\">\n\t\t\t\t\t<h2 class=\"elementor-heading-title elementor-size-default\">Der Pilot <\/h2>\t\t\t\t<\/div>\n\t\t\t\t<\/div>\n\t\t\t\t<div class=\"elementor-element elementor-element-0c4c939 elementor-widget elementor-widget-text-editor\" data-id=\"0c4c939\" data-element_type=\"widget\" data-e-type=\"widget\" data-widget_type=\"text-editor.default\">\n\t\t\t\t<div class=\"elementor-widget-container\">\n\t\t\t\t\t\t\t\t\t<p>Unsere Heimatbasis ist \"de Loods\". De Loods ist das \u00d6kosystem im Plaspoelpolder in Rijswijk, an der Grenze zu Den Haag und Delft. Dieser hochkar\u00e4tige Standort liegt zentral und ist sowohl mit \u00f6ffentlichen Verkehrsmitteln als auch mit dem Auto leicht zu erreichen. De Loods ist ein super cooler Ort, an dem wir unserem guten Team die Einrichtungen bieten k\u00f6nnen, die es verdient.  Ein sch\u00f6ner Raum, gute Erreichbarkeit, Sporteinrichtungen, tolles Catering, Workshops und viele Synergien mit anderen Sheds. Hier arbeitet das Tracefy-Team daran, seine Dienstleistungen weiterzuentwickeln. Denn technisch ist immer mehr m\u00f6glich und Tracefy geht gerne an die Grenzen!<\/p>\t\t\t\t\t\t\t\t<\/div>\n\t\t\t\t<\/div>\n\t\t\t\t\t<\/div>\n\t\t\t\t<\/div>\n\t\t\t\t<\/div>","protected":false},"excerpt":{"rendered":"<p>Het Tracefy team Tracefy is een Nederlands tech bedrijf gespecialiseerd in GPS oplossingen voor elektrische fietsen en scooters. Bij Tracefy streven we er naar om een bijdrage te leveren aan duurzame mobiliteit. Dit doen we door fietsen nog leuker, slimmer en veiliger te maken. Wij leveren bijvoorbeeld de GPS techniek voor verschillende deelscooters en bezorgdiensten. [&hellip;]<\/p>\n","protected":false},"author":1,"featured_media":0,"parent":0,"menu_order":0,"comment_status":"closed","ping_status":"closed","template":"","meta":{"footnotes":""},"class_list":["post-5812","page","type-page","status-publish","hentry"],"yoast_head":"<!-- This site is optimized with the Yoast SEO Premium plugin v27.2 (Yoast SEO v27.2) - https:\/\/yoast.com\/product\/yoast-seo-premium-wordpress\/ -->\n<title>Over Tracefy - Tracefy | Keep Your Bike Close<\/title>\n<meta name=\"robots\" content=\"index, follow, max-snippet:-1, max-image-preview:large, max-video-preview:-1\" \/>\n<link rel=\"canonical\" href=\"https:\/\/tracefy.com\/de\/uber-tracefy\/\" \/>\n<meta property=\"og:locale\" content=\"de_DE\" \/>\n<meta property=\"og:type\" content=\"article\" \/>\n<meta property=\"og:title\" content=\"Over Tracefy\" \/>\n<meta property=\"og:description\" content=\"Het Tracefy team Tracefy is een Nederlands tech bedrijf gespecialiseerd in GPS oplossingen voor elektrische fietsen en scooters. Bij Tracefy streven we er naar om een bijdrage te leveren aan duurzame mobiliteit. Dit doen we door fietsen nog leuker, slimmer en veiliger te maken. Wij leveren bijvoorbeeld de GPS techniek voor verschillende deelscooters en bezorgdiensten. [&hellip;]\" \/>\n<meta property=\"og:url\" content=\"https:\/\/tracefy.com\/de\/uber-tracefy\/\" \/>\n<meta property=\"og:site_name\" content=\"Tracefy | Keep Your Bike Close\" \/>\n<meta property=\"article:publisher\" content=\"https:\/\/www.facebook.com\/Tracefy\/\" \/>\n<meta property=\"article:modified_time\" content=\"2024-12-09T13:02:42+00:00\" \/>\n<meta name=\"twitter:card\" content=\"summary_large_image\" \/>\n<meta name=\"twitter:label1\" content=\"Gesch\u00e4tzte Lesezeit\" \/>\n\t<meta name=\"twitter:data1\" content=\"1\u00a0Minute\" \/>\n<script type=\"application\/ld+json\" class=\"yoast-schema-graph\">{\"@context\":\"https:\/\/schema.org\",\"@graph\":[{\"@type\":\"WebPage\",\"@id\":\"https:\/\/tracefy.com\/over-tracefy\/\",\"url\":\"https:\/\/tracefy.com\/over-tracefy\/\",\"name\":\"Over Tracefy - Tracefy | Keep Your Bike Close\",\"isPartOf\":{\"@id\":\"https:\/\/tracefy.com\/nl\/#website\"},\"datePublished\":\"2024-01-25T07:10:12+00:00\",\"dateModified\":\"2024-12-09T13:02:42+00:00\",\"breadcrumb\":{\"@id\":\"https:\/\/tracefy.com\/over-tracefy\/#breadcrumb\"},\"inLanguage\":\"de\",\"potentialAction\":[{\"@type\":\"ReadAction\",\"target\":[\"https:\/\/tracefy.com\/over-tracefy\/\"]}]},{\"@type\":\"BreadcrumbList\",\"@id\":\"https:\/\/tracefy.com\/over-tracefy\/#breadcrumb\",\"itemListElement\":[{\"@type\":\"ListItem\",\"position\":1,\"name\":\"Home\",\"item\":\"https:\/\/tracefy.com\/\"},{\"@type\":\"ListItem\",\"position\":2,\"name\":\"Over Tracefy\"}]},{\"@type\":\"WebSite\",\"@id\":\"https:\/\/tracefy.com\/nl\/#website\",\"url\":\"https:\/\/tracefy.com\/nl\/\",\"name\":\"Tracefy | Keep Your Bike Close\",\"description\":\"\",\"publisher\":{\"@id\":\"https:\/\/tracefy.com\/nl\/#organization\"},\"potentialAction\":[{\"@type\":\"SearchAction\",\"target\":{\"@type\":\"EntryPoint\",\"urlTemplate\":\"https:\/\/tracefy.com\/nl\/?s={search_term_string}\"},\"query-input\":{\"@type\":\"PropertyValueSpecification\",\"valueRequired\":true,\"valueName\":\"search_term_string\"}}],\"inLanguage\":\"de\"},{\"@type\":\"Organization\",\"@id\":\"https:\/\/tracefy.com\/nl\/#organization\",\"name\":\"Tracefy | Keep Your Bike Close\",\"url\":\"https:\/\/tracefy.com\/nl\/\",\"logo\":{\"@type\":\"ImageObject\",\"inLanguage\":\"de\",\"@id\":\"https:\/\/tracefy.com\/nl\/#\/schema\/logo\/image\/\",\"url\":\"https:\/\/tracefy.com\/wp-content\/uploads\/2021\/10\/Tracefy_logo_payoff-2022.svg\",\"contentUrl\":\"https:\/\/tracefy.com\/wp-content\/uploads\/2021\/10\/Tracefy_logo_payoff-2022.svg\",\"width\":517.5,\"height\":285.9,\"caption\":\"Tracefy | Keep Your Bike Close\"},\"image\":{\"@id\":\"https:\/\/tracefy.com\/nl\/#\/schema\/logo\/image\/\"},\"sameAs\":[\"https:\/\/www.facebook.com\/Tracefy\/\",\"https:\/\/www.instagram.com\/tracefy_iot\/\",\"https:\/\/www.youtube.com\/@tracefy_iot\",\"https:\/\/www.linkedin.com\/company\/tracefy\/\"]}]}<\/script>\n<!-- \/ Yoast SEO Premium plugin. -->","yoast_head_json":{"title":"\u00dcber Tracefy - Tracefy | Halten Sie Ihr Fahrrad in der N\u00e4he","robots":{"index":"index","follow":"follow","max-snippet":"max-snippet:-1","max-image-preview":"max-image-preview:large","max-video-preview":"max-video-preview:-1"},"canonical":"https:\/\/tracefy.com\/de\/uber-tracefy\/","og_locale":"de_DE","og_type":"article","og_title":"Over Tracefy","og_description":"Het Tracefy team Tracefy is een Nederlands tech bedrijf gespecialiseerd in GPS oplossingen voor elektrische fietsen en scooters. Bij Tracefy streven we er naar om een bijdrage te leveren aan duurzame mobiliteit. Dit doen we door fietsen nog leuker, slimmer en veiliger te maken. Wij leveren bijvoorbeeld de GPS techniek voor verschillende deelscooters en bezorgdiensten. [&hellip;]","og_url":"https:\/\/tracefy.com\/de\/uber-tracefy\/","og_site_name":"Tracefy | Keep Your Bike Close","article_publisher":"https:\/\/www.facebook.com\/Tracefy\/","article_modified_time":"2024-12-09T13:02:42+00:00","twitter_card":"summary_large_image","twitter_misc":{"Gesch\u00e4tzte Lesezeit":"1\u00a0Minute"},"schema":{"@context":"https:\/\/schema.org","@graph":[{"@type":"WebPage","@id":"https:\/\/tracefy.com\/over-tracefy\/","url":"https:\/\/tracefy.com\/over-tracefy\/","name":"\u00dcber Tracefy - Tracefy | Halten Sie Ihr Fahrrad in der N\u00e4he","isPartOf":{"@id":"https:\/\/tracefy.com\/nl\/#website"},"datePublished":"2024-01-25T07:10:12+00:00","dateModified":"2024-12-09T13:02:42+00:00","breadcrumb":{"@id":"https:\/\/tracefy.com\/over-tracefy\/#breadcrumb"},"inLanguage":"de","potentialAction":[{"@type":"ReadAction","target":["https:\/\/tracefy.com\/over-tracefy\/"]}]},{"@type":"BreadcrumbList","@id":"https:\/\/tracefy.com\/over-tracefy\/#breadcrumb","itemListElement":[{"@type":"ListItem","position":1,"name":"Home","item":"https:\/\/tracefy.com\/"},{"@type":"ListItem","position":2,"name":"Over Tracefy"}]},{"@type":"WebSite","@id":"https:\/\/tracefy.com\/nl\/#website","url":"https:\/\/tracefy.com\/nl\/","name":"Tracefy | Halten Sie Ihr Fahrrad in der N\u00e4he","description":"","publisher":{"@id":"https:\/\/tracefy.com\/nl\/#organization"},"potentialAction":[{"@type":"SearchAction","target":{"@type":"EntryPoint","urlTemplate":"https:\/\/tracefy.com\/nl\/?s={search_term_string}"},"query-input":{"@type":"PropertyValueSpecification","valueRequired":true,"valueName":"search_term_string"}}],"inLanguage":"de"},{"@type":"Organization","@id":"https:\/\/tracefy.com\/nl\/#organization","name":"Tracefy | Halten Sie Ihr Fahrrad in der N\u00e4he","url":"https:\/\/tracefy.com\/nl\/","logo":{"@type":"ImageObject","inLanguage":"de","@id":"https:\/\/tracefy.com\/nl\/#\/schema\/logo\/image\/","url":"https:\/\/tracefy.com\/wp-content\/uploads\/2021\/10\/Tracefy_logo_payoff-2022.svg","contentUrl":"https:\/\/tracefy.com\/wp-content\/uploads\/2021\/10\/Tracefy_logo_payoff-2022.svg","width":517.5,"height":285.9,"caption":"Tracefy | Keep Your Bike Close"},"image":{"@id":"https:\/\/tracefy.com\/nl\/#\/schema\/logo\/image\/"},"sameAs":["https:\/\/www.facebook.com\/Tracefy\/","https:\/\/www.instagram.com\/tracefy_iot\/","https:\/\/www.youtube.com\/@tracefy_iot","https:\/\/www.linkedin.com\/company\/tracefy\/"]}]}},"_links":{"self":[{"href":"https:\/\/tracefy.com\/de\/wp-json\/wp\/v2\/pages\/5812","targetHints":{"allow":["GET"]}}],"collection":[{"href":"https:\/\/tracefy.com\/de\/wp-json\/wp\/v2\/pages"}],"about":[{"href":"https:\/\/tracefy.com\/de\/wp-json\/wp\/v2\/types\/page"}],"author":[{"embeddable":true,"href":"https:\/\/tracefy.com\/de\/wp-json\/wp\/v2\/users\/1"}],"replies":[{"embeddable":true,"href":"https:\/\/tracefy.com\/de\/wp-json\/wp\/v2\/comments?post=5812"}],"version-history":[{"count":13,"href":"https:\/\/tracefy.com\/de\/wp-json\/wp\/v2\/pages\/5812\/revisions"}],"predecessor-version":[{"id":8957,"href":"https:\/\/tracefy.com\/de\/wp-json\/wp\/v2\/pages\/5812\/revisions\/8957"}],"wp:attachment":[{"href":"https:\/\/tracefy.com\/de\/wp-json\/wp\/v2\/media?parent=5812"}],"curies":[{"name":"wp","href":"https:\/\/api.w.org\/{rel}","templated":true}]}}