{"id":5826,"date":"2024-01-25T08:13:08","date_gmt":"2024-01-25T07:13:08","guid":{"rendered":"https:\/\/new.tracefy.com\/?page_id=5826"},"modified":"2025-12-11T11:52:10","modified_gmt":"2025-12-11T10:52:10","slug":"diebstahlserkennung","status":"publish","type":"page","link":"https:\/\/tracefy.com\/de\/diefstal-opsporing\/","title":{"rendered":"Diebstahl und Aufdeckung"},"content":{"rendered":"<div data-elementor-type=\"wp-page\" data-elementor-id=\"5826\" class=\"elementor elementor-5826\" data-elementor-post-type=\"page\">\n\t\t\t\t<div class=\"elementor-element elementor-element-45f02969 e-con-full e-flex e-con e-parent\" data-id=\"45f02969\" data-element_type=\"container\" data-e-type=\"container\" data-settings=\"{&quot;background_background&quot;:&quot;video&quot;,&quot;background_video_link&quot;:&quot;https:\\\/\\\/www.youtube.com\\\/embed\\\/psZcBF9F7_4?controls=0&amp;rel=0&amp;playsinline=1&amp;enablejsapi=1&amp;origin=https%3A%2F%2Ftracefy.com&amp;widgetid=1&quot;,&quot;jet_parallax_layout_list&quot;:[]}\">\n\t\t<div class=\"elementor-background-video-container elementor-hidden-mobile\">\n\t\t\t\t\t\t\t<div class=\"elementor-background-video-embed\" role=\"presentation\"><\/div>\n\t\t\t\t\t\t<\/div><div class=\"elementor-element elementor-element-44d809f8 e-flex e-con-boxed e-con e-child\" data-id=\"44d809f8\" data-element_type=\"container\" data-e-type=\"container\" data-settings=\"{&quot;background_background&quot;:&quot;classic&quot;,&quot;jet_parallax_layout_list&quot;:[]}\">\n\t\t\t\t\t<div class=\"e-con-inner\">\n\t\t\t\t<div class=\"elementor-element elementor-element-117f648c elementor-widget elementor-widget-heading\" data-id=\"117f648c\" data-element_type=\"widget\" data-e-type=\"widget\" data-widget_type=\"heading.default\">\n\t\t\t\t<div class=\"elementor-widget-container\">\n\t\t\t\t\t<h1 class=\"elementor-heading-title elementor-size-default\">Diebstahl und Aufdeckung<\/h1>\t\t\t\t<\/div>\n\t\t\t\t<\/div>\n\t\t\t\t<div class=\"elementor-element elementor-element-0123c72 elementor-widget elementor-widget-heading\" data-id=\"0123c72\" data-element_type=\"widget\" data-e-type=\"widget\" data-widget_type=\"heading.default\">\n\t\t\t\t<div class=\"elementor-widget-container\">\n\t\t\t\t\t<span class=\"elementor-heading-title elementor-size-default\">BIKE GONE? TRACEFY IST F\u00dcR SIE DA!<\/span>\t\t\t\t<\/div>\n\t\t\t\t<\/div>\n\t\t\t\t\t<\/div>\n\t\t\t\t<\/div>\n\t\t\t\t<\/div>\n\t\t<div class=\"elementor-element elementor-element-d49364a e-flex e-con-boxed e-con e-parent\" data-id=\"d49364a\" data-element_type=\"container\" data-e-type=\"container\" data-settings=\"{&quot;jet_parallax_layout_list&quot;:[]}\">\n\t\t\t\t\t<div class=\"e-con-inner\">\n\t\t\t\t<div class=\"elementor-element elementor-element-a4f716e elementor-widget elementor-widget-text-editor\" data-id=\"a4f716e\" data-element_type=\"widget\" data-e-type=\"widget\" data-widget_type=\"text-editor.default\">\n\t\t\t\t<div class=\"elementor-widget-container\">\n\t\t\t\t\t\t\t\t\t<p>Tracefy ist ein technisches Unternehmen mit mehr als 10 Jahren Erfahrung im Bereich der digitalen Fahrradsicherheit. Unsere Mission ist es, eine starke Faust gegen Fahrraddiebstahl zu machen. Wir sind das einzige Unternehmen in Europa, das eine vollst\u00e4ndige und nachhaltige GPS-L\u00f6sung anbietet. Unser Service bietet nicht nur einen superstarken GPS-Tracker f\u00fcr Fahrr\u00e4der, sondern umfasst auch eine App, mit der Sie den Standort Ihres Fahrrads jederzeit im Auge behalten k\u00f6nnen. Und ist es trotzdem weggelaufen? Dann k\u00f6nnen Sie auf die Unterst\u00fctzung unseres spezialisierten Ortungsdienstes z\u00e4hlen, der die R\u00fcckf\u00fchrung zu Ihnen veranlasst. Daf\u00fcr arbeiten wir mit verschiedenen Partnern und unseren eigenen Fahrraddetektiven zusammen. Dar\u00fcber hinaus erhalten Sie manchmal einen Rabatt auf Ihre Fahrradversicherung, wenn Ihr Fahrrad mit Tracefy Bike Security ausgestattet ist.\u00a0<\/p>\t\t\t\t\t\t\t\t<\/div>\n\t\t\t\t<\/div>\n\t\t\t\t\t<\/div>\n\t\t\t\t<\/div>\n\t\t<div class=\"elementor-element elementor-element-7d9aa59 e-flex e-con-boxed e-con e-parent\" data-id=\"7d9aa59\" data-element_type=\"container\" data-e-type=\"container\" data-settings=\"{&quot;background_background&quot;:&quot;classic&quot;,&quot;jet_parallax_layout_list&quot;:[]}\">\n\t\t\t\t\t<div class=\"e-con-inner\">\n\t\t<div class=\"elementor-element elementor-element-1153ffa e-con-full e-flex e-con e-child\" data-id=\"1153ffa\" data-element_type=\"container\" data-e-type=\"container\" data-settings=\"{&quot;jet_parallax_layout_list&quot;:[]}\">\n\t\t\t\t<div class=\"elementor-element elementor-element-cf31099 elementor-widget elementor-widget-heading\" data-id=\"cf31099\" data-element_type=\"widget\" data-e-type=\"widget\" data-widget_type=\"heading.default\">\n\t\t\t\t<div class=\"elementor-widget-container\">\n\t\t\t\t\t<h2 class=\"elementor-heading-title elementor-size-default\">WIE FUNKTIONIERT DER TRACEFY GPS-SCHUTZ?<\/h2>\t\t\t\t<\/div>\n\t\t\t\t<\/div>\n\t\t\t\t<div class=\"elementor-element elementor-element-4607683 elementor-widget elementor-widget-text-editor\" data-id=\"4607683\" data-element_type=\"widget\" data-e-type=\"widget\" data-widget_type=\"text-editor.default\">\n\t\t\t\t<div class=\"elementor-widget-container\">\n\t\t\t\t\t\t\t\t\t<ol><li>Sie k\u00f6nnen den Tracefy GPS-Tracker bei einem der Tracefy angeschlossenen H\u00e4ndler kaufen. Wir finden es wichtig, dass unser GPS-Tracker immer korrekt installiert wird. Daher sollte dies immer in einem Fahrradgesch\u00e4ft erfolgen. Wir liefern daher auch nicht direkt an Verbraucher. Unser empfohlener Verkaufspreis betr\u00e4gt 199 \u20ac f\u00fcr den PRO und 129,95 \u20ac f\u00fcr den SOLO. Der GPS-Tracker wird unsichtbar in Ihr Fahrrad eingebaut.\u00a0<\/li><li>Gehen Sie in den App Store oder Google Play Store und laden Sie die \"Tracefy\" SOLO oder PRO App herunter<\/li><li>Registrieren Sie Ihr Fahrrad \u00fcber die Rahmennummer, w\u00e4hlen Sie das gew\u00fcnschte Abonnement und bezahlen Sie \u00fcber die App<\/li><\/ol>\t\t\t\t\t\t\t\t<\/div>\n\t\t\t\t<\/div>\n\t\t\t\t<\/div>\n\t\t\t\t\t<\/div>\n\t\t\t\t<\/div>\n\t\t<div class=\"elementor-element elementor-element-576eb88 e-flex e-con-boxed e-con e-parent\" data-id=\"576eb88\" data-element_type=\"container\" data-e-type=\"container\" data-settings=\"{&quot;jet_parallax_layout_list&quot;:[]}\">\n\t\t\t\t\t<div class=\"e-con-inner\">\n\t\t<div class=\"elementor-element elementor-element-63e48bb e-con-full e-flex e-con e-child\" data-id=\"63e48bb\" data-element_type=\"container\" data-e-type=\"container\" data-settings=\"{&quot;jet_parallax_layout_list&quot;:[]}\">\n\t\t\t\t<div class=\"elementor-element elementor-element-a33cd36 elementor-widget elementor-widget-heading\" data-id=\"a33cd36\" data-element_type=\"widget\" data-e-type=\"widget\" data-widget_type=\"heading.default\">\n\t\t\t\t<div class=\"elementor-widget-container\">\n\t\t\t\t\t<h2 class=\"elementor-heading-title elementor-size-default\">R\u00dcCKVERFOLGBARKEIT<\/h2>\t\t\t\t<\/div>\n\t\t\t\t<\/div>\n\t\t\t\t<div class=\"elementor-element elementor-element-aba27f8 elementor-widget elementor-widget-text-editor\" data-id=\"aba27f8\" data-element_type=\"widget\" data-e-type=\"widget\" data-widget_type=\"text-editor.default\">\n\t\t\t\t<div class=\"elementor-widget-container\">\n\t\t\t\t\t\t\t\t\t<p>\u00dcber die App k\u00f6nnen Sie ein 1-, 3- oder 5-Jahres-Abonnement w\u00e4hlen. Wenn Sie sich f\u00fcr 5 Jahre entscheiden, zahlen Sie am wenigsten pro Jahr.\u00a0<\/p><p>Im Falle eines Diebstahls k\u00f6nnen Sie auf einen spezialisierten Ortungsdienst zur\u00fcckgreifen, um Ihr Fahrrad wiederzufinden. Diesen Dienst aktivieren Sie \u00fcber den Meldebutton \"Mein Fahrrad wurde gestohlen\" in der Tracefy-App. Wir empfehlen immer, zus\u00e4tzlich eine Fahrradversicherung abzuschlie\u00dfen.\u00a0<\/p>\t\t\t\t\t\t\t\t<\/div>\n\t\t\t\t<\/div>\n\t\t\t\t<\/div>\n\t\t<div class=\"elementor-element elementor-element-54b58a6 e-con-full e-flex e-con e-child\" data-id=\"54b58a6\" data-element_type=\"container\" data-e-type=\"container\" data-settings=\"{&quot;jet_parallax_layout_list&quot;:[]}\">\n\t\t\t\t<div class=\"elementor-element elementor-element-b75ec86 elementor-blockquote--skin-boxed elementor-blockquote--button-view-text elementor-blockquote--button-skin-classic elementor-widget elementor-widget-blockquote\" data-id=\"b75ec86\" data-element_type=\"widget\" data-e-type=\"widget\" data-widget_type=\"blockquote.default\">\n\t\t\t\t<div class=\"elementor-widget-container\">\n\t\t\t\t\t\t\t<blockquote class=\"elementor-blockquote\">\n\t\t\t<p class=\"elementor-blockquote__content\">\n\t\t\t\t\n\u00dcber die Tracefy PRO\/SOLO-App kann der Nutzer das Fahrrad einfach als vermisst melden. Nach dieser Meldung muss der Nutzer den Diebstahl bei der Polizei melden. Die Berichtsnummer sollte dann an das Tracefy-Ermittlungsteam weitergegeben werden. Nach der Meldung wird der Nutzer direkt mit dem Tracefy-Kontrollraum in Verbindung gesetzt. \t\t\t<\/p>\n\t\t\t\t\t\t\t<div class=\"e-q-footer\">\n\t\t\t\t\t\t\t\t\t\t\t\t\t\t\t\t<a href=\"https:\/\/twitter.com\/intent\/tweet?text=Gr%C3%A2ce+%C3%A0+l%27application+Tracefy+PRO%2FSOLO%2C+l%27utilisateur+peut+facilement+signaler+la+disparition+de+son+v%C3%A9lo.+Apr%C3%A8s+cette+d%C3%A9claration%2C+l%27utilisateur+doit+signaler+le+vol+%C3%A0+la+police.+Le+num%C3%A9ro+du+rapport+doit+ensuite+%C3%AAtre+communiqu%C3%A9+%C3%A0+l%27%C3%A9quipe+de+d%C3%A9tection+de+Tracefy.+Apr%C3%A8s+la+d%C3%A9claration%2C+l%27utilisateur+entre+directement+en+contact+avec+la+salle+de+contr%C3%B4le+de+Tracefy.&amp;url=https%3A%2F%2Ftracefy.com%2Ffr%2Fdiefstal-opsporing%2F%3Fgad_campaignid%3D17224221803%26gad_source%3D1%26gbraid%3D0AAAAADOfwUrQrDgOJFQikewQSQudceCH4\" class=\"elementor-blockquote__tweet-button\" target=\"_blank\">\n\t\t\t\t\t\t\t\t\t\t\t\t\t\t\t\t\t\t\t\t\t\t<span class=\"elementor-blockquote__tweet-label\"><\/span>\n\t\t\t\t\t\t\t\t\t\t\t\t\t<\/a>\n\t\t\t\t\t\t\t\t\t<\/div>\n\t\t\t\t\t<\/blockquote>\n\t\t\t\t\t\t<\/div>\n\t\t\t\t<\/div>\n\t\t\t\t<\/div>\n\t\t\t\t\t<\/div>\n\t\t\t\t<\/div>\n\t\t<div class=\"elementor-element elementor-element-7c1ea29 e-flex e-con-boxed e-con e-parent\" data-id=\"7c1ea29\" data-element_type=\"container\" data-e-type=\"container\" data-settings=\"{&quot;jet_parallax_layout_list&quot;:[]}\">\n\t\t\t\t\t<div class=\"e-con-inner\">\n\t\t\t\t<div class=\"elementor-element elementor-element-014e936 uael-button-stack-mobile uael-button-halign-center elementor-widget elementor-widget-uael-buttons\" data-id=\"014e936\" data-element_type=\"widget\" data-e-type=\"widget\" data-widget_type=\"uael-buttons.default\">\n\t\t\t\t<div class=\"elementor-widget-container\">\n\t\t\t\t\t\t\t<div class=\"uael-dual-button-outer-wrap\">\n\t\t\t<div class=\"uael-dual-button-wrap\">\n\t\t\t\t\t\t\t\t<div class=\"uael-button-wrapper uael-dual-button elementor-widget-button elementor-repeater-item-e102b33 uael-dual-button-0\">\n\t\t\t\t\t<a class=\"elementor-button-link elementor-button elementor-size-sm elementor-button-link\" href=\"https:\/\/tracefy.com\/de\/handler\/handlersuche\/\">\n\t\t\t\t\t\t\t\t<span class=\"elementor-button-content-wrapper uael-buttons-icon-\">\n\t\t\t\t\t\t\t\t\t\t\t\t<span class=\"elementor-align-icon- elementor-button-icon\">\n\t\t\t\t\t\t\t\t\t\t\t<\/span>\n\t\t\t\t\t\t\t\t\t\t<span class=\"elementor-button-text elementor-inline-editing\" data-elementor-setting-key=\"buttons.0.text\" data-elementor-inline-editing-toolbar=\"none\">H\u00e4ndler suchen<\/span>\n\t\t<\/span>\n\t\t\t\t\t\t\t<\/a>\n\t\t\t\t<\/div>\n\t\t\t\t\t\t\t\t<div class=\"uael-button-wrapper uael-dual-button elementor-widget-button elementor-repeater-item-31b927a uael-dual-button-1\">\n\t\t\t\t\t<a class=\"elementor-button-link elementor-button elementor-size-sm elementor-button-link\" href=\"https:\/\/tracefy.com\/de\/handler\/handler-werden\/\">\n\t\t\t\t\t\t\t\t<span class=\"elementor-button-content-wrapper uael-buttons-icon- elementor-button-content-wrapper uael-buttons-icon-\">\n\t\t\t\t\t\t\t\t\t\t\t\t<span class=\"elementor-align-icon- elementor-button-icon\">\n\t\t\t\t\t\t\t\t\t\t\t<\/span>\n\t\t\t\t\t\t\t\t\t\t<span class=\"elementor-button-text elementor-inline-editing\" data-elementor-setting-key=\"buttons.1.text\" data-elementor-inline-editing-toolbar=\"none\">H\u00e4ndler werden<\/span>\n\t\t<\/span>\n\t\t\t\t\t\t\t<\/a>\n\t\t\t\t<\/div>\n\t\t\t\t\t\t\t<\/div>\n\t\t<\/div>\n\t\t\t\t\t\t<\/div>\n\t\t\t\t<\/div>\n\t\t\t\t\t<\/div>\n\t\t\t\t<\/div>\n\t\t<div class=\"elementor-element elementor-element-37fdc39 e-flex e-con-boxed e-con e-parent\" data-id=\"37fdc39\" data-element_type=\"container\" data-e-type=\"container\" data-settings=\"{&quot;background_background&quot;:&quot;classic&quot;,&quot;jet_parallax_layout_list&quot;:[]}\">\n\t\t\t\t\t<div class=\"e-con-inner\">\n\t\t\t\t<div class=\"elementor-element elementor-element-dc0ac80 elementor-widget elementor-widget-heading\" data-id=\"dc0ac80\" data-element_type=\"widget\" data-e-type=\"widget\" data-widget_type=\"heading.default\">\n\t\t\t\t<div class=\"elementor-widget-container\">\n\t\t\t\t\t<h2 class=\"elementor-heading-title elementor-size-default\">Immer verbunden \u00fcber die Tracefy-App<\/h2>\t\t\t\t<\/div>\n\t\t\t\t<\/div>\n\t\t\t\t<div class=\"elementor-element elementor-element-9917bfd elementor-widget elementor-widget-text-editor\" data-id=\"9917bfd\" data-element_type=\"widget\" data-e-type=\"widget\" data-widget_type=\"text-editor.default\">\n\t\t\t\t<div class=\"elementor-widget-container\">\n\t\t\t\t\t\t\t\t\t<p>Mit der App von Tracefy sind Sie immer virtuell mit Ihrem Fahrrad verbunden und k\u00f6nnen unter anderem sehen, wo sich Ihr Fahrrad befindet. Aber die App bietet noch viele weitere praktische Funktionen. Sie erhalten zum Beispiel eine Benachrichtigung, wenn Ihr Fahrrad bewegt wird, Sie haben Zugriff auf alle gefahrenen Strecken, Entfernungen usw. Und ist Ihr Fahrrad gestohlen worden? Dann k\u00f6nnen Sie es ganz einfach \u00fcber die App melden und der Detektivdienst macht sich an die Arbeit.<\/p>\t\t\t\t\t\t\t\t<\/div>\n\t\t\t\t<\/div>\n\t\t<div class=\"elementor-element elementor-element-b534cd3 e-con-full e-flex e-con e-child\" data-id=\"b534cd3\" data-element_type=\"container\" data-e-type=\"container\" data-settings=\"{&quot;jet_parallax_layout_list&quot;:[]}\">\n\t\t<div class=\"elementor-element elementor-element-22922a7 e-con-full e-flex e-con e-child\" data-id=\"22922a7\" data-element_type=\"container\" data-e-type=\"container\" data-settings=\"{&quot;jet_parallax_layout_list&quot;:[]}\">\n\t\t\t\t<div class=\"elementor-element elementor-element-469992f elementor-widget elementor-widget-image\" data-id=\"469992f\" data-element_type=\"widget\" data-e-type=\"widget\" data-widget_type=\"image.default\">\n\t\t\t\t<div class=\"elementor-widget-container\">\n\t\t\t\t\t\t\t\t\t\t\t\t\t\t\t<img fetchpriority=\"high\" decoding=\"async\" width=\"800\" height=\"320\" src=\"https:\/\/tracefy.com\/wp-content\/uploads\/2021\/12\/apple-store-icon-1024x410.png\" class=\"attachment-large size-large wp-image-460\" alt=\"\" srcset=\"https:\/\/tracefy.com\/wp-content\/uploads\/2021\/12\/apple-store-icon-1024x410.png 1024w, https:\/\/tracefy.com\/wp-content\/uploads\/2021\/12\/apple-store-icon-600x240.png 600w, https:\/\/tracefy.com\/wp-content\/uploads\/2021\/12\/apple-store-icon-300x120.png 300w, https:\/\/tracefy.com\/wp-content\/uploads\/2021\/12\/apple-store-icon-768x307.png 768w, https:\/\/tracefy.com\/wp-content\/uploads\/2021\/12\/apple-store-icon-1536x614.png 1536w, https:\/\/tracefy.com\/wp-content\/uploads\/2021\/12\/apple-store-icon-2048x819.png 2048w\" sizes=\"(max-width: 800px) 100vw, 800px\" \/>\t\t\t\t\t\t\t\t\t\t\t\t\t\t\t<\/div>\n\t\t\t\t<\/div>\n\t\t\t\t<\/div>\n\t\t<div class=\"elementor-element elementor-element-9725842 e-con-full e-flex e-con e-child\" data-id=\"9725842\" data-element_type=\"container\" data-e-type=\"container\" data-settings=\"{&quot;jet_parallax_layout_list&quot;:[]}\">\n\t\t\t\t<div class=\"elementor-element elementor-element-21b0b17 elementor-widget elementor-widget-image\" data-id=\"21b0b17\" data-element_type=\"widget\" data-e-type=\"widget\" data-widget_type=\"image.default\">\n\t\t\t\t<div class=\"elementor-widget-container\">\n\t\t\t\t\t\t\t\t\t\t\t\t\t\t\t<img decoding=\"async\" width=\"800\" height=\"320\" src=\"https:\/\/tracefy.com\/wp-content\/uploads\/2021\/12\/google-play-store-icon-1024x410.png\" class=\"attachment-large size-large wp-image-459\" alt=\"\" srcset=\"https:\/\/tracefy.com\/wp-content\/uploads\/2021\/12\/google-play-store-icon-1024x410.png 1024w, https:\/\/tracefy.com\/wp-content\/uploads\/2021\/12\/google-play-store-icon-600x240.png 600w, https:\/\/tracefy.com\/wp-content\/uploads\/2021\/12\/google-play-store-icon-300x120.png 300w, https:\/\/tracefy.com\/wp-content\/uploads\/2021\/12\/google-play-store-icon-768x307.png 768w, https:\/\/tracefy.com\/wp-content\/uploads\/2021\/12\/google-play-store-icon-1536x614.png 1536w, https:\/\/tracefy.com\/wp-content\/uploads\/2021\/12\/google-play-store-icon-2048x819.png 2048w\" sizes=\"(max-width: 800px) 100vw, 800px\" \/>\t\t\t\t\t\t\t\t\t\t\t\t\t\t\t<\/div>\n\t\t\t\t<\/div>\n\t\t\t\t<\/div>\n\t\t\t\t<\/div>\n\t\t\t\t\t<\/div>\n\t\t\t\t<\/div>\n\t\t\t\t<\/div>","protected":false},"excerpt":{"rendered":"<p>Diefstal &amp; Opsporing FIETS WEG? TRACEFY IS TOT UW DIENST! Tracefy is een tech bedrijf met meer dan 10 jaar ervaring in digitale fietsbeveiliging. Wij hebben als missie om een stevige vuist te maken tegen fietsdiefstal. Wij bieden als enige in Europa een complete en duurzame GPS oplossing; onze dienstverlening voorziet niet alleen in een [&hellip;]<\/p>\n","protected":false},"author":1,"featured_media":0,"parent":0,"menu_order":0,"comment_status":"closed","ping_status":"closed","template":"","meta":{"footnotes":""},"class_list":["post-5826","page","type-page","status-publish","hentry"],"yoast_head":"<!-- This site is optimized with the Yoast SEO Premium plugin v27.2 (Yoast SEO v27.2) - https:\/\/yoast.com\/product\/yoast-seo-premium-wordpress\/ -->\n<title>Diefstal &amp; Opsporing - Tracefy | Keep Your Bike Close<\/title>\n<meta name=\"robots\" content=\"index, follow, max-snippet:-1, max-image-preview:large, max-video-preview:-1\" \/>\n<link rel=\"canonical\" href=\"https:\/\/tracefy.com\/de\/diebstahlserkennung\/\" \/>\n<meta property=\"og:locale\" content=\"de_DE\" \/>\n<meta property=\"og:type\" content=\"article\" \/>\n<meta property=\"og:title\" content=\"Diefstal &amp; Opsporing\" \/>\n<meta property=\"og:description\" content=\"Diefstal &amp; Opsporing FIETS WEG? TRACEFY IS TOT UW DIENST! Tracefy is een tech bedrijf met meer dan 10 jaar ervaring in digitale fietsbeveiliging. Wij hebben als missie om een stevige vuist te maken tegen fietsdiefstal. Wij bieden als enige in Europa een complete en duurzame GPS oplossing; onze dienstverlening voorziet niet alleen in een [&hellip;]\" \/>\n<meta property=\"og:url\" content=\"https:\/\/tracefy.com\/de\/diebstahlserkennung\/\" \/>\n<meta property=\"og:site_name\" content=\"Tracefy | Keep Your Bike Close\" \/>\n<meta property=\"article:publisher\" content=\"https:\/\/www.facebook.com\/Tracefy\/\" \/>\n<meta property=\"article:modified_time\" content=\"2025-12-11T10:52:10+00:00\" \/>\n<meta property=\"og:image\" content=\"https:\/\/tracefy.com\/wp-content\/uploads\/2021\/12\/apple-store-icon.png\" \/>\n\t<meta property=\"og:image:width\" content=\"2560\" \/>\n\t<meta property=\"og:image:height\" content=\"1024\" \/>\n\t<meta property=\"og:image:type\" content=\"image\/png\" \/>\n<meta name=\"twitter:card\" content=\"summary_large_image\" \/>\n<meta name=\"twitter:label1\" content=\"Gesch\u00e4tzte Lesezeit\" \/>\n\t<meta name=\"twitter:data1\" content=\"3\u00a0Minuten\" \/>\n<script type=\"application\/ld+json\" class=\"yoast-schema-graph\">{\"@context\":\"https:\/\/schema.org\",\"@graph\":[{\"@type\":\"WebPage\",\"@id\":\"https:\/\/tracefy.com\/nl\/diefstal-opsporing\/\",\"url\":\"https:\/\/tracefy.com\/nl\/diefstal-opsporing\/\",\"name\":\"Diefstal & Opsporing - Tracefy | Keep Your Bike Close\",\"isPartOf\":{\"@id\":\"https:\/\/tracefy.com\/nl\/#website\"},\"primaryImageOfPage\":{\"@id\":\"https:\/\/tracefy.com\/nl\/diefstal-opsporing\/#primaryimage\"},\"image\":{\"@id\":\"https:\/\/tracefy.com\/nl\/diefstal-opsporing\/#primaryimage\"},\"thumbnailUrl\":\"https:\/\/tracefy.com\/wp-content\/uploads\/2021\/12\/apple-store-icon-1024x410.png\",\"datePublished\":\"2024-01-25T07:13:08+00:00\",\"dateModified\":\"2025-12-11T10:52:10+00:00\",\"breadcrumb\":{\"@id\":\"https:\/\/tracefy.com\/nl\/diefstal-opsporing\/#breadcrumb\"},\"inLanguage\":\"de\",\"potentialAction\":[{\"@type\":\"ReadAction\",\"target\":[\"https:\/\/tracefy.com\/nl\/diefstal-opsporing\/\"]}]},{\"@type\":\"ImageObject\",\"inLanguage\":\"de\",\"@id\":\"https:\/\/tracefy.com\/nl\/diefstal-opsporing\/#primaryimage\",\"url\":\"https:\/\/tracefy.com\/wp-content\/uploads\/2021\/12\/apple-store-icon-1024x410.png\",\"contentUrl\":\"https:\/\/tracefy.com\/wp-content\/uploads\/2021\/12\/apple-store-icon-1024x410.png\"},{\"@type\":\"BreadcrumbList\",\"@id\":\"https:\/\/tracefy.com\/nl\/diefstal-opsporing\/#breadcrumb\",\"itemListElement\":[{\"@type\":\"ListItem\",\"position\":1,\"name\":\"Home\",\"item\":\"https:\/\/tracefy.com\/\"},{\"@type\":\"ListItem\",\"position\":2,\"name\":\"Diefstal &#038; Opsporing\"}]},{\"@type\":\"WebSite\",\"@id\":\"https:\/\/tracefy.com\/nl\/#website\",\"url\":\"https:\/\/tracefy.com\/nl\/\",\"name\":\"Tracefy | Keep Your Bike Close\",\"description\":\"\",\"publisher\":{\"@id\":\"https:\/\/tracefy.com\/nl\/#organization\"},\"potentialAction\":[{\"@type\":\"SearchAction\",\"target\":{\"@type\":\"EntryPoint\",\"urlTemplate\":\"https:\/\/tracefy.com\/nl\/?s={search_term_string}\"},\"query-input\":{\"@type\":\"PropertyValueSpecification\",\"valueRequired\":true,\"valueName\":\"search_term_string\"}}],\"inLanguage\":\"de\"},{\"@type\":\"Organization\",\"@id\":\"https:\/\/tracefy.com\/nl\/#organization\",\"name\":\"Tracefy | Keep Your Bike Close\",\"url\":\"https:\/\/tracefy.com\/nl\/\",\"logo\":{\"@type\":\"ImageObject\",\"inLanguage\":\"de\",\"@id\":\"https:\/\/tracefy.com\/nl\/#\/schema\/logo\/image\/\",\"url\":\"https:\/\/tracefy.com\/wp-content\/uploads\/2021\/10\/Tracefy_logo_payoff-2022.svg\",\"contentUrl\":\"https:\/\/tracefy.com\/wp-content\/uploads\/2021\/10\/Tracefy_logo_payoff-2022.svg\",\"width\":517.5,\"height\":285.9,\"caption\":\"Tracefy | Keep Your Bike Close\"},\"image\":{\"@id\":\"https:\/\/tracefy.com\/nl\/#\/schema\/logo\/image\/\"},\"sameAs\":[\"https:\/\/www.facebook.com\/Tracefy\/\",\"https:\/\/www.instagram.com\/tracefy_iot\/\",\"https:\/\/www.youtube.com\/@tracefy_iot\",\"https:\/\/www.linkedin.com\/company\/tracefy\/\"]}]}<\/script>\n<!-- \/ Yoast SEO Premium plugin. -->","yoast_head_json":{"title":"Diebstahl &amp; Ortung - Tracefy | Keep Your Bike Close","robots":{"index":"index","follow":"follow","max-snippet":"max-snippet:-1","max-image-preview":"max-image-preview:large","max-video-preview":"max-video-preview:-1"},"canonical":"https:\/\/tracefy.com\/de\/diebstahlserkennung\/","og_locale":"de_DE","og_type":"article","og_title":"Diefstal & Opsporing","og_description":"Diefstal &amp; Opsporing FIETS WEG? TRACEFY IS TOT UW DIENST! Tracefy is een tech bedrijf met meer dan 10 jaar ervaring in digitale fietsbeveiliging. Wij hebben als missie om een stevige vuist te maken tegen fietsdiefstal. Wij bieden als enige in Europa een complete en duurzame GPS oplossing; onze dienstverlening voorziet niet alleen in een [&hellip;]","og_url":"https:\/\/tracefy.com\/de\/diebstahlserkennung\/","og_site_name":"Tracefy | Keep Your Bike Close","article_publisher":"https:\/\/www.facebook.com\/Tracefy\/","article_modified_time":"2025-12-11T10:52:10+00:00","og_image":[{"width":2560,"height":1024,"url":"https:\/\/tracefy.com\/wp-content\/uploads\/2021\/12\/apple-store-icon.png","type":"image\/png"}],"twitter_card":"summary_large_image","twitter_misc":{"Gesch\u00e4tzte Lesezeit":"3\u00a0Minuten"},"schema":{"@context":"https:\/\/schema.org","@graph":[{"@type":"WebPage","@id":"https:\/\/tracefy.com\/nl\/diefstal-opsporing\/","url":"https:\/\/tracefy.com\/nl\/diefstal-opsporing\/","name":"Diebstahl &amp; Ortung - Tracefy | Keep Your Bike Close","isPartOf":{"@id":"https:\/\/tracefy.com\/nl\/#website"},"primaryImageOfPage":{"@id":"https:\/\/tracefy.com\/nl\/diefstal-opsporing\/#primaryimage"},"image":{"@id":"https:\/\/tracefy.com\/nl\/diefstal-opsporing\/#primaryimage"},"thumbnailUrl":"https:\/\/tracefy.com\/wp-content\/uploads\/2021\/12\/apple-store-icon-1024x410.png","datePublished":"2024-01-25T07:13:08+00:00","dateModified":"2025-12-11T10:52:10+00:00","breadcrumb":{"@id":"https:\/\/tracefy.com\/nl\/diefstal-opsporing\/#breadcrumb"},"inLanguage":"de","potentialAction":[{"@type":"ReadAction","target":["https:\/\/tracefy.com\/nl\/diefstal-opsporing\/"]}]},{"@type":"ImageObject","inLanguage":"de","@id":"https:\/\/tracefy.com\/nl\/diefstal-opsporing\/#primaryimage","url":"https:\/\/tracefy.com\/wp-content\/uploads\/2021\/12\/apple-store-icon-1024x410.png","contentUrl":"https:\/\/tracefy.com\/wp-content\/uploads\/2021\/12\/apple-store-icon-1024x410.png"},{"@type":"BreadcrumbList","@id":"https:\/\/tracefy.com\/nl\/diefstal-opsporing\/#breadcrumb","itemListElement":[{"@type":"ListItem","position":1,"name":"Home","item":"https:\/\/tracefy.com\/"},{"@type":"ListItem","position":2,"name":"Diefstal &#038; Opsporing"}]},{"@type":"WebSite","@id":"https:\/\/tracefy.com\/nl\/#website","url":"https:\/\/tracefy.com\/nl\/","name":"Tracefy | Halten Sie Ihr Fahrrad in der N\u00e4he","description":"","publisher":{"@id":"https:\/\/tracefy.com\/nl\/#organization"},"potentialAction":[{"@type":"SearchAction","target":{"@type":"EntryPoint","urlTemplate":"https:\/\/tracefy.com\/nl\/?s={search_term_string}"},"query-input":{"@type":"PropertyValueSpecification","valueRequired":true,"valueName":"search_term_string"}}],"inLanguage":"de"},{"@type":"Organization","@id":"https:\/\/tracefy.com\/nl\/#organization","name":"Tracefy | Halten Sie Ihr Fahrrad in der N\u00e4he","url":"https:\/\/tracefy.com\/nl\/","logo":{"@type":"ImageObject","inLanguage":"de","@id":"https:\/\/tracefy.com\/nl\/#\/schema\/logo\/image\/","url":"https:\/\/tracefy.com\/wp-content\/uploads\/2021\/10\/Tracefy_logo_payoff-2022.svg","contentUrl":"https:\/\/tracefy.com\/wp-content\/uploads\/2021\/10\/Tracefy_logo_payoff-2022.svg","width":517.5,"height":285.9,"caption":"Tracefy | Keep Your Bike Close"},"image":{"@id":"https:\/\/tracefy.com\/nl\/#\/schema\/logo\/image\/"},"sameAs":["https:\/\/www.facebook.com\/Tracefy\/","https:\/\/www.instagram.com\/tracefy_iot\/","https:\/\/www.youtube.com\/@tracefy_iot","https:\/\/www.linkedin.com\/company\/tracefy\/"]}]}},"_links":{"self":[{"href":"https:\/\/tracefy.com\/de\/wp-json\/wp\/v2\/pages\/5826","targetHints":{"allow":["GET"]}}],"collection":[{"href":"https:\/\/tracefy.com\/de\/wp-json\/wp\/v2\/pages"}],"about":[{"href":"https:\/\/tracefy.com\/de\/wp-json\/wp\/v2\/types\/page"}],"author":[{"embeddable":true,"href":"https:\/\/tracefy.com\/de\/wp-json\/wp\/v2\/users\/1"}],"replies":[{"embeddable":true,"href":"https:\/\/tracefy.com\/de\/wp-json\/wp\/v2\/comments?post=5826"}],"version-history":[{"count":52,"href":"https:\/\/tracefy.com\/de\/wp-json\/wp\/v2\/pages\/5826\/revisions"}],"predecessor-version":[{"id":10175,"href":"https:\/\/tracefy.com\/de\/wp-json\/wp\/v2\/pages\/5826\/revisions\/10175"}],"wp:attachment":[{"href":"https:\/\/tracefy.com\/de\/wp-json\/wp\/v2\/media?parent=5826"}],"curies":[{"name":"wp","href":"https:\/\/api.w.org\/{rel}","templated":true}]}}