{"id":8907,"date":"2024-11-25T09:15:51","date_gmt":"2024-11-25T08:15:51","guid":{"rendered":"https:\/\/new.tracefy.com\/?page_id=8907"},"modified":"2024-11-25T09:23:36","modified_gmt":"2024-11-25T08:23:36","slug":"gps-tracker-fahrrad","status":"publish","type":"page","link":"https:\/\/tracefy.com\/de\/gps-tracker-fiets\/","title":{"rendered":"GPS Tracker Fahrrad"},"content":{"rendered":"<div data-elementor-type=\"wp-page\" data-elementor-id=\"8907\" class=\"elementor elementor-8907\" data-elementor-post-type=\"page\">\n\t\t\t\t<div class=\"elementor-element elementor-element-d37f5d3 e-flex e-con-boxed e-con e-parent\" data-id=\"d37f5d3\" data-element_type=\"container\" data-e-type=\"container\" data-settings=\"{&quot;background_background&quot;:&quot;classic&quot;,&quot;jet_parallax_layout_list&quot;:[]}\">\n\t\t\t\t\t<div class=\"e-con-inner\">\n\t\t\t\t<div class=\"elementor-element elementor-element-20fe3bf elementor-widget elementor-widget-heading\" data-id=\"20fe3bf\" data-element_type=\"widget\" data-e-type=\"widget\" data-widget_type=\"heading.default\">\n\t\t\t\t<div class=\"elementor-widget-container\">\n\t\t\t\t\t<h2 class=\"elementor-heading-title elementor-size-default\">GPS Tracker Fahrrad<\/h2>\t\t\t\t<\/div>\n\t\t\t\t<\/div>\n\t\t\t\t\t<\/div>\n\t\t\t\t<\/div>\n\t\t<div class=\"elementor-element elementor-element-7c66b1e e-flex e-con-boxed e-con e-parent\" data-id=\"7c66b1e\" data-element_type=\"container\" data-e-type=\"container\" data-settings=\"{&quot;jet_parallax_layout_list&quot;:[]}\">\n\t\t\t\t\t<div class=\"e-con-inner\">\n\t\t\t\t<div class=\"elementor-element elementor-element-1fb301e elementor-widget elementor-widget-text-editor\" data-id=\"1fb301e\" data-element_type=\"widget\" data-e-type=\"widget\" data-widget_type=\"text-editor.default\">\n\t\t\t\t<div class=\"elementor-widget-container\">\n\t\t\t\t\t\t\t\t\t<p>Ein GPS-Tracker f\u00fcr Ihr Fahrrad ist ein praktisches Hilfsmittel, um zu wissen, wo sich Ihr Fahrrad befindet. Insbesondere der Diebstahl von Fahrr\u00e4dern ist ein gro\u00dfes Problem, f\u00fcr das der GPS-Tracker f\u00fcr Ihr Fahrrad die L\u00f6sung ist.<\/p><p>Die Niederlande sind eigentlich ein Fahrradland, aber es besteht immer die M\u00f6glichkeit, dass <a href=\"https:\/\/tracefy.com\/de\/diebstahlserkennung\/\">Diebstahl<\/a>. In der Einkaufsstra\u00dfe, am Bahnhof oder zu Hause im Garten. Leider passiert das buchst\u00e4blich jeden Tag. Mit einem GPS-Tracker-System in Ihrem Fahrrad oder E-Bike, gibt es eine sehr gute Chance, dass Ihr sch\u00f6nes Fahrrad wiedergefunden wird.<\/p>\t\t\t\t\t\t\t\t<\/div>\n\t\t\t\t<\/div>\n\t\t\t\t\t<\/div>\n\t\t\t\t<\/div>\n\t\t<div class=\"elementor-element elementor-element-037dd25 e-flex e-con-boxed e-con e-parent\" data-id=\"037dd25\" data-element_type=\"container\" data-e-type=\"container\" data-settings=\"{&quot;jet_parallax_layout_list&quot;:[]}\">\n\t\t\t\t\t<div class=\"e-con-inner\">\n\t\t\t\t<div class=\"elementor-element elementor-element-c24ee7c elementor-widget elementor-widget-heading\" data-id=\"c24ee7c\" data-element_type=\"widget\" data-e-type=\"widget\" data-widget_type=\"heading.default\">\n\t\t\t\t<div class=\"elementor-widget-container\">\n\t\t\t\t\t<h2 class=\"elementor-heading-title elementor-size-default\">Installation eines GPS-Trackers<\/h2>\t\t\t\t<\/div>\n\t\t\t\t<\/div>\n\t\t\t\t<div class=\"elementor-element elementor-element-6d012b6 elementor-widget elementor-widget-text-editor\" data-id=\"6d012b6\" data-element_type=\"widget\" data-e-type=\"widget\" data-widget_type=\"text-editor.default\">\n\t\t\t\t<div class=\"elementor-widget-container\">\n\t\t\t\t\t\t\t\t\t<p>Ein GPS-Tracker f\u00fcr Ihr Fahrrad ist ein praktisches Hilfsmittel, um zu wissen, wo sich Ihr Fahrrad befindet. Insbesondere der Diebstahl von Fahrr\u00e4dern ist ein gro\u00dfes Problem, f\u00fcr das der GPS-Tracker f\u00fcr Ihr Fahrrad die L\u00f6sung ist.<\/p><p>Die Niederlande sind eigentlich ein Fahrradland, aber es besteht immer die M\u00f6glichkeit, dass <a href=\"https:\/\/tracefy.com\/de\/diebstahlserkennung\/\">Diebstahl<\/a>. In der Einkaufsstra\u00dfe, am Bahnhof oder zu Hause im Garten. Leider passiert das buchst\u00e4blich jeden Tag. Mit einem GPS-Tracker-System in Ihrem Fahrrad oder E-Bike, gibt es eine sehr gute Chance, dass Ihr sch\u00f6nes Fahrrad wiedergefunden wird.<\/p>\t\t\t\t\t\t\t\t<\/div>\n\t\t\t\t<\/div>\n\t\t\t\t<div class=\"elementor-element elementor-element-4677f79 elementor-align-center elementor-widget elementor-widget-global elementor-global-6593 elementor-widget-button\" data-id=\"4677f79\" data-element_type=\"widget\" data-e-type=\"widget\" data-widget_type=\"button.default\">\n\t\t\t\t<div class=\"elementor-widget-container\">\n\t\t\t\t\t\t\t\t\t<div class=\"elementor-button-wrapper\">\n\t\t\t\t\t<a class=\"elementor-button elementor-button-link elementor-size-sm\" href=\"https:\/\/tracefy.com\/de\/handler\/handlersuche\/\">\n\t\t\t\t\t\t<span class=\"elementor-button-content-wrapper\">\n\t\t\t\t\t\t<span class=\"elementor-button-icon\">\n\t\t\t\t<svg aria-hidden=\"true\" class=\"e-font-icon-svg e-far-arrow-alt-circle-right\" viewbox=\"0 0 512 512\" xmlns=\"http:\/\/www.w3.org\/2000\/svg\"><path d=\"M504 256C504 119 393 8 256 8S8 119 8 256s111 248 248 248 248-111 248-248zm-448 0c0-110.5 89.5-200 200-200s200 89.5 200 200-89.5 200-200 200S56 366.5 56 256zm72 20v-40c0-6.6 5.4-12 12-12h116v-67c0-10.7 12.9-16 20.5-8.5l99 99c4.7 4.7 4.7 12.3 0 17l-99 99c-7.6 7.6-20.5 2.2-20.5-8.5v-67H140c-6.6 0-12-5.4-12-12z\"><\/path><\/svg>\t\t\t<\/span>\n\t\t\t\t\t\t\t\t\t<span class=\"elementor-button-text\">Einen H\u00e4ndler finden<\/span>\n\t\t\t\t\t<\/span>\n\t\t\t\t\t<\/a>\n\t\t\t\t<\/div>\n\t\t\t\t\t\t\t\t<\/div>\n\t\t\t\t<\/div>\n\t\t\t\t\t<\/div>\n\t\t\t\t<\/div>\n\t\t<div class=\"elementor-element elementor-element-4c7ec4d e-flex e-con-boxed e-con e-parent\" data-id=\"4c7ec4d\" data-element_type=\"container\" data-e-type=\"container\" data-settings=\"{&quot;background_background&quot;:&quot;classic&quot;,&quot;jet_parallax_layout_list&quot;:[]}\">\n\t\t\t\t\t<div class=\"e-con-inner\">\n\t\t<div class=\"elementor-element elementor-element-0a60ef0 e-con-full e-flex e-con e-child\" data-id=\"0a60ef0\" data-element_type=\"container\" data-e-type=\"container\" data-settings=\"{&quot;jet_parallax_layout_list&quot;:[]}\">\n\t\t\t\t<div class=\"elementor-element elementor-element-5bff949 elementor-widget elementor-widget-heading\" data-id=\"5bff949\" data-element_type=\"widget\" data-e-type=\"widget\" data-widget_type=\"heading.default\">\n\t\t\t\t<div class=\"elementor-widget-container\">\n\t\t\t\t\t<h2 class=\"elementor-heading-title elementor-size-default\">Versteckter gps tracker fahrrad<\/h2>\t\t\t\t<\/div>\n\t\t\t\t<\/div>\n\t\t\t\t<div class=\"elementor-element elementor-element-0248274 elementor-widget elementor-widget-text-editor\" data-id=\"0248274\" data-element_type=\"widget\" data-e-type=\"widget\" data-widget_type=\"text-editor.default\">\n\t\t\t\t<div class=\"elementor-widget-container\">\n\t\t\t\t\t\t\t\t\t<p>Unser GPS-Tracker ist in Ihrem Fahrrad versteckt. Mechaniker und H\u00e4ndler, die mit uns verbunden sind, tun dies f\u00fcr Sie. Auf diese Weise ist es f\u00fcr Sie, aber auch f\u00fcr Fahrraddiebe unsichtbar, ob Ihr Fahrrad ein Track-Trace-System hat. So ist es f\u00fcr Diebe auch weniger leicht, es zu deaktivieren.<\/p>\t\t\t\t\t\t\t\t<\/div>\n\t\t\t\t<\/div>\n\t\t\t\t<\/div>\n\t\t<div class=\"elementor-element elementor-element-3fceef7 e-con-full e-flex e-con e-child\" data-id=\"3fceef7\" data-element_type=\"container\" data-e-type=\"container\" data-settings=\"{&quot;jet_parallax_layout_list&quot;:[]}\">\n\t\t\t\t<div class=\"elementor-element elementor-element-af01458 elementor-widget elementor-widget-image\" data-id=\"af01458\" data-element_type=\"widget\" data-e-type=\"widget\" data-widget_type=\"image.default\">\n\t\t\t\t<div class=\"elementor-widget-container\">\n\t\t\t\t\t\t\t\t\t\t\t\t\t\t\t<img fetchpriority=\"high\" decoding=\"async\" width=\"800\" height=\"600\" src=\"https:\/\/tracefy.com\/wp-content\/uploads\/2022\/09\/Joerie_gerrits-scaled-1-1024x768.jpg\" class=\"attachment-large size-large wp-image-3044\" alt=\"\" srcset=\"https:\/\/tracefy.com\/wp-content\/uploads\/2022\/09\/Joerie_gerrits-scaled-1-1024x768.jpg 1024w, https:\/\/tracefy.com\/wp-content\/uploads\/2022\/09\/Joerie_gerrits-scaled-1-600x450.jpg 600w, https:\/\/tracefy.com\/wp-content\/uploads\/2022\/09\/Joerie_gerrits-scaled-1-300x225.jpg 300w, https:\/\/tracefy.com\/wp-content\/uploads\/2022\/09\/Joerie_gerrits-scaled-1-768x576.jpg 768w, https:\/\/tracefy.com\/wp-content\/uploads\/2022\/09\/Joerie_gerrits-scaled-1-1536x1152.jpg 1536w, https:\/\/tracefy.com\/wp-content\/uploads\/2022\/09\/Joerie_gerrits-scaled-1-2048x1536.jpg 2048w\" sizes=\"(max-width: 800px) 100vw, 800px\" \/>\t\t\t\t\t\t\t\t\t\t\t\t\t\t\t<\/div>\n\t\t\t\t<\/div>\n\t\t\t\t<\/div>\n\t\t\t\t\t<\/div>\n\t\t\t\t<\/div>\n\t\t<div class=\"elementor-element elementor-element-29fc56f e-flex e-con-boxed e-con e-parent\" data-id=\"29fc56f\" data-element_type=\"container\" data-e-type=\"container\" data-settings=\"{&quot;jet_parallax_layout_list&quot;:[]}\">\n\t\t\t\t\t<div class=\"e-con-inner\">\n\t\t\t\t<div class=\"elementor-element elementor-element-36277e3 elementor-widget elementor-widget-heading\" data-id=\"36277e3\" data-element_type=\"widget\" data-e-type=\"widget\" data-widget_type=\"heading.default\">\n\t\t\t\t<div class=\"elementor-widget-container\">\n\t\t\t\t\t<h2 class=\"elementor-heading-title elementor-size-default\">Beste gps tracker fahrrad<\/h2>\t\t\t\t<\/div>\n\t\t\t\t<\/div>\n\t\t\t\t<div class=\"elementor-element elementor-element-999696b elementor-widget elementor-widget-text-editor\" data-id=\"999696b\" data-element_type=\"widget\" data-e-type=\"widget\" data-widget_type=\"text-editor.default\">\n\t\t\t\t<div class=\"elementor-widget-container\">\n\t\t\t\t\t\t\t\t\t<p>Tracefy bietet den besten GPS-Tracker f\u00fcr Ihr Fahrrad oder E-Bike. Nach der Installation Ihres Track &amp; Trace Fahrradsystems k\u00f6nnen Sie nicht nur Ihr Fahrrad verfolgen. Sie haben auch die M\u00f6glichkeit, ein <a href=\"https:\/\/tracefy.com\/de\/consumer\/\">Abonnement<\/a> bei dem Ihr Fahrrad nach einem Diebstahl aktiv geortet wird. Wir tun dies in Zusammenarbeit mit G4S. Dieses Team hat Erfahrung mit der Wiederbeschaffung von gestohlenen Fahrr\u00e4dern mit unserem Ortungssystem. So geraten Sie nicht unn\u00f6tig in unangenehme Konflikte und \u00fcberlassen es den Spezialisten, die sich mit dieser Art von Dingen auskennen.<\/p>\t\t\t\t\t\t\t\t<\/div>\n\t\t\t\t<\/div>\n\t\t\t\t<div class=\"elementor-element elementor-element-c50bae8 elementor-widget elementor-widget-heading\" data-id=\"c50bae8\" data-element_type=\"widget\" data-e-type=\"widget\" data-widget_type=\"heading.default\">\n\t\t\t\t<div class=\"elementor-widget-container\">\n\t\t\t\t\t<h2 class=\"elementor-heading-title elementor-size-default\">Sicherheit f\u00fcr Fahrr\u00e4der mit GPS-Tracker<\/h2>\t\t\t\t<\/div>\n\t\t\t\t<\/div>\n\t\t\t\t<div class=\"elementor-element elementor-element-da5508c elementor-widget elementor-widget-text-editor\" data-id=\"da5508c\" data-element_type=\"widget\" data-e-type=\"widget\" data-widget_type=\"text-editor.default\">\n\t\t\t\t<div class=\"elementor-widget-container\">\n\t\t\t\t\t\t\t\t\t<p>Die Sicherung Ihres Fahrrads ist immer eine Herausforderung. Sie sind nie 100% sicher, dass Ihr Fahrrad nicht gestohlen wird. Ein gutes Schloss verringert das Risiko, aber wenn es doch gestohlen wird, wollen Sie Ihre Chancen, es wiederzufinden, erh\u00f6hen. Ein GPS-Tracker als Fahrradsicherung ist das ideale Werkzeug, um Ihr gestohlenes Fahrrad wiederzufinden. Nat\u00fcrlich ist Vorbeugen besser als Heilen, aber wenn Ihr Fahrrad weg ist, werden Sie froh sein, dass Sie dieses Hilfsmittel haben.<\/p>\t\t\t\t\t\t\t\t<\/div>\n\t\t\t\t<\/div>\n\t\t\t\t<div class=\"elementor-element elementor-element-4e8c40a elementor-widget elementor-widget-heading\" data-id=\"4e8c40a\" data-element_type=\"widget\" data-e-type=\"widget\" data-widget_type=\"heading.default\">\n\t\t\t\t<div class=\"elementor-widget-container\">\n\t\t\t\t\t<h2 class=\"elementor-heading-title elementor-size-default\">Fahrradverfolgung und -aufzeichnung<\/h2>\t\t\t\t<\/div>\n\t\t\t\t<\/div>\n\t\t\t\t<div class=\"elementor-element elementor-element-2bdad1c elementor-widget elementor-widget-text-editor\" data-id=\"2bdad1c\" data-element_type=\"widget\" data-e-type=\"widget\" data-widget_type=\"text-editor.default\">\n\t\t\t\t<div class=\"elementor-widget-container\">\n\t\t\t\t\t\t\t\t\t<p>Mit der Track &amp; Trace-Option verfolgen Sie Ihr Fahrrad automatisch. So k\u00f6nnen Sie live sehen, ob Ihr Fahrrad noch dort ist, wo Sie es abgestellt haben, aber Sie werden auch benachrichtigt, wenn es bewegt wurde. Au\u00dferdem k\u00f6nnen Sie dank der Track-and-Trace-Funktion alle von Ihnen gefahrenen Strecken einschlie\u00dflich der entsprechenden Entfernungen sehen. So erhalten Sie einen guten \u00dcberblick \u00fcber Ihre Aktivit\u00e4ten, einschlie\u00dflich einer Sch\u00e4tzung des Kalorienverbrauchs. Dar\u00fcber hinaus zeichnet das Track&amp;Trace-System alle gefahrenen Kilometer auf, so dass Sie regelm\u00e4\u00dfig benachrichtigt werden, wenn es wieder Zeit f\u00fcr eine Wartung ist. Praktisch! Aber das Wichtigste bleibt unser bike track&amp;trace System f\u00fcr <a href=\"https:\/\/tracefy.com\/de\/diebstahlserkennung\/\">Fahrraddiebstahl und Aufdeckung.<\/a><\/p>\t\t\t\t\t\t\t\t<\/div>\n\t\t\t\t<\/div>\n\t\t\t\t<div class=\"elementor-element elementor-element-7116ee8 elementor-widget elementor-widget-heading\" data-id=\"7116ee8\" data-element_type=\"widget\" data-e-type=\"widget\" data-widget_type=\"heading.default\">\n\t\t\t\t<div class=\"elementor-widget-container\">\n\t\t\t\t\t<h2 class=\"elementor-heading-title elementor-size-default\">GPS-Tracker Fahrrad Preis<\/h2>\t\t\t\t<\/div>\n\t\t\t\t<\/div>\n\t\t\t\t<div class=\"elementor-element elementor-element-75921cf elementor-widget elementor-widget-text-editor\" data-id=\"75921cf\" data-element_type=\"widget\" data-e-type=\"widget\" data-widget_type=\"text-editor.default\">\n\t\t\t\t<div class=\"elementor-widget-container\">\n\t\t\t\t\t\t\t\t\t<p>Was kostet ein Fahrrad-GPS-Tracker? Und wie setzt sich der Preis f\u00fcr Ihren Fahrrad-GPS-Tracker zusammen?<br \/>Eine berechtigte Frage, denn Sie wollen wissen, wie es um die Kosten bestellt ist. Sie kaufen das System bei einem unserer angeschlossenen H\u00e4ndler. F\u00fcr diesen Preis ist auch die Installation inbegriffen. Dies kann nur von folgenden Firmen durchgef\u00fchrt werden<a href=\"https:\/\/tracefy.com\/de\/consumer\/handlersuche\/\"> Tracefy-H\u00e4ndler.<\/a> Dar\u00fcber hinaus arbeitet Tracefy mit Abonnements. Sie k\u00f6nnen w\u00e4hlen zwischen <a href=\"https:\/\/tracefy.com\/de\/consumer\/\">Zweijahresabonnements<\/a>. Sie haben die Wahl zwischen der Basis-Konnektivit\u00e4t und dem umfassenden Paket mit Diebstahlsicherung und Erkennung.<\/p>\t\t\t\t\t\t\t\t<\/div>\n\t\t\t\t<\/div>\n\t\t\t\t\t<\/div>\n\t\t\t\t<\/div>\n\t\t<div class=\"elementor-element elementor-element-120d857 e-flex e-con-boxed e-con e-parent\" data-id=\"120d857\" data-element_type=\"container\" data-e-type=\"container\" data-settings=\"{&quot;jet_parallax_layout_list&quot;:[]}\">\n\t\t\t\t\t<div class=\"e-con-inner\">\n\t\t\t\t<div class=\"elementor-element elementor-element-5ff82fc elementor-align-center elementor-widget elementor-widget-button\" data-id=\"5ff82fc\" data-element_type=\"widget\" data-e-type=\"widget\" data-widget_type=\"button.default\">\n\t\t\t\t<div class=\"elementor-widget-container\">\n\t\t\t\t\t\t\t\t\t<div class=\"elementor-button-wrapper\">\n\t\t\t\t\t<a class=\"elementor-button elementor-button-link elementor-size-sm\" href=\"https:\/\/tracefy.com\/de\/\">\n\t\t\t\t\t\t<span class=\"elementor-button-content-wrapper\">\n\t\t\t\t\t\t<span class=\"elementor-button-icon\">\n\t\t\t\t<svg aria-hidden=\"true\" class=\"e-font-icon-svg e-far-arrow-alt-circle-right\" viewbox=\"0 0 512 512\" xmlns=\"http:\/\/www.w3.org\/2000\/svg\"><path d=\"M504 256C504 119 393 8 256 8S8 119 8 256s111 248 248 248 248-111 248-248zm-448 0c0-110.5 89.5-200 200-200s200 89.5 200 200-89.5 200-200 200S56 366.5 56 256zm72 20v-40c0-6.6 5.4-12 12-12h116v-67c0-10.7 12.9-16 20.5-8.5l99 99c4.7 4.7 4.7 12.3 0 17l-99 99c-7.6 7.6-20.5 2.2-20.5-8.5v-67H140c-6.6 0-12-5.4-12-12z\"><\/path><\/svg>\t\t\t<\/span>\n\t\t\t\t\t\t\t\t\t<span class=\"elementor-button-text\">Entdecken Sie die Tracefy-App<\/span>\n\t\t\t\t\t<\/span>\n\t\t\t\t\t<\/a>\n\t\t\t\t<\/div>\n\t\t\t\t\t\t\t\t<\/div>\n\t\t\t\t<\/div>\n\t\t\t\t\t<\/div>\n\t\t\t\t<\/div>\n\t\t\t\t<\/div>","protected":false},"excerpt":{"rendered":"<p>GPS Tracker fiets Een gps tracker voor je fiets is een handige tool om te weten waar je fiets is. Met name fietsdiefstal is een groot probleem waar de gps tracker in je fiets de oplossing biedt. Nederland is echt een fietsland, maar er is dus altijd een kans op diefstal. In de winkelstraat, op [&hellip;]<\/p>\n","protected":false},"author":1,"featured_media":0,"parent":0,"menu_order":0,"comment_status":"closed","ping_status":"closed","template":"","meta":{"footnotes":""},"class_list":["post-8907","page","type-page","status-publish","hentry"],"yoast_head":"<!-- This site is optimized with the Yoast SEO Premium plugin v27.2 (Yoast SEO v27.2) - https:\/\/yoast.com\/product\/yoast-seo-premium-wordpress\/ -->\n<title>GPS Tracker fiets - Tracefy | Keep Your Bike Close<\/title>\n<meta name=\"robots\" content=\"index, follow, max-snippet:-1, max-image-preview:large, max-video-preview:-1\" \/>\n<link rel=\"canonical\" href=\"https:\/\/tracefy.com\/de\/gps-tracker-fahrrad\/\" \/>\n<meta property=\"og:locale\" content=\"de_DE\" \/>\n<meta property=\"og:type\" content=\"article\" \/>\n<meta property=\"og:title\" content=\"GPS Tracker fiets\" \/>\n<meta property=\"og:description\" content=\"GPS Tracker fiets Een gps tracker voor je fiets is een handige tool om te weten waar je fiets is. Met name fietsdiefstal is een groot probleem waar de gps tracker in je fiets de oplossing biedt. Nederland is echt een fietsland, maar er is dus altijd een kans op diefstal. In de winkelstraat, op [&hellip;]\" \/>\n<meta property=\"og:url\" content=\"https:\/\/tracefy.com\/de\/gps-tracker-fahrrad\/\" \/>\n<meta property=\"og:site_name\" content=\"Tracefy | Keep Your Bike Close\" \/>\n<meta property=\"article:publisher\" content=\"https:\/\/www.facebook.com\/Tracefy\/\" \/>\n<meta property=\"article:modified_time\" content=\"2024-11-25T08:23:36+00:00\" \/>\n<meta property=\"og:image\" content=\"https:\/\/new.tracefy.com\/wp-content\/uploads\/2022\/09\/Joerie_gerrits-scaled-1-1024x768.jpg\" \/>\n<meta name=\"twitter:card\" content=\"summary_large_image\" \/>\n<meta name=\"twitter:label1\" content=\"Gesch\u00e4tzte Lesezeit\" \/>\n\t<meta name=\"twitter:data1\" content=\"3\u00a0Minuten\" \/>\n<script type=\"application\/ld+json\" class=\"yoast-schema-graph\">{\"@context\":\"https:\/\/schema.org\",\"@graph\":[{\"@type\":\"WebPage\",\"@id\":\"https:\/\/tracefy.com\/gps-tracker-fiets\/\",\"url\":\"https:\/\/tracefy.com\/gps-tracker-fiets\/\",\"name\":\"GPS Tracker fiets - Tracefy | Keep Your Bike Close\",\"isPartOf\":{\"@id\":\"https:\/\/tracefy.com\/nl\/#website\"},\"primaryImageOfPage\":{\"@id\":\"https:\/\/tracefy.com\/gps-tracker-fiets\/#primaryimage\"},\"image\":{\"@id\":\"https:\/\/tracefy.com\/gps-tracker-fiets\/#primaryimage\"},\"thumbnailUrl\":\"https:\/\/new.tracefy.com\/wp-content\/uploads\/2022\/09\/Joerie_gerrits-scaled-1-1024x768.jpg\",\"datePublished\":\"2024-11-25T08:15:51+00:00\",\"dateModified\":\"2024-11-25T08:23:36+00:00\",\"breadcrumb\":{\"@id\":\"https:\/\/tracefy.com\/gps-tracker-fiets\/#breadcrumb\"},\"inLanguage\":\"de\",\"potentialAction\":[{\"@type\":\"ReadAction\",\"target\":[\"https:\/\/tracefy.com\/gps-tracker-fiets\/\"]}]},{\"@type\":\"ImageObject\",\"inLanguage\":\"de\",\"@id\":\"https:\/\/tracefy.com\/gps-tracker-fiets\/#primaryimage\",\"url\":\"https:\/\/new.tracefy.com\/wp-content\/uploads\/2022\/09\/Joerie_gerrits-scaled-1-1024x768.jpg\",\"contentUrl\":\"https:\/\/new.tracefy.com\/wp-content\/uploads\/2022\/09\/Joerie_gerrits-scaled-1-1024x768.jpg\"},{\"@type\":\"BreadcrumbList\",\"@id\":\"https:\/\/tracefy.com\/gps-tracker-fiets\/#breadcrumb\",\"itemListElement\":[{\"@type\":\"ListItem\",\"position\":1,\"name\":\"Home\",\"item\":\"https:\/\/tracefy.com\/\"},{\"@type\":\"ListItem\",\"position\":2,\"name\":\"GPS Tracker fiets\"}]},{\"@type\":\"WebSite\",\"@id\":\"https:\/\/tracefy.com\/nl\/#website\",\"url\":\"https:\/\/tracefy.com\/nl\/\",\"name\":\"Tracefy | Keep Your Bike Close\",\"description\":\"\",\"publisher\":{\"@id\":\"https:\/\/tracefy.com\/nl\/#organization\"},\"potentialAction\":[{\"@type\":\"SearchAction\",\"target\":{\"@type\":\"EntryPoint\",\"urlTemplate\":\"https:\/\/tracefy.com\/nl\/?s={search_term_string}\"},\"query-input\":{\"@type\":\"PropertyValueSpecification\",\"valueRequired\":true,\"valueName\":\"search_term_string\"}}],\"inLanguage\":\"de\"},{\"@type\":\"Organization\",\"@id\":\"https:\/\/tracefy.com\/nl\/#organization\",\"name\":\"Tracefy | Keep Your Bike Close\",\"url\":\"https:\/\/tracefy.com\/nl\/\",\"logo\":{\"@type\":\"ImageObject\",\"inLanguage\":\"de\",\"@id\":\"https:\/\/tracefy.com\/nl\/#\/schema\/logo\/image\/\",\"url\":\"https:\/\/tracefy.com\/wp-content\/uploads\/2021\/10\/Tracefy_logo_payoff-2022.svg\",\"contentUrl\":\"https:\/\/tracefy.com\/wp-content\/uploads\/2021\/10\/Tracefy_logo_payoff-2022.svg\",\"width\":517.5,\"height\":285.9,\"caption\":\"Tracefy | Keep Your Bike Close\"},\"image\":{\"@id\":\"https:\/\/tracefy.com\/nl\/#\/schema\/logo\/image\/\"},\"sameAs\":[\"https:\/\/www.facebook.com\/Tracefy\/\",\"https:\/\/www.instagram.com\/tracefy_iot\/\",\"https:\/\/www.youtube.com\/@tracefy_iot\",\"https:\/\/www.linkedin.com\/company\/tracefy\/\"]}]}<\/script>\n<!-- \/ Yoast SEO Premium plugin. -->","yoast_head_json":{"title":"GPS Tracker Fahrrad - Tracefy | Halten Sie Ihr Fahrrad in der N\u00e4he","robots":{"index":"index","follow":"follow","max-snippet":"max-snippet:-1","max-image-preview":"max-image-preview:large","max-video-preview":"max-video-preview:-1"},"canonical":"https:\/\/tracefy.com\/de\/gps-tracker-fahrrad\/","og_locale":"de_DE","og_type":"article","og_title":"GPS Tracker fiets","og_description":"GPS Tracker fiets Een gps tracker voor je fiets is een handige tool om te weten waar je fiets is. Met name fietsdiefstal is een groot probleem waar de gps tracker in je fiets de oplossing biedt. Nederland is echt een fietsland, maar er is dus altijd een kans op diefstal. In de winkelstraat, op [&hellip;]","og_url":"https:\/\/tracefy.com\/de\/gps-tracker-fahrrad\/","og_site_name":"Tracefy | Keep Your Bike Close","article_publisher":"https:\/\/www.facebook.com\/Tracefy\/","article_modified_time":"2024-11-25T08:23:36+00:00","og_image":[{"url":"https:\/\/new.tracefy.com\/wp-content\/uploads\/2022\/09\/Joerie_gerrits-scaled-1-1024x768.jpg","type":"","width":"","height":""}],"twitter_card":"summary_large_image","twitter_misc":{"Gesch\u00e4tzte Lesezeit":"3\u00a0Minuten"},"schema":{"@context":"https:\/\/schema.org","@graph":[{"@type":"WebPage","@id":"https:\/\/tracefy.com\/gps-tracker-fiets\/","url":"https:\/\/tracefy.com\/gps-tracker-fiets\/","name":"GPS Tracker Fahrrad - Tracefy | Halten Sie Ihr Fahrrad in der N\u00e4he","isPartOf":{"@id":"https:\/\/tracefy.com\/nl\/#website"},"primaryImageOfPage":{"@id":"https:\/\/tracefy.com\/gps-tracker-fiets\/#primaryimage"},"image":{"@id":"https:\/\/tracefy.com\/gps-tracker-fiets\/#primaryimage"},"thumbnailUrl":"https:\/\/new.tracefy.com\/wp-content\/uploads\/2022\/09\/Joerie_gerrits-scaled-1-1024x768.jpg","datePublished":"2024-11-25T08:15:51+00:00","dateModified":"2024-11-25T08:23:36+00:00","breadcrumb":{"@id":"https:\/\/tracefy.com\/gps-tracker-fiets\/#breadcrumb"},"inLanguage":"de","potentialAction":[{"@type":"ReadAction","target":["https:\/\/tracefy.com\/gps-tracker-fiets\/"]}]},{"@type":"ImageObject","inLanguage":"de","@id":"https:\/\/tracefy.com\/gps-tracker-fiets\/#primaryimage","url":"https:\/\/new.tracefy.com\/wp-content\/uploads\/2022\/09\/Joerie_gerrits-scaled-1-1024x768.jpg","contentUrl":"https:\/\/new.tracefy.com\/wp-content\/uploads\/2022\/09\/Joerie_gerrits-scaled-1-1024x768.jpg"},{"@type":"BreadcrumbList","@id":"https:\/\/tracefy.com\/gps-tracker-fiets\/#breadcrumb","itemListElement":[{"@type":"ListItem","position":1,"name":"Home","item":"https:\/\/tracefy.com\/"},{"@type":"ListItem","position":2,"name":"GPS Tracker fiets"}]},{"@type":"WebSite","@id":"https:\/\/tracefy.com\/nl\/#website","url":"https:\/\/tracefy.com\/nl\/","name":"Tracefy | Halten Sie Ihr Fahrrad in der N\u00e4he","description":"","publisher":{"@id":"https:\/\/tracefy.com\/nl\/#organization"},"potentialAction":[{"@type":"SearchAction","target":{"@type":"EntryPoint","urlTemplate":"https:\/\/tracefy.com\/nl\/?s={search_term_string}"},"query-input":{"@type":"PropertyValueSpecification","valueRequired":true,"valueName":"search_term_string"}}],"inLanguage":"de"},{"@type":"Organization","@id":"https:\/\/tracefy.com\/nl\/#organization","name":"Tracefy | Halten Sie Ihr Fahrrad in der N\u00e4he","url":"https:\/\/tracefy.com\/nl\/","logo":{"@type":"ImageObject","inLanguage":"de","@id":"https:\/\/tracefy.com\/nl\/#\/schema\/logo\/image\/","url":"https:\/\/tracefy.com\/wp-content\/uploads\/2021\/10\/Tracefy_logo_payoff-2022.svg","contentUrl":"https:\/\/tracefy.com\/wp-content\/uploads\/2021\/10\/Tracefy_logo_payoff-2022.svg","width":517.5,"height":285.9,"caption":"Tracefy | Keep Your Bike Close"},"image":{"@id":"https:\/\/tracefy.com\/nl\/#\/schema\/logo\/image\/"},"sameAs":["https:\/\/www.facebook.com\/Tracefy\/","https:\/\/www.instagram.com\/tracefy_iot\/","https:\/\/www.youtube.com\/@tracefy_iot","https:\/\/www.linkedin.com\/company\/tracefy\/"]}]}},"_links":{"self":[{"href":"https:\/\/tracefy.com\/de\/wp-json\/wp\/v2\/pages\/8907","targetHints":{"allow":["GET"]}}],"collection":[{"href":"https:\/\/tracefy.com\/de\/wp-json\/wp\/v2\/pages"}],"about":[{"href":"https:\/\/tracefy.com\/de\/wp-json\/wp\/v2\/types\/page"}],"author":[{"embeddable":true,"href":"https:\/\/tracefy.com\/de\/wp-json\/wp\/v2\/users\/1"}],"replies":[{"embeddable":true,"href":"https:\/\/tracefy.com\/de\/wp-json\/wp\/v2\/comments?post=8907"}],"version-history":[{"count":4,"href":"https:\/\/tracefy.com\/de\/wp-json\/wp\/v2\/pages\/8907\/revisions"}],"predecessor-version":[{"id":8911,"href":"https:\/\/tracefy.com\/de\/wp-json\/wp\/v2\/pages\/8907\/revisions\/8911"}],"wp:attachment":[{"href":"https:\/\/tracefy.com\/de\/wp-json\/wp\/v2\/media?parent=8907"}],"curies":[{"name":"wp","href":"https:\/\/api.w.org\/{rel}","templated":true}]}}