{"id":8912,"date":"2024-11-25T09:24:42","date_gmt":"2024-11-25T08:24:42","guid":{"rendered":"https:\/\/new.tracefy.com\/?page_id=8912"},"modified":"2024-11-25T09:28:12","modified_gmt":"2024-11-25T08:28:12","slug":"gps-tracker-e-bike","status":"publish","type":"page","link":"https:\/\/tracefy.com\/de\/gps-tracker-e-bike\/","title":{"rendered":"GPS-Tracker-E-Bike"},"content":{"rendered":"<div data-elementor-type=\"wp-page\" data-elementor-id=\"8912\" class=\"elementor elementor-8912\" data-elementor-post-type=\"page\">\n\t\t\t\t<div class=\"elementor-element elementor-element-d37f5d3 e-flex e-con-boxed e-con e-parent\" data-id=\"d37f5d3\" data-element_type=\"container\" data-e-type=\"container\" data-settings=\"{&quot;background_background&quot;:&quot;classic&quot;,&quot;jet_parallax_layout_list&quot;:[]}\">\n\t\t\t\t\t<div class=\"e-con-inner\">\n\t\t\t\t<div class=\"elementor-element elementor-element-20fe3bf elementor-widget elementor-widget-heading\" data-id=\"20fe3bf\" data-element_type=\"widget\" data-e-type=\"widget\" data-widget_type=\"heading.default\">\n\t\t\t\t<div class=\"elementor-widget-container\">\n\t\t\t\t\t<h2 class=\"elementor-heading-title elementor-size-default\">GPS-Tracker-E-Bike<\/h2>\t\t\t\t<\/div>\n\t\t\t\t<\/div>\n\t\t\t\t\t<\/div>\n\t\t\t\t<\/div>\n\t\t<div class=\"elementor-element elementor-element-7c66b1e e-flex e-con-boxed e-con e-parent\" data-id=\"7c66b1e\" data-element_type=\"container\" data-e-type=\"container\" data-settings=\"{&quot;jet_parallax_layout_list&quot;:[]}\">\n\t\t\t\t\t<div class=\"e-con-inner\">\n\t\t\t\t<div class=\"elementor-element elementor-element-1fb301e elementor-widget elementor-widget-text-editor\" data-id=\"1fb301e\" data-element_type=\"widget\" data-e-type=\"widget\" data-widget_type=\"text-editor.default\">\n\t\t\t\t<div class=\"elementor-widget-container\">\n\t\t\t\t\t\t\t\t\t<p><span style=\"font-weight: 400;\">Ihr E-Bike, Sie k\u00fcmmern sich darum. Ein GPS-Tracker f\u00fcr Ihr E-Bike oder ein Elektrofahrrad mit GPS-Tracker ist daher sehr beliebt. Leider sind Fahrraddiebst\u00e4hle immer noch sehr h\u00e4ufig. Und auch E-Bikes sind aufgrund ihres hohen Anschaffungswerts bei Fahrraddieben sehr beliebt. Nat\u00fcrlich m\u00f6chte man einen Diebstahl immer verhindern, aber wenn es doch passiert, ist es gut zu wissen, dass dank des GPS-Trackers f\u00fcr das E-Bike die Wahrscheinlichkeit gro\u00df ist, dass es wiedergefunden wird. Und wegen dieser hohen Wahrscheinlichkeit, dass Ihr E-Bike gefunden wird, erhalten Sie auch einen Rabatt auf Ihr <\/span><a href=\"https:\/\/tracefy.com\/de\/elektrische-fiets-verzekeren-met-tracefy\/\"><span style=\"font-weight: 400;\">Fahrradversicherung<\/span><\/a><span style=\"font-weight: 400;\">.<\/span><\/p>\t\t\t\t\t\t\t\t<\/div>\n\t\t\t\t<\/div>\n\t\t\t\t\t<\/div>\n\t\t\t\t<\/div>\n\t\t<div class=\"elementor-element elementor-element-037dd25 e-flex e-con-boxed e-con e-parent\" data-id=\"037dd25\" data-element_type=\"container\" data-e-type=\"container\" data-settings=\"{&quot;jet_parallax_layout_list&quot;:[]}\">\n\t\t\t\t\t<div class=\"e-con-inner\">\n\t\t\t\t<div class=\"elementor-element elementor-element-c24ee7c elementor-widget elementor-widget-heading\" data-id=\"c24ee7c\" data-element_type=\"widget\" data-e-type=\"widget\" data-widget_type=\"heading.default\">\n\t\t\t\t<div class=\"elementor-widget-container\">\n\t\t\t\t\t<h2 class=\"elementor-heading-title elementor-size-default\">Multifunktionaler Tracker f\u00fcr Elektrofahrr\u00e4der<\/h2>\t\t\t\t<\/div>\n\t\t\t\t<\/div>\n\t\t\t\t<div class=\"elementor-element elementor-element-6d012b6 elementor-widget elementor-widget-text-editor\" data-id=\"6d012b6\" data-element_type=\"widget\" data-e-type=\"widget\" data-widget_type=\"text-editor.default\">\n\t\t\t\t<div class=\"elementor-widget-container\">\n\t\t\t\t\t\t\t\t\t<p><span style=\"font-weight: 400;\">Der gps-Tracker f\u00fcr Ihr E-Bike ist nicht nur n\u00fctzlich, um es nach einem Diebstahl wiederzufinden. Da dieser GPS-Tracker auch Ihre Fahrten aufzeichnet, k\u00f6nnen Sie im Nachhinein genau sehen, welche Strecken Sie alle gefahren sind und Sie werden anhand der gefahrenen Kilometer daran erinnert, wann es wieder Zeit f\u00fcr eine regelm\u00e4\u00dfige Wartung ist. Praktisch! Auf diese Weise steht Ihr E-Bike-GPS-Tracker ganz im Dienste Ihres Fahrverhaltens. Ein Elektrofahrrad mit GPS-Tracker ist der n\u00e4chste Schritt in der Fahrradinnovation.<\/span><\/p>\t\t\t\t\t\t\t\t<\/div>\n\t\t\t\t<\/div>\n\t\t\t\t<div class=\"elementor-element elementor-element-4677f79 elementor-align-center elementor-widget elementor-widget-global elementor-global-6593 elementor-widget-button\" data-id=\"4677f79\" data-element_type=\"widget\" data-e-type=\"widget\" data-widget_type=\"button.default\">\n\t\t\t\t<div class=\"elementor-widget-container\">\n\t\t\t\t\t\t\t\t\t<div class=\"elementor-button-wrapper\">\n\t\t\t\t\t<a class=\"elementor-button elementor-button-link elementor-size-sm\" href=\"https:\/\/tracefy.com\/de\/handler\/handlersuche\/\">\n\t\t\t\t\t\t<span class=\"elementor-button-content-wrapper\">\n\t\t\t\t\t\t<span class=\"elementor-button-icon\">\n\t\t\t\t<svg aria-hidden=\"true\" class=\"e-font-icon-svg e-far-arrow-alt-circle-right\" viewbox=\"0 0 512 512\" xmlns=\"http:\/\/www.w3.org\/2000\/svg\"><path d=\"M504 256C504 119 393 8 256 8S8 119 8 256s111 248 248 248 248-111 248-248zm-448 0c0-110.5 89.5-200 200-200s200 89.5 200 200-89.5 200-200 200S56 366.5 56 256zm72 20v-40c0-6.6 5.4-12 12-12h116v-67c0-10.7 12.9-16 20.5-8.5l99 99c4.7 4.7 4.7 12.3 0 17l-99 99c-7.6 7.6-20.5 2.2-20.5-8.5v-67H140c-6.6 0-12-5.4-12-12z\"><\/path><\/svg>\t\t\t<\/span>\n\t\t\t\t\t\t\t\t\t<span class=\"elementor-button-text\">Einen H\u00e4ndler finden<\/span>\n\t\t\t\t\t<\/span>\n\t\t\t\t\t<\/a>\n\t\t\t\t<\/div>\n\t\t\t\t\t\t\t\t<\/div>\n\t\t\t\t<\/div>\n\t\t\t\t\t<\/div>\n\t\t\t\t<\/div>\n\t\t<div class=\"elementor-element elementor-element-4c7ec4d e-flex e-con-boxed e-con e-parent\" data-id=\"4c7ec4d\" data-element_type=\"container\" data-e-type=\"container\" data-settings=\"{&quot;background_background&quot;:&quot;classic&quot;,&quot;jet_parallax_layout_list&quot;:[]}\">\n\t\t\t\t\t<div class=\"e-con-inner\">\n\t\t<div class=\"elementor-element elementor-element-0a60ef0 e-con-full e-flex e-con e-child\" data-id=\"0a60ef0\" data-element_type=\"container\" data-e-type=\"container\" data-settings=\"{&quot;jet_parallax_layout_list&quot;:[]}\">\n\t\t\t\t<div class=\"elementor-element elementor-element-5bff949 elementor-widget elementor-widget-heading\" data-id=\"5bff949\" data-element_type=\"widget\" data-e-type=\"widget\" data-widget_type=\"heading.default\">\n\t\t\t\t<div class=\"elementor-widget-container\">\n\t\t\t\t\t<h2 class=\"elementor-heading-title elementor-size-default\">Bester GPS-Tracker f\u00fcr E-Bikes<\/h2>\t\t\t\t<\/div>\n\t\t\t\t<\/div>\n\t\t\t\t<div class=\"elementor-element elementor-element-0248274 elementor-widget elementor-widget-text-editor\" data-id=\"0248274\" data-element_type=\"widget\" data-e-type=\"widget\" data-widget_type=\"text-editor.default\">\n\t\t\t\t<div class=\"elementor-widget-container\">\n\t\t\t\t\t\t\t\t\t<p><a href=\"https:\/\/tracefy.com\/de\/\"><span style=\"font-weight: 400; color: white;\">Tracefy<\/span><\/a><span style=\"font-weight: 400;\"> bietet die GPS-L\u00f6sung f\u00fcr Ihr E-Bike. Dank der Batterie Ihres E-Bikes ist der Tracker immer mit Strom versorgt. Unser GPS-Tracker ist daher auch speziell f\u00fcr das E-Bike konzipiert.<\/span><\/p><p><span style=\"font-weight: 400;\">Der Tracker ist zus\u00e4tzlich eingebaut durch anerkannte <\/span><a href=\"https:\/\/tracefy.com\/de\/consumer\/handlersuche\/\"><span style=\"font-weight: 400;\">H\u00e4ndler<\/span><\/a><span style=\"font-weight: 400;\">. Denn es ist wichtig, dass der Tracker unauffindbar ist und nicht einfach ausgeschaltet oder demontiert werden kann. Aus diesem Grund haben wir beschlossen, die Installation Ihres GPS-Trackers nur \u00fcber ein Netz von autorisierten H\u00e4ndlern vorzunehmen. Zum Gl\u00fcck k\u00f6nnen Sie auf unserer Website leicht einen H\u00e4ndler in Ihrer N\u00e4he finden, und es gibt immer einen in Ihrer N\u00e4he.<\/span><\/p>\t\t\t\t\t\t\t\t<\/div>\n\t\t\t\t<\/div>\n\t\t\t\t<\/div>\n\t\t<div class=\"elementor-element elementor-element-3fceef7 e-con-full e-flex e-con e-child\" data-id=\"3fceef7\" data-element_type=\"container\" data-e-type=\"container\" data-settings=\"{&quot;jet_parallax_layout_list&quot;:[]}\">\n\t\t\t\t<div class=\"elementor-element elementor-element-af01458 elementor-widget elementor-widget-image\" data-id=\"af01458\" data-element_type=\"widget\" data-e-type=\"widget\" data-widget_type=\"image.default\">\n\t\t\t\t<div class=\"elementor-widget-container\">\n\t\t\t\t\t\t\t\t\t\t\t\t\t\t\t<img fetchpriority=\"high\" decoding=\"async\" width=\"800\" height=\"600\" src=\"https:\/\/tracefy.com\/wp-content\/uploads\/2022\/09\/Joerie_gerrits-scaled-1-1024x768.jpg\" class=\"attachment-large size-large wp-image-3044\" alt=\"\" srcset=\"https:\/\/tracefy.com\/wp-content\/uploads\/2022\/09\/Joerie_gerrits-scaled-1-1024x768.jpg 1024w, https:\/\/tracefy.com\/wp-content\/uploads\/2022\/09\/Joerie_gerrits-scaled-1-600x450.jpg 600w, https:\/\/tracefy.com\/wp-content\/uploads\/2022\/09\/Joerie_gerrits-scaled-1-300x225.jpg 300w, https:\/\/tracefy.com\/wp-content\/uploads\/2022\/09\/Joerie_gerrits-scaled-1-768x576.jpg 768w, https:\/\/tracefy.com\/wp-content\/uploads\/2022\/09\/Joerie_gerrits-scaled-1-1536x1152.jpg 1536w, https:\/\/tracefy.com\/wp-content\/uploads\/2022\/09\/Joerie_gerrits-scaled-1-2048x1536.jpg 2048w\" sizes=\"(max-width: 800px) 100vw, 800px\" \/>\t\t\t\t\t\t\t\t\t\t\t\t\t\t\t<\/div>\n\t\t\t\t<\/div>\n\t\t\t\t<\/div>\n\t\t\t\t\t<\/div>\n\t\t\t\t<\/div>\n\t\t<div class=\"elementor-element elementor-element-29fc56f e-flex e-con-boxed e-con e-parent\" data-id=\"29fc56f\" data-element_type=\"container\" data-e-type=\"container\" data-settings=\"{&quot;jet_parallax_layout_list&quot;:[]}\">\n\t\t\t\t\t<div class=\"e-con-inner\">\n\t\t\t\t<div class=\"elementor-element elementor-element-36277e3 elementor-widget elementor-widget-heading\" data-id=\"36277e3\" data-element_type=\"widget\" data-e-type=\"widget\" data-widget_type=\"heading.default\">\n\t\t\t\t<div class=\"elementor-widget-container\">\n\t\t\t\t\t<h2 class=\"elementor-heading-title elementor-size-default\">Was kostet ein GPS-Tracker f\u00fcr E-Bikes?<\/h2>\t\t\t\t<\/div>\n\t\t\t\t<\/div>\n\t\t\t\t<div class=\"elementor-element elementor-element-999696b elementor-widget elementor-widget-text-editor\" data-id=\"999696b\" data-element_type=\"widget\" data-e-type=\"widget\" data-widget_type=\"text-editor.default\">\n\t\t\t\t<div class=\"elementor-widget-container\">\n\t\t\t\t\t\t\t\t\t<p><span style=\"font-weight: 400;\">Der Kaufpreis beinhaltet die Montage in Ihrem E-Bike. Es sind auch zwei Arten von Abonnements erh\u00e4ltlich. Sie fragen sich vielleicht, warum Sie weiterhin monatlich f\u00fcr die Nutzung Ihres E-Bike-GPS-Trackers bezahlen. Mit unserem GPS-Tracker f\u00fcr Elektrofahrr\u00e4der sind Sie immer online. Sie verwenden auch unsere App, um die Daten Ihres Fahrrads zu verfolgen. Wir berechnen eine monatliche Geb\u00fchr f\u00fcr die Wartung. Siehe unser aktuelles <\/span><a href=\"https:\/\/tracefy.com\/de\/\"><span style=\"font-weight: 400;\">Preise von Tracefy<\/span><\/a><span style=\"font-weight: 400;\">.\u00a0 <\/span><\/p>\t\t\t\t\t\t\t\t<\/div>\n\t\t\t\t<\/div>\n\t\t\t\t<div class=\"elementor-element elementor-element-c50bae8 elementor-widget elementor-widget-heading\" data-id=\"c50bae8\" data-element_type=\"widget\" data-e-type=\"widget\" data-widget_type=\"heading.default\">\n\t\t\t\t<div class=\"elementor-widget-container\">\n\t\t\t\t\t<h2 class=\"elementor-heading-title elementor-size-default\">E-Bike-Verfolgung mit Tracefy<\/h2>\t\t\t\t<\/div>\n\t\t\t\t<\/div>\n\t\t\t\t<div class=\"elementor-element elementor-element-da5508c elementor-widget elementor-widget-text-editor\" data-id=\"da5508c\" data-element_type=\"widget\" data-e-type=\"widget\" data-widget_type=\"text-editor.default\">\n\t\t\t\t<div class=\"elementor-widget-container\">\n\t\t\t\t\t\t\t\t\t<p><span style=\"font-weight: 400;\">Haben Sie auch genug von all diesen Fahrraddiebst\u00e4hlen? Dann kaufen Sie noch heute Ihren Tracefy GPS-Tracker. Die Schritte sind einfach. Suchen Sie Ihren H\u00e4ndler, lassen Sie den GPS-Tracker in Ihr E-Bike einbauen, laden Sie die App herunter und aktivieren Sie das Tracking. Auf diese Weise k\u00f6nnen Sie Ihr Elektrofahrrad noch heute vom B\u00fcro aus oder zu Hause auf der Couch verfolgen. Noch besser: Ihr E-Bike bleibt einfach an Ort und Stelle, wenn Sie nicht selbst darauf sitzen.<\/span><\/p>\t\t\t\t\t\t\t\t<\/div>\n\t\t\t\t<\/div>\n\t\t\t\t\t<\/div>\n\t\t\t\t<\/div>\n\t\t<div class=\"elementor-element elementor-element-120d857 e-flex e-con-boxed e-con e-parent\" data-id=\"120d857\" data-element_type=\"container\" data-e-type=\"container\" data-settings=\"{&quot;jet_parallax_layout_list&quot;:[]}\">\n\t\t\t\t\t<div class=\"e-con-inner\">\n\t\t\t\t<div class=\"elementor-element elementor-element-5ff82fc elementor-align-center elementor-widget elementor-widget-button\" data-id=\"5ff82fc\" data-element_type=\"widget\" data-e-type=\"widget\" data-widget_type=\"button.default\">\n\t\t\t\t<div class=\"elementor-widget-container\">\n\t\t\t\t\t\t\t\t\t<div class=\"elementor-button-wrapper\">\n\t\t\t\t\t<a class=\"elementor-button elementor-button-link elementor-size-sm\" href=\"https:\/\/tracefy.com\/de\/\">\n\t\t\t\t\t\t<span class=\"elementor-button-content-wrapper\">\n\t\t\t\t\t\t<span class=\"elementor-button-icon\">\n\t\t\t\t<svg aria-hidden=\"true\" class=\"e-font-icon-svg e-far-arrow-alt-circle-right\" viewbox=\"0 0 512 512\" xmlns=\"http:\/\/www.w3.org\/2000\/svg\"><path d=\"M504 256C504 119 393 8 256 8S8 119 8 256s111 248 248 248 248-111 248-248zm-448 0c0-110.5 89.5-200 200-200s200 89.5 200 200-89.5 200-200 200S56 366.5 56 256zm72 20v-40c0-6.6 5.4-12 12-12h116v-67c0-10.7 12.9-16 20.5-8.5l99 99c4.7 4.7 4.7 12.3 0 17l-99 99c-7.6 7.6-20.5 2.2-20.5-8.5v-67H140c-6.6 0-12-5.4-12-12z\"><\/path><\/svg>\t\t\t<\/span>\n\t\t\t\t\t\t\t\t\t<span class=\"elementor-button-text\">Entdecken Sie die Tracefy-App<\/span>\n\t\t\t\t\t<\/span>\n\t\t\t\t\t<\/a>\n\t\t\t\t<\/div>\n\t\t\t\t\t\t\t\t<\/div>\n\t\t\t\t<\/div>\n\t\t\t\t\t<\/div>\n\t\t\t\t<\/div>\n\t\t\t\t<\/div>","protected":false},"excerpt":{"rendered":"<p>GPS Tracker E-bike\u200b Jouw e-bike, daar ben je zuinig op. Een gps tracker voor je e-bike of een elektrische fiets met gps tracker is daarom razend populair. Helaas komt diefstal van fietsen nog steeds heel erg veel voor. En ook e-bikes zijn vanwege hun hoge aanschafwaarde erg geliefd onder fietsendieven. Uiteraard wil je diefstal altijd [&hellip;]<\/p>\n","protected":false},"author":1,"featured_media":0,"parent":0,"menu_order":0,"comment_status":"closed","ping_status":"closed","template":"","meta":{"footnotes":""},"class_list":["post-8912","page","type-page","status-publish","hentry"],"yoast_head":"<!-- This site is optimized with the Yoast SEO Premium plugin v27.2 (Yoast SEO v27.2) - https:\/\/yoast.com\/product\/yoast-seo-premium-wordpress\/ -->\n<title>GPS Tracker E-bike - Tracefy | Keep Your Bike Close<\/title>\n<meta name=\"robots\" content=\"index, follow, max-snippet:-1, max-image-preview:large, max-video-preview:-1\" \/>\n<link rel=\"canonical\" href=\"https:\/\/tracefy.com\/de\/gps-tracker-e-bike\/\" \/>\n<meta property=\"og:locale\" content=\"de_DE\" \/>\n<meta property=\"og:type\" content=\"article\" \/>\n<meta property=\"og:title\" content=\"GPS Tracker E-bike\" \/>\n<meta property=\"og:description\" content=\"GPS Tracker E-bike\u200b Jouw e-bike, daar ben je zuinig op. Een gps tracker voor je e-bike of een elektrische fiets met gps tracker is daarom razend populair. Helaas komt diefstal van fietsen nog steeds heel erg veel voor. En ook e-bikes zijn vanwege hun hoge aanschafwaarde erg geliefd onder fietsendieven. Uiteraard wil je diefstal altijd [&hellip;]\" \/>\n<meta property=\"og:url\" content=\"https:\/\/tracefy.com\/de\/gps-tracker-e-bike\/\" \/>\n<meta property=\"og:site_name\" content=\"Tracefy | Keep Your Bike Close\" \/>\n<meta property=\"article:publisher\" content=\"https:\/\/www.facebook.com\/Tracefy\/\" \/>\n<meta property=\"article:modified_time\" content=\"2024-11-25T08:28:12+00:00\" \/>\n<meta property=\"og:image\" content=\"https:\/\/new.tracefy.com\/wp-content\/uploads\/2022\/09\/Joerie_gerrits-scaled-1-1024x768.jpg\" \/>\n<meta name=\"twitter:card\" content=\"summary_large_image\" \/>\n<meta name=\"twitter:label1\" content=\"Gesch\u00e4tzte Lesezeit\" \/>\n\t<meta name=\"twitter:data1\" content=\"2\u00a0Minuten\" \/>\n<script type=\"application\/ld+json\" class=\"yoast-schema-graph\">{\"@context\":\"https:\/\/schema.org\",\"@graph\":[{\"@type\":\"WebPage\",\"@id\":\"https:\/\/tracefy.com\/gps-tracker-e-bike\/\",\"url\":\"https:\/\/tracefy.com\/gps-tracker-e-bike\/\",\"name\":\"GPS Tracker E-bike - Tracefy | Keep Your Bike Close\",\"isPartOf\":{\"@id\":\"https:\/\/tracefy.com\/nl\/#website\"},\"primaryImageOfPage\":{\"@id\":\"https:\/\/tracefy.com\/gps-tracker-e-bike\/#primaryimage\"},\"image\":{\"@id\":\"https:\/\/tracefy.com\/gps-tracker-e-bike\/#primaryimage\"},\"thumbnailUrl\":\"https:\/\/new.tracefy.com\/wp-content\/uploads\/2022\/09\/Joerie_gerrits-scaled-1-1024x768.jpg\",\"datePublished\":\"2024-11-25T08:24:42+00:00\",\"dateModified\":\"2024-11-25T08:28:12+00:00\",\"breadcrumb\":{\"@id\":\"https:\/\/tracefy.com\/gps-tracker-e-bike\/#breadcrumb\"},\"inLanguage\":\"de\",\"potentialAction\":[{\"@type\":\"ReadAction\",\"target\":[\"https:\/\/tracefy.com\/gps-tracker-e-bike\/\"]}]},{\"@type\":\"ImageObject\",\"inLanguage\":\"de\",\"@id\":\"https:\/\/tracefy.com\/gps-tracker-e-bike\/#primaryimage\",\"url\":\"https:\/\/new.tracefy.com\/wp-content\/uploads\/2022\/09\/Joerie_gerrits-scaled-1-1024x768.jpg\",\"contentUrl\":\"https:\/\/new.tracefy.com\/wp-content\/uploads\/2022\/09\/Joerie_gerrits-scaled-1-1024x768.jpg\"},{\"@type\":\"BreadcrumbList\",\"@id\":\"https:\/\/tracefy.com\/gps-tracker-e-bike\/#breadcrumb\",\"itemListElement\":[{\"@type\":\"ListItem\",\"position\":1,\"name\":\"Home\",\"item\":\"https:\/\/tracefy.com\/\"},{\"@type\":\"ListItem\",\"position\":2,\"name\":\"GPS Tracker E-bike\"}]},{\"@type\":\"WebSite\",\"@id\":\"https:\/\/tracefy.com\/nl\/#website\",\"url\":\"https:\/\/tracefy.com\/nl\/\",\"name\":\"Tracefy | Keep Your Bike Close\",\"description\":\"\",\"publisher\":{\"@id\":\"https:\/\/tracefy.com\/nl\/#organization\"},\"potentialAction\":[{\"@type\":\"SearchAction\",\"target\":{\"@type\":\"EntryPoint\",\"urlTemplate\":\"https:\/\/tracefy.com\/nl\/?s={search_term_string}\"},\"query-input\":{\"@type\":\"PropertyValueSpecification\",\"valueRequired\":true,\"valueName\":\"search_term_string\"}}],\"inLanguage\":\"de\"},{\"@type\":\"Organization\",\"@id\":\"https:\/\/tracefy.com\/nl\/#organization\",\"name\":\"Tracefy | Keep Your Bike Close\",\"url\":\"https:\/\/tracefy.com\/nl\/\",\"logo\":{\"@type\":\"ImageObject\",\"inLanguage\":\"de\",\"@id\":\"https:\/\/tracefy.com\/nl\/#\/schema\/logo\/image\/\",\"url\":\"https:\/\/tracefy.com\/wp-content\/uploads\/2021\/10\/Tracefy_logo_payoff-2022.svg\",\"contentUrl\":\"https:\/\/tracefy.com\/wp-content\/uploads\/2021\/10\/Tracefy_logo_payoff-2022.svg\",\"width\":517.5,\"height\":285.9,\"caption\":\"Tracefy | Keep Your Bike Close\"},\"image\":{\"@id\":\"https:\/\/tracefy.com\/nl\/#\/schema\/logo\/image\/\"},\"sameAs\":[\"https:\/\/www.facebook.com\/Tracefy\/\",\"https:\/\/www.instagram.com\/tracefy_iot\/\",\"https:\/\/www.youtube.com\/@tracefy_iot\",\"https:\/\/www.linkedin.com\/company\/tracefy\/\"]}]}<\/script>\n<!-- \/ Yoast SEO Premium plugin. -->","yoast_head_json":{"title":"GPS Tracker E-Bike - Tracefy | Halten Sie Ihr Fahrrad in der N\u00e4he","robots":{"index":"index","follow":"follow","max-snippet":"max-snippet:-1","max-image-preview":"max-image-preview:large","max-video-preview":"max-video-preview:-1"},"canonical":"https:\/\/tracefy.com\/de\/gps-tracker-e-bike\/","og_locale":"de_DE","og_type":"article","og_title":"GPS Tracker E-bike","og_description":"GPS Tracker E-bike\u200b Jouw e-bike, daar ben je zuinig op. Een gps tracker voor je e-bike of een elektrische fiets met gps tracker is daarom razend populair. Helaas komt diefstal van fietsen nog steeds heel erg veel voor. En ook e-bikes zijn vanwege hun hoge aanschafwaarde erg geliefd onder fietsendieven. Uiteraard wil je diefstal altijd [&hellip;]","og_url":"https:\/\/tracefy.com\/de\/gps-tracker-e-bike\/","og_site_name":"Tracefy | Keep Your Bike Close","article_publisher":"https:\/\/www.facebook.com\/Tracefy\/","article_modified_time":"2024-11-25T08:28:12+00:00","og_image":[{"url":"https:\/\/new.tracefy.com\/wp-content\/uploads\/2022\/09\/Joerie_gerrits-scaled-1-1024x768.jpg","type":"","width":"","height":""}],"twitter_card":"summary_large_image","twitter_misc":{"Gesch\u00e4tzte Lesezeit":"2\u00a0Minuten"},"schema":{"@context":"https:\/\/schema.org","@graph":[{"@type":"WebPage","@id":"https:\/\/tracefy.com\/gps-tracker-e-bike\/","url":"https:\/\/tracefy.com\/gps-tracker-e-bike\/","name":"GPS Tracker E-Bike - Tracefy | Halten Sie Ihr Fahrrad in der N\u00e4he","isPartOf":{"@id":"https:\/\/tracefy.com\/nl\/#website"},"primaryImageOfPage":{"@id":"https:\/\/tracefy.com\/gps-tracker-e-bike\/#primaryimage"},"image":{"@id":"https:\/\/tracefy.com\/gps-tracker-e-bike\/#primaryimage"},"thumbnailUrl":"https:\/\/new.tracefy.com\/wp-content\/uploads\/2022\/09\/Joerie_gerrits-scaled-1-1024x768.jpg","datePublished":"2024-11-25T08:24:42+00:00","dateModified":"2024-11-25T08:28:12+00:00","breadcrumb":{"@id":"https:\/\/tracefy.com\/gps-tracker-e-bike\/#breadcrumb"},"inLanguage":"de","potentialAction":[{"@type":"ReadAction","target":["https:\/\/tracefy.com\/gps-tracker-e-bike\/"]}]},{"@type":"ImageObject","inLanguage":"de","@id":"https:\/\/tracefy.com\/gps-tracker-e-bike\/#primaryimage","url":"https:\/\/new.tracefy.com\/wp-content\/uploads\/2022\/09\/Joerie_gerrits-scaled-1-1024x768.jpg","contentUrl":"https:\/\/new.tracefy.com\/wp-content\/uploads\/2022\/09\/Joerie_gerrits-scaled-1-1024x768.jpg"},{"@type":"BreadcrumbList","@id":"https:\/\/tracefy.com\/gps-tracker-e-bike\/#breadcrumb","itemListElement":[{"@type":"ListItem","position":1,"name":"Home","item":"https:\/\/tracefy.com\/"},{"@type":"ListItem","position":2,"name":"GPS Tracker E-bike"}]},{"@type":"WebSite","@id":"https:\/\/tracefy.com\/nl\/#website","url":"https:\/\/tracefy.com\/nl\/","name":"Tracefy | Halten Sie Ihr Fahrrad in der N\u00e4he","description":"","publisher":{"@id":"https:\/\/tracefy.com\/nl\/#organization"},"potentialAction":[{"@type":"SearchAction","target":{"@type":"EntryPoint","urlTemplate":"https:\/\/tracefy.com\/nl\/?s={search_term_string}"},"query-input":{"@type":"PropertyValueSpecification","valueRequired":true,"valueName":"search_term_string"}}],"inLanguage":"de"},{"@type":"Organization","@id":"https:\/\/tracefy.com\/nl\/#organization","name":"Tracefy | Halten Sie Ihr Fahrrad in der N\u00e4he","url":"https:\/\/tracefy.com\/nl\/","logo":{"@type":"ImageObject","inLanguage":"de","@id":"https:\/\/tracefy.com\/nl\/#\/schema\/logo\/image\/","url":"https:\/\/tracefy.com\/wp-content\/uploads\/2021\/10\/Tracefy_logo_payoff-2022.svg","contentUrl":"https:\/\/tracefy.com\/wp-content\/uploads\/2021\/10\/Tracefy_logo_payoff-2022.svg","width":517.5,"height":285.9,"caption":"Tracefy | Keep Your Bike Close"},"image":{"@id":"https:\/\/tracefy.com\/nl\/#\/schema\/logo\/image\/"},"sameAs":["https:\/\/www.facebook.com\/Tracefy\/","https:\/\/www.instagram.com\/tracefy_iot\/","https:\/\/www.youtube.com\/@tracefy_iot","https:\/\/www.linkedin.com\/company\/tracefy\/"]}]}},"_links":{"self":[{"href":"https:\/\/tracefy.com\/de\/wp-json\/wp\/v2\/pages\/8912","targetHints":{"allow":["GET"]}}],"collection":[{"href":"https:\/\/tracefy.com\/de\/wp-json\/wp\/v2\/pages"}],"about":[{"href":"https:\/\/tracefy.com\/de\/wp-json\/wp\/v2\/types\/page"}],"author":[{"embeddable":true,"href":"https:\/\/tracefy.com\/de\/wp-json\/wp\/v2\/users\/1"}],"replies":[{"embeddable":true,"href":"https:\/\/tracefy.com\/de\/wp-json\/wp\/v2\/comments?post=8912"}],"version-history":[{"count":4,"href":"https:\/\/tracefy.com\/de\/wp-json\/wp\/v2\/pages\/8912\/revisions"}],"predecessor-version":[{"id":8916,"href":"https:\/\/tracefy.com\/de\/wp-json\/wp\/v2\/pages\/8912\/revisions\/8916"}],"wp:attachment":[{"href":"https:\/\/tracefy.com\/de\/wp-json\/wp\/v2\/media?parent=8912"}],"curies":[{"name":"wp","href":"https:\/\/api.w.org\/{rel}","templated":true}]}}