{"id":8917,"date":"2024-11-25T09:40:56","date_gmt":"2024-11-25T08:40:56","guid":{"rendered":"https:\/\/new.tracefy.com\/?page_id=8917"},"modified":"2024-12-09T14:53:22","modified_gmt":"2024-12-09T13:53:22","slug":"nfc-onboarding","status":"publish","type":"page","link":"https:\/\/tracefy.com\/de\/nfc-onboarding\/","title":{"rendered":"NFC-Onboarding"},"content":{"rendered":"<div data-elementor-type=\"wp-page\" data-elementor-id=\"8917\" class=\"elementor elementor-8917\" data-elementor-post-type=\"page\">\n\t\t\t\t<div class=\"elementor-element elementor-element-ff97a71 e-flex e-con-boxed e-con e-parent\" data-id=\"ff97a71\" data-element_type=\"container\" data-e-type=\"container\" data-settings=\"{&quot;background_background&quot;:&quot;classic&quot;,&quot;jet_parallax_layout_list&quot;:[]}\">\n\t\t\t\t\t<div class=\"e-con-inner\">\n\t\t\t\t<div class=\"elementor-element elementor-element-2638b57 elementor-widget elementor-widget-heading\" data-id=\"2638b57\" data-element_type=\"widget\" data-e-type=\"widget\" data-widget_type=\"heading.default\">\n\t\t\t\t<div class=\"elementor-widget-container\">\n\t\t\t\t\t<h2 class=\"elementor-heading-title elementor-size-default\">Aktivierung durch Tracefy SOLO Workshop<\/h2>\t\t\t\t<\/div>\n\t\t\t\t<\/div>\n\t\t\t\t\t<\/div>\n\t\t\t\t<\/div>\n\t\t<div class=\"elementor-element elementor-element-118b0d5 e-flex e-con-boxed e-con e-parent\" data-id=\"118b0d5\" data-element_type=\"container\" data-e-type=\"container\" data-settings=\"{&quot;jet_parallax_layout_list&quot;:[]}\">\n\t\t\t\t\t<div class=\"e-con-inner\">\n\t\t<div class=\"elementor-element elementor-element-22450cd e-con-full e-flex e-con e-child\" data-id=\"22450cd\" data-element_type=\"container\" data-e-type=\"container\" data-settings=\"{&quot;jet_parallax_layout_list&quot;:[]}\">\n\t\t\t\t<div class=\"elementor-element elementor-element-d20040e elementor-widget elementor-widget-heading\" data-id=\"d20040e\" data-element_type=\"widget\" data-e-type=\"widget\" data-widget_type=\"heading.default\">\n\t\t\t\t<div class=\"elementor-widget-container\">\n\t\t\t\t\t<h3 class=\"elementor-heading-title elementor-size-default\">Schritt 1: Aktivieren mit NFC<\/h3>\t\t\t\t<\/div>\n\t\t\t\t<\/div>\n\t\t\t\t<div class=\"elementor-element elementor-element-e7a470f elementor-widget elementor-widget-text-editor\" data-id=\"e7a470f\" data-element_type=\"widget\" data-e-type=\"widget\" data-widget_type=\"text-editor.default\">\n\t\t\t\t<div class=\"elementor-widget-container\">\n\t\t\t\t\t\t\t\t\t<p class=\"p1\">Aktivieren Sie den SOLO \u00fcber NFC auf Ihrem Smartphone.<\/p><p class=\"p1\">Halten Sie den SOLO in H\u00f6he des NFC-Chips an die R\u00fcckseite Ihres Smartphones.<br \/><a style=\"text-decoration: underline;\" href=\"https:\/\/tracefy.com\/wp-content\/uploads\/2024\/04\/NFC-welke-telefoons-en-hoe-werkt-het.pdf\">(Klicken Sie hier f\u00fcr weitere Informationen.)<\/a><\/p>\t\t\t\t\t\t\t\t<\/div>\n\t\t\t\t<\/div>\n\t\t\t\t<div class=\"elementor-element elementor-element-d4227ca elementor-widget elementor-widget-image\" data-id=\"d4227ca\" data-element_type=\"widget\" data-e-type=\"widget\" data-widget_type=\"image.default\">\n\t\t\t\t<div class=\"elementor-widget-container\">\n\t\t\t\t\t\t\t\t\t\t\t\t\t\t\t<img fetchpriority=\"high\" decoding=\"async\" width=\"640\" height=\"360\" src=\"https:\/\/tracefy.com\/wp-content\/uploads\/2024\/11\/scannen.gif\" class=\"attachment-large size-large wp-image-8919\" alt=\"\" \/>\t\t\t\t\t\t\t\t\t\t\t\t\t\t\t<\/div>\n\t\t\t\t<\/div>\n\t\t\t\t<\/div>\n\t\t<div class=\"elementor-element elementor-element-54ee8bd e-con-full e-flex e-con e-child\" data-id=\"54ee8bd\" data-element_type=\"container\" data-e-type=\"container\" data-settings=\"{&quot;jet_parallax_layout_list&quot;:[]}\">\n\t\t\t\t<div class=\"elementor-element elementor-element-5aeddef elementor-widget elementor-widget-heading\" data-id=\"5aeddef\" data-element_type=\"widget\" data-e-type=\"widget\" data-widget_type=\"heading.default\">\n\t\t\t\t<div class=\"elementor-widget-container\">\n\t\t\t\t\t<h3 class=\"elementor-heading-title elementor-size-default\">SCHRITT 2: Installation \u00fcber das Tracefy-Portal<\/h3>\t\t\t\t<\/div>\n\t\t\t\t<\/div>\n\t\t\t\t<div class=\"elementor-element elementor-element-1a21282 elementor-widget elementor-widget-text-editor\" data-id=\"1a21282\" data-element_type=\"widget\" data-e-type=\"widget\" data-widget_type=\"text-editor.default\">\n\t\t\t\t<div class=\"elementor-widget-container\">\n\t\t\t\t\t\t\t\t\t<p class=\"p1\">Nach erfolgreicher Aktivierung k\u00f6nnen Sie sich zum Tracefy-Portal durchklicken, wo Sie das Fahrzeug anmelden k\u00f6nnen.<\/p><p class=\"p1\">Die Tracker-ID wird nach dem Einloggen automatisch ausgef\u00fcllt.<\/p>\t\t\t\t\t\t\t\t<\/div>\n\t\t\t\t<\/div>\n\t\t\t\t<div class=\"elementor-element elementor-element-ffba8f7 elementor-widget elementor-widget-image\" data-id=\"ffba8f7\" data-element_type=\"widget\" data-e-type=\"widget\" data-widget_type=\"image.default\">\n\t\t\t\t<div class=\"elementor-widget-container\">\n\t\t\t\t\t\t\t\t\t\t\t\t\t\t\t<img decoding=\"async\" width=\"640\" height=\"360\" src=\"https:\/\/tracefy.com\/wp-content\/uploads\/2024\/11\/installeerportal.gif\" class=\"attachment-large size-large wp-image-8920\" alt=\"\" \/>\t\t\t\t\t\t\t\t\t\t\t\t\t\t\t<\/div>\n\t\t\t\t<\/div>\n\t\t\t\t<\/div>\n\t\t\t\t\t<\/div>\n\t\t\t\t<\/div>\n\t\t<div class=\"elementor-element elementor-element-e8364f6 e-flex e-con-boxed e-con e-parent\" data-id=\"e8364f6\" data-element_type=\"container\" data-e-type=\"container\" data-settings=\"{&quot;jet_parallax_layout_list&quot;:[]}\">\n\t\t\t\t\t<div class=\"e-con-inner\">\n\t\t<div class=\"elementor-element elementor-element-5a7a08a e-con-full e-flex e-con e-child\" data-id=\"5a7a08a\" data-element_type=\"container\" data-e-type=\"container\" data-settings=\"{&quot;jet_parallax_layout_list&quot;:[]}\">\n\t\t\t\t<div class=\"elementor-element elementor-element-1bb1075 elementor-widget elementor-widget-heading\" data-id=\"1bb1075\" data-element_type=\"widget\" data-e-type=\"widget\" data-widget_type=\"heading.default\">\n\t\t\t\t<div class=\"elementor-widget-container\">\n\t\t\t\t\t<h3 class=\"elementor-heading-title elementor-size-default\">SCHRITT 3: Aufkleber entfernen<\/h3>\t\t\t\t<\/div>\n\t\t\t\t<\/div>\n\t\t\t\t<div class=\"elementor-element elementor-element-4708300 elementor-widget elementor-widget-text-editor\" data-id=\"4708300\" data-element_type=\"widget\" data-e-type=\"widget\" data-widget_type=\"text-editor.default\">\n\t\t\t\t<div class=\"elementor-widget-container\">\n\t\t\t\t\t\t\t\t\t<p class=\"p1\">Entfernen Sie den Aufkleber vor der Montage des SOLO-Trackers<\/p><p class=\"p1\">Eine Erkennung durch b\u00f6swillige Parteien wird so verhindert.<\/p>\t\t\t\t\t\t\t\t<\/div>\n\t\t\t\t<\/div>\n\t\t\t\t<div class=\"elementor-element elementor-element-efaedd6 elementor-widget elementor-widget-image\" data-id=\"efaedd6\" data-element_type=\"widget\" data-e-type=\"widget\" data-widget_type=\"image.default\">\n\t\t\t\t<div class=\"elementor-widget-container\">\n\t\t\t\t\t\t\t\t\t\t\t\t\t\t\t<img decoding=\"async\" width=\"640\" height=\"360\" src=\"https:\/\/tracefy.com\/wp-content\/uploads\/2024\/11\/stickerverwijderen.gif\" class=\"attachment-large size-large wp-image-8918\" alt=\"\" \/>\t\t\t\t\t\t\t\t\t\t\t\t\t\t\t<\/div>\n\t\t\t\t<\/div>\n\t\t\t\t<\/div>\n\t\t<div class=\"elementor-element elementor-element-2e9a790 e-con-full e-flex e-con e-child\" data-id=\"2e9a790\" data-element_type=\"container\" data-e-type=\"container\" data-settings=\"{&quot;jet_parallax_layout_list&quot;:[]}\">\n\t\t\t\t<div class=\"elementor-element elementor-element-635a714 elementor-widget elementor-widget-heading\" data-id=\"635a714\" data-element_type=\"widget\" data-e-type=\"widget\" data-widget_type=\"heading.default\">\n\t\t\t\t<div class=\"elementor-widget-container\">\n\t\t\t\t\t<h3 class=\"elementor-heading-title elementor-size-default\">SCHRITT 4: Einbau des Trackers in das Fahrzeug<\/h3>\t\t\t\t<\/div>\n\t\t\t\t<\/div>\n\t\t\t\t<div class=\"elementor-element elementor-element-d50ef93 elementor-widget elementor-widget-text-editor\" data-id=\"d50ef93\" data-element_type=\"widget\" data-e-type=\"widget\" data-widget_type=\"text-editor.default\">\n\t\t\t\t<div class=\"elementor-widget-container\">\n\t\t\t\t\t\t\t\t\t<p>Installieren Sie den SOLO im Fahrzeug au\u00dferhalb der direkten Sichtweite. Hinter einem abnehmbaren (Kunststoff-)Teil des Fahrzeugs.<\/p><p><b>Anmerkung: <br \/>- Legen Sie den SOLO mit der rechten Seite nach oben!<\/b><br \/><span style=\"font-size: 17.6px;\"><b>- Bringen Sie den SOLO niemals im Rahmen des Fahrrads an, da der Tracker sonst nicht funktioniert.<\/b><\/span><\/p>\t\t\t\t\t\t\t\t<\/div>\n\t\t\t\t<\/div>\n\t\t\t\t<div class=\"elementor-element elementor-element-c27a34e elementor-widget elementor-widget-image\" data-id=\"c27a34e\" data-element_type=\"widget\" data-e-type=\"widget\" data-widget_type=\"image.default\">\n\t\t\t\t<div class=\"elementor-widget-container\">\n\t\t\t\t\t\t\t\t\t\t\t\t\t\t\t<img loading=\"lazy\" decoding=\"async\" width=\"640\" height=\"360\" src=\"https:\/\/tracefy.com\/wp-content\/uploads\/2024\/11\/installatie.gif\" class=\"attachment-large size-large wp-image-8921\" alt=\"\" \/>\t\t\t\t\t\t\t\t\t\t\t\t\t\t\t<\/div>\n\t\t\t\t<\/div>\n\t\t\t\t<\/div>\n\t\t\t\t\t<\/div>\n\t\t\t\t<\/div>\n\t\t<div class=\"elementor-element elementor-element-6e2d6cd e-flex e-con-boxed e-con e-parent\" data-id=\"6e2d6cd\" data-element_type=\"container\" data-e-type=\"container\" data-settings=\"{&quot;jet_parallax_layout_list&quot;:[]}\">\n\t\t\t\t\t<div class=\"e-con-inner\">\n\t\t<div class=\"elementor-element elementor-element-d709bd2 e-con-full e-flex e-con e-child\" data-id=\"d709bd2\" data-element_type=\"container\" data-e-type=\"container\" data-settings=\"{&quot;jet_parallax_layout_list&quot;:[]}\">\n\t\t\t\t<div class=\"elementor-element elementor-element-0b3f5c6 elementor-widget elementor-widget-heading\" data-id=\"0b3f5c6\" data-element_type=\"widget\" data-e-type=\"widget\" data-widget_type=\"heading.default\">\n\t\t\t\t<div class=\"elementor-widget-container\">\n\t\t\t\t\t<h2 class=\"elementor-heading-title elementor-size-default\">Brauchen Sie weitere Hilfe?<\/h2>\t\t\t\t<\/div>\n\t\t\t\t<\/div>\n\t\t\t\t<div class=\"elementor-element elementor-element-c4ad3e8 elementor-widget elementor-widget-text-editor\" data-id=\"c4ad3e8\" data-element_type=\"widget\" data-e-type=\"widget\" data-widget_type=\"text-editor.default\">\n\t\t\t\t<div class=\"elementor-widget-container\">\n\t\t\t\t\t\t\t\t\t<p>Ben\u00f6tigen Sie \u00fcber die obige Erkl\u00e4rung hinaus weitere Anweisungen?<br \/>Dann sehen Sie sich das Video rechts an.<\/p>\t\t\t\t\t\t\t\t<\/div>\n\t\t\t\t<\/div>\n\t\t\t\t<\/div>\n\t\t<div class=\"elementor-element elementor-element-b8496a8 e-con-full e-flex e-con e-child\" data-id=\"b8496a8\" data-element_type=\"container\" data-e-type=\"container\" data-settings=\"{&quot;jet_parallax_layout_list&quot;:[]}\">\n\t\t\t\t<div class=\"elementor-element elementor-element-a77ff89 elementor-widget elementor-widget-video\" data-id=\"a77ff89\" data-element_type=\"widget\" data-e-type=\"widget\" data-settings=\"{&quot;youtube_url&quot;:&quot;https:\\\/\\\/www.youtube.com\\\/watch?v=SVTN-beNK-U&amp;t=1s&quot;,&quot;video_type&quot;:&quot;youtube&quot;,&quot;controls&quot;:&quot;yes&quot;}\" data-widget_type=\"video.default\">\n\t\t\t\t<div class=\"elementor-widget-container\">\n\t\t\t\t\t\t\t<div class=\"elementor-wrapper elementor-open-inline\">\n\t\t\t<div class=\"elementor-video\"><\/div>\t\t<\/div>\n\t\t\t\t\t\t<\/div>\n\t\t\t\t<\/div>\n\t\t\t\t<\/div>\n\t\t\t\t\t<\/div>\n\t\t\t\t<\/div>\n\t\t\t\t<\/div>","protected":false},"excerpt":{"rendered":"<p>Activatie door werkplaats Tracefy SOLO Stap 1: Activeren met NFC Activeer de SOLO met de NFC van uw smartphone. Houd de SOLO tegen de achterzijde van uw smartphone ter hoogte van de NFC chip.(Klik hier voor meer informatie.) STAP 2: Installeer via Tracefy Portal Bij succesvolle activatie kunt u doorklikken naar de Tracefy Portal waar [&hellip;]<\/p>\n","protected":false},"author":1,"featured_media":0,"parent":0,"menu_order":0,"comment_status":"closed","ping_status":"closed","template":"","meta":{"footnotes":""},"class_list":["post-8917","page","type-page","status-publish","hentry"],"yoast_head":"<!-- This site is optimized with the Yoast SEO Premium plugin v27.2 (Yoast SEO v27.2) - https:\/\/yoast.com\/product\/yoast-seo-premium-wordpress\/ -->\n<title>NFC-Onboarding - Tracefy | Keep Your Bike Close<\/title>\n<meta name=\"robots\" content=\"index, follow, max-snippet:-1, max-image-preview:large, max-video-preview:-1\" \/>\n<link rel=\"canonical\" href=\"https:\/\/tracefy.com\/de\/nfc-onboarding\/\" \/>\n<meta property=\"og:locale\" content=\"de_DE\" \/>\n<meta property=\"og:type\" content=\"article\" \/>\n<meta property=\"og:title\" content=\"NFC-Onboarding\" \/>\n<meta property=\"og:description\" content=\"Activatie door werkplaats Tracefy SOLO Stap 1: Activeren met NFC Activeer de SOLO met de NFC van uw smartphone. Houd de SOLO tegen de achterzijde van uw smartphone ter hoogte van de NFC chip.(Klik hier voor meer informatie.) STAP 2: Installeer via Tracefy Portal Bij succesvolle activatie kunt u doorklikken naar de Tracefy Portal waar [&hellip;]\" \/>\n<meta property=\"og:url\" content=\"https:\/\/tracefy.com\/de\/nfc-onboarding\/\" \/>\n<meta property=\"og:site_name\" content=\"Tracefy | Keep Your Bike Close\" \/>\n<meta property=\"article:publisher\" content=\"https:\/\/www.facebook.com\/Tracefy\/\" \/>\n<meta property=\"article:modified_time\" content=\"2024-12-09T13:53:22+00:00\" \/>\n<meta property=\"og:image\" content=\"https:\/\/new.tracefy.com\/wp-content\/uploads\/2024\/11\/scannen.gif\" \/>\n<meta name=\"twitter:card\" content=\"summary_large_image\" \/>\n<meta name=\"twitter:label1\" content=\"Gesch\u00e4tzte Lesezeit\" \/>\n\t<meta name=\"twitter:data1\" content=\"1\u00a0Minute\" \/>\n<script type=\"application\/ld+json\" class=\"yoast-schema-graph\">{\"@context\":\"https:\/\/schema.org\",\"@graph\":[{\"@type\":\"WebPage\",\"@id\":\"https:\/\/tracefy.com\/nfc-onboarding\/\",\"url\":\"https:\/\/tracefy.com\/nfc-onboarding\/\",\"name\":\"NFC-Onboarding - Tracefy | Keep Your Bike Close\",\"isPartOf\":{\"@id\":\"https:\/\/tracefy.com\/nl\/#website\"},\"primaryImageOfPage\":{\"@id\":\"https:\/\/tracefy.com\/nfc-onboarding\/#primaryimage\"},\"image\":{\"@id\":\"https:\/\/tracefy.com\/nfc-onboarding\/#primaryimage\"},\"thumbnailUrl\":\"https:\/\/new.tracefy.com\/wp-content\/uploads\/2024\/11\/scannen.gif\",\"datePublished\":\"2024-11-25T08:40:56+00:00\",\"dateModified\":\"2024-12-09T13:53:22+00:00\",\"breadcrumb\":{\"@id\":\"https:\/\/tracefy.com\/nfc-onboarding\/#breadcrumb\"},\"inLanguage\":\"de\",\"potentialAction\":[{\"@type\":\"ReadAction\",\"target\":[\"https:\/\/tracefy.com\/nfc-onboarding\/\"]}]},{\"@type\":\"ImageObject\",\"inLanguage\":\"de\",\"@id\":\"https:\/\/tracefy.com\/nfc-onboarding\/#primaryimage\",\"url\":\"https:\/\/new.tracefy.com\/wp-content\/uploads\/2024\/11\/scannen.gif\",\"contentUrl\":\"https:\/\/new.tracefy.com\/wp-content\/uploads\/2024\/11\/scannen.gif\"},{\"@type\":\"BreadcrumbList\",\"@id\":\"https:\/\/tracefy.com\/nfc-onboarding\/#breadcrumb\",\"itemListElement\":[{\"@type\":\"ListItem\",\"position\":1,\"name\":\"Home\",\"item\":\"https:\/\/tracefy.com\/\"},{\"@type\":\"ListItem\",\"position\":2,\"name\":\"NFC-Onboarding\"}]},{\"@type\":\"WebSite\",\"@id\":\"https:\/\/tracefy.com\/nl\/#website\",\"url\":\"https:\/\/tracefy.com\/nl\/\",\"name\":\"Tracefy | Keep Your Bike Close\",\"description\":\"\",\"publisher\":{\"@id\":\"https:\/\/tracefy.com\/nl\/#organization\"},\"potentialAction\":[{\"@type\":\"SearchAction\",\"target\":{\"@type\":\"EntryPoint\",\"urlTemplate\":\"https:\/\/tracefy.com\/nl\/?s={search_term_string}\"},\"query-input\":{\"@type\":\"PropertyValueSpecification\",\"valueRequired\":true,\"valueName\":\"search_term_string\"}}],\"inLanguage\":\"de\"},{\"@type\":\"Organization\",\"@id\":\"https:\/\/tracefy.com\/nl\/#organization\",\"name\":\"Tracefy | Keep Your Bike Close\",\"url\":\"https:\/\/tracefy.com\/nl\/\",\"logo\":{\"@type\":\"ImageObject\",\"inLanguage\":\"de\",\"@id\":\"https:\/\/tracefy.com\/nl\/#\/schema\/logo\/image\/\",\"url\":\"https:\/\/tracefy.com\/wp-content\/uploads\/2021\/10\/Tracefy_logo_payoff-2022.svg\",\"contentUrl\":\"https:\/\/tracefy.com\/wp-content\/uploads\/2021\/10\/Tracefy_logo_payoff-2022.svg\",\"width\":517.5,\"height\":285.9,\"caption\":\"Tracefy | Keep Your Bike Close\"},\"image\":{\"@id\":\"https:\/\/tracefy.com\/nl\/#\/schema\/logo\/image\/\"},\"sameAs\":[\"https:\/\/www.facebook.com\/Tracefy\/\",\"https:\/\/www.instagram.com\/tracefy_iot\/\",\"https:\/\/www.youtube.com\/@tracefy_iot\",\"https:\/\/www.linkedin.com\/company\/tracefy\/\"]}]}<\/script>\n<!-- \/ Yoast SEO Premium plugin. -->","yoast_head_json":{"title":"NFC-Onboarding - Tracefy | Halten Sie Ihr Fahrrad in der N\u00e4he","robots":{"index":"index","follow":"follow","max-snippet":"max-snippet:-1","max-image-preview":"max-image-preview:large","max-video-preview":"max-video-preview:-1"},"canonical":"https:\/\/tracefy.com\/de\/nfc-onboarding\/","og_locale":"de_DE","og_type":"article","og_title":"NFC-Onboarding","og_description":"Activatie door werkplaats Tracefy SOLO Stap 1: Activeren met NFC Activeer de SOLO met de NFC van uw smartphone. Houd de SOLO tegen de achterzijde van uw smartphone ter hoogte van de NFC chip.(Klik hier voor meer informatie.) STAP 2: Installeer via Tracefy Portal Bij succesvolle activatie kunt u doorklikken naar de Tracefy Portal waar [&hellip;]","og_url":"https:\/\/tracefy.com\/de\/nfc-onboarding\/","og_site_name":"Tracefy | Keep Your Bike Close","article_publisher":"https:\/\/www.facebook.com\/Tracefy\/","article_modified_time":"2024-12-09T13:53:22+00:00","og_image":[{"url":"https:\/\/new.tracefy.com\/wp-content\/uploads\/2024\/11\/scannen.gif","type":"","width":"","height":""}],"twitter_card":"summary_large_image","twitter_misc":{"Gesch\u00e4tzte Lesezeit":"1\u00a0Minute"},"schema":{"@context":"https:\/\/schema.org","@graph":[{"@type":"WebPage","@id":"https:\/\/tracefy.com\/nfc-onboarding\/","url":"https:\/\/tracefy.com\/nfc-onboarding\/","name":"NFC-Onboarding - Tracefy | Halten Sie Ihr Fahrrad in der N\u00e4he","isPartOf":{"@id":"https:\/\/tracefy.com\/nl\/#website"},"primaryImageOfPage":{"@id":"https:\/\/tracefy.com\/nfc-onboarding\/#primaryimage"},"image":{"@id":"https:\/\/tracefy.com\/nfc-onboarding\/#primaryimage"},"thumbnailUrl":"https:\/\/new.tracefy.com\/wp-content\/uploads\/2024\/11\/scannen.gif","datePublished":"2024-11-25T08:40:56+00:00","dateModified":"2024-12-09T13:53:22+00:00","breadcrumb":{"@id":"https:\/\/tracefy.com\/nfc-onboarding\/#breadcrumb"},"inLanguage":"de","potentialAction":[{"@type":"ReadAction","target":["https:\/\/tracefy.com\/nfc-onboarding\/"]}]},{"@type":"ImageObject","inLanguage":"de","@id":"https:\/\/tracefy.com\/nfc-onboarding\/#primaryimage","url":"https:\/\/new.tracefy.com\/wp-content\/uploads\/2024\/11\/scannen.gif","contentUrl":"https:\/\/new.tracefy.com\/wp-content\/uploads\/2024\/11\/scannen.gif"},{"@type":"BreadcrumbList","@id":"https:\/\/tracefy.com\/nfc-onboarding\/#breadcrumb","itemListElement":[{"@type":"ListItem","position":1,"name":"Home","item":"https:\/\/tracefy.com\/"},{"@type":"ListItem","position":2,"name":"NFC-Onboarding"}]},{"@type":"WebSite","@id":"https:\/\/tracefy.com\/nl\/#website","url":"https:\/\/tracefy.com\/nl\/","name":"Tracefy | Halten Sie Ihr Fahrrad in der N\u00e4he","description":"","publisher":{"@id":"https:\/\/tracefy.com\/nl\/#organization"},"potentialAction":[{"@type":"SearchAction","target":{"@type":"EntryPoint","urlTemplate":"https:\/\/tracefy.com\/nl\/?s={search_term_string}"},"query-input":{"@type":"PropertyValueSpecification","valueRequired":true,"valueName":"search_term_string"}}],"inLanguage":"de"},{"@type":"Organization","@id":"https:\/\/tracefy.com\/nl\/#organization","name":"Tracefy | Halten Sie Ihr Fahrrad in der N\u00e4he","url":"https:\/\/tracefy.com\/nl\/","logo":{"@type":"ImageObject","inLanguage":"de","@id":"https:\/\/tracefy.com\/nl\/#\/schema\/logo\/image\/","url":"https:\/\/tracefy.com\/wp-content\/uploads\/2021\/10\/Tracefy_logo_payoff-2022.svg","contentUrl":"https:\/\/tracefy.com\/wp-content\/uploads\/2021\/10\/Tracefy_logo_payoff-2022.svg","width":517.5,"height":285.9,"caption":"Tracefy | Keep Your Bike Close"},"image":{"@id":"https:\/\/tracefy.com\/nl\/#\/schema\/logo\/image\/"},"sameAs":["https:\/\/www.facebook.com\/Tracefy\/","https:\/\/www.instagram.com\/tracefy_iot\/","https:\/\/www.youtube.com\/@tracefy_iot","https:\/\/www.linkedin.com\/company\/tracefy\/"]}]}},"_links":{"self":[{"href":"https:\/\/tracefy.com\/de\/wp-json\/wp\/v2\/pages\/8917","targetHints":{"allow":["GET"]}}],"collection":[{"href":"https:\/\/tracefy.com\/de\/wp-json\/wp\/v2\/pages"}],"about":[{"href":"https:\/\/tracefy.com\/de\/wp-json\/wp\/v2\/types\/page"}],"author":[{"embeddable":true,"href":"https:\/\/tracefy.com\/de\/wp-json\/wp\/v2\/users\/1"}],"replies":[{"embeddable":true,"href":"https:\/\/tracefy.com\/de\/wp-json\/wp\/v2\/comments?post=8917"}],"version-history":[{"count":9,"href":"https:\/\/tracefy.com\/de\/wp-json\/wp\/v2\/pages\/8917\/revisions"}],"predecessor-version":[{"id":8968,"href":"https:\/\/tracefy.com\/de\/wp-json\/wp\/v2\/pages\/8917\/revisions\/8968"}],"wp:attachment":[{"href":"https:\/\/tracefy.com\/de\/wp-json\/wp\/v2\/media?parent=8917"}],"curies":[{"name":"wp","href":"https:\/\/api.w.org\/{rel}","templated":true}]}}