{"id":8943,"date":"2024-12-09T13:50:19","date_gmt":"2024-12-09T12:50:19","guid":{"rendered":"https:\/\/new.tracefy.com\/?page_id=8943"},"modified":"2024-12-09T13:52:26","modified_gmt":"2024-12-09T12:52:26","slug":"team-alles-sur-dordogne","status":"publish","type":"page","link":"https:\/\/tracefy.com\/de\/team-alles-sur-dordogne\/","title":{"rendered":"Mannschaft Alles-sur-Dordogne"},"content":{"rendered":"<div data-elementor-type=\"wp-page\" data-elementor-id=\"8943\" class=\"elementor elementor-8943\" data-elementor-post-type=\"page\">\n\t\t\t\t<div class=\"elementor-element elementor-element-f538afc e-flex e-con-boxed e-con e-parent\" data-id=\"f538afc\" data-element_type=\"container\" data-e-type=\"container\" data-settings=\"{&quot;jet_parallax_layout_list&quot;:[]}\">\n\t\t\t\t\t<div class=\"e-con-inner\">\n\t\t\t\t<div class=\"elementor-element elementor-element-ae2a1c7 elementor-widget elementor-widget-heading\" data-id=\"ae2a1c7\" data-element_type=\"widget\" data-e-type=\"widget\" data-widget_type=\"heading.default\">\n\t\t\t\t<div class=\"elementor-widget-container\">\n\t\t\t\t\t<h2 class=\"elementor-heading-title elementor-size-default\">Mannschaft Alles-sur-Dordogne<\/h2>\t\t\t\t<\/div>\n\t\t\t\t<\/div>\n\t\t\t\t\t<\/div>\n\t\t\t\t<\/div>\n\t\t<div class=\"elementor-element elementor-element-bccb834 e-flex e-con-boxed e-con e-parent\" data-id=\"bccb834\" data-element_type=\"container\" data-e-type=\"container\" data-settings=\"{&quot;jet_parallax_layout_list&quot;:[]}\">\n\t\t\t\t\t<div class=\"e-con-inner\">\n\t\t\t\t<div class=\"elementor-element elementor-element-6265e0a elementor-widget elementor-widget-html\" data-id=\"6265e0a\" data-element_type=\"widget\" data-e-type=\"widget\" data-widget_type=\"html.default\">\n\t\t\t\t<div class=\"elementor-widget-container\">\n\t\t\t\t\t<iframe src=\"https:\/\/track.tracefy.com\/follow\/d2a2dc2484cbddc028950d8487f0b9fd064146972685798c66799796a5f08f8b226e97737b7a4fab\" width=\"auto\" height=\"1000px\"><\/iframe>\t\t\t\t<\/div>\n\t\t\t\t<\/div>\n\t\t\t\t\t<\/div>\n\t\t\t\t<\/div>\n\t\t<div class=\"elementor-element elementor-element-06eb47e e-flex e-con-boxed e-con e-parent\" data-id=\"06eb47e\" data-element_type=\"container\" data-e-type=\"container\" data-settings=\"{&quot;jet_parallax_layout_list&quot;:[]}\">\n\t\t\t\t\t<div class=\"e-con-inner\">\n\t\t\t\t<div class=\"elementor-element elementor-element-f4fb9f4 elementor-widget elementor-widget-heading\" data-id=\"f4fb9f4\" data-element_type=\"widget\" data-e-type=\"widget\" data-widget_type=\"heading.default\">\n\t\t\t\t<div class=\"elementor-widget-container\">\n\t\t\t\t\t<h2 class=\"elementor-heading-title elementor-size-default\">Lesen Sie mehr \u00fcber den GPS-Tracker f\u00fcr Ihr Fahrrad von Tracefy.<\/h2>\t\t\t\t<\/div>\n\t\t\t\t<\/div>\n\t\t\t\t<div class=\"elementor-element elementor-element-95b1631 elementor-align-center elementor-widget elementor-widget-button\" data-id=\"95b1631\" data-element_type=\"widget\" data-e-type=\"widget\" data-widget_type=\"button.default\">\n\t\t\t\t<div class=\"elementor-widget-container\">\n\t\t\t\t\t\t\t\t\t<div class=\"elementor-button-wrapper\">\n\t\t\t\t\t<a class=\"elementor-button elementor-button-link elementor-size-sm\" href=\"https:\/\/tracefy.com\/de\/gps-tracker\/\">\n\t\t\t\t\t\t<span class=\"elementor-button-content-wrapper\">\n\t\t\t\t\t\t<span class=\"elementor-button-icon\">\n\t\t\t\t<svg aria-hidden=\"true\" class=\"e-font-icon-svg e-far-arrow-alt-circle-right\" viewbox=\"0 0 512 512\" xmlns=\"http:\/\/www.w3.org\/2000\/svg\"><path d=\"M504 256C504 119 393 8 256 8S8 119 8 256s111 248 248 248 248-111 248-248zm-448 0c0-110.5 89.5-200 200-200s200 89.5 200 200-89.5 200-200 200S56 366.5 56 256zm72 20v-40c0-6.6 5.4-12 12-12h116v-67c0-10.7 12.9-16 20.5-8.5l99 99c4.7 4.7 4.7 12.3 0 17l-99 99c-7.6 7.6-20.5 2.2-20.5-8.5v-67H140c-6.6 0-12-5.4-12-12z\"><\/path><\/svg>\t\t\t<\/span>\n\t\t\t\t\t\t\t\t\t<span class=\"elementor-button-text\">Lesen Sie mehr \u00fcber GPS-Tracker<\/span>\n\t\t\t\t\t<\/span>\n\t\t\t\t\t<\/a>\n\t\t\t\t<\/div>\n\t\t\t\t\t\t\t\t<\/div>\n\t\t\t\t<\/div>\n\t\t\t\t\t<\/div>\n\t\t\t\t<\/div>\n\t\t\t\t<\/div>","protected":false},"excerpt":{"rendered":"<p>Team Alles-sur-Dordogne Lesen Sie mehr \u00fcber den GPS-Tracker f\u00fcr Ihr Fahrrad von Tracefy Lesen Sie mehr \u00fcber GPS-Tracker<\/p>","protected":false},"author":1,"featured_media":0,"parent":0,"menu_order":0,"comment_status":"closed","ping_status":"closed","template":"","meta":{"footnotes":""},"class_list":["post-8943","page","type-page","status-publish","hentry"],"yoast_head":"<!-- This site is optimized with the Yoast SEO Premium plugin v27.2 (Yoast SEO v27.2) - https:\/\/yoast.com\/product\/yoast-seo-premium-wordpress\/ -->\n<title>Team Alles-sur-Dordogne - Tracefy | Keep Your Bike Close<\/title>\n<meta name=\"robots\" content=\"index, follow, max-snippet:-1, max-image-preview:large, max-video-preview:-1\" \/>\n<link rel=\"canonical\" href=\"https:\/\/tracefy.com\/de\/team-alles-sur-dordogne\/\" \/>\n<meta property=\"og:locale\" content=\"de_DE\" \/>\n<meta property=\"og:type\" content=\"article\" \/>\n<meta property=\"og:title\" content=\"Team Alles-sur-Dordogne\" \/>\n<meta property=\"og:description\" content=\"Team Alles-sur-Dordogne\u200b Lees meer over de GPS Tracker voor je fiets van Tracefy.\u200b Lees meer over GPS Trackers\" \/>\n<meta property=\"og:url\" content=\"https:\/\/tracefy.com\/de\/team-alles-sur-dordogne\/\" \/>\n<meta property=\"og:site_name\" content=\"Tracefy | Keep Your Bike Close\" \/>\n<meta property=\"article:publisher\" content=\"https:\/\/www.facebook.com\/Tracefy\/\" \/>\n<meta property=\"article:modified_time\" content=\"2024-12-09T12:52:26+00:00\" \/>\n<meta name=\"twitter:card\" content=\"summary_large_image\" \/>\n<script type=\"application\/ld+json\" class=\"yoast-schema-graph\">{\"@context\":\"https:\/\/schema.org\",\"@graph\":[{\"@type\":\"WebPage\",\"@id\":\"https:\/\/tracefy.com\/team-alles-sur-dordogne\/\",\"url\":\"https:\/\/tracefy.com\/team-alles-sur-dordogne\/\",\"name\":\"Team Alles-sur-Dordogne - Tracefy | Keep Your Bike Close\",\"isPartOf\":{\"@id\":\"https:\/\/tracefy.com\/nl\/#website\"},\"datePublished\":\"2024-12-09T12:50:19+00:00\",\"dateModified\":\"2024-12-09T12:52:26+00:00\",\"breadcrumb\":{\"@id\":\"https:\/\/tracefy.com\/team-alles-sur-dordogne\/#breadcrumb\"},\"inLanguage\":\"de\",\"potentialAction\":[{\"@type\":\"ReadAction\",\"target\":[\"https:\/\/tracefy.com\/team-alles-sur-dordogne\/\"]}]},{\"@type\":\"BreadcrumbList\",\"@id\":\"https:\/\/tracefy.com\/team-alles-sur-dordogne\/#breadcrumb\",\"itemListElement\":[{\"@type\":\"ListItem\",\"position\":1,\"name\":\"Home\",\"item\":\"https:\/\/tracefy.com\/\"},{\"@type\":\"ListItem\",\"position\":2,\"name\":\"Team Alles-sur-Dordogne\"}]},{\"@type\":\"WebSite\",\"@id\":\"https:\/\/tracefy.com\/nl\/#website\",\"url\":\"https:\/\/tracefy.com\/nl\/\",\"name\":\"Tracefy | Keep Your Bike Close\",\"description\":\"\",\"publisher\":{\"@id\":\"https:\/\/tracefy.com\/nl\/#organization\"},\"potentialAction\":[{\"@type\":\"SearchAction\",\"target\":{\"@type\":\"EntryPoint\",\"urlTemplate\":\"https:\/\/tracefy.com\/nl\/?s={search_term_string}\"},\"query-input\":{\"@type\":\"PropertyValueSpecification\",\"valueRequired\":true,\"valueName\":\"search_term_string\"}}],\"inLanguage\":\"de\"},{\"@type\":\"Organization\",\"@id\":\"https:\/\/tracefy.com\/nl\/#organization\",\"name\":\"Tracefy | Keep Your Bike Close\",\"url\":\"https:\/\/tracefy.com\/nl\/\",\"logo\":{\"@type\":\"ImageObject\",\"inLanguage\":\"de\",\"@id\":\"https:\/\/tracefy.com\/nl\/#\/schema\/logo\/image\/\",\"url\":\"https:\/\/tracefy.com\/wp-content\/uploads\/2021\/10\/Tracefy_logo_payoff-2022.svg\",\"contentUrl\":\"https:\/\/tracefy.com\/wp-content\/uploads\/2021\/10\/Tracefy_logo_payoff-2022.svg\",\"width\":517.5,\"height\":285.9,\"caption\":\"Tracefy | Keep Your Bike Close\"},\"image\":{\"@id\":\"https:\/\/tracefy.com\/nl\/#\/schema\/logo\/image\/\"},\"sameAs\":[\"https:\/\/www.facebook.com\/Tracefy\/\",\"https:\/\/www.instagram.com\/tracefy_iot\/\",\"https:\/\/www.youtube.com\/@tracefy_iot\",\"https:\/\/www.linkedin.com\/company\/tracefy\/\"]}]}<\/script>\n<!-- \/ Yoast SEO Premium plugin. -->","yoast_head_json":{"title":"Team Alles-sur-Dordogne - Tracefy | Halten Sie Ihr Fahrrad in der N\u00e4he","robots":{"index":"index","follow":"follow","max-snippet":"max-snippet:-1","max-image-preview":"max-image-preview:large","max-video-preview":"max-video-preview:-1"},"canonical":"https:\/\/tracefy.com\/de\/team-alles-sur-dordogne\/","og_locale":"de_DE","og_type":"article","og_title":"Team Alles-sur-Dordogne","og_description":"Team Alles-sur-Dordogne\u200b Lees meer over de GPS Tracker voor je fiets van Tracefy.\u200b Lees meer over GPS Trackers","og_url":"https:\/\/tracefy.com\/de\/team-alles-sur-dordogne\/","og_site_name":"Tracefy | Keep Your Bike Close","article_publisher":"https:\/\/www.facebook.com\/Tracefy\/","article_modified_time":"2024-12-09T12:52:26+00:00","twitter_card":"summary_large_image","schema":{"@context":"https:\/\/schema.org","@graph":[{"@type":"WebPage","@id":"https:\/\/tracefy.com\/team-alles-sur-dordogne\/","url":"https:\/\/tracefy.com\/team-alles-sur-dordogne\/","name":"Team Alles-sur-Dordogne - Tracefy | Halten Sie Ihr Fahrrad in der N\u00e4he","isPartOf":{"@id":"https:\/\/tracefy.com\/nl\/#website"},"datePublished":"2024-12-09T12:50:19+00:00","dateModified":"2024-12-09T12:52:26+00:00","breadcrumb":{"@id":"https:\/\/tracefy.com\/team-alles-sur-dordogne\/#breadcrumb"},"inLanguage":"de","potentialAction":[{"@type":"ReadAction","target":["https:\/\/tracefy.com\/team-alles-sur-dordogne\/"]}]},{"@type":"BreadcrumbList","@id":"https:\/\/tracefy.com\/team-alles-sur-dordogne\/#breadcrumb","itemListElement":[{"@type":"ListItem","position":1,"name":"Home","item":"https:\/\/tracefy.com\/"},{"@type":"ListItem","position":2,"name":"Team Alles-sur-Dordogne"}]},{"@type":"WebSite","@id":"https:\/\/tracefy.com\/nl\/#website","url":"https:\/\/tracefy.com\/nl\/","name":"Tracefy | Halten Sie Ihr Fahrrad in der N\u00e4he","description":"","publisher":{"@id":"https:\/\/tracefy.com\/nl\/#organization"},"potentialAction":[{"@type":"SearchAction","target":{"@type":"EntryPoint","urlTemplate":"https:\/\/tracefy.com\/nl\/?s={search_term_string}"},"query-input":{"@type":"PropertyValueSpecification","valueRequired":true,"valueName":"search_term_string"}}],"inLanguage":"de"},{"@type":"Organization","@id":"https:\/\/tracefy.com\/nl\/#organization","name":"Tracefy | Halten Sie Ihr Fahrrad in der N\u00e4he","url":"https:\/\/tracefy.com\/nl\/","logo":{"@type":"ImageObject","inLanguage":"de","@id":"https:\/\/tracefy.com\/nl\/#\/schema\/logo\/image\/","url":"https:\/\/tracefy.com\/wp-content\/uploads\/2021\/10\/Tracefy_logo_payoff-2022.svg","contentUrl":"https:\/\/tracefy.com\/wp-content\/uploads\/2021\/10\/Tracefy_logo_payoff-2022.svg","width":517.5,"height":285.9,"caption":"Tracefy | Keep Your Bike Close"},"image":{"@id":"https:\/\/tracefy.com\/nl\/#\/schema\/logo\/image\/"},"sameAs":["https:\/\/www.facebook.com\/Tracefy\/","https:\/\/www.instagram.com\/tracefy_iot\/","https:\/\/www.youtube.com\/@tracefy_iot","https:\/\/www.linkedin.com\/company\/tracefy\/"]}]}},"_links":{"self":[{"href":"https:\/\/tracefy.com\/de\/wp-json\/wp\/v2\/pages\/8943","targetHints":{"allow":["GET"]}}],"collection":[{"href":"https:\/\/tracefy.com\/de\/wp-json\/wp\/v2\/pages"}],"about":[{"href":"https:\/\/tracefy.com\/de\/wp-json\/wp\/v2\/types\/page"}],"author":[{"embeddable":true,"href":"https:\/\/tracefy.com\/de\/wp-json\/wp\/v2\/users\/1"}],"replies":[{"embeddable":true,"href":"https:\/\/tracefy.com\/de\/wp-json\/wp\/v2\/comments?post=8943"}],"version-history":[{"count":4,"href":"https:\/\/tracefy.com\/de\/wp-json\/wp\/v2\/pages\/8943\/revisions"}],"predecessor-version":[{"id":8947,"href":"https:\/\/tracefy.com\/de\/wp-json\/wp\/v2\/pages\/8943\/revisions\/8947"}],"wp:attachment":[{"href":"https:\/\/tracefy.com\/de\/wp-json\/wp\/v2\/media?parent=8943"}],"curies":[{"name":"wp","href":"https:\/\/api.w.org\/{rel}","templated":true}]}}