{"id":4142,"date":"2023-03-14T08:43:41","date_gmt":"2023-03-14T07:43:41","guid":{"rendered":"https:\/\/tracefy.com\/product\/hoodie-with-logo\/"},"modified":"2025-07-15T09:01:31","modified_gmt":"2025-07-15T08:01:31","slug":"tracefy-gps-tracker-einschlieslich-hausinstallation","status":"publish","type":"product","link":"https:\/\/tracefy.com\/de\/product\/tracefy-gps-tracker-inclusief-installatie-aan-huis\/","title":{"rendered":"Tracefy PRO GPS Tracker inkl. Hausinstallation"},"content":{"rendered":"<p class=\"p1\">Kein H\u00e4ndler in der N\u00e4he? Bestellen Sie den Tracefy GPS-Tracker f\u00fcr E-Bikes direkt hier und einer unserer mobilen Partner wird sich um die Installation bei Ihnen zu Hause k\u00fcmmern. Der Preis beinhaltet den richtigen Stecker und die Installation bei Ihnen zu Hause und schlie\u00dft aus <span class=\"s1\">Abonnement f\u00fcr Konnektivit\u00e4t und Erkennung.<\/span> Nach Ihrer Bestellung setzen wir uns an Werktagen innerhalb von 24 Stunden mit Ihnen in Verbindung, um einen Termin f\u00fcr die Installation zu Hause oder am Arbeitsplatz zu vereinbaren.<\/p>\n<p class=\"p1\"><b>Technische Daten<\/b><\/p>\n<ul class=\"ul1\">\n<li class=\"li1\">Netzwerk - LTE CAT 1 (4G) - 2G Fallback<\/li>\n<li class=\"li1\">Bluetooth Low Energy<\/li>\n<li class=\"li1\">3D-Beschleunigungsmesser<\/li>\n<li class=\"li1\">Akku: 600 mAh interner Pufferakku<\/li>\n<li class=\"li1\">Gr\u00f6\u00dfe: 53 x 26 x 14 mm im IP65-Geh\u00e4use<\/li>\n<li class=\"li1\">Firmware-Parameter<span class=\"Apple-converted-space\">\u00a0 <\/span>Aktualisierungen \"\u00fcber den \u00c4ther\".<\/li>\n<li class=\"li1\">Anschluss \u00fcber Stecker<\/li>\n<li class=\"li1\">Kiwa-zertifiziert<\/li>\n<\/ul>","protected":false},"excerpt":{"rendered":"<p>Geen dealer in de buurt? Bestel hier direct de Tracefy GPS tracker voor E-bikes en \u00e9\u00e9n van onze mobiele partners verzorgt de installatie bij jou thuis. De prijs is inclusief de juiste connector en installatie aan huis en exclusief abonnement op connectiviteit en opsporing. Na je bestelling nemen wij op werkdagen binnen 24 uur contact [&hellip;]<\/p>\n","protected":false},"featured_media":6967,"comment_status":"closed","ping_status":"closed","template":"","meta":[],"product_brand":[],"product_cat":[29],"product_tag":[30,31],"class_list":{"0":"post-4142","1":"product","2":"type-product","3":"status-publish","4":"has-post-thumbnail","6":"product_cat-geen-categorie","7":"product_tag-gpstracker","8":"product_tag-pro","10":"first","11":"instock","12":"taxable","13":"shipping-taxable","14":"purchasable","15":"product-type-simple"},"yoast_head":"<!-- This site is optimized with the Yoast SEO Premium plugin v27.2 (Yoast SEO v27.2) - https:\/\/yoast.com\/product\/yoast-seo-premium-wordpress\/ -->\n<title>Tracefy PRO GPS Tracker incl. Installatie aan huis - Tracefy | Keep Your Bike Close<\/title>\n<meta name=\"description\" content=\"Geen dealer in de buurt? Bestel hier de Tracefy GPS tracker voor E-bikes en \u00e9\u00e9n van onze mobiele partners verzorgt de installatie bij jou thuis.De prijs is inclusief de juiste connector en installatie aan huis en exclusief abonnement op connectiviteit en opsporing.\" \/>\n<meta name=\"robots\" content=\"index, follow, max-snippet:-1, max-image-preview:large, max-video-preview:-1\" \/>\n<link rel=\"canonical\" href=\"https:\/\/tracefy.com\/de\/produkt\/tracefy-gps-tracker-einschlieslich-hausinstallation\/\" \/>\n<meta property=\"og:locale\" content=\"de_DE\" \/>\n<meta property=\"og:type\" content=\"article\" \/>\n<meta property=\"og:title\" content=\"Tracefy PRO GPS Tracker incl. Installatie aan huis\" \/>\n<meta property=\"og:description\" content=\"Geen dealer in de buurt? Bestel hier de Tracefy GPS tracker voor E-bikes en \u00e9\u00e9n van onze mobiele partners verzorgt de installatie bij jou thuis.De prijs is inclusief de juiste connector en installatie aan huis en exclusief abonnement op connectiviteit en opsporing.\" \/>\n<meta property=\"og:url\" content=\"https:\/\/tracefy.com\/de\/produkt\/tracefy-gps-tracker-einschlieslich-hausinstallation\/\" \/>\n<meta property=\"og:site_name\" content=\"Tracefy | Keep Your Bike Close\" \/>\n<meta property=\"article:publisher\" content=\"https:\/\/www.facebook.com\/Tracefy\/\" \/>\n<meta property=\"article:modified_time\" content=\"2025-07-15T08:01:31+00:00\" \/>\n<meta property=\"og:image\" content=\"https:\/\/tracefy.com\/wp-content\/uploads\/2024\/09\/PRO_doosje.png\" \/>\n\t<meta property=\"og:image:width\" content=\"2012\" \/>\n\t<meta property=\"og:image:height\" content=\"2012\" \/>\n\t<meta property=\"og:image:type\" content=\"image\/png\" \/>\n<meta name=\"twitter:card\" content=\"summary_large_image\" \/>\n<meta name=\"twitter:label1\" content=\"Gesch\u00e4tzte Lesezeit\" \/>\n\t<meta name=\"twitter:data1\" content=\"1\u00a0Minute\" \/>\n<script type=\"application\/ld+json\" class=\"yoast-schema-graph\">{\"@context\":\"https:\/\/schema.org\",\"@graph\":[{\"@type\":\"WebPage\",\"@id\":\"https:\/\/tracefy.com\/product\/tracefy-gps-tracker-inclusief-installatie-aan-huis\/\",\"url\":\"https:\/\/tracefy.com\/product\/tracefy-gps-tracker-inclusief-installatie-aan-huis\/\",\"name\":\"Tracefy PRO GPS Tracker incl. Installatie aan huis - Tracefy | Keep Your Bike Close\",\"isPartOf\":{\"@id\":\"https:\/\/tracefy.com\/nl\/#website\"},\"primaryImageOfPage\":{\"@id\":\"https:\/\/tracefy.com\/product\/tracefy-gps-tracker-inclusief-installatie-aan-huis\/#primaryimage\"},\"image\":{\"@id\":\"https:\/\/tracefy.com\/product\/tracefy-gps-tracker-inclusief-installatie-aan-huis\/#primaryimage\"},\"thumbnailUrl\":\"https:\/\/tracefy.com\/wp-content\/uploads\/2024\/09\/PRO_doosje.png\",\"datePublished\":\"2023-03-14T07:43:41+00:00\",\"dateModified\":\"2025-07-15T08:01:31+00:00\",\"description\":\"Geen dealer in de buurt? Bestel hier de Tracefy GPS tracker voor E-bikes en \u00e9\u00e9n van onze mobiele partners verzorgt de installatie bij jou thuis.De prijs is inclusief de juiste connector en installatie aan huis en exclusief abonnement op connectiviteit en opsporing.\",\"breadcrumb\":{\"@id\":\"https:\/\/tracefy.com\/product\/tracefy-gps-tracker-inclusief-installatie-aan-huis\/#breadcrumb\"},\"inLanguage\":\"de\",\"potentialAction\":[{\"@type\":\"ReadAction\",\"target\":[\"https:\/\/tracefy.com\/product\/tracefy-gps-tracker-inclusief-installatie-aan-huis\/\"]}]},{\"@type\":\"ImageObject\",\"inLanguage\":\"de\",\"@id\":\"https:\/\/tracefy.com\/product\/tracefy-gps-tracker-inclusief-installatie-aan-huis\/#primaryimage\",\"url\":\"https:\/\/tracefy.com\/wp-content\/uploads\/2024\/09\/PRO_doosje.png\",\"contentUrl\":\"https:\/\/tracefy.com\/wp-content\/uploads\/2024\/09\/PRO_doosje.png\",\"width\":2012,\"height\":2012},{\"@type\":\"BreadcrumbList\",\"@id\":\"https:\/\/tracefy.com\/product\/tracefy-gps-tracker-inclusief-installatie-aan-huis\/#breadcrumb\",\"itemListElement\":[{\"@type\":\"ListItem\",\"position\":1,\"name\":\"Home\",\"item\":\"https:\/\/tracefy.com\/\"},{\"@type\":\"ListItem\",\"position\":2,\"name\":\"Winkel\",\"item\":\"https:\/\/tracefy.com\/winkel\/\"},{\"@type\":\"ListItem\",\"position\":3,\"name\":\"Tracefy PRO GPS Tracker incl. Installatie aan huis\"}]},{\"@type\":\"WebSite\",\"@id\":\"https:\/\/tracefy.com\/nl\/#website\",\"url\":\"https:\/\/tracefy.com\/nl\/\",\"name\":\"Tracefy | Keep Your Bike Close\",\"description\":\"\",\"publisher\":{\"@id\":\"https:\/\/tracefy.com\/nl\/#organization\"},\"potentialAction\":[{\"@type\":\"SearchAction\",\"target\":{\"@type\":\"EntryPoint\",\"urlTemplate\":\"https:\/\/tracefy.com\/nl\/?s={search_term_string}\"},\"query-input\":{\"@type\":\"PropertyValueSpecification\",\"valueRequired\":true,\"valueName\":\"search_term_string\"}}],\"inLanguage\":\"de\"},{\"@type\":\"Organization\",\"@id\":\"https:\/\/tracefy.com\/nl\/#organization\",\"name\":\"Tracefy | Keep Your Bike Close\",\"url\":\"https:\/\/tracefy.com\/nl\/\",\"logo\":{\"@type\":\"ImageObject\",\"inLanguage\":\"de\",\"@id\":\"https:\/\/tracefy.com\/nl\/#\/schema\/logo\/image\/\",\"url\":\"https:\/\/tracefy.com\/wp-content\/uploads\/2021\/10\/Tracefy_logo_payoff-2022.svg\",\"contentUrl\":\"https:\/\/tracefy.com\/wp-content\/uploads\/2021\/10\/Tracefy_logo_payoff-2022.svg\",\"width\":517.5,\"height\":285.9,\"caption\":\"Tracefy | Keep Your Bike Close\"},\"image\":{\"@id\":\"https:\/\/tracefy.com\/nl\/#\/schema\/logo\/image\/\"},\"sameAs\":[\"https:\/\/www.facebook.com\/Tracefy\/\",\"https:\/\/www.instagram.com\/tracefy_iot\/\",\"https:\/\/www.youtube.com\/@tracefy_iot\",\"https:\/\/www.linkedin.com\/company\/tracefy\/\"]}]}<\/script>\n<!-- \/ Yoast SEO Premium plugin. -->","yoast_head_json":{"title":"Tracefy PRO GPS Tracker inkl. Heiminstallation - Tracefy | Keep Your Bike Close","description":"Kein H\u00e4ndler in der N\u00e4he? Bestellen Sie den Tracefy GPS-Tracker f\u00fcr E-Bikes hier, und einer unserer mobilen Partner k\u00fcmmert sich um die Installation bei Ihnen zu Hause - im Preis inbegriffen sind der passende Stecker und die Installation zu Hause, nicht aber die Konnektivit\u00e4t und das Tracking-Abonnement.","robots":{"index":"index","follow":"follow","max-snippet":"max-snippet:-1","max-image-preview":"max-image-preview:large","max-video-preview":"max-video-preview:-1"},"canonical":"https:\/\/tracefy.com\/de\/produkt\/tracefy-gps-tracker-einschlieslich-hausinstallation\/","og_locale":"de_DE","og_type":"article","og_title":"Tracefy PRO GPS Tracker incl. Installatie aan huis","og_description":"Geen dealer in de buurt? Bestel hier de Tracefy GPS tracker voor E-bikes en \u00e9\u00e9n van onze mobiele partners verzorgt de installatie bij jou thuis.De prijs is inclusief de juiste connector en installatie aan huis en exclusief abonnement op connectiviteit en opsporing.","og_url":"https:\/\/tracefy.com\/de\/produkt\/tracefy-gps-tracker-einschlieslich-hausinstallation\/","og_site_name":"Tracefy | Keep Your Bike Close","article_publisher":"https:\/\/www.facebook.com\/Tracefy\/","article_modified_time":"2025-07-15T08:01:31+00:00","og_image":[{"width":2012,"height":2012,"url":"https:\/\/tracefy.com\/wp-content\/uploads\/2024\/09\/PRO_doosje.png","type":"image\/png"}],"twitter_card":"summary_large_image","twitter_misc":{"Gesch\u00e4tzte Lesezeit":"1\u00a0Minute"},"schema":{"@context":"https:\/\/schema.org","@graph":[{"@type":"WebPage","@id":"https:\/\/tracefy.com\/product\/tracefy-gps-tracker-inclusief-installatie-aan-huis\/","url":"https:\/\/tracefy.com\/product\/tracefy-gps-tracker-inclusief-installatie-aan-huis\/","name":"Tracefy PRO GPS Tracker inkl. Heiminstallation - Tracefy | Keep Your Bike Close","isPartOf":{"@id":"https:\/\/tracefy.com\/nl\/#website"},"primaryImageOfPage":{"@id":"https:\/\/tracefy.com\/product\/tracefy-gps-tracker-inclusief-installatie-aan-huis\/#primaryimage"},"image":{"@id":"https:\/\/tracefy.com\/product\/tracefy-gps-tracker-inclusief-installatie-aan-huis\/#primaryimage"},"thumbnailUrl":"https:\/\/tracefy.com\/wp-content\/uploads\/2024\/09\/PRO_doosje.png","datePublished":"2023-03-14T07:43:41+00:00","dateModified":"2025-07-15T08:01:31+00:00","description":"Kein H\u00e4ndler in der N\u00e4he? Bestellen Sie den Tracefy GPS-Tracker f\u00fcr E-Bikes hier, und einer unserer mobilen Partner k\u00fcmmert sich um die Installation bei Ihnen zu Hause - im Preis inbegriffen sind der passende Stecker und die Installation zu Hause, nicht aber die Konnektivit\u00e4t und das Tracking-Abonnement.","breadcrumb":{"@id":"https:\/\/tracefy.com\/product\/tracefy-gps-tracker-inclusief-installatie-aan-huis\/#breadcrumb"},"inLanguage":"de","potentialAction":[{"@type":"ReadAction","target":["https:\/\/tracefy.com\/product\/tracefy-gps-tracker-inclusief-installatie-aan-huis\/"]}]},{"@type":"ImageObject","inLanguage":"de","@id":"https:\/\/tracefy.com\/product\/tracefy-gps-tracker-inclusief-installatie-aan-huis\/#primaryimage","url":"https:\/\/tracefy.com\/wp-content\/uploads\/2024\/09\/PRO_doosje.png","contentUrl":"https:\/\/tracefy.com\/wp-content\/uploads\/2024\/09\/PRO_doosje.png","width":2012,"height":2012},{"@type":"BreadcrumbList","@id":"https:\/\/tracefy.com\/product\/tracefy-gps-tracker-inclusief-installatie-aan-huis\/#breadcrumb","itemListElement":[{"@type":"ListItem","position":1,"name":"Home","item":"https:\/\/tracefy.com\/"},{"@type":"ListItem","position":2,"name":"Winkel","item":"https:\/\/tracefy.com\/winkel\/"},{"@type":"ListItem","position":3,"name":"Tracefy PRO GPS Tracker incl. Installatie aan huis"}]},{"@type":"WebSite","@id":"https:\/\/tracefy.com\/nl\/#website","url":"https:\/\/tracefy.com\/nl\/","name":"Tracefy | Halten Sie Ihr Fahrrad in der N\u00e4he","description":"","publisher":{"@id":"https:\/\/tracefy.com\/nl\/#organization"},"potentialAction":[{"@type":"SearchAction","target":{"@type":"EntryPoint","urlTemplate":"https:\/\/tracefy.com\/nl\/?s={search_term_string}"},"query-input":{"@type":"PropertyValueSpecification","valueRequired":true,"valueName":"search_term_string"}}],"inLanguage":"de"},{"@type":"Organization","@id":"https:\/\/tracefy.com\/nl\/#organization","name":"Tracefy | Halten Sie Ihr Fahrrad in der N\u00e4he","url":"https:\/\/tracefy.com\/nl\/","logo":{"@type":"ImageObject","inLanguage":"de","@id":"https:\/\/tracefy.com\/nl\/#\/schema\/logo\/image\/","url":"https:\/\/tracefy.com\/wp-content\/uploads\/2021\/10\/Tracefy_logo_payoff-2022.svg","contentUrl":"https:\/\/tracefy.com\/wp-content\/uploads\/2021\/10\/Tracefy_logo_payoff-2022.svg","width":517.5,"height":285.9,"caption":"Tracefy | Keep Your Bike Close"},"image":{"@id":"https:\/\/tracefy.com\/nl\/#\/schema\/logo\/image\/"},"sameAs":["https:\/\/www.facebook.com\/Tracefy\/","https:\/\/www.instagram.com\/tracefy_iot\/","https:\/\/www.youtube.com\/@tracefy_iot","https:\/\/www.linkedin.com\/company\/tracefy\/"]}]}},"_links":{"self":[{"href":"https:\/\/tracefy.com\/de\/wp-json\/wp\/v2\/product\/4142","targetHints":{"allow":["GET"]}}],"collection":[{"href":"https:\/\/tracefy.com\/de\/wp-json\/wp\/v2\/product"}],"about":[{"href":"https:\/\/tracefy.com\/de\/wp-json\/wp\/v2\/types\/product"}],"replies":[{"embeddable":true,"href":"https:\/\/tracefy.com\/de\/wp-json\/wp\/v2\/comments?post=4142"}],"wp:featuredmedia":[{"embeddable":true,"href":"https:\/\/tracefy.com\/de\/wp-json\/wp\/v2\/media\/6967"}],"wp:attachment":[{"href":"https:\/\/tracefy.com\/de\/wp-json\/wp\/v2\/media?parent=4142"}],"wp:term":[{"taxonomy":"product_brand","embeddable":true,"href":"https:\/\/tracefy.com\/de\/wp-json\/wp\/v2\/product_brand?post=4142"},{"taxonomy":"product_cat","embeddable":true,"href":"https:\/\/tracefy.com\/de\/wp-json\/wp\/v2\/product_cat?post=4142"},{"taxonomy":"product_tag","embeddable":true,"href":"https:\/\/tracefy.com\/de\/wp-json\/wp\/v2\/product_tag?post=4142"}],"curies":[{"name":"wp","href":"https:\/\/api.w.org\/{rel}","templated":true}]}}