{"id":7191,"date":"2024-11-20T15:47:14","date_gmt":"2024-11-20T14:47:14","guid":{"rendered":"https:\/\/new.tracefy.com\/?post_type=product&#038;p=7191"},"modified":"2025-07-15T09:00:33","modified_gmt":"2025-07-15T08:00:33","slug":"tracefy-solo-gps-tracker-inkl-hausinstallation","status":"publish","type":"product","link":"https:\/\/tracefy.com\/de\/product\/tracefy-solo-gps-tracker-incl-installatie-aan-huis\/","title":{"rendered":"Tracefy SOLO GPS Tracker inkl. Hausinstallation"},"content":{"rendered":"<p class=\"p1\">Kein H\u00e4ndler in der N\u00e4he? Bestellen Sie den Tracefy SOLO GPS-Tracker direkt hier und einer unserer mobilen Partner wird die Installation bei Ihnen zu Hause vornehmen. Der Preis beinhaltet die Installation bei Ihnen zu Hause und schlie\u00dft die Konnektivit\u00e4t und das Tracking-Abonnement aus. Nach Ihrer Bestellung kontaktieren wir Sie werktags innerhalb von 24 Stunden, um einen Termin f\u00fcr die Installation bei Ihnen zu Hause oder am Arbeitsplatz zu vereinbaren.<\/p>\n<p class=\"p1\"><b>Technische Daten<\/b><\/p>\n<ul class=\"ul1\">\n<li class=\"li1\"><span class=\"s1\">Netzwerk: LoRa <\/span><\/li>\n<li class=\"li1\"><span class=\"s1\">Bluetooth Low Energy<\/span><\/li>\n<li class=\"li1\"><span class=\"s1\">WIFI-Ortung<\/span><\/li>\n<li class=\"li1\"><span class=\"s1\">GPS (f\u00fcr den Fall eines Diebstahls)<\/span><\/li>\n<li class=\"li1\"><span class=\"s1\">Gr\u00f6\u00dfe: L56 x B33 x H13 mm im IP68-Geh\u00e4use<\/span><\/li>\n<li class=\"li1\"><span class=\"s1\">Akku: 700 mAh interner Pufferakku<\/span><\/li>\n<li class=\"li1\"><span class=\"s1\">Kiwa-zertifiziert<\/span><\/li>\n<li>Werke <span style=\"text-decoration: underline;\"><strong>nur<\/strong><\/span> in den Niederlanden und Belgien.<\/li>\n<\/ul>","protected":false},"excerpt":{"rendered":"<p>Geen dealer in de buurt? Bestel hier direct de Tracefy SOLO GPS tracker en \u00e9\u00e9n van onze mobiele partners verzorgt de installatie bij jou thuis. De prijs is inclusief installatie aan huis en exclusief\u00a0abonnement op connectiviteit en opsporing.\u00a0Na je bestelling nemen wij op werkdagen binnen 24 uur contact met je op om een afspraak te [&hellip;]<\/p>\n","protected":false},"featured_media":6969,"comment_status":"closed","ping_status":"closed","template":"","meta":[],"product_brand":[],"product_cat":[29],"product_tag":[30,32],"class_list":{"0":"post-7191","1":"product","2":"type-product","3":"status-publish","4":"has-post-thumbnail","6":"product_cat-geen-categorie","7":"product_tag-gpstracker","8":"product_tag-solo","10":"first","11":"instock","12":"sale","13":"taxable","14":"shipping-taxable","15":"purchasable","16":"product-type-simple"},"yoast_head":"<!-- This site is optimized with the Yoast SEO Premium plugin v27.4 (Yoast SEO v27.4) - https:\/\/yoast.com\/product\/yoast-seo-premium-wordpress\/ -->\n<title>Tracefy SOLO GPS Tracker incl. Installatie aan huis - Tracefy | Keep Your Bike Close<\/title>\n<meta name=\"description\" content=\"Geen dealer in de buurt? Bestel hier de Tracefy GPS tracker voor E-bikes en \u00e9\u00e9n van onze mobiele partners verzorgt de installatie bij jou thuis.De prijs is inclusief de juiste connector en installatie aan huis en exclusief abonnement op connectiviteit en opsporing.\" \/>\n<meta name=\"robots\" content=\"index, follow, max-snippet:-1, max-image-preview:large, max-video-preview:-1\" \/>\n<link rel=\"canonical\" href=\"https:\/\/tracefy.com\/de\/produkt\/tracefy-solo-gps-tracker-inkl-hausinstallation\/\" \/>\n<meta property=\"og:locale\" content=\"de_DE\" \/>\n<meta property=\"og:type\" content=\"article\" \/>\n<meta property=\"og:title\" content=\"Tracefy SOLO GPS Tracker incl. Installatie aan huis\" \/>\n<meta property=\"og:description\" content=\"Geen dealer in de buurt? Bestel hier de Tracefy GPS tracker voor E-bikes en \u00e9\u00e9n van onze mobiele partners verzorgt de installatie bij jou thuis.De prijs is inclusief de juiste connector en installatie aan huis en exclusief abonnement op connectiviteit en opsporing.\" \/>\n<meta property=\"og:url\" content=\"https:\/\/tracefy.com\/de\/produkt\/tracefy-solo-gps-tracker-inkl-hausinstallation\/\" \/>\n<meta property=\"og:site_name\" content=\"Tracefy | Keep Your Bike Close\" \/>\n<meta property=\"article:publisher\" content=\"https:\/\/www.facebook.com\/Tracefy\/\" \/>\n<meta property=\"article:modified_time\" content=\"2025-07-15T08:00:33+00:00\" \/>\n<meta property=\"og:image\" content=\"https:\/\/tracefy.com\/wp-content\/uploads\/2024\/09\/SOLO_doosje.png\" \/>\n\t<meta property=\"og:image:width\" content=\"2012\" \/>\n\t<meta property=\"og:image:height\" content=\"2012\" \/>\n\t<meta property=\"og:image:type\" content=\"image\/png\" \/>\n<meta name=\"twitter:card\" content=\"summary_large_image\" \/>\n<meta name=\"twitter:label1\" content=\"Gesch\u00e4tzte Lesezeit\" \/>\n\t<meta name=\"twitter:data1\" content=\"1\u00a0Minute\" \/>\n<script type=\"application\/ld+json\" class=\"yoast-schema-graph\">{\"@context\":\"https:\\\/\\\/schema.org\",\"@graph\":[{\"@type\":\"WebPage\",\"@id\":\"https:\\\/\\\/tracefy.com\\\/product\\\/tracefy-solo-gps-tracker-incl-installatie-aan-huis\\\/\",\"url\":\"https:\\\/\\\/tracefy.com\\\/product\\\/tracefy-solo-gps-tracker-incl-installatie-aan-huis\\\/\",\"name\":\"Tracefy SOLO GPS Tracker incl. Installatie aan huis - Tracefy | Keep Your Bike Close\",\"isPartOf\":{\"@id\":\"https:\\\/\\\/tracefy.com\\\/nl\\\/#website\"},\"primaryImageOfPage\":{\"@id\":\"https:\\\/\\\/tracefy.com\\\/product\\\/tracefy-solo-gps-tracker-incl-installatie-aan-huis\\\/#primaryimage\"},\"image\":{\"@id\":\"https:\\\/\\\/tracefy.com\\\/product\\\/tracefy-solo-gps-tracker-incl-installatie-aan-huis\\\/#primaryimage\"},\"thumbnailUrl\":\"https:\\\/\\\/tracefy.com\\\/wp-content\\\/uploads\\\/2024\\\/09\\\/SOLO_doosje.png\",\"datePublished\":\"2024-11-20T14:47:14+00:00\",\"dateModified\":\"2025-07-15T08:00:33+00:00\",\"description\":\"Geen dealer in de buurt? Bestel hier de Tracefy GPS tracker voor E-bikes en \u00e9\u00e9n van onze mobiele partners verzorgt de installatie bij jou thuis.De prijs is inclusief de juiste connector en installatie aan huis en exclusief abonnement op connectiviteit en opsporing.\",\"breadcrumb\":{\"@id\":\"https:\\\/\\\/tracefy.com\\\/product\\\/tracefy-solo-gps-tracker-incl-installatie-aan-huis\\\/#breadcrumb\"},\"inLanguage\":\"de\",\"potentialAction\":[{\"@type\":\"ReadAction\",\"target\":[\"https:\\\/\\\/tracefy.com\\\/product\\\/tracefy-solo-gps-tracker-incl-installatie-aan-huis\\\/\"]}]},{\"@type\":\"ImageObject\",\"inLanguage\":\"de\",\"@id\":\"https:\\\/\\\/tracefy.com\\\/product\\\/tracefy-solo-gps-tracker-incl-installatie-aan-huis\\\/#primaryimage\",\"url\":\"https:\\\/\\\/tracefy.com\\\/wp-content\\\/uploads\\\/2024\\\/09\\\/SOLO_doosje.png\",\"contentUrl\":\"https:\\\/\\\/tracefy.com\\\/wp-content\\\/uploads\\\/2024\\\/09\\\/SOLO_doosje.png\",\"width\":2012,\"height\":2012},{\"@type\":\"BreadcrumbList\",\"@id\":\"https:\\\/\\\/tracefy.com\\\/product\\\/tracefy-solo-gps-tracker-incl-installatie-aan-huis\\\/#breadcrumb\",\"itemListElement\":[{\"@type\":\"ListItem\",\"position\":1,\"name\":\"Home\",\"item\":\"https:\\\/\\\/tracefy.com\\\/\"},{\"@type\":\"ListItem\",\"position\":2,\"name\":\"Winkel\",\"item\":\"https:\\\/\\\/tracefy.com\\\/winkel\\\/\"},{\"@type\":\"ListItem\",\"position\":3,\"name\":\"Tracefy SOLO GPS Tracker incl. Installatie aan huis\"}]},{\"@type\":\"WebSite\",\"@id\":\"https:\\\/\\\/tracefy.com\\\/nl\\\/#website\",\"url\":\"https:\\\/\\\/tracefy.com\\\/nl\\\/\",\"name\":\"Tracefy | Keep Your Bike Close\",\"description\":\"\",\"publisher\":{\"@id\":\"https:\\\/\\\/tracefy.com\\\/nl\\\/#organization\"},\"potentialAction\":[{\"@type\":\"SearchAction\",\"target\":{\"@type\":\"EntryPoint\",\"urlTemplate\":\"https:\\\/\\\/tracefy.com\\\/nl\\\/?s={search_term_string}\"},\"query-input\":{\"@type\":\"PropertyValueSpecification\",\"valueRequired\":true,\"valueName\":\"search_term_string\"}}],\"inLanguage\":\"de\"},{\"@type\":\"Organization\",\"@id\":\"https:\\\/\\\/tracefy.com\\\/nl\\\/#organization\",\"name\":\"Tracefy | Keep Your Bike Close\",\"url\":\"https:\\\/\\\/tracefy.com\\\/nl\\\/\",\"logo\":{\"@type\":\"ImageObject\",\"inLanguage\":\"de\",\"@id\":\"https:\\\/\\\/tracefy.com\\\/nl\\\/#\\\/schema\\\/logo\\\/image\\\/\",\"url\":\"https:\\\/\\\/tracefy.com\\\/wp-content\\\/uploads\\\/2021\\\/10\\\/Tracefy_logo_payoff-2022.svg\",\"contentUrl\":\"https:\\\/\\\/tracefy.com\\\/wp-content\\\/uploads\\\/2021\\\/10\\\/Tracefy_logo_payoff-2022.svg\",\"width\":517.5,\"height\":285.9,\"caption\":\"Tracefy | Keep Your Bike Close\"},\"image\":{\"@id\":\"https:\\\/\\\/tracefy.com\\\/nl\\\/#\\\/schema\\\/logo\\\/image\\\/\"},\"sameAs\":[\"https:\\\/\\\/www.facebook.com\\\/Tracefy\\\/\",\"https:\\\/\\\/www.instagram.com\\\/tracefy_iot\\\/\",\"https:\\\/\\\/www.youtube.com\\\/@tracefy_iot\",\"https:\\\/\\\/www.linkedin.com\\\/company\\\/tracefy\\\/\"]}]}<\/script>\n<!-- \/ Yoast SEO Premium plugin. -->","yoast_head_json":{"title":"Tracefy SOLO GPS Tracker inkl. Hausinstallation - Tracefy | Keep Your Bike Close","description":"Kein H\u00e4ndler in der N\u00e4he? Bestellen Sie den Tracefy GPS-Tracker f\u00fcr E-Bikes hier, und einer unserer mobilen Partner k\u00fcmmert sich um die Installation bei Ihnen zu Hause - im Preis inbegriffen sind der passende Stecker und die Installation zu Hause, nicht aber die Konnektivit\u00e4t und das Tracking-Abonnement.","robots":{"index":"index","follow":"follow","max-snippet":"max-snippet:-1","max-image-preview":"max-image-preview:large","max-video-preview":"max-video-preview:-1"},"canonical":"https:\/\/tracefy.com\/de\/produkt\/tracefy-solo-gps-tracker-inkl-hausinstallation\/","og_locale":"de_DE","og_type":"article","og_title":"Tracefy SOLO GPS Tracker incl. Installatie aan huis","og_description":"Geen dealer in de buurt? Bestel hier de Tracefy GPS tracker voor E-bikes en \u00e9\u00e9n van onze mobiele partners verzorgt de installatie bij jou thuis.De prijs is inclusief de juiste connector en installatie aan huis en exclusief abonnement op connectiviteit en opsporing.","og_url":"https:\/\/tracefy.com\/de\/produkt\/tracefy-solo-gps-tracker-inkl-hausinstallation\/","og_site_name":"Tracefy | Keep Your Bike Close","article_publisher":"https:\/\/www.facebook.com\/Tracefy\/","article_modified_time":"2025-07-15T08:00:33+00:00","og_image":[{"width":2012,"height":2012,"url":"https:\/\/tracefy.com\/wp-content\/uploads\/2024\/09\/SOLO_doosje.png","type":"image\/png"}],"twitter_card":"summary_large_image","twitter_misc":{"Gesch\u00e4tzte Lesezeit":"1\u00a0Minute"},"schema":{"@context":"https:\/\/schema.org","@graph":[{"@type":"WebPage","@id":"https:\/\/tracefy.com\/product\/tracefy-solo-gps-tracker-incl-installatie-aan-huis\/","url":"https:\/\/tracefy.com\/product\/tracefy-solo-gps-tracker-incl-installatie-aan-huis\/","name":"Tracefy SOLO GPS Tracker inkl. Hausinstallation - Tracefy | Keep Your Bike Close","isPartOf":{"@id":"https:\/\/tracefy.com\/nl\/#website"},"primaryImageOfPage":{"@id":"https:\/\/tracefy.com\/product\/tracefy-solo-gps-tracker-incl-installatie-aan-huis\/#primaryimage"},"image":{"@id":"https:\/\/tracefy.com\/product\/tracefy-solo-gps-tracker-incl-installatie-aan-huis\/#primaryimage"},"thumbnailUrl":"https:\/\/tracefy.com\/wp-content\/uploads\/2024\/09\/SOLO_doosje.png","datePublished":"2024-11-20T14:47:14+00:00","dateModified":"2025-07-15T08:00:33+00:00","description":"Kein H\u00e4ndler in der N\u00e4he? Bestellen Sie den Tracefy GPS-Tracker f\u00fcr E-Bikes hier, und einer unserer mobilen Partner k\u00fcmmert sich um die Installation bei Ihnen zu Hause - im Preis inbegriffen sind der passende Stecker und die Installation zu Hause, nicht aber die Konnektivit\u00e4t und das Tracking-Abonnement.","breadcrumb":{"@id":"https:\/\/tracefy.com\/product\/tracefy-solo-gps-tracker-incl-installatie-aan-huis\/#breadcrumb"},"inLanguage":"de","potentialAction":[{"@type":"ReadAction","target":["https:\/\/tracefy.com\/product\/tracefy-solo-gps-tracker-incl-installatie-aan-huis\/"]}]},{"@type":"ImageObject","inLanguage":"de","@id":"https:\/\/tracefy.com\/product\/tracefy-solo-gps-tracker-incl-installatie-aan-huis\/#primaryimage","url":"https:\/\/tracefy.com\/wp-content\/uploads\/2024\/09\/SOLO_doosje.png","contentUrl":"https:\/\/tracefy.com\/wp-content\/uploads\/2024\/09\/SOLO_doosje.png","width":2012,"height":2012},{"@type":"BreadcrumbList","@id":"https:\/\/tracefy.com\/product\/tracefy-solo-gps-tracker-incl-installatie-aan-huis\/#breadcrumb","itemListElement":[{"@type":"ListItem","position":1,"name":"Home","item":"https:\/\/tracefy.com\/"},{"@type":"ListItem","position":2,"name":"Winkel","item":"https:\/\/tracefy.com\/winkel\/"},{"@type":"ListItem","position":3,"name":"Tracefy SOLO GPS Tracker incl. Installatie aan huis"}]},{"@type":"WebSite","@id":"https:\/\/tracefy.com\/nl\/#website","url":"https:\/\/tracefy.com\/nl\/","name":"Tracefy | Halten Sie Ihr Fahrrad in der N\u00e4he","description":"","publisher":{"@id":"https:\/\/tracefy.com\/nl\/#organization"},"potentialAction":[{"@type":"SearchAction","target":{"@type":"EntryPoint","urlTemplate":"https:\/\/tracefy.com\/nl\/?s={search_term_string}"},"query-input":{"@type":"PropertyValueSpecification","valueRequired":true,"valueName":"search_term_string"}}],"inLanguage":"de"},{"@type":"Organization","@id":"https:\/\/tracefy.com\/nl\/#organization","name":"Tracefy | Halten Sie Ihr Fahrrad in der N\u00e4he","url":"https:\/\/tracefy.com\/nl\/","logo":{"@type":"ImageObject","inLanguage":"de","@id":"https:\/\/tracefy.com\/nl\/#\/schema\/logo\/image\/","url":"https:\/\/tracefy.com\/wp-content\/uploads\/2021\/10\/Tracefy_logo_payoff-2022.svg","contentUrl":"https:\/\/tracefy.com\/wp-content\/uploads\/2021\/10\/Tracefy_logo_payoff-2022.svg","width":517.5,"height":285.9,"caption":"Tracefy | Keep Your Bike Close"},"image":{"@id":"https:\/\/tracefy.com\/nl\/#\/schema\/logo\/image\/"},"sameAs":["https:\/\/www.facebook.com\/Tracefy\/","https:\/\/www.instagram.com\/tracefy_iot\/","https:\/\/www.youtube.com\/@tracefy_iot","https:\/\/www.linkedin.com\/company\/tracefy\/"]}]}},"_links":{"self":[{"href":"https:\/\/tracefy.com\/de\/wp-json\/wp\/v2\/product\/7191","targetHints":{"allow":["GET"]}}],"collection":[{"href":"https:\/\/tracefy.com\/de\/wp-json\/wp\/v2\/product"}],"about":[{"href":"https:\/\/tracefy.com\/de\/wp-json\/wp\/v2\/types\/product"}],"replies":[{"embeddable":true,"href":"https:\/\/tracefy.com\/de\/wp-json\/wp\/v2\/comments?post=7191"}],"wp:featuredmedia":[{"embeddable":true,"href":"https:\/\/tracefy.com\/de\/wp-json\/wp\/v2\/media\/6969"}],"wp:attachment":[{"href":"https:\/\/tracefy.com\/de\/wp-json\/wp\/v2\/media?parent=7191"}],"wp:term":[{"taxonomy":"product_brand","embeddable":true,"href":"https:\/\/tracefy.com\/de\/wp-json\/wp\/v2\/product_brand?post=7191"},{"taxonomy":"product_cat","embeddable":true,"href":"https:\/\/tracefy.com\/de\/wp-json\/wp\/v2\/product_cat?post=7191"},{"taxonomy":"product_tag","embeddable":true,"href":"https:\/\/tracefy.com\/de\/wp-json\/wp\/v2\/product_tag?post=7191"}],"curies":[{"name":"wp","href":"https:\/\/api.w.org\/{rel}","templated":true}]}}