{"id":5826,"date":"2024-01-25T08:13:08","date_gmt":"2024-01-25T07:13:08","guid":{"rendered":"https:\/\/new.tracefy.com\/?page_id=5826"},"modified":"2025-12-11T11:52:10","modified_gmt":"2025-12-11T10:52:10","slug":"deteccion-de-robos","status":"publish","type":"page","link":"https:\/\/tracefy.com\/es\/diefstal-opsporing\/","title":{"rendered":"Robo y detecci\u00f3n"},"content":{"rendered":"<div data-elementor-type=\"wp-page\" data-elementor-id=\"5826\" class=\"elementor elementor-5826\" data-elementor-post-type=\"page\">\n\t\t\t\t<div class=\"elementor-element elementor-element-45f02969 e-con-full e-flex e-con e-parent\" data-id=\"45f02969\" data-element_type=\"container\" data-e-type=\"container\" data-settings=\"{&quot;background_background&quot;:&quot;video&quot;,&quot;background_video_link&quot;:&quot;https:\\\/\\\/www.youtube.com\\\/embed\\\/psZcBF9F7_4?controls=0&amp;rel=0&amp;playsinline=1&amp;enablejsapi=1&amp;origin=https%3A%2F%2Ftracefy.com&amp;widgetid=1&quot;,&quot;jet_parallax_layout_list&quot;:[]}\">\n\t\t<div class=\"elementor-background-video-container elementor-hidden-mobile\">\n\t\t\t\t\t\t\t<div class=\"elementor-background-video-embed\" role=\"presentation\"><\/div>\n\t\t\t\t\t\t<\/div><div class=\"elementor-element elementor-element-44d809f8 e-flex e-con-boxed e-con e-child\" data-id=\"44d809f8\" data-element_type=\"container\" data-e-type=\"container\" data-settings=\"{&quot;background_background&quot;:&quot;classic&quot;,&quot;jet_parallax_layout_list&quot;:[]}\">\n\t\t\t\t\t<div class=\"e-con-inner\">\n\t\t\t\t<div class=\"elementor-element elementor-element-117f648c elementor-widget elementor-widget-heading\" data-id=\"117f648c\" data-element_type=\"widget\" data-e-type=\"widget\" data-widget_type=\"heading.default\">\n\t\t\t\t<div class=\"elementor-widget-container\">\n\t\t\t\t\t<h1 class=\"elementor-heading-title elementor-size-default\">Robo y detecci\u00f3n<\/h1>\t\t\t\t<\/div>\n\t\t\t\t<\/div>\n\t\t\t\t<div class=\"elementor-element elementor-element-0123c72 elementor-widget elementor-widget-heading\" data-id=\"0123c72\" data-element_type=\"widget\" data-e-type=\"widget\" data-widget_type=\"heading.default\">\n\t\t\t\t<div class=\"elementor-widget-container\">\n\t\t\t\t\t<span class=\"elementor-heading-title elementor-size-default\">\u00bfHAS PERDIDO LA BICI? \u00a1TRACEFY EST\u00c1 A SU SERVICIO!<\/span>\t\t\t\t<\/div>\n\t\t\t\t<\/div>\n\t\t\t\t\t<\/div>\n\t\t\t\t<\/div>\n\t\t\t\t<\/div>\n\t\t<div class=\"elementor-element elementor-element-d49364a e-flex e-con-boxed e-con e-parent\" data-id=\"d49364a\" data-element_type=\"container\" data-e-type=\"container\" data-settings=\"{&quot;jet_parallax_layout_list&quot;:[]}\">\n\t\t\t\t\t<div class=\"e-con-inner\">\n\t\t\t\t<div class=\"elementor-element elementor-element-a4f716e elementor-widget elementor-widget-text-editor\" data-id=\"a4f716e\" data-element_type=\"widget\" data-e-type=\"widget\" data-widget_type=\"text-editor.default\">\n\t\t\t\t<div class=\"elementor-widget-container\">\n\t\t\t\t\t\t\t\t\t<p>Tracefy es una empresa tecnol\u00f3gica con m\u00e1s de 10 a\u00f1os de experiencia en seguridad digital para bicicletas. Nuestra misi\u00f3n es luchar contra el robo de bicicletas. Somos la \u00fanica empresa en Europa que ofrece una soluci\u00f3n GPS completa y sostenible; nuestro servicio no solo proporciona un rastreador GPS de bicicletas superfuerte, sino que tambi\u00e9n incluye una aplicaci\u00f3n que te permite seguir la ubicaci\u00f3n de tu bicicleta en todo momento. \u00bfY de todas formas se ha escapado? Entonces puedes contar con la ayuda de nuestro servicio de localizaci\u00f3n especializado, que se encargar\u00e1 de devolv\u00e9rtela. Para ello, trabajamos con varios socios y con nuestros propios detectives de bicicletas. Adem\u00e1s, a veces obtendr\u00e1 un descuento en su seguro de bicicleta si \u00e9sta est\u00e1 equipada con el sistema de seguridad para bicicletas Tracefy.\u00a0<\/p>\t\t\t\t\t\t\t\t<\/div>\n\t\t\t\t<\/div>\n\t\t\t\t\t<\/div>\n\t\t\t\t<\/div>\n\t\t<div class=\"elementor-element elementor-element-7d9aa59 e-flex e-con-boxed e-con e-parent\" data-id=\"7d9aa59\" data-element_type=\"container\" data-e-type=\"container\" data-settings=\"{&quot;background_background&quot;:&quot;classic&quot;,&quot;jet_parallax_layout_list&quot;:[]}\">\n\t\t\t\t\t<div class=\"e-con-inner\">\n\t\t<div class=\"elementor-element elementor-element-1153ffa e-con-full e-flex e-con e-child\" data-id=\"1153ffa\" data-element_type=\"container\" data-e-type=\"container\" data-settings=\"{&quot;jet_parallax_layout_list&quot;:[]}\">\n\t\t\t\t<div class=\"elementor-element elementor-element-cf31099 elementor-widget elementor-widget-heading\" data-id=\"cf31099\" data-element_type=\"widget\" data-e-type=\"widget\" data-widget_type=\"heading.default\">\n\t\t\t\t<div class=\"elementor-widget-container\">\n\t\t\t\t\t<h2 class=\"elementor-heading-title elementor-size-default\">\u00bfC\u00d3MO FUNCIONA LA PROTECCI\u00d3N GPS DE TRACEFY?<\/h2>\t\t\t\t<\/div>\n\t\t\t\t<\/div>\n\t\t\t\t<div class=\"elementor-element elementor-element-4607683 elementor-widget elementor-widget-text-editor\" data-id=\"4607683\" data-element_type=\"widget\" data-e-type=\"widget\" data-widget_type=\"text-editor.default\">\n\t\t\t\t<div class=\"elementor-widget-container\">\n\t\t\t\t\t\t\t\t\t<ol><li>Puede comprar el localizador GPS Tracefy en uno de los distribuidores afiliados a Tracefy. Para nosotros es importante que nuestro rastreador GPS se instale siempre correctamente. Por lo tanto, esto debe hacerse siempre en una tienda de bicicletas. Por lo tanto, tampoco realizamos entregas directas a los consumidores. Nuestro precio de venta recomendado es de 199 euros para el PRO y de 129,95 euros para el SOLO. El localizador GPS est\u00e1 integrado de forma invisible en su bicicleta.\u00a0<\/li><li>Vaya a la App store o Google play store y descargue la aplicaci\u00f3n \"Tracefy\" SOLO o PRO<\/li><li>Registre su bicicleta mediante el n\u00famero de bastidor, elija el abono que desee y pague a trav\u00e9s de la aplicaci\u00f3n.<\/li><\/ol>\t\t\t\t\t\t\t\t<\/div>\n\t\t\t\t<\/div>\n\t\t\t\t<\/div>\n\t\t\t\t\t<\/div>\n\t\t\t\t<\/div>\n\t\t<div class=\"elementor-element elementor-element-576eb88 e-flex e-con-boxed e-con e-parent\" data-id=\"576eb88\" data-element_type=\"container\" data-e-type=\"container\" data-settings=\"{&quot;jet_parallax_layout_list&quot;:[]}\">\n\t\t\t\t\t<div class=\"e-con-inner\">\n\t\t<div class=\"elementor-element elementor-element-63e48bb e-con-full e-flex e-con e-child\" data-id=\"63e48bb\" data-element_type=\"container\" data-e-type=\"container\" data-settings=\"{&quot;jet_parallax_layout_list&quot;:[]}\">\n\t\t\t\t<div class=\"elementor-element elementor-element-a33cd36 elementor-widget elementor-widget-heading\" data-id=\"a33cd36\" data-element_type=\"widget\" data-e-type=\"widget\" data-widget_type=\"heading.default\">\n\t\t\t\t<div class=\"elementor-widget-container\">\n\t\t\t\t\t<h2 class=\"elementor-heading-title elementor-size-default\">DETECCI\u00d3N DE RASTROS<\/h2>\t\t\t\t<\/div>\n\t\t\t\t<\/div>\n\t\t\t\t<div class=\"elementor-element elementor-element-aba27f8 elementor-widget elementor-widget-text-editor\" data-id=\"aba27f8\" data-element_type=\"widget\" data-e-type=\"widget\" data-widget_type=\"text-editor.default\">\n\t\t\t\t<div class=\"elementor-widget-container\">\n\t\t\t\t\t\t\t\t\t<p>A trav\u00e9s de la app, puedes elegir una suscripci\u00f3n de 1, 3 o 5 a\u00f1os. Si eliges 5 a\u00f1os, pagar\u00e1s lo m\u00ednimo por a\u00f1o.\u00a0<\/p><p>En caso de robo, puedes recurrir a un servicio de seguimiento especializado para recuperar tu bicicleta. Este servicio se activa con el bot\u00f3n \"me han robado la bici\" de la aplicaci\u00f3n Tracefy. Siempre recomendamos contratar adem\u00e1s un seguro de bicicleta.\u00a0<\/p>\t\t\t\t\t\t\t\t<\/div>\n\t\t\t\t<\/div>\n\t\t\t\t<\/div>\n\t\t<div class=\"elementor-element elementor-element-54b58a6 e-con-full e-flex e-con e-child\" data-id=\"54b58a6\" data-element_type=\"container\" data-e-type=\"container\" data-settings=\"{&quot;jet_parallax_layout_list&quot;:[]}\">\n\t\t\t\t<div class=\"elementor-element elementor-element-b75ec86 elementor-blockquote--skin-boxed elementor-blockquote--button-view-text elementor-blockquote--button-skin-classic elementor-widget elementor-widget-blockquote\" data-id=\"b75ec86\" data-element_type=\"widget\" data-e-type=\"widget\" data-widget_type=\"blockquote.default\">\n\t\t\t\t<div class=\"elementor-widget-container\">\n\t\t\t\t\t\t\t<blockquote class=\"elementor-blockquote\">\n\t\t\t<p class=\"elementor-blockquote__content\">\n\t\t\t\t\nA trav\u00e9s de la aplicaci\u00f3n Tracefy PRO\/SOLO, el usuario puede denunciar f\u00e1cilmente la desaparici\u00f3n de su bicicleta. Tras esta denuncia, el usuario tiene que denunciar el robo a la polic\u00eda. A continuaci\u00f3n, el n\u00famero de denuncia debe compartirse con el equipo de detecci\u00f3n de Tracefy. Tras la denuncia, el usuario se pone en contacto directo con la sala de control de Tracefy. \t\t\t<\/p>\n\t\t\t\t\t\t\t<div class=\"e-q-footer\">\n\t\t\t\t\t\t\t\t\t\t\t\t\t\t\t\t<a href=\"https:\/\/twitter.com\/intent\/tweet?text=Gr%C3%A2ce+%C3%A0+l%27application+Tracefy+PRO%2FSOLO%2C+l%27utilisateur+peut+facilement+signaler+la+disparition+de+son+v%C3%A9lo.+Apr%C3%A8s+cette+d%C3%A9claration%2C+l%27utilisateur+doit+signaler+le+vol+%C3%A0+la+police.+Le+num%C3%A9ro+du+rapport+doit+ensuite+%C3%AAtre+communiqu%C3%A9+%C3%A0+l%27%C3%A9quipe+de+d%C3%A9tection+de+Tracefy.+Apr%C3%A8s+la+d%C3%A9claration%2C+l%27utilisateur+entre+directement+en+contact+avec+la+salle+de+contr%C3%B4le+de+Tracefy.&amp;url=https%3A%2F%2Ftracefy.com%2Ffr%2Fdiefstal-opsporing%2F%3Fgad_campaignid%3D17224221803%26gad_source%3D1%26gbraid%3D0AAAAADOfwUrQrDgOJFQikewQSQudceCH4\" class=\"elementor-blockquote__tweet-button\" target=\"_blank\">\n\t\t\t\t\t\t\t\t\t\t\t\t\t\t\t\t\t\t\t\t\t\t<span class=\"elementor-blockquote__tweet-label\"><\/span>\n\t\t\t\t\t\t\t\t\t\t\t\t\t<\/a>\n\t\t\t\t\t\t\t\t\t<\/div>\n\t\t\t\t\t<\/blockquote>\n\t\t\t\t\t\t<\/div>\n\t\t\t\t<\/div>\n\t\t\t\t<\/div>\n\t\t\t\t\t<\/div>\n\t\t\t\t<\/div>\n\t\t<div class=\"elementor-element elementor-element-7c1ea29 e-flex e-con-boxed e-con e-parent\" data-id=\"7c1ea29\" data-element_type=\"container\" data-e-type=\"container\" data-settings=\"{&quot;jet_parallax_layout_list&quot;:[]}\">\n\t\t\t\t\t<div class=\"e-con-inner\">\n\t\t\t\t<div class=\"elementor-element elementor-element-014e936 uael-button-stack-mobile uael-button-halign-center elementor-widget elementor-widget-uael-buttons\" data-id=\"014e936\" data-element_type=\"widget\" data-e-type=\"widget\" data-widget_type=\"uael-buttons.default\">\n\t\t\t\t<div class=\"elementor-widget-container\">\n\t\t\t\t\t\t\t<div class=\"uael-dual-button-outer-wrap\">\n\t\t\t<div class=\"uael-dual-button-wrap\">\n\t\t\t\t\t\t\t\t<div class=\"uael-button-wrapper uael-dual-button elementor-widget-button elementor-repeater-item-e102b33 uael-dual-button-0\">\n\t\t\t\t\t<a class=\"elementor-button-link elementor-button elementor-size-sm elementor-button-link\" href=\"https:\/\/tracefy.com\/es\/distribuidores\/busqueda-de-distribuidores\/\">\n\t\t\t\t\t\t\t\t<span class=\"elementor-button-content-wrapper uael-buttons-icon-\">\n\t\t\t\t\t\t\t\t\t\t\t\t<span class=\"elementor-align-icon- elementor-button-icon\">\n\t\t\t\t\t\t\t\t\t\t\t<\/span>\n\t\t\t\t\t\t\t\t\t\t<span class=\"elementor-button-text elementor-inline-editing\" data-elementor-setting-key=\"buttons.0.text\" data-elementor-inline-editing-toolbar=\"none\">B\u00fasqueda de distribuidores<\/span>\n\t\t<\/span>\n\t\t\t\t\t\t\t<\/a>\n\t\t\t\t<\/div>\n\t\t\t\t\t\t\t\t<div class=\"uael-button-wrapper uael-dual-button elementor-widget-button elementor-repeater-item-31b927a uael-dual-button-1\">\n\t\t\t\t\t<a class=\"elementor-button-link elementor-button elementor-size-sm elementor-button-link\" href=\"https:\/\/tracefy.com\/es\/distribuidores\/conviertase-en-distribuidor\/\">\n\t\t\t\t\t\t\t\t<span class=\"elementor-button-content-wrapper uael-buttons-icon- elementor-button-content-wrapper uael-buttons-icon-\">\n\t\t\t\t\t\t\t\t\t\t\t\t<span class=\"elementor-align-icon- elementor-button-icon\">\n\t\t\t\t\t\t\t\t\t\t\t<\/span>\n\t\t\t\t\t\t\t\t\t\t<span class=\"elementor-button-text elementor-inline-editing\" data-elementor-setting-key=\"buttons.1.text\" data-elementor-inline-editing-toolbar=\"none\">Convi\u00e9rtase en distribuidor<\/span>\n\t\t<\/span>\n\t\t\t\t\t\t\t<\/a>\n\t\t\t\t<\/div>\n\t\t\t\t\t\t\t<\/div>\n\t\t<\/div>\n\t\t\t\t\t\t<\/div>\n\t\t\t\t<\/div>\n\t\t\t\t\t<\/div>\n\t\t\t\t<\/div>\n\t\t<div class=\"elementor-element elementor-element-37fdc39 e-flex e-con-boxed e-con e-parent\" data-id=\"37fdc39\" data-element_type=\"container\" data-e-type=\"container\" data-settings=\"{&quot;background_background&quot;:&quot;classic&quot;,&quot;jet_parallax_layout_list&quot;:[]}\">\n\t\t\t\t\t<div class=\"e-con-inner\">\n\t\t\t\t<div class=\"elementor-element elementor-element-dc0ac80 elementor-widget elementor-widget-heading\" data-id=\"dc0ac80\" data-element_type=\"widget\" data-e-type=\"widget\" data-widget_type=\"heading.default\">\n\t\t\t\t<div class=\"elementor-widget-container\">\n\t\t\t\t\t<h2 class=\"elementor-heading-title elementor-size-default\">Siempre conectado a trav\u00e9s de la app de Tracefy<\/h2>\t\t\t\t<\/div>\n\t\t\t\t<\/div>\n\t\t\t\t<div class=\"elementor-element elementor-element-9917bfd elementor-widget elementor-widget-text-editor\" data-id=\"9917bfd\" data-element_type=\"widget\" data-e-type=\"widget\" data-widget_type=\"text-editor.default\">\n\t\t\t\t<div class=\"elementor-widget-container\">\n\t\t\t\t\t\t\t\t\t<p>Con la app de Tracefy, siempre estar\u00e1s virtualmente conectado a tu moto y podr\u00e1s ver d\u00f3nde est\u00e1, entre otras cosas. Pero la aplicaci\u00f3n ofrece muchas m\u00e1s funciones \u00fatiles. Por ejemplo, recibes una notificaci\u00f3n cuando se mueve tu bicicleta, tienes acceso a todas las rutas recorridas, distancias, etc. \u00bfY te han robado la bici? Entonces puedes denunciarlo f\u00e1cilmente a trav\u00e9s de la aplicaci\u00f3n y el servicio de detecci\u00f3n se pondr\u00e1 manos a la obra.<\/p>\t\t\t\t\t\t\t\t<\/div>\n\t\t\t\t<\/div>\n\t\t<div class=\"elementor-element elementor-element-b534cd3 e-con-full e-flex e-con e-child\" data-id=\"b534cd3\" data-element_type=\"container\" data-e-type=\"container\" data-settings=\"{&quot;jet_parallax_layout_list&quot;:[]}\">\n\t\t<div class=\"elementor-element elementor-element-22922a7 e-con-full e-flex e-con e-child\" data-id=\"22922a7\" data-element_type=\"container\" data-e-type=\"container\" data-settings=\"{&quot;jet_parallax_layout_list&quot;:[]}\">\n\t\t\t\t<div class=\"elementor-element elementor-element-469992f elementor-widget elementor-widget-image\" data-id=\"469992f\" data-element_type=\"widget\" data-e-type=\"widget\" data-widget_type=\"image.default\">\n\t\t\t\t<div class=\"elementor-widget-container\">\n\t\t\t\t\t\t\t\t\t\t\t\t\t\t\t<img fetchpriority=\"high\" decoding=\"async\" width=\"800\" height=\"320\" src=\"https:\/\/tracefy.com\/wp-content\/uploads\/2021\/12\/apple-store-icon-1024x410.png\" class=\"attachment-large size-large wp-image-460\" alt=\"\" srcset=\"https:\/\/tracefy.com\/wp-content\/uploads\/2021\/12\/apple-store-icon-1024x410.png 1024w, https:\/\/tracefy.com\/wp-content\/uploads\/2021\/12\/apple-store-icon-600x240.png 600w, https:\/\/tracefy.com\/wp-content\/uploads\/2021\/12\/apple-store-icon-300x120.png 300w, https:\/\/tracefy.com\/wp-content\/uploads\/2021\/12\/apple-store-icon-768x307.png 768w, https:\/\/tracefy.com\/wp-content\/uploads\/2021\/12\/apple-store-icon-1536x614.png 1536w, https:\/\/tracefy.com\/wp-content\/uploads\/2021\/12\/apple-store-icon-2048x819.png 2048w\" sizes=\"(max-width: 800px) 100vw, 800px\" \/>\t\t\t\t\t\t\t\t\t\t\t\t\t\t\t<\/div>\n\t\t\t\t<\/div>\n\t\t\t\t<\/div>\n\t\t<div class=\"elementor-element elementor-element-9725842 e-con-full e-flex e-con e-child\" data-id=\"9725842\" data-element_type=\"container\" data-e-type=\"container\" data-settings=\"{&quot;jet_parallax_layout_list&quot;:[]}\">\n\t\t\t\t<div class=\"elementor-element elementor-element-21b0b17 elementor-widget elementor-widget-image\" data-id=\"21b0b17\" data-element_type=\"widget\" data-e-type=\"widget\" data-widget_type=\"image.default\">\n\t\t\t\t<div class=\"elementor-widget-container\">\n\t\t\t\t\t\t\t\t\t\t\t\t\t\t\t<img decoding=\"async\" width=\"800\" height=\"320\" src=\"https:\/\/tracefy.com\/wp-content\/uploads\/2021\/12\/google-play-store-icon-1024x410.png\" class=\"attachment-large size-large wp-image-459\" alt=\"\" srcset=\"https:\/\/tracefy.com\/wp-content\/uploads\/2021\/12\/google-play-store-icon-1024x410.png 1024w, https:\/\/tracefy.com\/wp-content\/uploads\/2021\/12\/google-play-store-icon-600x240.png 600w, https:\/\/tracefy.com\/wp-content\/uploads\/2021\/12\/google-play-store-icon-300x120.png 300w, https:\/\/tracefy.com\/wp-content\/uploads\/2021\/12\/google-play-store-icon-768x307.png 768w, https:\/\/tracefy.com\/wp-content\/uploads\/2021\/12\/google-play-store-icon-1536x614.png 1536w, https:\/\/tracefy.com\/wp-content\/uploads\/2021\/12\/google-play-store-icon-2048x819.png 2048w\" sizes=\"(max-width: 800px) 100vw, 800px\" \/>\t\t\t\t\t\t\t\t\t\t\t\t\t\t\t<\/div>\n\t\t\t\t<\/div>\n\t\t\t\t<\/div>\n\t\t\t\t<\/div>\n\t\t\t\t\t<\/div>\n\t\t\t\t<\/div>\n\t\t\t\t<\/div>","protected":false},"excerpt":{"rendered":"<p>Diefstal &amp; Opsporing FIETS WEG? TRACEFY IS TOT UW DIENST! Tracefy is een tech bedrijf met meer dan 10 jaar ervaring in digitale fietsbeveiliging. Wij hebben als missie om een stevige vuist te maken tegen fietsdiefstal. Wij bieden als enige in Europa een complete en duurzame GPS oplossing; onze dienstverlening voorziet niet alleen in een [&hellip;]<\/p>\n","protected":false},"author":1,"featured_media":0,"parent":0,"menu_order":0,"comment_status":"closed","ping_status":"closed","template":"","meta":{"footnotes":""},"class_list":["post-5826","page","type-page","status-publish","hentry"],"yoast_head":"<!-- This site is optimized with the Yoast SEO Premium plugin v27.2 (Yoast SEO v27.2) - https:\/\/yoast.com\/product\/yoast-seo-premium-wordpress\/ -->\n<title>Diefstal &amp; Opsporing - Tracefy | Keep Your Bike Close<\/title>\n<meta name=\"robots\" content=\"index, follow, max-snippet:-1, max-image-preview:large, max-video-preview:-1\" \/>\n<link rel=\"canonical\" href=\"https:\/\/tracefy.com\/es\/deteccion-de-robos\/\" \/>\n<meta property=\"og:locale\" content=\"es_ES\" \/>\n<meta property=\"og:type\" content=\"article\" \/>\n<meta property=\"og:title\" content=\"Diefstal &amp; Opsporing\" \/>\n<meta property=\"og:description\" content=\"Diefstal &amp; Opsporing FIETS WEG? TRACEFY IS TOT UW DIENST! Tracefy is een tech bedrijf met meer dan 10 jaar ervaring in digitale fietsbeveiliging. Wij hebben als missie om een stevige vuist te maken tegen fietsdiefstal. Wij bieden als enige in Europa een complete en duurzame GPS oplossing; onze dienstverlening voorziet niet alleen in een [&hellip;]\" \/>\n<meta property=\"og:url\" content=\"https:\/\/tracefy.com\/es\/deteccion-de-robos\/\" \/>\n<meta property=\"og:site_name\" content=\"Tracefy | Keep Your Bike Close\" \/>\n<meta property=\"article:publisher\" content=\"https:\/\/www.facebook.com\/Tracefy\/\" \/>\n<meta property=\"article:modified_time\" content=\"2025-12-11T10:52:10+00:00\" \/>\n<meta property=\"og:image\" content=\"https:\/\/tracefy.com\/wp-content\/uploads\/2021\/12\/apple-store-icon.png\" \/>\n\t<meta property=\"og:image:width\" content=\"2560\" \/>\n\t<meta property=\"og:image:height\" content=\"1024\" \/>\n\t<meta property=\"og:image:type\" content=\"image\/png\" \/>\n<meta name=\"twitter:card\" content=\"summary_large_image\" \/>\n<meta name=\"twitter:label1\" content=\"Tiempo de lectura\" \/>\n\t<meta name=\"twitter:data1\" content=\"3 minutos\" \/>\n<script type=\"application\/ld+json\" class=\"yoast-schema-graph\">{\"@context\":\"https:\/\/schema.org\",\"@graph\":[{\"@type\":\"WebPage\",\"@id\":\"https:\/\/tracefy.com\/nl\/diefstal-opsporing\/\",\"url\":\"https:\/\/tracefy.com\/nl\/diefstal-opsporing\/\",\"name\":\"Diefstal & Opsporing - Tracefy | Keep Your Bike Close\",\"isPartOf\":{\"@id\":\"https:\/\/tracefy.com\/nl\/#website\"},\"primaryImageOfPage\":{\"@id\":\"https:\/\/tracefy.com\/nl\/diefstal-opsporing\/#primaryimage\"},\"image\":{\"@id\":\"https:\/\/tracefy.com\/nl\/diefstal-opsporing\/#primaryimage\"},\"thumbnailUrl\":\"https:\/\/tracefy.com\/wp-content\/uploads\/2021\/12\/apple-store-icon-1024x410.png\",\"datePublished\":\"2024-01-25T07:13:08+00:00\",\"dateModified\":\"2025-12-11T10:52:10+00:00\",\"breadcrumb\":{\"@id\":\"https:\/\/tracefy.com\/nl\/diefstal-opsporing\/#breadcrumb\"},\"inLanguage\":\"es\",\"potentialAction\":[{\"@type\":\"ReadAction\",\"target\":[\"https:\/\/tracefy.com\/nl\/diefstal-opsporing\/\"]}]},{\"@type\":\"ImageObject\",\"inLanguage\":\"es\",\"@id\":\"https:\/\/tracefy.com\/nl\/diefstal-opsporing\/#primaryimage\",\"url\":\"https:\/\/tracefy.com\/wp-content\/uploads\/2021\/12\/apple-store-icon-1024x410.png\",\"contentUrl\":\"https:\/\/tracefy.com\/wp-content\/uploads\/2021\/12\/apple-store-icon-1024x410.png\"},{\"@type\":\"BreadcrumbList\",\"@id\":\"https:\/\/tracefy.com\/nl\/diefstal-opsporing\/#breadcrumb\",\"itemListElement\":[{\"@type\":\"ListItem\",\"position\":1,\"name\":\"Home\",\"item\":\"https:\/\/tracefy.com\/\"},{\"@type\":\"ListItem\",\"position\":2,\"name\":\"Diefstal &#038; Opsporing\"}]},{\"@type\":\"WebSite\",\"@id\":\"https:\/\/tracefy.com\/nl\/#website\",\"url\":\"https:\/\/tracefy.com\/nl\/\",\"name\":\"Tracefy | Keep Your Bike Close\",\"description\":\"\",\"publisher\":{\"@id\":\"https:\/\/tracefy.com\/nl\/#organization\"},\"potentialAction\":[{\"@type\":\"SearchAction\",\"target\":{\"@type\":\"EntryPoint\",\"urlTemplate\":\"https:\/\/tracefy.com\/nl\/?s={search_term_string}\"},\"query-input\":{\"@type\":\"PropertyValueSpecification\",\"valueRequired\":true,\"valueName\":\"search_term_string\"}}],\"inLanguage\":\"es\"},{\"@type\":\"Organization\",\"@id\":\"https:\/\/tracefy.com\/nl\/#organization\",\"name\":\"Tracefy | Keep Your Bike Close\",\"url\":\"https:\/\/tracefy.com\/nl\/\",\"logo\":{\"@type\":\"ImageObject\",\"inLanguage\":\"es\",\"@id\":\"https:\/\/tracefy.com\/nl\/#\/schema\/logo\/image\/\",\"url\":\"https:\/\/tracefy.com\/wp-content\/uploads\/2021\/10\/Tracefy_logo_payoff-2022.svg\",\"contentUrl\":\"https:\/\/tracefy.com\/wp-content\/uploads\/2021\/10\/Tracefy_logo_payoff-2022.svg\",\"width\":517.5,\"height\":285.9,\"caption\":\"Tracefy | Keep Your Bike Close\"},\"image\":{\"@id\":\"https:\/\/tracefy.com\/nl\/#\/schema\/logo\/image\/\"},\"sameAs\":[\"https:\/\/www.facebook.com\/Tracefy\/\",\"https:\/\/www.instagram.com\/tracefy_iot\/\",\"https:\/\/www.youtube.com\/@tracefy_iot\",\"https:\/\/www.linkedin.com\/company\/tracefy\/\"]}]}<\/script>\n<!-- \/ Yoast SEO Premium plugin. -->","yoast_head_json":{"title":"Robo y seguimiento - Tracefy | Mantenga su bicicleta cerca","robots":{"index":"index","follow":"follow","max-snippet":"max-snippet:-1","max-image-preview":"max-image-preview:large","max-video-preview":"max-video-preview:-1"},"canonical":"https:\/\/tracefy.com\/es\/deteccion-de-robos\/","og_locale":"es_ES","og_type":"article","og_title":"Diefstal & Opsporing","og_description":"Diefstal &amp; Opsporing FIETS WEG? TRACEFY IS TOT UW DIENST! Tracefy is een tech bedrijf met meer dan 10 jaar ervaring in digitale fietsbeveiliging. Wij hebben als missie om een stevige vuist te maken tegen fietsdiefstal. Wij bieden als enige in Europa een complete en duurzame GPS oplossing; onze dienstverlening voorziet niet alleen in een [&hellip;]","og_url":"https:\/\/tracefy.com\/es\/deteccion-de-robos\/","og_site_name":"Tracefy | Keep Your Bike Close","article_publisher":"https:\/\/www.facebook.com\/Tracefy\/","article_modified_time":"2025-12-11T10:52:10+00:00","og_image":[{"width":2560,"height":1024,"url":"https:\/\/tracefy.com\/wp-content\/uploads\/2021\/12\/apple-store-icon.png","type":"image\/png"}],"twitter_card":"summary_large_image","twitter_misc":{"Tiempo de lectura":"3 minutos"},"schema":{"@context":"https:\/\/schema.org","@graph":[{"@type":"WebPage","@id":"https:\/\/tracefy.com\/nl\/diefstal-opsporing\/","url":"https:\/\/tracefy.com\/nl\/diefstal-opsporing\/","name":"Robo y seguimiento - Tracefy | Mantenga su bicicleta cerca","isPartOf":{"@id":"https:\/\/tracefy.com\/nl\/#website"},"primaryImageOfPage":{"@id":"https:\/\/tracefy.com\/nl\/diefstal-opsporing\/#primaryimage"},"image":{"@id":"https:\/\/tracefy.com\/nl\/diefstal-opsporing\/#primaryimage"},"thumbnailUrl":"https:\/\/tracefy.com\/wp-content\/uploads\/2021\/12\/apple-store-icon-1024x410.png","datePublished":"2024-01-25T07:13:08+00:00","dateModified":"2025-12-11T10:52:10+00:00","breadcrumb":{"@id":"https:\/\/tracefy.com\/nl\/diefstal-opsporing\/#breadcrumb"},"inLanguage":"es","potentialAction":[{"@type":"ReadAction","target":["https:\/\/tracefy.com\/nl\/diefstal-opsporing\/"]}]},{"@type":"ImageObject","inLanguage":"es","@id":"https:\/\/tracefy.com\/nl\/diefstal-opsporing\/#primaryimage","url":"https:\/\/tracefy.com\/wp-content\/uploads\/2021\/12\/apple-store-icon-1024x410.png","contentUrl":"https:\/\/tracefy.com\/wp-content\/uploads\/2021\/12\/apple-store-icon-1024x410.png"},{"@type":"BreadcrumbList","@id":"https:\/\/tracefy.com\/nl\/diefstal-opsporing\/#breadcrumb","itemListElement":[{"@type":"ListItem","position":1,"name":"Home","item":"https:\/\/tracefy.com\/"},{"@type":"ListItem","position":2,"name":"Diefstal &#038; Opsporing"}]},{"@type":"WebSite","@id":"https:\/\/tracefy.com\/nl\/#website","url":"https:\/\/tracefy.com\/nl\/","name":"Tracefy | Mant\u00e9n tu bici cerca","description":"","publisher":{"@id":"https:\/\/tracefy.com\/nl\/#organization"},"potentialAction":[{"@type":"SearchAction","target":{"@type":"EntryPoint","urlTemplate":"https:\/\/tracefy.com\/nl\/?s={search_term_string}"},"query-input":{"@type":"PropertyValueSpecification","valueRequired":true,"valueName":"search_term_string"}}],"inLanguage":"es"},{"@type":"Organization","@id":"https:\/\/tracefy.com\/nl\/#organization","name":"Tracefy | Mant\u00e9n tu bici cerca","url":"https:\/\/tracefy.com\/nl\/","logo":{"@type":"ImageObject","inLanguage":"es","@id":"https:\/\/tracefy.com\/nl\/#\/schema\/logo\/image\/","url":"https:\/\/tracefy.com\/wp-content\/uploads\/2021\/10\/Tracefy_logo_payoff-2022.svg","contentUrl":"https:\/\/tracefy.com\/wp-content\/uploads\/2021\/10\/Tracefy_logo_payoff-2022.svg","width":517.5,"height":285.9,"caption":"Tracefy | Keep Your Bike Close"},"image":{"@id":"https:\/\/tracefy.com\/nl\/#\/schema\/logo\/image\/"},"sameAs":["https:\/\/www.facebook.com\/Tracefy\/","https:\/\/www.instagram.com\/tracefy_iot\/","https:\/\/www.youtube.com\/@tracefy_iot","https:\/\/www.linkedin.com\/company\/tracefy\/"]}]}},"_links":{"self":[{"href":"https:\/\/tracefy.com\/es\/wp-json\/wp\/v2\/pages\/5826","targetHints":{"allow":["GET"]}}],"collection":[{"href":"https:\/\/tracefy.com\/es\/wp-json\/wp\/v2\/pages"}],"about":[{"href":"https:\/\/tracefy.com\/es\/wp-json\/wp\/v2\/types\/page"}],"author":[{"embeddable":true,"href":"https:\/\/tracefy.com\/es\/wp-json\/wp\/v2\/users\/1"}],"replies":[{"embeddable":true,"href":"https:\/\/tracefy.com\/es\/wp-json\/wp\/v2\/comments?post=5826"}],"version-history":[{"count":52,"href":"https:\/\/tracefy.com\/es\/wp-json\/wp\/v2\/pages\/5826\/revisions"}],"predecessor-version":[{"id":10175,"href":"https:\/\/tracefy.com\/es\/wp-json\/wp\/v2\/pages\/5826\/revisions\/10175"}],"wp:attachment":[{"href":"https:\/\/tracefy.com\/es\/wp-json\/wp\/v2\/media?parent=5826"}],"curies":[{"name":"wp","href":"https:\/\/api.w.org\/{rel}","templated":true}]}}