{"id":6804,"date":"2024-09-06T09:42:12","date_gmt":"2024-09-06T08:42:12","guid":{"rendered":"https:\/\/new.tracefy.com\/?page_id=6804"},"modified":"2024-09-27T12:45:56","modified_gmt":"2024-09-27T11:45:56","slug":"colaboraciones","status":"publish","type":"page","link":"https:\/\/tracefy.com\/es\/samenwerkingen\/","title":{"rendered":"Colaboraciones"},"content":{"rendered":"<div data-elementor-type=\"wp-page\" data-elementor-id=\"6804\" class=\"elementor elementor-6804\" data-elementor-post-type=\"page\">\n\t\t\t\t<div class=\"elementor-element elementor-element-2ce7a0dc e-con-full e-flex e-con e-parent\" data-id=\"2ce7a0dc\" data-element_type=\"container\" data-e-type=\"container\" data-settings=\"{&quot;background_background&quot;:&quot;video&quot;,&quot;background_video_link&quot;:&quot;https:\\\/\\\/youtu.be\\\/OkOZ3TZ4fVc&quot;,&quot;background_play_on_mobile&quot;:&quot;yes&quot;,&quot;jet_parallax_layout_list&quot;:[]}\">\n\t\t<div class=\"elementor-background-video-container\">\n\t\t\t\t\t\t\t<div class=\"elementor-background-video-embed\" role=\"presentation\"><\/div>\n\t\t\t\t\t\t<\/div><div class=\"elementor-element elementor-element-4949c5e4 e-flex e-con-boxed e-con e-child\" data-id=\"4949c5e4\" data-element_type=\"container\" data-e-type=\"container\" data-settings=\"{&quot;background_background&quot;:&quot;classic&quot;,&quot;jet_parallax_layout_list&quot;:[]}\">\n\t\t\t\t\t<div class=\"e-con-inner\">\n\t\t\t\t<div class=\"elementor-element elementor-element-2c4ff69 elementor-widget elementor-widget-heading\" data-id=\"2c4ff69\" data-element_type=\"widget\" data-e-type=\"widget\" data-widget_type=\"heading.default\">\n\t\t\t\t<div class=\"elementor-widget-container\">\n\t\t\t\t\t<h1 class=\"elementor-heading-title elementor-size-default\">Colaboraciones con marcas ciclistas<\/h1>\t\t\t\t<\/div>\n\t\t\t\t<\/div>\n\t\t\t\t\t<\/div>\n\t\t\t\t<\/div>\n\t\t\t\t<\/div>\n\t\t<div class=\"elementor-element elementor-element-fdb3778 e-flex e-con-boxed e-con e-parent\" data-id=\"fdb3778\" data-element_type=\"container\" data-e-type=\"container\" data-settings=\"{&quot;jet_parallax_layout_list&quot;:[]}\">\n\t\t\t\t\t<div class=\"e-con-inner\">\n\t\t\t\t<div class=\"elementor-element elementor-element-a4493e3 elementor-widget elementor-widget-text-editor\" data-id=\"a4493e3\" data-element_type=\"widget\" data-e-type=\"widget\" data-widget_type=\"text-editor.default\">\n\t\t\t\t<div class=\"elementor-widget-container\">\n\t\t\t\t\t\t\t\t\t<p style=\"font-weight: 400;\">Con el fuerte aumento de los \u00edndices de robo y las obligaciones de las aseguradoras, cabr\u00eda esperar que las marcas de bicicletas equiparan sus motos con tecnolog\u00eda GPS de serie. Sin embargo, a menudo no es as\u00ed. Muchas marcas consideran que la inversi\u00f3n para implantar la localizaci\u00f3n por GPS en todos sus modelos de e-bike es demasiado elevada. Por ejemplo, porque tambi\u00e9n exportan a pa\u00edses donde el robo es un problema menor. Por lo tanto, prefieren dejar la instalaci\u00f3n de rastreadores GPS a sus distribuidores despu\u00e9s de que la bicicleta se venda al consumidor. Lo entendemos perfectamente y hemos creado una propuesta especial \"OEM light\" para ello.\u00a0<\/p>\t\t\t\t\t\t\t\t<\/div>\n\t\t\t\t<\/div>\n\t\t\t\t\t<\/div>\n\t\t\t\t<\/div>\n\t\t<div class=\"elementor-element elementor-element-3f22589 e-flex e-con-boxed e-con e-parent\" data-id=\"3f22589\" data-element_type=\"container\" data-e-type=\"container\" data-settings=\"{&quot;background_background&quot;:&quot;classic&quot;,&quot;jet_parallax_layout_list&quot;:[]}\">\n\t\t\t\t\t<div class=\"e-con-inner\">\n\t\t<div class=\"elementor-element elementor-element-7ee2fcf e-con-full e-flex e-con e-child\" data-id=\"7ee2fcf\" data-element_type=\"container\" data-e-type=\"container\" data-settings=\"{&quot;jet_parallax_layout_list&quot;:[]}\">\n\t\t\t\t<div class=\"elementor-element elementor-element-e4a189a elementor-widget elementor-widget-heading\" data-id=\"e4a189a\" data-element_type=\"widget\" data-e-type=\"widget\" data-widget_type=\"heading.default\">\n\t\t\t\t<div class=\"elementor-widget-container\">\n\t\t\t\t\t<h2 class=\"elementor-heading-title elementor-size-default\">Socio fiable<\/h2>\t\t\t\t<\/div>\n\t\t\t\t<\/div>\n\t\t\t\t<div class=\"elementor-element elementor-element-1b73f86 elementor-widget elementor-widget-text-editor\" data-id=\"1b73f86\" data-element_type=\"widget\" data-e-type=\"widget\" data-widget_type=\"text-editor.default\">\n\t\t\t\t<div class=\"elementor-widget-container\">\n\t\t\t\t\t\t\t\t\t<p>Sin embargo, estas marcas no quieren un localizador GPS cualquiera. Prefieren una soluci\u00f3n GPS de alta calidad, certificada por Kiwa y de un socio fiable. Esta es la raz\u00f3n por la que muchas marcas de bicicletas han decidido recomendar Tracefy a sus distribuidores como socio GPS. Su objetivo es que los distribuidores utilicen exclusivamente Tracefy para la tecnolog\u00eda GPS de sus bicicletas. Estas tiendas de bicicletas pueden pedir nuestros productos de seguimiento y localizaci\u00f3n directamente a nosotros o a nuestros socios distribuidores PENDLR y Juncker Bike Parts.\u00a0<\/p>\t\t\t\t\t\t\t\t<\/div>\n\t\t\t\t<\/div>\n\t\t\t\t<\/div>\n\t\t<div class=\"elementor-element elementor-element-cae3312 e-con-full e-flex e-con e-child\" data-id=\"cae3312\" data-element_type=\"container\" data-e-type=\"container\" data-settings=\"{&quot;background_background&quot;:&quot;classic&quot;,&quot;jet_parallax_layout_list&quot;:[]}\">\n\t\t\t\t<div class=\"elementor-element elementor-element-bf68f6c elementor-widget elementor-widget-image-gallery\" data-id=\"bf68f6c\" data-element_type=\"widget\" data-e-type=\"widget\" data-widget_type=\"image-gallery.default\">\n\t\t\t\t<div class=\"elementor-widget-container\">\n\t\t\t\t\t\t\t<div class=\"elementor-image-gallery\">\n\t\t\t<div id='gallery-1' class='gallery galleryid-6804 gallery-columns-3 gallery-size-thumbnail'><figure class='gallery-item'>\n\t\t\t<div class='gallery-icon landscape'>\n\t\t\t\t<a data-elementor-open-lightbox=\"no\" href='https:\/\/tracefy.com\/wp-content\/uploads\/2024\/09\/bakfietsnl.png'><img decoding=\"async\" width=\"150\" height=\"150\" src=\"https:\/\/tracefy.com\/wp-content\/uploads\/2024\/09\/bakfietsnl-150x150.png\" class=\"attachment-thumbnail size-thumbnail\" alt=\"\" srcset=\"https:\/\/tracefy.com\/wp-content\/uploads\/2024\/09\/bakfietsnl-150x150.png 150w, https:\/\/tracefy.com\/wp-content\/uploads\/2024\/09\/bakfietsnl-100x100.png 100w, https:\/\/tracefy.com\/wp-content\/uploads\/2024\/09\/bakfietsnl.png 300w\" sizes=\"(max-width: 150px) 100vw, 150px\" \/><\/a>\n\t\t\t<\/div><\/figure><figure class='gallery-item'>\n\t\t\t<div class='gallery-icon landscape'>\n\t\t\t\t<a data-elementor-open-lightbox=\"no\" href='https:\/\/tracefy.com\/wp-content\/uploads\/2024\/09\/batavus.png'><img decoding=\"async\" width=\"150\" height=\"150\" src=\"https:\/\/tracefy.com\/wp-content\/uploads\/2024\/09\/batavus-150x150.png\" class=\"attachment-thumbnail size-thumbnail\" alt=\"\" srcset=\"https:\/\/tracefy.com\/wp-content\/uploads\/2024\/09\/batavus-150x150.png 150w, https:\/\/tracefy.com\/wp-content\/uploads\/2024\/09\/batavus-100x100.png 100w, https:\/\/tracefy.com\/wp-content\/uploads\/2024\/09\/batavus.png 300w\" sizes=\"(max-width: 150px) 100vw, 150px\" \/><\/a>\n\t\t\t<\/div><\/figure><figure class='gallery-item'>\n\t\t\t<div class='gallery-icon landscape'>\n\t\t\t\t<a data-elementor-open-lightbox=\"no\" href='https:\/\/tracefy.com\/wp-content\/uploads\/2024\/09\/cube.png'><img decoding=\"async\" width=\"150\" height=\"150\" src=\"https:\/\/tracefy.com\/wp-content\/uploads\/2024\/09\/cube-150x150.png\" class=\"attachment-thumbnail size-thumbnail\" alt=\"\" srcset=\"https:\/\/tracefy.com\/wp-content\/uploads\/2024\/09\/cube-150x150.png 150w, https:\/\/tracefy.com\/wp-content\/uploads\/2024\/09\/cube-100x100.png 100w, https:\/\/tracefy.com\/wp-content\/uploads\/2024\/09\/cube.png 300w\" sizes=\"(max-width: 150px) 100vw, 150px\" \/><\/a>\n\t\t\t<\/div><\/figure><figure class='gallery-item'>\n\t\t\t<div class='gallery-icon landscape'>\n\t\t\t\t<a data-elementor-open-lightbox=\"no\" href='https:\/\/tracefy.com\/wp-content\/uploads\/2024\/09\/giant.png'><img loading=\"lazy\" decoding=\"async\" width=\"150\" height=\"150\" src=\"https:\/\/tracefy.com\/wp-content\/uploads\/2024\/09\/giant-150x150.png\" class=\"attachment-thumbnail size-thumbnail\" alt=\"\" srcset=\"https:\/\/tracefy.com\/wp-content\/uploads\/2024\/09\/giant-150x150.png 150w, https:\/\/tracefy.com\/wp-content\/uploads\/2024\/09\/giant-100x100.png 100w, https:\/\/tracefy.com\/wp-content\/uploads\/2024\/09\/giant.png 300w\" sizes=\"(max-width: 150px) 100vw, 150px\" \/><\/a>\n\t\t\t<\/div><\/figure><figure class='gallery-item'>\n\t\t\t<div class='gallery-icon landscape'>\n\t\t\t\t<a data-elementor-open-lightbox=\"no\" href='https:\/\/tracefy.com\/wp-content\/uploads\/2024\/09\/koga.png'><img loading=\"lazy\" decoding=\"async\" width=\"150\" height=\"150\" src=\"https:\/\/tracefy.com\/wp-content\/uploads\/2024\/09\/koga-150x150.png\" class=\"attachment-thumbnail size-thumbnail\" alt=\"\" srcset=\"https:\/\/tracefy.com\/wp-content\/uploads\/2024\/09\/koga-150x150.png 150w, https:\/\/tracefy.com\/wp-content\/uploads\/2024\/09\/koga-100x100.png 100w, https:\/\/tracefy.com\/wp-content\/uploads\/2024\/09\/koga.png 300w\" sizes=\"(max-width: 150px) 100vw, 150px\" \/><\/a>\n\t\t\t<\/div><\/figure><figure class='gallery-item'>\n\t\t\t<div class='gallery-icon landscape'>\n\t\t\t\t<a data-elementor-open-lightbox=\"no\" href='https:\/\/tracefy.com\/wp-content\/uploads\/2024\/09\/lovens.png'><img loading=\"lazy\" decoding=\"async\" width=\"150\" height=\"150\" src=\"https:\/\/tracefy.com\/wp-content\/uploads\/2024\/09\/lovens-150x150.png\" class=\"attachment-thumbnail size-thumbnail\" alt=\"\" srcset=\"https:\/\/tracefy.com\/wp-content\/uploads\/2024\/09\/lovens-150x150.png 150w, https:\/\/tracefy.com\/wp-content\/uploads\/2024\/09\/lovens-100x100.png 100w, https:\/\/tracefy.com\/wp-content\/uploads\/2024\/09\/lovens.png 300w\" sizes=\"(max-width: 150px) 100vw, 150px\" \/><\/a>\n\t\t\t<\/div><\/figure><figure class='gallery-item'>\n\t\t\t<div class='gallery-icon landscape'>\n\t\t\t\t<a data-elementor-open-lightbox=\"no\" href='https:\/\/tracefy.com\/wp-content\/uploads\/2024\/09\/sparta.png'><img loading=\"lazy\" decoding=\"async\" width=\"150\" height=\"150\" src=\"https:\/\/tracefy.com\/wp-content\/uploads\/2024\/09\/sparta-150x150.png\" class=\"attachment-thumbnail size-thumbnail\" alt=\"\" srcset=\"https:\/\/tracefy.com\/wp-content\/uploads\/2024\/09\/sparta-150x150.png 150w, https:\/\/tracefy.com\/wp-content\/uploads\/2024\/09\/sparta-100x100.png 100w, https:\/\/tracefy.com\/wp-content\/uploads\/2024\/09\/sparta.png 300w\" sizes=\"(max-width: 150px) 100vw, 150px\" \/><\/a>\n\t\t\t<\/div><\/figure><figure class='gallery-item'>\n\t\t\t<div class='gallery-icon landscape'>\n\t\t\t\t<a data-elementor-open-lightbox=\"no\" href='https:\/\/tracefy.com\/wp-content\/uploads\/2024\/09\/trek.png'><img loading=\"lazy\" decoding=\"async\" width=\"150\" height=\"150\" src=\"https:\/\/tracefy.com\/wp-content\/uploads\/2024\/09\/trek-150x150.png\" class=\"attachment-thumbnail size-thumbnail\" alt=\"\" srcset=\"https:\/\/tracefy.com\/wp-content\/uploads\/2024\/09\/trek-150x150.png 150w, https:\/\/tracefy.com\/wp-content\/uploads\/2024\/09\/trek-100x100.png 100w, https:\/\/tracefy.com\/wp-content\/uploads\/2024\/09\/trek.png 300w\" sizes=\"(max-width: 150px) 100vw, 150px\" \/><\/a>\n\t\t\t<\/div><\/figure><figure class='gallery-item'>\n\t\t\t<div class='gallery-icon landscape'>\n\t\t\t\t<a data-elementor-open-lightbox=\"no\" href='https:\/\/tracefy.com\/wp-content\/uploads\/2024\/09\/vanraam.png'><img loading=\"lazy\" decoding=\"async\" width=\"150\" height=\"150\" src=\"https:\/\/tracefy.com\/wp-content\/uploads\/2024\/09\/vanraam-150x150.png\" class=\"attachment-thumbnail size-thumbnail\" alt=\"\" srcset=\"https:\/\/tracefy.com\/wp-content\/uploads\/2024\/09\/vanraam-150x150.png 150w, https:\/\/tracefy.com\/wp-content\/uploads\/2024\/09\/vanraam-100x100.png 100w, https:\/\/tracefy.com\/wp-content\/uploads\/2024\/09\/vanraam.png 300w\" sizes=\"(max-width: 150px) 100vw, 150px\" \/><\/a>\n\t\t\t<\/div><\/figure>\n\t\t<\/div>\n\t\t<\/div>\n\t\t\t\t\t\t<\/div>\n\t\t\t\t<\/div>\n\t\t\t\t<\/div>\n\t\t\t\t\t<\/div>\n\t\t\t\t<\/div>\n\t\t<div class=\"elementor-element elementor-element-2276614 e-flex e-con-boxed e-con e-parent\" data-id=\"2276614\" data-element_type=\"container\" data-e-type=\"container\" data-settings=\"{&quot;background_background&quot;:&quot;classic&quot;,&quot;jet_parallax_layout_list&quot;:[]}\">\n\t\t\t\t\t<div class=\"e-con-inner\">\n\t\t<div class=\"elementor-element elementor-element-319214d e-con-full e-flex e-con e-child\" data-id=\"319214d\" data-element_type=\"container\" data-e-type=\"container\" data-settings=\"{&quot;jet_parallax_layout_list&quot;:[]}\">\n\t\t\t\t<div class=\"elementor-element elementor-element-ad977dd elementor-widget elementor-widget-image\" data-id=\"ad977dd\" data-element_type=\"widget\" data-e-type=\"widget\" data-widget_type=\"image.default\">\n\t\t\t\t<div class=\"elementor-widget-container\">\n\t\t\t\t\t\t\t\t\t\t\t\t\t\t\t<img loading=\"lazy\" decoding=\"async\" width=\"800\" height=\"450\" src=\"https:\/\/tracefy.com\/wp-content\/uploads\/2024\/09\/Joer-RD-1024x576.jpg\" class=\"attachment-large size-large wp-image-6946\" alt=\"\" srcset=\"https:\/\/tracefy.com\/wp-content\/uploads\/2024\/09\/Joer-RD-1024x576.jpg 1024w, https:\/\/tracefy.com\/wp-content\/uploads\/2024\/09\/Joer-RD-scaled-600x338.jpg 600w, https:\/\/tracefy.com\/wp-content\/uploads\/2024\/09\/Joer-RD-300x169.jpg 300w, https:\/\/tracefy.com\/wp-content\/uploads\/2024\/09\/Joer-RD-768x432.jpg 768w, https:\/\/tracefy.com\/wp-content\/uploads\/2024\/09\/Joer-RD-1536x864.jpg 1536w, https:\/\/tracefy.com\/wp-content\/uploads\/2024\/09\/Joer-RD-2048x1152.jpg 2048w\" sizes=\"(max-width: 800px) 100vw, 800px\" \/>\t\t\t\t\t\t\t\t\t\t\t\t\t\t\t<\/div>\n\t\t\t\t<\/div>\n\t\t\t\t<\/div>\n\t\t<div class=\"elementor-element elementor-element-6815040 e-con-full e-flex e-con e-child\" data-id=\"6815040\" data-element_type=\"container\" data-e-type=\"container\" data-settings=\"{&quot;jet_parallax_layout_list&quot;:[]}\">\n\t\t\t\t<div class=\"elementor-element elementor-element-698ddcf elementor-widget elementor-widget-heading\" data-id=\"698ddcf\" data-element_type=\"widget\" data-e-type=\"widget\" data-widget_type=\"heading.default\">\n\t\t\t\t<div class=\"elementor-widget-container\">\n\t\t\t\t\t<h2 class=\"elementor-heading-title elementor-size-default\">Amplia I+D y asistencia<\/h2>\t\t\t\t<\/div>\n\t\t\t\t<\/div>\n\t\t\t\t<div class=\"elementor-element elementor-element-004808b elementor-widget elementor-widget-text-editor\" data-id=\"004808b\" data-element_type=\"widget\" data-e-type=\"widget\" data-widget_type=\"text-editor.default\">\n\t\t\t\t<div class=\"elementor-widget-container\">\n\t\t\t\t\t\t\t\t\t<p style=\"font-weight: 400;\">Llevamos a cabo una amplia labor de I+D para estas marcas, de forma que podamos asesorarles a ellas y a sus distribuidores sobre c\u00f3mo y d\u00f3nde instalar mejor el seguidor Tracefy. A menudo, tambi\u00e9n desarrollamos un conector a medida para estos socios, que los concesionarios pueden encargarnos a nosotros o a nuestros socios distribuidores. Esto elimina la necesidad de que las marcas de motos inviertan ellas mismas en los conocimientos o recursos necesarios. Ofrecemos una soluci\u00f3n completa y, cuando es necesario, apoyo a los distribuidores y consumidores.<\/p><p style=\"font-weight: 400;\">\u00bfEst\u00e1 tu marca de bicicletas interesada en una colaboraci\u00f3n?<\/p>\t\t\t\t\t\t\t\t<\/div>\n\t\t\t\t<\/div>\n\t\t\t\t<div class=\"elementor-element elementor-element-a938956 elementor-align-justify elementor-widget elementor-widget-button\" data-id=\"a938956\" data-element_type=\"widget\" data-e-type=\"widget\" data-widget_type=\"button.default\">\n\t\t\t\t<div class=\"elementor-widget-container\">\n\t\t\t\t\t\t\t\t\t<div class=\"elementor-button-wrapper\">\n\t\t\t\t\t<a class=\"elementor-button elementor-button-link elementor-size-sm\" href=\"https:\/\/tracefy.com\/es\/pongase-en-contacto-con\/\">\n\t\t\t\t\t\t<span class=\"elementor-button-content-wrapper\">\n\t\t\t\t\t\t<span class=\"elementor-button-icon\">\n\t\t\t\t<svg aria-hidden=\"true\" class=\"e-font-icon-svg e-far-arrow-alt-circle-right\" viewbox=\"0 0 512 512\" xmlns=\"http:\/\/www.w3.org\/2000\/svg\"><path d=\"M504 256C504 119 393 8 256 8S8 119 8 256s111 248 248 248 248-111 248-248zm-448 0c0-110.5 89.5-200 200-200s200 89.5 200 200-89.5 200-200 200S56 366.5 56 256zm72 20v-40c0-6.6 5.4-12 12-12h116v-67c0-10.7 12.9-16 20.5-8.5l99 99c4.7 4.7 4.7 12.3 0 17l-99 99c-7.6 7.6-20.5 2.2-20.5-8.5v-67H140c-6.6 0-12-5.4-12-12z\"><\/path><\/svg>\t\t\t<\/span>\n\t\t\t\t\t\t\t\t\t<span class=\"elementor-button-text\">P\u00f3ngase en contacto con nosotros<\/span>\n\t\t\t\t\t<\/span>\n\t\t\t\t\t<\/a>\n\t\t\t\t<\/div>\n\t\t\t\t\t\t\t\t<\/div>\n\t\t\t\t<\/div>\n\t\t\t\t<\/div>\n\t\t\t\t\t<\/div>\n\t\t\t\t<\/div>\n\t\t\t\t<\/div>","protected":false},"excerpt":{"rendered":"<p>Samenwerkingen fietsmerken Met de sterk stijgende diefstalcijfers en de verplichtingen vanuit verzekeraars, zou je verwachten dat fietsmerken hun fietsen standaard uitrusten met GPS techniek. Dit is echter vaak niet het geval. Veel merken vinden de investering om GPS-tracking in al hun e-bike modellen te implementeren te hoog. Bijvoorbeeld omdat ze ook exporteren naar landen waar [&hellip;]<\/p>\n","protected":false},"author":1,"featured_media":0,"parent":0,"menu_order":0,"comment_status":"closed","ping_status":"closed","template":"","meta":{"footnotes":""},"class_list":["post-6804","page","type-page","status-publish","hentry"],"yoast_head":"<!-- This site is optimized with the Yoast SEO Premium plugin v27.4 (Yoast SEO v27.4) - https:\/\/yoast.com\/product\/yoast-seo-premium-wordpress\/ -->\n<title>Samenwerkingen - Tracefy | Keep Your Bike Close<\/title>\n<meta name=\"robots\" content=\"index, follow, max-snippet:-1, max-image-preview:large, max-video-preview:-1\" \/>\n<link rel=\"canonical\" href=\"https:\/\/tracefy.com\/es\/colaboraciones\/\" \/>\n<meta property=\"og:locale\" content=\"es_ES\" \/>\n<meta property=\"og:type\" content=\"article\" \/>\n<meta property=\"og:title\" content=\"Samenwerkingen\" \/>\n<meta property=\"og:description\" content=\"Samenwerkingen fietsmerken Met de sterk stijgende diefstalcijfers en de verplichtingen vanuit verzekeraars, zou je verwachten dat fietsmerken hun fietsen standaard uitrusten met GPS techniek. Dit is echter vaak niet het geval. Veel merken vinden de investering om GPS-tracking in al hun e-bike modellen te implementeren te hoog. Bijvoorbeeld omdat ze ook exporteren naar landen waar [&hellip;]\" \/>\n<meta property=\"og:url\" content=\"https:\/\/tracefy.com\/es\/colaboraciones\/\" \/>\n<meta property=\"og:site_name\" content=\"Tracefy | Keep Your Bike Close\" \/>\n<meta property=\"article:publisher\" content=\"https:\/\/www.facebook.com\/Tracefy\/\" \/>\n<meta property=\"article:modified_time\" content=\"2024-09-27T11:45:56+00:00\" \/>\n<meta property=\"og:image\" content=\"https:\/\/new.tracefy.com\/wp-content\/uploads\/2024\/09\/bakfietsnl-150x150.png\" \/>\n<meta name=\"twitter:card\" content=\"summary_large_image\" \/>\n<meta name=\"twitter:label1\" content=\"Tiempo de lectura\" \/>\n\t<meta name=\"twitter:data1\" content=\"1 minuto\" \/>\n<script type=\"application\/ld+json\" class=\"yoast-schema-graph\">{\"@context\":\"https:\\\/\\\/schema.org\",\"@graph\":[{\"@type\":\"WebPage\",\"@id\":\"https:\\\/\\\/tracefy.com\\\/samenwerkingen\\\/\",\"url\":\"https:\\\/\\\/tracefy.com\\\/samenwerkingen\\\/\",\"name\":\"Samenwerkingen - Tracefy | Keep Your Bike Close\",\"isPartOf\":{\"@id\":\"https:\\\/\\\/tracefy.com\\\/nl\\\/#website\"},\"primaryImageOfPage\":{\"@id\":\"https:\\\/\\\/tracefy.com\\\/samenwerkingen\\\/#primaryimage\"},\"image\":{\"@id\":\"https:\\\/\\\/tracefy.com\\\/samenwerkingen\\\/#primaryimage\"},\"thumbnailUrl\":\"https:\\\/\\\/new.tracefy.com\\\/wp-content\\\/uploads\\\/2024\\\/09\\\/bakfietsnl-150x150.png\",\"datePublished\":\"2024-09-06T08:42:12+00:00\",\"dateModified\":\"2024-09-27T11:45:56+00:00\",\"breadcrumb\":{\"@id\":\"https:\\\/\\\/tracefy.com\\\/samenwerkingen\\\/#breadcrumb\"},\"inLanguage\":\"es\",\"potentialAction\":[{\"@type\":\"ReadAction\",\"target\":[\"https:\\\/\\\/tracefy.com\\\/samenwerkingen\\\/\"]}]},{\"@type\":\"ImageObject\",\"inLanguage\":\"es\",\"@id\":\"https:\\\/\\\/tracefy.com\\\/samenwerkingen\\\/#primaryimage\",\"url\":\"https:\\\/\\\/new.tracefy.com\\\/wp-content\\\/uploads\\\/2024\\\/09\\\/bakfietsnl-150x150.png\",\"contentUrl\":\"https:\\\/\\\/new.tracefy.com\\\/wp-content\\\/uploads\\\/2024\\\/09\\\/bakfietsnl-150x150.png\"},{\"@type\":\"BreadcrumbList\",\"@id\":\"https:\\\/\\\/tracefy.com\\\/samenwerkingen\\\/#breadcrumb\",\"itemListElement\":[{\"@type\":\"ListItem\",\"position\":1,\"name\":\"Home\",\"item\":\"https:\\\/\\\/tracefy.com\\\/\"},{\"@type\":\"ListItem\",\"position\":2,\"name\":\"Samenwerkingen\"}]},{\"@type\":\"WebSite\",\"@id\":\"https:\\\/\\\/tracefy.com\\\/nl\\\/#website\",\"url\":\"https:\\\/\\\/tracefy.com\\\/nl\\\/\",\"name\":\"Tracefy | Keep Your Bike Close\",\"description\":\"\",\"publisher\":{\"@id\":\"https:\\\/\\\/tracefy.com\\\/nl\\\/#organization\"},\"potentialAction\":[{\"@type\":\"SearchAction\",\"target\":{\"@type\":\"EntryPoint\",\"urlTemplate\":\"https:\\\/\\\/tracefy.com\\\/nl\\\/?s={search_term_string}\"},\"query-input\":{\"@type\":\"PropertyValueSpecification\",\"valueRequired\":true,\"valueName\":\"search_term_string\"}}],\"inLanguage\":\"es\"},{\"@type\":\"Organization\",\"@id\":\"https:\\\/\\\/tracefy.com\\\/nl\\\/#organization\",\"name\":\"Tracefy | Keep Your Bike Close\",\"url\":\"https:\\\/\\\/tracefy.com\\\/nl\\\/\",\"logo\":{\"@type\":\"ImageObject\",\"inLanguage\":\"es\",\"@id\":\"https:\\\/\\\/tracefy.com\\\/nl\\\/#\\\/schema\\\/logo\\\/image\\\/\",\"url\":\"https:\\\/\\\/tracefy.com\\\/wp-content\\\/uploads\\\/2021\\\/10\\\/Tracefy_logo_payoff-2022.svg\",\"contentUrl\":\"https:\\\/\\\/tracefy.com\\\/wp-content\\\/uploads\\\/2021\\\/10\\\/Tracefy_logo_payoff-2022.svg\",\"width\":517.5,\"height\":285.9,\"caption\":\"Tracefy | Keep Your Bike Close\"},\"image\":{\"@id\":\"https:\\\/\\\/tracefy.com\\\/nl\\\/#\\\/schema\\\/logo\\\/image\\\/\"},\"sameAs\":[\"https:\\\/\\\/www.facebook.com\\\/Tracefy\\\/\",\"https:\\\/\\\/www.instagram.com\\\/tracefy_iot\\\/\",\"https:\\\/\\\/www.youtube.com\\\/@tracefy_iot\",\"https:\\\/\\\/www.linkedin.com\\\/company\\\/tracefy\\\/\"]}]}<\/script>\n<!-- \/ Yoast SEO Premium plugin. -->","yoast_head_json":{"title":"Colaboraciones - Tracefy | Mant\u00e9n tu bicicleta cerca","robots":{"index":"index","follow":"follow","max-snippet":"max-snippet:-1","max-image-preview":"max-image-preview:large","max-video-preview":"max-video-preview:-1"},"canonical":"https:\/\/tracefy.com\/es\/colaboraciones\/","og_locale":"es_ES","og_type":"article","og_title":"Samenwerkingen","og_description":"Samenwerkingen fietsmerken Met de sterk stijgende diefstalcijfers en de verplichtingen vanuit verzekeraars, zou je verwachten dat fietsmerken hun fietsen standaard uitrusten met GPS techniek. Dit is echter vaak niet het geval. Veel merken vinden de investering om GPS-tracking in al hun e-bike modellen te implementeren te hoog. Bijvoorbeeld omdat ze ook exporteren naar landen waar [&hellip;]","og_url":"https:\/\/tracefy.com\/es\/colaboraciones\/","og_site_name":"Tracefy | Keep Your Bike Close","article_publisher":"https:\/\/www.facebook.com\/Tracefy\/","article_modified_time":"2024-09-27T11:45:56+00:00","og_image":[{"url":"https:\/\/new.tracefy.com\/wp-content\/uploads\/2024\/09\/bakfietsnl-150x150.png","type":"","width":"","height":""}],"twitter_card":"summary_large_image","twitter_misc":{"Tiempo de lectura":"1 minuto"},"schema":{"@context":"https:\/\/schema.org","@graph":[{"@type":"WebPage","@id":"https:\/\/tracefy.com\/samenwerkingen\/","url":"https:\/\/tracefy.com\/samenwerkingen\/","name":"Colaboraciones - Tracefy | Mant\u00e9n tu bicicleta cerca","isPartOf":{"@id":"https:\/\/tracefy.com\/nl\/#website"},"primaryImageOfPage":{"@id":"https:\/\/tracefy.com\/samenwerkingen\/#primaryimage"},"image":{"@id":"https:\/\/tracefy.com\/samenwerkingen\/#primaryimage"},"thumbnailUrl":"https:\/\/new.tracefy.com\/wp-content\/uploads\/2024\/09\/bakfietsnl-150x150.png","datePublished":"2024-09-06T08:42:12+00:00","dateModified":"2024-09-27T11:45:56+00:00","breadcrumb":{"@id":"https:\/\/tracefy.com\/samenwerkingen\/#breadcrumb"},"inLanguage":"es","potentialAction":[{"@type":"ReadAction","target":["https:\/\/tracefy.com\/samenwerkingen\/"]}]},{"@type":"ImageObject","inLanguage":"es","@id":"https:\/\/tracefy.com\/samenwerkingen\/#primaryimage","url":"https:\/\/new.tracefy.com\/wp-content\/uploads\/2024\/09\/bakfietsnl-150x150.png","contentUrl":"https:\/\/new.tracefy.com\/wp-content\/uploads\/2024\/09\/bakfietsnl-150x150.png"},{"@type":"BreadcrumbList","@id":"https:\/\/tracefy.com\/samenwerkingen\/#breadcrumb","itemListElement":[{"@type":"ListItem","position":1,"name":"Home","item":"https:\/\/tracefy.com\/"},{"@type":"ListItem","position":2,"name":"Samenwerkingen"}]},{"@type":"WebSite","@id":"https:\/\/tracefy.com\/nl\/#website","url":"https:\/\/tracefy.com\/nl\/","name":"Tracefy | Mant\u00e9n tu bici cerca","description":"","publisher":{"@id":"https:\/\/tracefy.com\/nl\/#organization"},"potentialAction":[{"@type":"SearchAction","target":{"@type":"EntryPoint","urlTemplate":"https:\/\/tracefy.com\/nl\/?s={search_term_string}"},"query-input":{"@type":"PropertyValueSpecification","valueRequired":true,"valueName":"search_term_string"}}],"inLanguage":"es"},{"@type":"Organization","@id":"https:\/\/tracefy.com\/nl\/#organization","name":"Tracefy | Mant\u00e9n tu bici cerca","url":"https:\/\/tracefy.com\/nl\/","logo":{"@type":"ImageObject","inLanguage":"es","@id":"https:\/\/tracefy.com\/nl\/#\/schema\/logo\/image\/","url":"https:\/\/tracefy.com\/wp-content\/uploads\/2021\/10\/Tracefy_logo_payoff-2022.svg","contentUrl":"https:\/\/tracefy.com\/wp-content\/uploads\/2021\/10\/Tracefy_logo_payoff-2022.svg","width":517.5,"height":285.9,"caption":"Tracefy | Keep Your Bike Close"},"image":{"@id":"https:\/\/tracefy.com\/nl\/#\/schema\/logo\/image\/"},"sameAs":["https:\/\/www.facebook.com\/Tracefy\/","https:\/\/www.instagram.com\/tracefy_iot\/","https:\/\/www.youtube.com\/@tracefy_iot","https:\/\/www.linkedin.com\/company\/tracefy\/"]}]}},"_links":{"self":[{"href":"https:\/\/tracefy.com\/es\/wp-json\/wp\/v2\/pages\/6804","targetHints":{"allow":["GET"]}}],"collection":[{"href":"https:\/\/tracefy.com\/es\/wp-json\/wp\/v2\/pages"}],"about":[{"href":"https:\/\/tracefy.com\/es\/wp-json\/wp\/v2\/types\/page"}],"author":[{"embeddable":true,"href":"https:\/\/tracefy.com\/es\/wp-json\/wp\/v2\/users\/1"}],"replies":[{"embeddable":true,"href":"https:\/\/tracefy.com\/es\/wp-json\/wp\/v2\/comments?post=6804"}],"version-history":[{"count":28,"href":"https:\/\/tracefy.com\/es\/wp-json\/wp\/v2\/pages\/6804\/revisions"}],"predecessor-version":[{"id":7020,"href":"https:\/\/tracefy.com\/es\/wp-json\/wp\/v2\/pages\/6804\/revisions\/7020"}],"wp:attachment":[{"href":"https:\/\/tracefy.com\/es\/wp-json\/wp\/v2\/media?parent=6804"}],"curies":[{"name":"wp","href":"https:\/\/api.w.org\/{rel}","templated":true}]}}