{"id":8912,"date":"2024-11-25T09:24:42","date_gmt":"2024-11-25T08:24:42","guid":{"rendered":"https:\/\/new.tracefy.com\/?page_id=8912"},"modified":"2024-11-25T09:28:12","modified_gmt":"2024-11-25T08:28:12","slug":"gps-tracker-e-bike","status":"publish","type":"page","link":"https:\/\/tracefy.com\/es\/gps-tracker-e-bike\/","title":{"rendered":"Localizador GPS E-bike"},"content":{"rendered":"<div data-elementor-type=\"wp-page\" data-elementor-id=\"8912\" class=\"elementor elementor-8912\" data-elementor-post-type=\"page\">\n\t\t\t\t<div class=\"elementor-element elementor-element-d37f5d3 e-flex e-con-boxed e-con e-parent\" data-id=\"d37f5d3\" data-element_type=\"container\" data-e-type=\"container\" data-settings=\"{&quot;background_background&quot;:&quot;classic&quot;,&quot;jet_parallax_layout_list&quot;:[]}\">\n\t\t\t\t\t<div class=\"e-con-inner\">\n\t\t\t\t<div class=\"elementor-element elementor-element-20fe3bf elementor-widget elementor-widget-heading\" data-id=\"20fe3bf\" data-element_type=\"widget\" data-e-type=\"widget\" data-widget_type=\"heading.default\">\n\t\t\t\t<div class=\"elementor-widget-container\">\n\t\t\t\t\t<h2 class=\"elementor-heading-title elementor-size-default\">Localizador GPS E-bike<\/h2>\t\t\t\t<\/div>\n\t\t\t\t<\/div>\n\t\t\t\t\t<\/div>\n\t\t\t\t<\/div>\n\t\t<div class=\"elementor-element elementor-element-7c66b1e e-flex e-con-boxed e-con e-parent\" data-id=\"7c66b1e\" data-element_type=\"container\" data-e-type=\"container\" data-settings=\"{&quot;jet_parallax_layout_list&quot;:[]}\">\n\t\t\t\t\t<div class=\"e-con-inner\">\n\t\t\t\t<div class=\"elementor-element elementor-element-1fb301e elementor-widget elementor-widget-text-editor\" data-id=\"1fb301e\" data-element_type=\"widget\" data-e-type=\"widget\" data-widget_type=\"text-editor.default\">\n\t\t\t\t<div class=\"elementor-widget-container\">\n\t\t\t\t\t\t\t\t\t<p><span style=\"font-weight: 400;\">Cuida de tu e-bike. Por eso, un rastreador GPS para su e-bike o una bicicleta el\u00e9ctrica con rastreador GPS es muy popular. Por desgracia, el robo de bicicletas sigue siendo muy com\u00fan. Y las e-bikes tambi\u00e9n son muy populares entre los ladrones de bicicletas debido a su alto valor de compra. Por supuesto, siempre se quiere evitar el robo, pero si sucede, es bueno saber que gracias al rastreador gps ebike, hay una buena probabilidad de que se recupere. Y debido a esta alta probabilidad de encontrar su e-bike, tambi\u00e9n obtendr\u00e1 un descuento en su <\/span><a href=\"https:\/\/tracefy.com\/es\/elektrische-fiets-verzekeren-met-tracefy\/\"><span style=\"font-weight: 400;\">seguro de bicicleta<\/span><\/a><span style=\"font-weight: 400;\">.<\/span><\/p>\t\t\t\t\t\t\t\t<\/div>\n\t\t\t\t<\/div>\n\t\t\t\t\t<\/div>\n\t\t\t\t<\/div>\n\t\t<div class=\"elementor-element elementor-element-037dd25 e-flex e-con-boxed e-con e-parent\" data-id=\"037dd25\" data-element_type=\"container\" data-e-type=\"container\" data-settings=\"{&quot;jet_parallax_layout_list&quot;:[]}\">\n\t\t\t\t\t<div class=\"e-con-inner\">\n\t\t\t\t<div class=\"elementor-element elementor-element-c24ee7c elementor-widget elementor-widget-heading\" data-id=\"c24ee7c\" data-element_type=\"widget\" data-e-type=\"widget\" data-widget_type=\"heading.default\">\n\t\t\t\t<div class=\"elementor-widget-container\">\n\t\t\t\t\t<h2 class=\"elementor-heading-title elementor-size-default\">Rastreador multifunci\u00f3n para bicicleta el\u00e9ctrica<\/h2>\t\t\t\t<\/div>\n\t\t\t\t<\/div>\n\t\t\t\t<div class=\"elementor-element elementor-element-6d012b6 elementor-widget elementor-widget-text-editor\" data-id=\"6d012b6\" data-element_type=\"widget\" data-e-type=\"widget\" data-widget_type=\"text-editor.default\">\n\t\t\t\t<div class=\"elementor-widget-container\">\n\t\t\t\t\t\t\t\t\t<p><span style=\"font-weight: 400;\">El rastreador gps para su e-bike no s\u00f3lo es \u00fatil para volver a encontrarla despu\u00e9s de un robo. Dado que este rastreador gps tambi\u00e9n realiza un seguimiento de sus paseos, puede ver despu\u00e9s exactamente qu\u00e9 rutas han recorrido y, en funci\u00f3n del n\u00famero de kil\u00f3metros recorridos, recibir\u00e1 un recordatorio de cu\u00e1ndo es el momento de realizar de nuevo el mantenimiento peri\u00f3dico. \u00a1Pr\u00e1ctico! De esta manera, su e-bike gps tracker est\u00e1 completamente al servicio de su comportamiento ciclista. Una bicicleta el\u00e9ctrica con rastreador gps es el siguiente paso en la innovaci\u00f3n ciclista.<\/span><\/p>\t\t\t\t\t\t\t\t<\/div>\n\t\t\t\t<\/div>\n\t\t\t\t<div class=\"elementor-element elementor-element-4677f79 elementor-align-center elementor-widget elementor-widget-global elementor-global-6593 elementor-widget-button\" data-id=\"4677f79\" data-element_type=\"widget\" data-e-type=\"widget\" data-widget_type=\"button.default\">\n\t\t\t\t<div class=\"elementor-widget-container\">\n\t\t\t\t\t\t\t\t\t<div class=\"elementor-button-wrapper\">\n\t\t\t\t\t<a class=\"elementor-button elementor-button-link elementor-size-sm\" href=\"https:\/\/tracefy.com\/es\/distribuidores\/busqueda-de-distribuidores\/\">\n\t\t\t\t\t\t<span class=\"elementor-button-content-wrapper\">\n\t\t\t\t\t\t<span class=\"elementor-button-icon\">\n\t\t\t\t<svg aria-hidden=\"true\" class=\"e-font-icon-svg e-far-arrow-alt-circle-right\" viewbox=\"0 0 512 512\" xmlns=\"http:\/\/www.w3.org\/2000\/svg\"><path d=\"M504 256C504 119 393 8 256 8S8 119 8 256s111 248 248 248 248-111 248-248zm-448 0c0-110.5 89.5-200 200-200s200 89.5 200 200-89.5 200-200 200S56 366.5 56 256zm72 20v-40c0-6.6 5.4-12 12-12h116v-67c0-10.7 12.9-16 20.5-8.5l99 99c4.7 4.7 4.7 12.3 0 17l-99 99c-7.6 7.6-20.5 2.2-20.5-8.5v-67H140c-6.6 0-12-5.4-12-12z\"><\/path><\/svg>\t\t\t<\/span>\n\t\t\t\t\t\t\t\t\t<span class=\"elementor-button-text\">Encontrar un distribuidor<\/span>\n\t\t\t\t\t<\/span>\n\t\t\t\t\t<\/a>\n\t\t\t\t<\/div>\n\t\t\t\t\t\t\t\t<\/div>\n\t\t\t\t<\/div>\n\t\t\t\t\t<\/div>\n\t\t\t\t<\/div>\n\t\t<div class=\"elementor-element elementor-element-4c7ec4d e-flex e-con-boxed e-con e-parent\" data-id=\"4c7ec4d\" data-element_type=\"container\" data-e-type=\"container\" data-settings=\"{&quot;background_background&quot;:&quot;classic&quot;,&quot;jet_parallax_layout_list&quot;:[]}\">\n\t\t\t\t\t<div class=\"e-con-inner\">\n\t\t<div class=\"elementor-element elementor-element-0a60ef0 e-con-full e-flex e-con e-child\" data-id=\"0a60ef0\" data-element_type=\"container\" data-e-type=\"container\" data-settings=\"{&quot;jet_parallax_layout_list&quot;:[]}\">\n\t\t\t\t<div class=\"elementor-element elementor-element-5bff949 elementor-widget elementor-widget-heading\" data-id=\"5bff949\" data-element_type=\"widget\" data-e-type=\"widget\" data-widget_type=\"heading.default\">\n\t\t\t\t<div class=\"elementor-widget-container\">\n\t\t\t\t\t<h2 class=\"elementor-heading-title elementor-size-default\">El mejor rastreador GPS para bicicletas el\u00e9ctricas<\/h2>\t\t\t\t<\/div>\n\t\t\t\t<\/div>\n\t\t\t\t<div class=\"elementor-element elementor-element-0248274 elementor-widget elementor-widget-text-editor\" data-id=\"0248274\" data-element_type=\"widget\" data-e-type=\"widget\" data-widget_type=\"text-editor.default\">\n\t\t\t\t<div class=\"elementor-widget-container\">\n\t\t\t\t\t\t\t\t\t<p><a href=\"https:\/\/tracefy.com\/es\/\"><span style=\"font-weight: 400; color: white;\">Tracefy<\/span><\/a><span style=\"font-weight: 400;\"> ofrece la soluci\u00f3n GPS para tu e-bike. Gracias a la bater\u00eda de su e-bike, el rastreador est\u00e1 siempre alimentado. Por lo tanto, nuestro rastreador GPS tambi\u00e9n est\u00e1 dise\u00f1ado espec\u00edficamente para la e-bike.<\/span><\/p><p><span style=\"font-weight: 400;\">El rastreador est\u00e1 integrado adem\u00e1s por reconocidos <\/span><a href=\"https:\/\/tracefy.com\/es\/consumer\/busqueda-de-distribuidores\/\"><span style=\"font-weight: 400;\">distribuidores<\/span><\/a><span style=\"font-weight: 400;\">. Esto se debe a que es importante que el rastreador sea imposible de rastrear y no pueda ser simplemente apagado o desmontado. Por este motivo, hemos decidido utilizar \u00fanicamente una red de distribuidores autorizados para instalar su rastreador GPS. Afortunadamente, puede encontrar f\u00e1cilmente su distribuidor local en nuestro sitio web y siempre hay uno cerca.<\/span><\/p>\t\t\t\t\t\t\t\t<\/div>\n\t\t\t\t<\/div>\n\t\t\t\t<\/div>\n\t\t<div class=\"elementor-element elementor-element-3fceef7 e-con-full e-flex e-con e-child\" data-id=\"3fceef7\" data-element_type=\"container\" data-e-type=\"container\" data-settings=\"{&quot;jet_parallax_layout_list&quot;:[]}\">\n\t\t\t\t<div class=\"elementor-element elementor-element-af01458 elementor-widget elementor-widget-image\" data-id=\"af01458\" data-element_type=\"widget\" data-e-type=\"widget\" data-widget_type=\"image.default\">\n\t\t\t\t<div class=\"elementor-widget-container\">\n\t\t\t\t\t\t\t\t\t\t\t\t\t\t\t<img fetchpriority=\"high\" decoding=\"async\" width=\"800\" height=\"600\" src=\"https:\/\/tracefy.com\/wp-content\/uploads\/2022\/09\/Joerie_gerrits-scaled-1-1024x768.jpg\" class=\"attachment-large size-large wp-image-3044\" alt=\"\" srcset=\"https:\/\/tracefy.com\/wp-content\/uploads\/2022\/09\/Joerie_gerrits-scaled-1-1024x768.jpg 1024w, https:\/\/tracefy.com\/wp-content\/uploads\/2022\/09\/Joerie_gerrits-scaled-1-600x450.jpg 600w, https:\/\/tracefy.com\/wp-content\/uploads\/2022\/09\/Joerie_gerrits-scaled-1-300x225.jpg 300w, https:\/\/tracefy.com\/wp-content\/uploads\/2022\/09\/Joerie_gerrits-scaled-1-768x576.jpg 768w, https:\/\/tracefy.com\/wp-content\/uploads\/2022\/09\/Joerie_gerrits-scaled-1-1536x1152.jpg 1536w, https:\/\/tracefy.com\/wp-content\/uploads\/2022\/09\/Joerie_gerrits-scaled-1-2048x1536.jpg 2048w\" sizes=\"(max-width: 800px) 100vw, 800px\" \/>\t\t\t\t\t\t\t\t\t\t\t\t\t\t\t<\/div>\n\t\t\t\t<\/div>\n\t\t\t\t<\/div>\n\t\t\t\t\t<\/div>\n\t\t\t\t<\/div>\n\t\t<div class=\"elementor-element elementor-element-29fc56f e-flex e-con-boxed e-con e-parent\" data-id=\"29fc56f\" data-element_type=\"container\" data-e-type=\"container\" data-settings=\"{&quot;jet_parallax_layout_list&quot;:[]}\">\n\t\t\t\t\t<div class=\"e-con-inner\">\n\t\t\t\t<div class=\"elementor-element elementor-element-36277e3 elementor-widget elementor-widget-heading\" data-id=\"36277e3\" data-element_type=\"widget\" data-e-type=\"widget\" data-widget_type=\"heading.default\">\n\t\t\t\t<div class=\"elementor-widget-container\">\n\t\t\t\t\t<h2 class=\"elementor-heading-title elementor-size-default\">\u00bfCu\u00e1nto cuesta un localizador GPS para bicicletas el\u00e9ctricas?<\/h2>\t\t\t\t<\/div>\n\t\t\t\t<\/div>\n\t\t\t\t<div class=\"elementor-element elementor-element-999696b elementor-widget elementor-widget-text-editor\" data-id=\"999696b\" data-element_type=\"widget\" data-e-type=\"widget\" data-widget_type=\"text-editor.default\">\n\t\t\t\t<div class=\"elementor-widget-container\">\n\t\t\t\t\t\t\t\t\t<p><span style=\"font-weight: 400;\">El precio de compra incluye el montaje en tu e-bike. Tambi\u00e9n hay dos tipos de suscripciones disponibles. Puede que se pregunte por qu\u00e9 sigue pagando mensualmente por utilizar su rastreador GPS para bicicletas el\u00e9ctricas. Con nuestro localizador GPS para bicicletas el\u00e9ctricas, siempre estar\u00e1 conectado. Tambi\u00e9n puede utilizar nuestra aplicaci\u00f3n para realizar un seguimiento de los datos de su bicicleta. Cobramos una cuota mensual por su mantenimiento. Ver nuestra oferta actual <\/span><a href=\"https:\/\/tracefy.com\/es\/\"><span style=\"font-weight: 400;\">Tarifas de Tracefy<\/span><\/a><span style=\"font-weight: 400;\">.\u00a0 <\/span><\/p>\t\t\t\t\t\t\t\t<\/div>\n\t\t\t\t<\/div>\n\t\t\t\t<div class=\"elementor-element elementor-element-c50bae8 elementor-widget elementor-widget-heading\" data-id=\"c50bae8\" data-element_type=\"widget\" data-e-type=\"widget\" data-widget_type=\"heading.default\">\n\t\t\t\t<div class=\"elementor-widget-container\">\n\t\t\t\t\t<h2 class=\"elementor-heading-title elementor-size-default\">Seguimiento de bicicletas el\u00e9ctricas con Tracefy<\/h2>\t\t\t\t<\/div>\n\t\t\t\t<\/div>\n\t\t\t\t<div class=\"elementor-element elementor-element-da5508c elementor-widget elementor-widget-text-editor\" data-id=\"da5508c\" data-element_type=\"widget\" data-e-type=\"widget\" data-widget_type=\"text-editor.default\">\n\t\t\t\t<div class=\"elementor-widget-container\">\n\t\t\t\t\t\t\t\t\t<p><span style=\"font-weight: 400;\">\u00bfTambi\u00e9n est\u00e1 harto de todos esos robos de bicicletas? Entonces compre hoy mismo su localizador GPS Tracefy. Los pasos son sencillos. Busca tu distribuidor, haz que instalen el rastreador gps en tu e-bike, descarga la app y activa el seguimiento. De esta forma, podr\u00e1s rastrear tu e-bike desde la oficina o desde el sof\u00e1 de tu casa hoy mismo. Y lo que es mejor, tu e-bike no se mover\u00e1 de su sitio cuando t\u00fa no est\u00e9s en ella.<\/span><\/p>\t\t\t\t\t\t\t\t<\/div>\n\t\t\t\t<\/div>\n\t\t\t\t\t<\/div>\n\t\t\t\t<\/div>\n\t\t<div class=\"elementor-element elementor-element-120d857 e-flex e-con-boxed e-con e-parent\" data-id=\"120d857\" data-element_type=\"container\" data-e-type=\"container\" data-settings=\"{&quot;jet_parallax_layout_list&quot;:[]}\">\n\t\t\t\t\t<div class=\"e-con-inner\">\n\t\t\t\t<div class=\"elementor-element elementor-element-5ff82fc elementor-align-center elementor-widget elementor-widget-button\" data-id=\"5ff82fc\" data-element_type=\"widget\" data-e-type=\"widget\" data-widget_type=\"button.default\">\n\t\t\t\t<div class=\"elementor-widget-container\">\n\t\t\t\t\t\t\t\t\t<div class=\"elementor-button-wrapper\">\n\t\t\t\t\t<a class=\"elementor-button elementor-button-link elementor-size-sm\" href=\"https:\/\/tracefy.com\/es\/\">\n\t\t\t\t\t\t<span class=\"elementor-button-content-wrapper\">\n\t\t\t\t\t\t<span class=\"elementor-button-icon\">\n\t\t\t\t<svg aria-hidden=\"true\" class=\"e-font-icon-svg e-far-arrow-alt-circle-right\" viewbox=\"0 0 512 512\" xmlns=\"http:\/\/www.w3.org\/2000\/svg\"><path d=\"M504 256C504 119 393 8 256 8S8 119 8 256s111 248 248 248 248-111 248-248zm-448 0c0-110.5 89.5-200 200-200s200 89.5 200 200-89.5 200-200 200S56 366.5 56 256zm72 20v-40c0-6.6 5.4-12 12-12h116v-67c0-10.7 12.9-16 20.5-8.5l99 99c4.7 4.7 4.7 12.3 0 17l-99 99c-7.6 7.6-20.5 2.2-20.5-8.5v-67H140c-6.6 0-12-5.4-12-12z\"><\/path><\/svg>\t\t\t<\/span>\n\t\t\t\t\t\t\t\t\t<span class=\"elementor-button-text\">Descubra la aplicaci\u00f3n Tracefy<\/span>\n\t\t\t\t\t<\/span>\n\t\t\t\t\t<\/a>\n\t\t\t\t<\/div>\n\t\t\t\t\t\t\t\t<\/div>\n\t\t\t\t<\/div>\n\t\t\t\t\t<\/div>\n\t\t\t\t<\/div>\n\t\t\t\t<\/div>","protected":false},"excerpt":{"rendered":"<p>GPS Tracker E-bike\u200b Jouw e-bike, daar ben je zuinig op. Een gps tracker voor je e-bike of een elektrische fiets met gps tracker is daarom razend populair. Helaas komt diefstal van fietsen nog steeds heel erg veel voor. En ook e-bikes zijn vanwege hun hoge aanschafwaarde erg geliefd onder fietsendieven. Uiteraard wil je diefstal altijd [&hellip;]<\/p>\n","protected":false},"author":1,"featured_media":0,"parent":0,"menu_order":0,"comment_status":"closed","ping_status":"closed","template":"","meta":{"footnotes":""},"class_list":["post-8912","page","type-page","status-publish","hentry"],"yoast_head":"<!-- This site is optimized with the Yoast SEO Premium plugin v27.2 (Yoast SEO v27.2) - https:\/\/yoast.com\/product\/yoast-seo-premium-wordpress\/ -->\n<title>GPS Tracker E-bike - Tracefy | Keep Your Bike Close<\/title>\n<meta name=\"robots\" content=\"index, follow, max-snippet:-1, max-image-preview:large, max-video-preview:-1\" \/>\n<link rel=\"canonical\" href=\"https:\/\/tracefy.com\/es\/gps-tracker-e-bike\/\" \/>\n<meta property=\"og:locale\" content=\"es_ES\" \/>\n<meta property=\"og:type\" content=\"article\" \/>\n<meta property=\"og:title\" content=\"GPS Tracker E-bike\" \/>\n<meta property=\"og:description\" content=\"GPS Tracker E-bike\u200b Jouw e-bike, daar ben je zuinig op. Een gps tracker voor je e-bike of een elektrische fiets met gps tracker is daarom razend populair. Helaas komt diefstal van fietsen nog steeds heel erg veel voor. En ook e-bikes zijn vanwege hun hoge aanschafwaarde erg geliefd onder fietsendieven. Uiteraard wil je diefstal altijd [&hellip;]\" \/>\n<meta property=\"og:url\" content=\"https:\/\/tracefy.com\/es\/gps-tracker-e-bike\/\" \/>\n<meta property=\"og:site_name\" content=\"Tracefy | Keep Your Bike Close\" \/>\n<meta property=\"article:publisher\" content=\"https:\/\/www.facebook.com\/Tracefy\/\" \/>\n<meta property=\"article:modified_time\" content=\"2024-11-25T08:28:12+00:00\" \/>\n<meta property=\"og:image\" content=\"https:\/\/new.tracefy.com\/wp-content\/uploads\/2022\/09\/Joerie_gerrits-scaled-1-1024x768.jpg\" \/>\n<meta name=\"twitter:card\" content=\"summary_large_image\" \/>\n<meta name=\"twitter:label1\" content=\"Tiempo de lectura\" \/>\n\t<meta name=\"twitter:data1\" content=\"2 minutos\" \/>\n<script type=\"application\/ld+json\" class=\"yoast-schema-graph\">{\"@context\":\"https:\/\/schema.org\",\"@graph\":[{\"@type\":\"WebPage\",\"@id\":\"https:\/\/tracefy.com\/gps-tracker-e-bike\/\",\"url\":\"https:\/\/tracefy.com\/gps-tracker-e-bike\/\",\"name\":\"GPS Tracker E-bike - Tracefy | Keep Your Bike Close\",\"isPartOf\":{\"@id\":\"https:\/\/tracefy.com\/nl\/#website\"},\"primaryImageOfPage\":{\"@id\":\"https:\/\/tracefy.com\/gps-tracker-e-bike\/#primaryimage\"},\"image\":{\"@id\":\"https:\/\/tracefy.com\/gps-tracker-e-bike\/#primaryimage\"},\"thumbnailUrl\":\"https:\/\/new.tracefy.com\/wp-content\/uploads\/2022\/09\/Joerie_gerrits-scaled-1-1024x768.jpg\",\"datePublished\":\"2024-11-25T08:24:42+00:00\",\"dateModified\":\"2024-11-25T08:28:12+00:00\",\"breadcrumb\":{\"@id\":\"https:\/\/tracefy.com\/gps-tracker-e-bike\/#breadcrumb\"},\"inLanguage\":\"es\",\"potentialAction\":[{\"@type\":\"ReadAction\",\"target\":[\"https:\/\/tracefy.com\/gps-tracker-e-bike\/\"]}]},{\"@type\":\"ImageObject\",\"inLanguage\":\"es\",\"@id\":\"https:\/\/tracefy.com\/gps-tracker-e-bike\/#primaryimage\",\"url\":\"https:\/\/new.tracefy.com\/wp-content\/uploads\/2022\/09\/Joerie_gerrits-scaled-1-1024x768.jpg\",\"contentUrl\":\"https:\/\/new.tracefy.com\/wp-content\/uploads\/2022\/09\/Joerie_gerrits-scaled-1-1024x768.jpg\"},{\"@type\":\"BreadcrumbList\",\"@id\":\"https:\/\/tracefy.com\/gps-tracker-e-bike\/#breadcrumb\",\"itemListElement\":[{\"@type\":\"ListItem\",\"position\":1,\"name\":\"Home\",\"item\":\"https:\/\/tracefy.com\/\"},{\"@type\":\"ListItem\",\"position\":2,\"name\":\"GPS Tracker E-bike\"}]},{\"@type\":\"WebSite\",\"@id\":\"https:\/\/tracefy.com\/nl\/#website\",\"url\":\"https:\/\/tracefy.com\/nl\/\",\"name\":\"Tracefy | Keep Your Bike Close\",\"description\":\"\",\"publisher\":{\"@id\":\"https:\/\/tracefy.com\/nl\/#organization\"},\"potentialAction\":[{\"@type\":\"SearchAction\",\"target\":{\"@type\":\"EntryPoint\",\"urlTemplate\":\"https:\/\/tracefy.com\/nl\/?s={search_term_string}\"},\"query-input\":{\"@type\":\"PropertyValueSpecification\",\"valueRequired\":true,\"valueName\":\"search_term_string\"}}],\"inLanguage\":\"es\"},{\"@type\":\"Organization\",\"@id\":\"https:\/\/tracefy.com\/nl\/#organization\",\"name\":\"Tracefy | Keep Your Bike Close\",\"url\":\"https:\/\/tracefy.com\/nl\/\",\"logo\":{\"@type\":\"ImageObject\",\"inLanguage\":\"es\",\"@id\":\"https:\/\/tracefy.com\/nl\/#\/schema\/logo\/image\/\",\"url\":\"https:\/\/tracefy.com\/wp-content\/uploads\/2021\/10\/Tracefy_logo_payoff-2022.svg\",\"contentUrl\":\"https:\/\/tracefy.com\/wp-content\/uploads\/2021\/10\/Tracefy_logo_payoff-2022.svg\",\"width\":517.5,\"height\":285.9,\"caption\":\"Tracefy | Keep Your Bike Close\"},\"image\":{\"@id\":\"https:\/\/tracefy.com\/nl\/#\/schema\/logo\/image\/\"},\"sameAs\":[\"https:\/\/www.facebook.com\/Tracefy\/\",\"https:\/\/www.instagram.com\/tracefy_iot\/\",\"https:\/\/www.youtube.com\/@tracefy_iot\",\"https:\/\/www.linkedin.com\/company\/tracefy\/\"]}]}<\/script>\n<!-- \/ Yoast SEO Premium plugin. -->","yoast_head_json":{"title":"GPS Tracker E-bike - Tracefy | Mant\u00e9n tu bici cerca","robots":{"index":"index","follow":"follow","max-snippet":"max-snippet:-1","max-image-preview":"max-image-preview:large","max-video-preview":"max-video-preview:-1"},"canonical":"https:\/\/tracefy.com\/es\/gps-tracker-e-bike\/","og_locale":"es_ES","og_type":"article","og_title":"GPS Tracker E-bike","og_description":"GPS Tracker E-bike\u200b Jouw e-bike, daar ben je zuinig op. Een gps tracker voor je e-bike of een elektrische fiets met gps tracker is daarom razend populair. Helaas komt diefstal van fietsen nog steeds heel erg veel voor. En ook e-bikes zijn vanwege hun hoge aanschafwaarde erg geliefd onder fietsendieven. Uiteraard wil je diefstal altijd [&hellip;]","og_url":"https:\/\/tracefy.com\/es\/gps-tracker-e-bike\/","og_site_name":"Tracefy | Keep Your Bike Close","article_publisher":"https:\/\/www.facebook.com\/Tracefy\/","article_modified_time":"2024-11-25T08:28:12+00:00","og_image":[{"url":"https:\/\/new.tracefy.com\/wp-content\/uploads\/2022\/09\/Joerie_gerrits-scaled-1-1024x768.jpg","type":"","width":"","height":""}],"twitter_card":"summary_large_image","twitter_misc":{"Tiempo de lectura":"2 minutos"},"schema":{"@context":"https:\/\/schema.org","@graph":[{"@type":"WebPage","@id":"https:\/\/tracefy.com\/gps-tracker-e-bike\/","url":"https:\/\/tracefy.com\/gps-tracker-e-bike\/","name":"GPS Tracker E-bike - Tracefy | Mant\u00e9n tu bici cerca","isPartOf":{"@id":"https:\/\/tracefy.com\/nl\/#website"},"primaryImageOfPage":{"@id":"https:\/\/tracefy.com\/gps-tracker-e-bike\/#primaryimage"},"image":{"@id":"https:\/\/tracefy.com\/gps-tracker-e-bike\/#primaryimage"},"thumbnailUrl":"https:\/\/new.tracefy.com\/wp-content\/uploads\/2022\/09\/Joerie_gerrits-scaled-1-1024x768.jpg","datePublished":"2024-11-25T08:24:42+00:00","dateModified":"2024-11-25T08:28:12+00:00","breadcrumb":{"@id":"https:\/\/tracefy.com\/gps-tracker-e-bike\/#breadcrumb"},"inLanguage":"es","potentialAction":[{"@type":"ReadAction","target":["https:\/\/tracefy.com\/gps-tracker-e-bike\/"]}]},{"@type":"ImageObject","inLanguage":"es","@id":"https:\/\/tracefy.com\/gps-tracker-e-bike\/#primaryimage","url":"https:\/\/new.tracefy.com\/wp-content\/uploads\/2022\/09\/Joerie_gerrits-scaled-1-1024x768.jpg","contentUrl":"https:\/\/new.tracefy.com\/wp-content\/uploads\/2022\/09\/Joerie_gerrits-scaled-1-1024x768.jpg"},{"@type":"BreadcrumbList","@id":"https:\/\/tracefy.com\/gps-tracker-e-bike\/#breadcrumb","itemListElement":[{"@type":"ListItem","position":1,"name":"Home","item":"https:\/\/tracefy.com\/"},{"@type":"ListItem","position":2,"name":"GPS Tracker E-bike"}]},{"@type":"WebSite","@id":"https:\/\/tracefy.com\/nl\/#website","url":"https:\/\/tracefy.com\/nl\/","name":"Tracefy | Mant\u00e9n tu bici cerca","description":"","publisher":{"@id":"https:\/\/tracefy.com\/nl\/#organization"},"potentialAction":[{"@type":"SearchAction","target":{"@type":"EntryPoint","urlTemplate":"https:\/\/tracefy.com\/nl\/?s={search_term_string}"},"query-input":{"@type":"PropertyValueSpecification","valueRequired":true,"valueName":"search_term_string"}}],"inLanguage":"es"},{"@type":"Organization","@id":"https:\/\/tracefy.com\/nl\/#organization","name":"Tracefy | Mant\u00e9n tu bici cerca","url":"https:\/\/tracefy.com\/nl\/","logo":{"@type":"ImageObject","inLanguage":"es","@id":"https:\/\/tracefy.com\/nl\/#\/schema\/logo\/image\/","url":"https:\/\/tracefy.com\/wp-content\/uploads\/2021\/10\/Tracefy_logo_payoff-2022.svg","contentUrl":"https:\/\/tracefy.com\/wp-content\/uploads\/2021\/10\/Tracefy_logo_payoff-2022.svg","width":517.5,"height":285.9,"caption":"Tracefy | Keep Your Bike Close"},"image":{"@id":"https:\/\/tracefy.com\/nl\/#\/schema\/logo\/image\/"},"sameAs":["https:\/\/www.facebook.com\/Tracefy\/","https:\/\/www.instagram.com\/tracefy_iot\/","https:\/\/www.youtube.com\/@tracefy_iot","https:\/\/www.linkedin.com\/company\/tracefy\/"]}]}},"_links":{"self":[{"href":"https:\/\/tracefy.com\/es\/wp-json\/wp\/v2\/pages\/8912","targetHints":{"allow":["GET"]}}],"collection":[{"href":"https:\/\/tracefy.com\/es\/wp-json\/wp\/v2\/pages"}],"about":[{"href":"https:\/\/tracefy.com\/es\/wp-json\/wp\/v2\/types\/page"}],"author":[{"embeddable":true,"href":"https:\/\/tracefy.com\/es\/wp-json\/wp\/v2\/users\/1"}],"replies":[{"embeddable":true,"href":"https:\/\/tracefy.com\/es\/wp-json\/wp\/v2\/comments?post=8912"}],"version-history":[{"count":4,"href":"https:\/\/tracefy.com\/es\/wp-json\/wp\/v2\/pages\/8912\/revisions"}],"predecessor-version":[{"id":8916,"href":"https:\/\/tracefy.com\/es\/wp-json\/wp\/v2\/pages\/8912\/revisions\/8916"}],"wp:attachment":[{"href":"https:\/\/tracefy.com\/es\/wp-json\/wp\/v2\/media?parent=8912"}],"curies":[{"name":"wp","href":"https:\/\/api.w.org\/{rel}","templated":true}]}}