{"id":8994,"date":"2024-12-09T15:25:14","date_gmt":"2024-12-09T14:25:14","guid":{"rendered":"https:\/\/new.tracefy.com\/?page_id=8994"},"modified":"2024-12-10T14:24:37","modified_gmt":"2024-12-10T13:24:37","slug":"carro-tracefy","status":"publish","type":"page","link":"https:\/\/tracefy.com\/es\/tracefy-winkelwagen\/","title":{"rendered":"Carro de la compra Tracefy"},"content":{"rendered":"<div data-elementor-type=\"wp-page\" data-elementor-id=\"8994\" class=\"elementor elementor-8994\" data-elementor-post-type=\"page\">\n\t\t\t\t<div class=\"elementor-element elementor-element-c9595b5 e-flex e-con-boxed e-con e-parent\" data-id=\"c9595b5\" data-element_type=\"container\" data-e-type=\"container\" data-settings=\"{&quot;jet_parallax_layout_list&quot;:[]}\">\n\t\t\t\t\t<div class=\"e-con-inner\">\n\t\t\t\t<div class=\"elementor-element elementor-element-b2aa678 elementor-widget elementor-widget-heading\" data-id=\"b2aa678\" data-element_type=\"widget\" data-e-type=\"widget\" data-widget_type=\"heading.default\">\n\t\t\t\t<div class=\"elementor-widget-container\">\n\t\t\t\t\t<h2 class=\"elementor-heading-title elementor-size-default\">Tracefy Carrito de la compra<\/h2>\t\t\t\t<\/div>\n\t\t\t\t<\/div>\n\t\t\t\t\t<\/div>\n\t\t\t\t<\/div>\n\t\t<div class=\"elementor-element elementor-element-5aa8e05 e-flex e-con-boxed e-con e-parent\" data-id=\"5aa8e05\" data-element_type=\"container\" data-e-type=\"container\" data-settings=\"{&quot;jet_parallax_layout_list&quot;:[]}\">\n\t\t\t\t\t<div class=\"e-con-inner\">\n\t\t\t\t\t<\/div>\n\t\t\t\t<\/div>\n\t\t\t\t<\/div>","protected":false},"excerpt":{"rendered":"<p>Tracefy Cesta de la compra Eliminar art\u00edculo Imagen en miniatura Precio del producto N\u00famero Subtotal \u00d7 Tracefy SOLO GPS Tracker incl. Instalaci\u00f3n \u20ac 325,00 Tracefy SOLO GPS Tracker incl. Instalaci\u00f3n n\u00famero \u20ac 325,00 Total de la cesta de la compra Subtotal \u20ac 325,00 Total \u20ac 325,00 (impuestos incluidos \u20ac 56,40) Proceder a la compra<\/p>","protected":false},"author":1,"featured_media":0,"parent":0,"menu_order":0,"comment_status":"closed","ping_status":"closed","template":"","meta":{"footnotes":""},"class_list":["post-8994","page","type-page","status-publish","hentry"],"yoast_head":"<!-- This site is optimized with the Yoast SEO Premium plugin v27.2 (Yoast SEO v27.2) - https:\/\/yoast.com\/product\/yoast-seo-premium-wordpress\/ -->\n<title>Tracefy winkelwagen - Tracefy | Keep Your Bike Close<\/title>\n<meta name=\"robots\" content=\"index, follow, max-snippet:-1, max-image-preview:large, max-video-preview:-1\" \/>\n<link rel=\"canonical\" href=\"https:\/\/tracefy.com\/es\/carro-tracefy\/\" \/>\n<meta property=\"og:locale\" content=\"es_ES\" \/>\n<meta property=\"og:type\" content=\"article\" \/>\n<meta property=\"og:title\" content=\"Tracefy winkelwagen\" \/>\n<meta property=\"og:description\" content=\"Tracefy Winkelwagen Artikel verwijderen Miniatuurafbeelding Product Prijs Aantal Subtotaal &times; Tracefy SOLO GPS Tracker incl. Installatie &euro;&nbsp;325,00 Tracefy SOLO GPS Tracker incl. Installatie aantal &euro;&nbsp;325,00 Totalen winkelwagen Subtotaal &euro;&nbsp;325,00 Totaal &euro;&nbsp;325,00 (inclusief &euro;&nbsp;56,40 Belasting) Doorgaan naar kassa\" \/>\n<meta property=\"og:url\" content=\"https:\/\/tracefy.com\/es\/carro-tracefy\/\" \/>\n<meta property=\"og:site_name\" content=\"Tracefy | Keep Your Bike Close\" \/>\n<meta property=\"article:publisher\" content=\"https:\/\/www.facebook.com\/Tracefy\/\" \/>\n<meta property=\"article:modified_time\" content=\"2024-12-10T13:24:37+00:00\" \/>\n<meta property=\"og:image\" content=\"https:\/\/new.tracefy.com\/wp-content\/uploads\/woocommerce-placeholder.png\" \/>\n<meta name=\"twitter:card\" content=\"summary_large_image\" \/>\n<script type=\"application\/ld+json\" class=\"yoast-schema-graph\">{\"@context\":\"https:\/\/schema.org\",\"@graph\":[{\"@type\":\"WebPage\",\"@id\":\"https:\/\/tracefy.com\/tracefy-winkelwagen\/\",\"url\":\"https:\/\/tracefy.com\/tracefy-winkelwagen\/\",\"name\":\"Tracefy winkelwagen - Tracefy | Keep Your Bike Close\",\"isPartOf\":{\"@id\":\"https:\/\/tracefy.com\/nl\/#website\"},\"primaryImageOfPage\":{\"@id\":\"https:\/\/tracefy.com\/tracefy-winkelwagen\/#primaryimage\"},\"image\":{\"@id\":\"https:\/\/tracefy.com\/tracefy-winkelwagen\/#primaryimage\"},\"thumbnailUrl\":\"https:\/\/new.tracefy.com\/wp-content\/uploads\/woocommerce-placeholder.png\",\"datePublished\":\"2024-12-09T14:25:14+00:00\",\"dateModified\":\"2024-12-10T13:24:37+00:00\",\"breadcrumb\":{\"@id\":\"https:\/\/tracefy.com\/tracefy-winkelwagen\/#breadcrumb\"},\"inLanguage\":\"es\",\"potentialAction\":[{\"@type\":\"ReadAction\",\"target\":[\"https:\/\/tracefy.com\/tracefy-winkelwagen\/\"]}]},{\"@type\":\"ImageObject\",\"inLanguage\":\"es\",\"@id\":\"https:\/\/tracefy.com\/tracefy-winkelwagen\/#primaryimage\",\"url\":\"https:\/\/new.tracefy.com\/wp-content\/uploads\/woocommerce-placeholder.png\",\"contentUrl\":\"https:\/\/new.tracefy.com\/wp-content\/uploads\/woocommerce-placeholder.png\"},{\"@type\":\"BreadcrumbList\",\"@id\":\"https:\/\/tracefy.com\/tracefy-winkelwagen\/#breadcrumb\",\"itemListElement\":[{\"@type\":\"ListItem\",\"position\":1,\"name\":\"Home\",\"item\":\"https:\/\/tracefy.com\/\"},{\"@type\":\"ListItem\",\"position\":2,\"name\":\"Tracefy winkelwagen\"}]},{\"@type\":\"WebSite\",\"@id\":\"https:\/\/tracefy.com\/nl\/#website\",\"url\":\"https:\/\/tracefy.com\/nl\/\",\"name\":\"Tracefy | Keep Your Bike Close\",\"description\":\"\",\"publisher\":{\"@id\":\"https:\/\/tracefy.com\/nl\/#organization\"},\"potentialAction\":[{\"@type\":\"SearchAction\",\"target\":{\"@type\":\"EntryPoint\",\"urlTemplate\":\"https:\/\/tracefy.com\/nl\/?s={search_term_string}\"},\"query-input\":{\"@type\":\"PropertyValueSpecification\",\"valueRequired\":true,\"valueName\":\"search_term_string\"}}],\"inLanguage\":\"es\"},{\"@type\":\"Organization\",\"@id\":\"https:\/\/tracefy.com\/nl\/#organization\",\"name\":\"Tracefy | Keep Your Bike Close\",\"url\":\"https:\/\/tracefy.com\/nl\/\",\"logo\":{\"@type\":\"ImageObject\",\"inLanguage\":\"es\",\"@id\":\"https:\/\/tracefy.com\/nl\/#\/schema\/logo\/image\/\",\"url\":\"https:\/\/tracefy.com\/wp-content\/uploads\/2021\/10\/Tracefy_logo_payoff-2022.svg\",\"contentUrl\":\"https:\/\/tracefy.com\/wp-content\/uploads\/2021\/10\/Tracefy_logo_payoff-2022.svg\",\"width\":517.5,\"height\":285.9,\"caption\":\"Tracefy | Keep Your Bike Close\"},\"image\":{\"@id\":\"https:\/\/tracefy.com\/nl\/#\/schema\/logo\/image\/\"},\"sameAs\":[\"https:\/\/www.facebook.com\/Tracefy\/\",\"https:\/\/www.instagram.com\/tracefy_iot\/\",\"https:\/\/www.youtube.com\/@tracefy_iot\",\"https:\/\/www.linkedin.com\/company\/tracefy\/\"]}]}<\/script>\n<!-- \/ Yoast SEO Premium plugin. -->","yoast_head_json":{"title":"Carro de la compra Tracefy - Tracefy | Mant\u00e9n tu bicicleta cerca","robots":{"index":"index","follow":"follow","max-snippet":"max-snippet:-1","max-image-preview":"max-image-preview:large","max-video-preview":"max-video-preview:-1"},"canonical":"https:\/\/tracefy.com\/es\/carro-tracefy\/","og_locale":"es_ES","og_type":"article","og_title":"Tracefy winkelwagen","og_description":"Tracefy Winkelwagen Artikel verwijderen Miniatuurafbeelding Product Prijs Aantal Subtotaal &times; Tracefy SOLO GPS Tracker incl. Installatie &euro;&nbsp;325,00 Tracefy SOLO GPS Tracker incl. Installatie aantal &euro;&nbsp;325,00 Totalen winkelwagen Subtotaal &euro;&nbsp;325,00 Totaal &euro;&nbsp;325,00 (inclusief &euro;&nbsp;56,40 Belasting) Doorgaan naar kassa","og_url":"https:\/\/tracefy.com\/es\/carro-tracefy\/","og_site_name":"Tracefy | Keep Your Bike Close","article_publisher":"https:\/\/www.facebook.com\/Tracefy\/","article_modified_time":"2024-12-10T13:24:37+00:00","og_image":[{"url":"https:\/\/new.tracefy.com\/wp-content\/uploads\/woocommerce-placeholder.png","type":"","width":"","height":""}],"twitter_card":"summary_large_image","schema":{"@context":"https:\/\/schema.org","@graph":[{"@type":"WebPage","@id":"https:\/\/tracefy.com\/tracefy-winkelwagen\/","url":"https:\/\/tracefy.com\/tracefy-winkelwagen\/","name":"Carro de la compra Tracefy - Tracefy | Mant\u00e9n tu bicicleta cerca","isPartOf":{"@id":"https:\/\/tracefy.com\/nl\/#website"},"primaryImageOfPage":{"@id":"https:\/\/tracefy.com\/tracefy-winkelwagen\/#primaryimage"},"image":{"@id":"https:\/\/tracefy.com\/tracefy-winkelwagen\/#primaryimage"},"thumbnailUrl":"https:\/\/new.tracefy.com\/wp-content\/uploads\/woocommerce-placeholder.png","datePublished":"2024-12-09T14:25:14+00:00","dateModified":"2024-12-10T13:24:37+00:00","breadcrumb":{"@id":"https:\/\/tracefy.com\/tracefy-winkelwagen\/#breadcrumb"},"inLanguage":"es","potentialAction":[{"@type":"ReadAction","target":["https:\/\/tracefy.com\/tracefy-winkelwagen\/"]}]},{"@type":"ImageObject","inLanguage":"es","@id":"https:\/\/tracefy.com\/tracefy-winkelwagen\/#primaryimage","url":"https:\/\/new.tracefy.com\/wp-content\/uploads\/woocommerce-placeholder.png","contentUrl":"https:\/\/new.tracefy.com\/wp-content\/uploads\/woocommerce-placeholder.png"},{"@type":"BreadcrumbList","@id":"https:\/\/tracefy.com\/tracefy-winkelwagen\/#breadcrumb","itemListElement":[{"@type":"ListItem","position":1,"name":"Home","item":"https:\/\/tracefy.com\/"},{"@type":"ListItem","position":2,"name":"Tracefy winkelwagen"}]},{"@type":"WebSite","@id":"https:\/\/tracefy.com\/nl\/#website","url":"https:\/\/tracefy.com\/nl\/","name":"Tracefy | Mant\u00e9n tu bici cerca","description":"","publisher":{"@id":"https:\/\/tracefy.com\/nl\/#organization"},"potentialAction":[{"@type":"SearchAction","target":{"@type":"EntryPoint","urlTemplate":"https:\/\/tracefy.com\/nl\/?s={search_term_string}"},"query-input":{"@type":"PropertyValueSpecification","valueRequired":true,"valueName":"search_term_string"}}],"inLanguage":"es"},{"@type":"Organization","@id":"https:\/\/tracefy.com\/nl\/#organization","name":"Tracefy | Mant\u00e9n tu bici cerca","url":"https:\/\/tracefy.com\/nl\/","logo":{"@type":"ImageObject","inLanguage":"es","@id":"https:\/\/tracefy.com\/nl\/#\/schema\/logo\/image\/","url":"https:\/\/tracefy.com\/wp-content\/uploads\/2021\/10\/Tracefy_logo_payoff-2022.svg","contentUrl":"https:\/\/tracefy.com\/wp-content\/uploads\/2021\/10\/Tracefy_logo_payoff-2022.svg","width":517.5,"height":285.9,"caption":"Tracefy | Keep Your Bike Close"},"image":{"@id":"https:\/\/tracefy.com\/nl\/#\/schema\/logo\/image\/"},"sameAs":["https:\/\/www.facebook.com\/Tracefy\/","https:\/\/www.instagram.com\/tracefy_iot\/","https:\/\/www.youtube.com\/@tracefy_iot","https:\/\/www.linkedin.com\/company\/tracefy\/"]}]}},"_links":{"self":[{"href":"https:\/\/tracefy.com\/es\/wp-json\/wp\/v2\/pages\/8994","targetHints":{"allow":["GET"]}}],"collection":[{"href":"https:\/\/tracefy.com\/es\/wp-json\/wp\/v2\/pages"}],"about":[{"href":"https:\/\/tracefy.com\/es\/wp-json\/wp\/v2\/types\/page"}],"author":[{"embeddable":true,"href":"https:\/\/tracefy.com\/es\/wp-json\/wp\/v2\/users\/1"}],"replies":[{"embeddable":true,"href":"https:\/\/tracefy.com\/es\/wp-json\/wp\/v2\/comments?post=8994"}],"version-history":[{"count":7,"href":"https:\/\/tracefy.com\/es\/wp-json\/wp\/v2\/pages\/8994\/revisions"}],"predecessor-version":[{"id":9002,"href":"https:\/\/tracefy.com\/es\/wp-json\/wp\/v2\/pages\/8994\/revisions\/9002"}],"wp:attachment":[{"href":"https:\/\/tracefy.com\/es\/wp-json\/wp\/v2\/media?parent=8994"}],"curies":[{"name":"wp","href":"https:\/\/api.w.org\/{rel}","templated":true}]}}