{"id":9003,"date":"2024-12-09T15:34:14","date_gmt":"2024-12-09T14:34:14","guid":{"rendered":"https:\/\/new.tracefy.com\/?page_id=9003"},"modified":"2024-12-09T15:36:49","modified_gmt":"2024-12-09T14:36:49","slug":"rastrear-comprar-mi-cuenta","status":"publish","type":"page","link":"https:\/\/tracefy.com\/es\/tracefy-shop-mijn-account\/","title":{"rendered":"Tienda Tracefy Mi cuenta"},"content":{"rendered":"<div data-elementor-type=\"wp-page\" data-elementor-id=\"9003\" class=\"elementor elementor-9003\" data-elementor-post-type=\"page\">\n\t\t\t\t<div class=\"elementor-element elementor-element-c9595b5 e-flex e-con-boxed e-con e-parent\" data-id=\"c9595b5\" data-element_type=\"container\" data-e-type=\"container\" data-settings=\"{&quot;jet_parallax_layout_list&quot;:[]}\">\n\t\t\t\t\t<div class=\"e-con-inner\">\n\t\t\t\t<div class=\"elementor-element elementor-element-b2aa678 elementor-widget elementor-widget-heading\" data-id=\"b2aa678\" data-element_type=\"widget\" data-e-type=\"widget\" data-widget_type=\"heading.default\">\n\t\t\t\t<div class=\"elementor-widget-container\">\n\t\t\t\t\t<h2 class=\"elementor-heading-title elementor-size-default\">Tracefy - Mi cuenta<\/h2>\t\t\t\t<\/div>\n\t\t\t\t<\/div>\n\t\t\t\t\t<\/div>\n\t\t\t\t<\/div>\n\t\t<div class=\"elementor-element elementor-element-5aa8e05 e-flex e-con-boxed e-con e-parent\" data-id=\"5aa8e05\" data-element_type=\"container\" data-e-type=\"container\" data-settings=\"{&quot;jet_parallax_layout_list&quot;:[]}\">\n\t\t\t\t\t<div class=\"e-con-inner\">\n\t\t\t\t<div class=\"elementor-element elementor-element-d5eef9d e-my-account-tabs-horizontal elementor-widget elementor-widget-woocommerce-my-account\" data-id=\"d5eef9d\" data-element_type=\"widget\" data-e-type=\"widget\" data-widget_type=\"woocommerce-my-account.default\">\n\t\t\t\t<div class=\"elementor-widget-container\">\n\t\t\t\t\t<div class=\"e-my-account-tab e-my-account-tab__\">\t\t\t<div class=\"woocommerce\"><\/div>\t\t<\/div>\n\t\t\t\t\t\t<\/div>\n\t\t\t\t<\/div>\n\t\t\t\t\t<\/div>\n\t\t\t\t<\/div>\n\t\t\t\t<\/div>","protected":false},"excerpt":{"rendered":"<p>Tracefy - Mi cuenta Panel de control Pedidos Descargas Direcciones Detalles de cuenta Salir Panel de control Pedidos Descargas Direcciones Detalles de cuenta Salir Hola corigen (\u00bfno corigen? Salir) Desde el panel de control de su cuenta, puede ver sus pedidos recientes, gestionar su direcci\u00f3n de facturaci\u00f3n y editar su contrase\u00f1a y los detalles de su cuenta.<\/p>","protected":false},"author":1,"featured_media":0,"parent":0,"menu_order":0,"comment_status":"closed","ping_status":"closed","template":"","meta":{"footnotes":""},"class_list":["post-9003","page","type-page","status-publish","hentry"],"yoast_head":"<!-- This site is optimized with the Yoast SEO Premium plugin v27.4 (Yoast SEO v27.4) - https:\/\/yoast.com\/product\/yoast-seo-premium-wordpress\/ -->\n<title>Tracefy Shop Mijn Account - Tracefy | Keep Your Bike Close<\/title>\n<meta name=\"robots\" content=\"index, follow, max-snippet:-1, max-image-preview:large, max-video-preview:-1\" \/>\n<link rel=\"canonical\" href=\"https:\/\/tracefy.com\/es\/rastrear-comprar-mi-cuenta\/\" \/>\n<meta property=\"og:locale\" content=\"es_ES\" \/>\n<meta property=\"og:type\" content=\"article\" \/>\n<meta property=\"og:title\" content=\"Tracefy Shop Mijn Account\" \/>\n<meta property=\"og:description\" content=\"Tracefy &#8211; Mijn account Dashboard Bestellingen Downloads Adressen Accountgegevens Uitloggen Dashboard Bestellingen Downloads Adressen Accountgegevens Uitloggen Hallo corigen (niet corigen? Log uit) Vanuit je account-dashboard kan je je recente bestellingen bekijken, je factuuradres beheren en je wachtwoord en accountgegevens bewerken.\" \/>\n<meta property=\"og:url\" content=\"https:\/\/tracefy.com\/es\/rastrear-comprar-mi-cuenta\/\" \/>\n<meta property=\"og:site_name\" content=\"Tracefy | Keep Your Bike Close\" \/>\n<meta property=\"article:publisher\" content=\"https:\/\/www.facebook.com\/Tracefy\/\" \/>\n<meta property=\"article:modified_time\" content=\"2024-12-09T14:36:49+00:00\" \/>\n<meta name=\"twitter:card\" content=\"summary_large_image\" \/>\n<script type=\"application\/ld+json\" class=\"yoast-schema-graph\">{\"@context\":\"https:\\\/\\\/schema.org\",\"@graph\":[{\"@type\":\"WebPage\",\"@id\":\"https:\\\/\\\/tracefy.com\\\/tracefy-shop-mijn-account\\\/\",\"url\":\"https:\\\/\\\/tracefy.com\\\/tracefy-shop-mijn-account\\\/\",\"name\":\"Tracefy Shop Mijn Account - Tracefy | Keep Your Bike Close\",\"isPartOf\":{\"@id\":\"https:\\\/\\\/tracefy.com\\\/nl\\\/#website\"},\"datePublished\":\"2024-12-09T14:34:14+00:00\",\"dateModified\":\"2024-12-09T14:36:49+00:00\",\"breadcrumb\":{\"@id\":\"https:\\\/\\\/tracefy.com\\\/tracefy-shop-mijn-account\\\/#breadcrumb\"},\"inLanguage\":\"es\",\"potentialAction\":[{\"@type\":\"ReadAction\",\"target\":[\"https:\\\/\\\/tracefy.com\\\/tracefy-shop-mijn-account\\\/\"]}]},{\"@type\":\"BreadcrumbList\",\"@id\":\"https:\\\/\\\/tracefy.com\\\/tracefy-shop-mijn-account\\\/#breadcrumb\",\"itemListElement\":[{\"@type\":\"ListItem\",\"position\":1,\"name\":\"Home\",\"item\":\"https:\\\/\\\/tracefy.com\\\/\"},{\"@type\":\"ListItem\",\"position\":2,\"name\":\"Tracefy Shop Mijn Account\"}]},{\"@type\":\"WebSite\",\"@id\":\"https:\\\/\\\/tracefy.com\\\/nl\\\/#website\",\"url\":\"https:\\\/\\\/tracefy.com\\\/nl\\\/\",\"name\":\"Tracefy | Keep Your Bike Close\",\"description\":\"\",\"publisher\":{\"@id\":\"https:\\\/\\\/tracefy.com\\\/nl\\\/#organization\"},\"potentialAction\":[{\"@type\":\"SearchAction\",\"target\":{\"@type\":\"EntryPoint\",\"urlTemplate\":\"https:\\\/\\\/tracefy.com\\\/nl\\\/?s={search_term_string}\"},\"query-input\":{\"@type\":\"PropertyValueSpecification\",\"valueRequired\":true,\"valueName\":\"search_term_string\"}}],\"inLanguage\":\"es\"},{\"@type\":\"Organization\",\"@id\":\"https:\\\/\\\/tracefy.com\\\/nl\\\/#organization\",\"name\":\"Tracefy | Keep Your Bike Close\",\"url\":\"https:\\\/\\\/tracefy.com\\\/nl\\\/\",\"logo\":{\"@type\":\"ImageObject\",\"inLanguage\":\"es\",\"@id\":\"https:\\\/\\\/tracefy.com\\\/nl\\\/#\\\/schema\\\/logo\\\/image\\\/\",\"url\":\"https:\\\/\\\/tracefy.com\\\/wp-content\\\/uploads\\\/2021\\\/10\\\/Tracefy_logo_payoff-2022.svg\",\"contentUrl\":\"https:\\\/\\\/tracefy.com\\\/wp-content\\\/uploads\\\/2021\\\/10\\\/Tracefy_logo_payoff-2022.svg\",\"width\":517.5,\"height\":285.9,\"caption\":\"Tracefy | Keep Your Bike Close\"},\"image\":{\"@id\":\"https:\\\/\\\/tracefy.com\\\/nl\\\/#\\\/schema\\\/logo\\\/image\\\/\"},\"sameAs\":[\"https:\\\/\\\/www.facebook.com\\\/Tracefy\\\/\",\"https:\\\/\\\/www.instagram.com\\\/tracefy_iot\\\/\",\"https:\\\/\\\/www.youtube.com\\\/@tracefy_iot\",\"https:\\\/\\\/www.linkedin.com\\\/company\\\/tracefy\\\/\"]}]}<\/script>\n<!-- \/ Yoast SEO Premium plugin. -->","yoast_head_json":{"title":"Tracefy Shop Mi Cuenta - Tracefy | Mant\u00e9n tu bici cerca","robots":{"index":"index","follow":"follow","max-snippet":"max-snippet:-1","max-image-preview":"max-image-preview:large","max-video-preview":"max-video-preview:-1"},"canonical":"https:\/\/tracefy.com\/es\/rastrear-comprar-mi-cuenta\/","og_locale":"es_ES","og_type":"article","og_title":"Tracefy Shop Mijn Account","og_description":"Tracefy &#8211; Mijn account Dashboard Bestellingen Downloads Adressen Accountgegevens Uitloggen Dashboard Bestellingen Downloads Adressen Accountgegevens Uitloggen Hallo corigen (niet corigen? Log uit) Vanuit je account-dashboard kan je je recente bestellingen bekijken, je factuuradres beheren en je wachtwoord en accountgegevens bewerken.","og_url":"https:\/\/tracefy.com\/es\/rastrear-comprar-mi-cuenta\/","og_site_name":"Tracefy | Keep Your Bike Close","article_publisher":"https:\/\/www.facebook.com\/Tracefy\/","article_modified_time":"2024-12-09T14:36:49+00:00","twitter_card":"summary_large_image","schema":{"@context":"https:\/\/schema.org","@graph":[{"@type":"WebPage","@id":"https:\/\/tracefy.com\/tracefy-shop-mijn-account\/","url":"https:\/\/tracefy.com\/tracefy-shop-mijn-account\/","name":"Tracefy Shop Mi Cuenta - Tracefy | Mant\u00e9n tu bici cerca","isPartOf":{"@id":"https:\/\/tracefy.com\/nl\/#website"},"datePublished":"2024-12-09T14:34:14+00:00","dateModified":"2024-12-09T14:36:49+00:00","breadcrumb":{"@id":"https:\/\/tracefy.com\/tracefy-shop-mijn-account\/#breadcrumb"},"inLanguage":"es","potentialAction":[{"@type":"ReadAction","target":["https:\/\/tracefy.com\/tracefy-shop-mijn-account\/"]}]},{"@type":"BreadcrumbList","@id":"https:\/\/tracefy.com\/tracefy-shop-mijn-account\/#breadcrumb","itemListElement":[{"@type":"ListItem","position":1,"name":"Home","item":"https:\/\/tracefy.com\/"},{"@type":"ListItem","position":2,"name":"Tracefy Shop Mijn Account"}]},{"@type":"WebSite","@id":"https:\/\/tracefy.com\/nl\/#website","url":"https:\/\/tracefy.com\/nl\/","name":"Tracefy | Mant\u00e9n tu bici cerca","description":"","publisher":{"@id":"https:\/\/tracefy.com\/nl\/#organization"},"potentialAction":[{"@type":"SearchAction","target":{"@type":"EntryPoint","urlTemplate":"https:\/\/tracefy.com\/nl\/?s={search_term_string}"},"query-input":{"@type":"PropertyValueSpecification","valueRequired":true,"valueName":"search_term_string"}}],"inLanguage":"es"},{"@type":"Organization","@id":"https:\/\/tracefy.com\/nl\/#organization","name":"Tracefy | Mant\u00e9n tu bici cerca","url":"https:\/\/tracefy.com\/nl\/","logo":{"@type":"ImageObject","inLanguage":"es","@id":"https:\/\/tracefy.com\/nl\/#\/schema\/logo\/image\/","url":"https:\/\/tracefy.com\/wp-content\/uploads\/2021\/10\/Tracefy_logo_payoff-2022.svg","contentUrl":"https:\/\/tracefy.com\/wp-content\/uploads\/2021\/10\/Tracefy_logo_payoff-2022.svg","width":517.5,"height":285.9,"caption":"Tracefy | Keep Your Bike Close"},"image":{"@id":"https:\/\/tracefy.com\/nl\/#\/schema\/logo\/image\/"},"sameAs":["https:\/\/www.facebook.com\/Tracefy\/","https:\/\/www.instagram.com\/tracefy_iot\/","https:\/\/www.youtube.com\/@tracefy_iot","https:\/\/www.linkedin.com\/company\/tracefy\/"]}]}},"_links":{"self":[{"href":"https:\/\/tracefy.com\/es\/wp-json\/wp\/v2\/pages\/9003","targetHints":{"allow":["GET"]}}],"collection":[{"href":"https:\/\/tracefy.com\/es\/wp-json\/wp\/v2\/pages"}],"about":[{"href":"https:\/\/tracefy.com\/es\/wp-json\/wp\/v2\/types\/page"}],"author":[{"embeddable":true,"href":"https:\/\/tracefy.com\/es\/wp-json\/wp\/v2\/users\/1"}],"replies":[{"embeddable":true,"href":"https:\/\/tracefy.com\/es\/wp-json\/wp\/v2\/comments?post=9003"}],"version-history":[{"count":4,"href":"https:\/\/tracefy.com\/es\/wp-json\/wp\/v2\/pages\/9003\/revisions"}],"predecessor-version":[{"id":9007,"href":"https:\/\/tracefy.com\/es\/wp-json\/wp\/v2\/pages\/9003\/revisions\/9007"}],"wp:attachment":[{"href":"https:\/\/tracefy.com\/es\/wp-json\/wp\/v2\/media?parent=9003"}],"curies":[{"name":"wp","href":"https:\/\/api.w.org\/{rel}","templated":true}]}}