{"id":9720,"date":"2025-07-08T09:13:41","date_gmt":"2025-07-08T08:13:41","guid":{"rendered":"https:\/\/tracefy.com\/?page_id=9720"},"modified":"2025-07-08T09:23:42","modified_gmt":"2025-07-08T08:23:42","slug":"sistema-de-localizacion-de-bicicletas-t2000","status":"publish","type":"page","link":"https:\/\/tracefy.com\/es\/bike-tracking-system-t2000\/","title":{"rendered":"Sistema de seguimiento de bicicletas - t2000"},"content":{"rendered":"<div data-elementor-type=\"wp-page\" data-elementor-id=\"9720\" class=\"elementor elementor-9720\" data-elementor-post-type=\"page\">\n\t\t\t\t<div class=\"elementor-element elementor-element-a8245ee e-flex e-con-boxed e-con e-parent\" data-id=\"a8245ee\" data-element_type=\"container\" data-e-type=\"container\" data-settings=\"{&quot;background_background&quot;:&quot;classic&quot;,&quot;jet_parallax_layout_list&quot;:[]}\">\n\t\t\t\t\t<div class=\"e-con-inner\">\n\t\t\t\t<div class=\"elementor-element elementor-element-5cf3d6d elementor-widget elementor-widget-heading\" data-id=\"5cf3d6d\" data-element_type=\"widget\" data-e-type=\"widget\" data-widget_type=\"heading.default\">\n\t\t\t\t<div class=\"elementor-widget-container\">\n\t\t\t\t\t<h1 class=\"elementor-heading-title elementor-size-default\">Sistema de seguimiento de bicicletas - T2000<\/h1>\t\t\t\t<\/div>\n\t\t\t\t<\/div>\n\t\t\t\t\t<\/div>\n\t\t\t\t<\/div>\n\t\t<div class=\"elementor-element elementor-element-62ef822 e-flex e-con-boxed e-con e-parent\" data-id=\"62ef822\" data-element_type=\"container\" data-e-type=\"container\" data-settings=\"{&quot;jet_parallax_layout_list&quot;:[]}\">\n\t\t\t\t\t<div class=\"e-con-inner\">\n\t\t<div class=\"elementor-element elementor-element-8fb487c e-con-full e-flex e-con e-child\" data-id=\"8fb487c\" data-element_type=\"container\" data-e-type=\"container\" data-settings=\"{&quot;jet_parallax_layout_list&quot;:[]}\">\n\t\t\t\t<div class=\"elementor-element elementor-element-fecfd10 elementor-widget elementor-widget-heading\" data-id=\"fecfd10\" data-element_type=\"widget\" data-e-type=\"widget\" data-widget_type=\"heading.default\">\n\t\t\t\t<div class=\"elementor-widget-container\">\n\t\t\t\t\t<h2 class=\"elementor-heading-title elementor-size-default\">El futuro de la localizaci\u00f3n GPS para bicicletas.<\/h2>\t\t\t\t<\/div>\n\t\t\t\t<\/div>\n\t\t\t\t<div class=\"elementor-element elementor-element-98aa6fb elementor-widget elementor-widget-text-editor\" data-id=\"98aa6fb\" data-element_type=\"widget\" data-e-type=\"widget\" data-widget_type=\"text-editor.default\">\n\t\t\t\t<div class=\"elementor-widget-container\">\n\t\t\t\t\t\t\t\t\t<p class=\"p1\">Tracefy est\u00e1 desarrollando actualmente una nueva soluci\u00f3n de localizaci\u00f3n GPS espec\u00edfica para el mercado del ciclismo. Este innovador rastreador combina un seguimiento preciso de la ubicaci\u00f3n, notificaciones en tiempo real y un dise\u00f1o robusto adaptado a las necesidades tanto de los ciclistas urbanos como de los \u00e1vidos ciclistas. Gracias a las innovaciones inteligentes, habr\u00e1 un seguimiento a\u00fan mejor combinado con una oferta de suscripci\u00f3n favorable.<\/p><p class=\"p1\">Pronto anunciaremos la fecha oficial de lanzamiento: \u00a1est\u00e9 atento a nuestros canales para el gran anuncio! Una vez fijada la fecha, ser\u00e1s el primero en recibir todos los detalles sobre disponibilidad, precio y opciones exclusivas de pedido anticipado.<\/p><p class=\"p1\">Hasta entonces, le invitamos a descubrir m\u00e1s sobre nuestros productos actuales. M\u00e1s informaci\u00f3n <a href=\"https:\/\/tracefy.com\/es\/localizadores-gps\/rastreador-gps-tracefy-pro\/\">Rastreador gps Tracefy PRO<\/a> y el <a href=\"https:\/\/tracefy.com\/es\/localizadores-gps\/rastreador-gps-tracefy-solo\/\">Rastreador gps Tracefy SOLO.<\/a><\/p>\t\t\t\t\t\t\t\t<\/div>\n\t\t\t\t<\/div>\n\t\t\t\t<\/div>\n\t\t<div class=\"elementor-element elementor-element-363489c e-con-full e-flex e-con e-child\" data-id=\"363489c\" data-element_type=\"container\" data-e-type=\"container\" data-settings=\"{&quot;jet_parallax_layout_list&quot;:[]}\">\n\t\t\t\t<div class=\"elementor-element elementor-element-6df05bf elementor-widget elementor-widget-image\" data-id=\"6df05bf\" data-element_type=\"widget\" data-e-type=\"widget\" data-widget_type=\"image.default\">\n\t\t\t\t<div class=\"elementor-widget-container\">\n\t\t\t\t\t\t\t\t\t\t\t\t\t\t\t<img fetchpriority=\"high\" decoding=\"async\" width=\"800\" height=\"877\" src=\"https:\/\/tracefy.com\/wp-content\/uploads\/2024\/09\/PROSOLO_tabel-934x1024.png\" class=\"attachment-large size-large wp-image-6963\" alt=\"\" srcset=\"https:\/\/tracefy.com\/wp-content\/uploads\/2024\/09\/PROSOLO_tabel-934x1024.png 934w, https:\/\/tracefy.com\/wp-content\/uploads\/2024\/09\/PROSOLO_tabel-600x658.png 600w, https:\/\/tracefy.com\/wp-content\/uploads\/2024\/09\/PROSOLO_tabel-274x300.png 274w, https:\/\/tracefy.com\/wp-content\/uploads\/2024\/09\/PROSOLO_tabel-768x842.png 768w, https:\/\/tracefy.com\/wp-content\/uploads\/2024\/09\/PROSOLO_tabel-1401x1536.png 1401w, https:\/\/tracefy.com\/wp-content\/uploads\/2024\/09\/PROSOLO_tabel-1868x2048.png 1868w\" sizes=\"(max-width: 800px) 100vw, 800px\" \/>\t\t\t\t\t\t\t\t\t\t\t\t\t\t\t<\/div>\n\t\t\t\t<\/div>\n\t\t\t\t<\/div>\n\t\t\t\t\t<\/div>\n\t\t\t\t<\/div>\n\t\t\t\t<\/div>","protected":false},"excerpt":{"rendered":"<p>Bike Tracking System &#8211; T2000 De toekomst van GPS tracking voor fietsen. Tracefy ontwikkelt momenteel een gloednieuwe GPS-trackingoplossing speciaal voor de fietsmarkt. Deze innovatieve tracker combineert nauwkeurige locatiebepaling, realtime meldingen en een robuust ontwerp dat is afgestemd op de eisen van zowel stadsfietsers als fervente wielrenners. Dankzij slimme innovaties zal er nog betere tracking zijn [&hellip;]<\/p>\n","protected":false},"author":1,"featured_media":0,"parent":0,"menu_order":0,"comment_status":"closed","ping_status":"closed","template":"","meta":{"footnotes":""},"class_list":["post-9720","page","type-page","status-publish","hentry"],"yoast_head":"<!-- This site is optimized with the Yoast SEO Premium plugin v27.4 (Yoast SEO v27.4) - https:\/\/yoast.com\/product\/yoast-seo-premium-wordpress\/ -->\n<title>Bike tracking system - t2000 - Tracefy | Keep Your Bike Close<\/title>\n<meta name=\"robots\" content=\"index, follow, max-snippet:-1, max-image-preview:large, max-video-preview:-1\" \/>\n<link rel=\"canonical\" href=\"https:\/\/tracefy.com\/es\/sistema-de-localizacion-de-bicicletas-t2000\/\" \/>\n<meta property=\"og:locale\" content=\"es_ES\" \/>\n<meta property=\"og:type\" content=\"article\" \/>\n<meta property=\"og:title\" content=\"Bike tracking system - t2000\" \/>\n<meta property=\"og:description\" content=\"Bike Tracking System &#8211; T2000 De toekomst van GPS tracking voor fietsen. Tracefy ontwikkelt momenteel een gloednieuwe GPS-trackingoplossing speciaal voor de fietsmarkt. Deze innovatieve tracker combineert nauwkeurige locatiebepaling, realtime meldingen en een robuust ontwerp dat is afgestemd op de eisen van zowel stadsfietsers als fervente wielrenners. Dankzij slimme innovaties zal er nog betere tracking zijn [&hellip;]\" \/>\n<meta property=\"og:url\" content=\"https:\/\/tracefy.com\/es\/sistema-de-localizacion-de-bicicletas-t2000\/\" \/>\n<meta property=\"og:site_name\" content=\"Tracefy | Keep Your Bike Close\" \/>\n<meta property=\"article:publisher\" content=\"https:\/\/www.facebook.com\/Tracefy\/\" \/>\n<meta property=\"article:modified_time\" content=\"2025-07-08T08:23:42+00:00\" \/>\n<meta property=\"og:image\" content=\"https:\/\/tracefy.com\/wp-content\/uploads\/2024\/09\/PROSOLO_tabel.png\" \/>\n\t<meta property=\"og:image:width\" content=\"2235\" \/>\n\t<meta property=\"og:image:height\" content=\"2450\" \/>\n\t<meta property=\"og:image:type\" content=\"image\/png\" \/>\n<meta name=\"twitter:card\" content=\"summary_large_image\" \/>\n<meta name=\"twitter:label1\" content=\"Tiempo de lectura\" \/>\n\t<meta name=\"twitter:data1\" content=\"1 minuto\" \/>\n<script type=\"application\/ld+json\" class=\"yoast-schema-graph\">{\"@context\":\"https:\\\/\\\/schema.org\",\"@graph\":[{\"@type\":\"WebPage\",\"@id\":\"https:\\\/\\\/tracefy.com\\\/nl\\\/bike-tracking-system-t2000\\\/\",\"url\":\"https:\\\/\\\/tracefy.com\\\/nl\\\/bike-tracking-system-t2000\\\/\",\"name\":\"Bike tracking system - t2000 - Tracefy | Keep Your Bike Close\",\"isPartOf\":{\"@id\":\"https:\\\/\\\/tracefy.com\\\/nl\\\/#website\"},\"primaryImageOfPage\":{\"@id\":\"https:\\\/\\\/tracefy.com\\\/nl\\\/bike-tracking-system-t2000\\\/#primaryimage\"},\"image\":{\"@id\":\"https:\\\/\\\/tracefy.com\\\/nl\\\/bike-tracking-system-t2000\\\/#primaryimage\"},\"thumbnailUrl\":\"https:\\\/\\\/tracefy.com\\\/wp-content\\\/uploads\\\/2024\\\/09\\\/PROSOLO_tabel-934x1024.png\",\"datePublished\":\"2025-07-08T08:13:41+00:00\",\"dateModified\":\"2025-07-08T08:23:42+00:00\",\"breadcrumb\":{\"@id\":\"https:\\\/\\\/tracefy.com\\\/nl\\\/bike-tracking-system-t2000\\\/#breadcrumb\"},\"inLanguage\":\"es\",\"potentialAction\":[{\"@type\":\"ReadAction\",\"target\":[\"https:\\\/\\\/tracefy.com\\\/nl\\\/bike-tracking-system-t2000\\\/\"]}]},{\"@type\":\"ImageObject\",\"inLanguage\":\"es\",\"@id\":\"https:\\\/\\\/tracefy.com\\\/nl\\\/bike-tracking-system-t2000\\\/#primaryimage\",\"url\":\"https:\\\/\\\/tracefy.com\\\/wp-content\\\/uploads\\\/2024\\\/09\\\/PROSOLO_tabel-934x1024.png\",\"contentUrl\":\"https:\\\/\\\/tracefy.com\\\/wp-content\\\/uploads\\\/2024\\\/09\\\/PROSOLO_tabel-934x1024.png\"},{\"@type\":\"BreadcrumbList\",\"@id\":\"https:\\\/\\\/tracefy.com\\\/nl\\\/bike-tracking-system-t2000\\\/#breadcrumb\",\"itemListElement\":[{\"@type\":\"ListItem\",\"position\":1,\"name\":\"Home\",\"item\":\"https:\\\/\\\/tracefy.com\\\/\"},{\"@type\":\"ListItem\",\"position\":2,\"name\":\"Bike tracking system &#8211; t2000\"}]},{\"@type\":\"WebSite\",\"@id\":\"https:\\\/\\\/tracefy.com\\\/nl\\\/#website\",\"url\":\"https:\\\/\\\/tracefy.com\\\/nl\\\/\",\"name\":\"Tracefy | Keep Your Bike Close\",\"description\":\"\",\"publisher\":{\"@id\":\"https:\\\/\\\/tracefy.com\\\/nl\\\/#organization\"},\"potentialAction\":[{\"@type\":\"SearchAction\",\"target\":{\"@type\":\"EntryPoint\",\"urlTemplate\":\"https:\\\/\\\/tracefy.com\\\/nl\\\/?s={search_term_string}\"},\"query-input\":{\"@type\":\"PropertyValueSpecification\",\"valueRequired\":true,\"valueName\":\"search_term_string\"}}],\"inLanguage\":\"es\"},{\"@type\":\"Organization\",\"@id\":\"https:\\\/\\\/tracefy.com\\\/nl\\\/#organization\",\"name\":\"Tracefy | Keep Your Bike Close\",\"url\":\"https:\\\/\\\/tracefy.com\\\/nl\\\/\",\"logo\":{\"@type\":\"ImageObject\",\"inLanguage\":\"es\",\"@id\":\"https:\\\/\\\/tracefy.com\\\/nl\\\/#\\\/schema\\\/logo\\\/image\\\/\",\"url\":\"https:\\\/\\\/tracefy.com\\\/wp-content\\\/uploads\\\/2021\\\/10\\\/Tracefy_logo_payoff-2022.svg\",\"contentUrl\":\"https:\\\/\\\/tracefy.com\\\/wp-content\\\/uploads\\\/2021\\\/10\\\/Tracefy_logo_payoff-2022.svg\",\"width\":517.5,\"height\":285.9,\"caption\":\"Tracefy | Keep Your Bike Close\"},\"image\":{\"@id\":\"https:\\\/\\\/tracefy.com\\\/nl\\\/#\\\/schema\\\/logo\\\/image\\\/\"},\"sameAs\":[\"https:\\\/\\\/www.facebook.com\\\/Tracefy\\\/\",\"https:\\\/\\\/www.instagram.com\\\/tracefy_iot\\\/\",\"https:\\\/\\\/www.youtube.com\\\/@tracefy_iot\",\"https:\\\/\\\/www.linkedin.com\\\/company\\\/tracefy\\\/\"]}]}<\/script>\n<!-- \/ Yoast SEO Premium plugin. -->","yoast_head_json":{"title":"Sistema de seguimiento de bicicletas - t2000 - Tracefy | Mant\u00e9n tu bicicleta cerca","robots":{"index":"index","follow":"follow","max-snippet":"max-snippet:-1","max-image-preview":"max-image-preview:large","max-video-preview":"max-video-preview:-1"},"canonical":"https:\/\/tracefy.com\/es\/sistema-de-localizacion-de-bicicletas-t2000\/","og_locale":"es_ES","og_type":"article","og_title":"Bike tracking system - t2000","og_description":"Bike Tracking System &#8211; T2000 De toekomst van GPS tracking voor fietsen. Tracefy ontwikkelt momenteel een gloednieuwe GPS-trackingoplossing speciaal voor de fietsmarkt. Deze innovatieve tracker combineert nauwkeurige locatiebepaling, realtime meldingen en een robuust ontwerp dat is afgestemd op de eisen van zowel stadsfietsers als fervente wielrenners. Dankzij slimme innovaties zal er nog betere tracking zijn [&hellip;]","og_url":"https:\/\/tracefy.com\/es\/sistema-de-localizacion-de-bicicletas-t2000\/","og_site_name":"Tracefy | Keep Your Bike Close","article_publisher":"https:\/\/www.facebook.com\/Tracefy\/","article_modified_time":"2025-07-08T08:23:42+00:00","og_image":[{"width":2235,"height":2450,"url":"https:\/\/tracefy.com\/wp-content\/uploads\/2024\/09\/PROSOLO_tabel.png","type":"image\/png"}],"twitter_card":"summary_large_image","twitter_misc":{"Tiempo de lectura":"1 minuto"},"schema":{"@context":"https:\/\/schema.org","@graph":[{"@type":"WebPage","@id":"https:\/\/tracefy.com\/nl\/bike-tracking-system-t2000\/","url":"https:\/\/tracefy.com\/nl\/bike-tracking-system-t2000\/","name":"Sistema de seguimiento de bicicletas - t2000 - Tracefy | Mant\u00e9n tu bicicleta cerca","isPartOf":{"@id":"https:\/\/tracefy.com\/nl\/#website"},"primaryImageOfPage":{"@id":"https:\/\/tracefy.com\/nl\/bike-tracking-system-t2000\/#primaryimage"},"image":{"@id":"https:\/\/tracefy.com\/nl\/bike-tracking-system-t2000\/#primaryimage"},"thumbnailUrl":"https:\/\/tracefy.com\/wp-content\/uploads\/2024\/09\/PROSOLO_tabel-934x1024.png","datePublished":"2025-07-08T08:13:41+00:00","dateModified":"2025-07-08T08:23:42+00:00","breadcrumb":{"@id":"https:\/\/tracefy.com\/nl\/bike-tracking-system-t2000\/#breadcrumb"},"inLanguage":"es","potentialAction":[{"@type":"ReadAction","target":["https:\/\/tracefy.com\/nl\/bike-tracking-system-t2000\/"]}]},{"@type":"ImageObject","inLanguage":"es","@id":"https:\/\/tracefy.com\/nl\/bike-tracking-system-t2000\/#primaryimage","url":"https:\/\/tracefy.com\/wp-content\/uploads\/2024\/09\/PROSOLO_tabel-934x1024.png","contentUrl":"https:\/\/tracefy.com\/wp-content\/uploads\/2024\/09\/PROSOLO_tabel-934x1024.png"},{"@type":"BreadcrumbList","@id":"https:\/\/tracefy.com\/nl\/bike-tracking-system-t2000\/#breadcrumb","itemListElement":[{"@type":"ListItem","position":1,"name":"Home","item":"https:\/\/tracefy.com\/"},{"@type":"ListItem","position":2,"name":"Bike tracking system &#8211; t2000"}]},{"@type":"WebSite","@id":"https:\/\/tracefy.com\/nl\/#website","url":"https:\/\/tracefy.com\/nl\/","name":"Tracefy | Mant\u00e9n tu bici cerca","description":"","publisher":{"@id":"https:\/\/tracefy.com\/nl\/#organization"},"potentialAction":[{"@type":"SearchAction","target":{"@type":"EntryPoint","urlTemplate":"https:\/\/tracefy.com\/nl\/?s={search_term_string}"},"query-input":{"@type":"PropertyValueSpecification","valueRequired":true,"valueName":"search_term_string"}}],"inLanguage":"es"},{"@type":"Organization","@id":"https:\/\/tracefy.com\/nl\/#organization","name":"Tracefy | Mant\u00e9n tu bici cerca","url":"https:\/\/tracefy.com\/nl\/","logo":{"@type":"ImageObject","inLanguage":"es","@id":"https:\/\/tracefy.com\/nl\/#\/schema\/logo\/image\/","url":"https:\/\/tracefy.com\/wp-content\/uploads\/2021\/10\/Tracefy_logo_payoff-2022.svg","contentUrl":"https:\/\/tracefy.com\/wp-content\/uploads\/2021\/10\/Tracefy_logo_payoff-2022.svg","width":517.5,"height":285.9,"caption":"Tracefy | Keep Your Bike Close"},"image":{"@id":"https:\/\/tracefy.com\/nl\/#\/schema\/logo\/image\/"},"sameAs":["https:\/\/www.facebook.com\/Tracefy\/","https:\/\/www.instagram.com\/tracefy_iot\/","https:\/\/www.youtube.com\/@tracefy_iot","https:\/\/www.linkedin.com\/company\/tracefy\/"]}]}},"_links":{"self":[{"href":"https:\/\/tracefy.com\/es\/wp-json\/wp\/v2\/pages\/9720","targetHints":{"allow":["GET"]}}],"collection":[{"href":"https:\/\/tracefy.com\/es\/wp-json\/wp\/v2\/pages"}],"about":[{"href":"https:\/\/tracefy.com\/es\/wp-json\/wp\/v2\/types\/page"}],"author":[{"embeddable":true,"href":"https:\/\/tracefy.com\/es\/wp-json\/wp\/v2\/users\/1"}],"replies":[{"embeddable":true,"href":"https:\/\/tracefy.com\/es\/wp-json\/wp\/v2\/comments?post=9720"}],"version-history":[{"count":5,"href":"https:\/\/tracefy.com\/es\/wp-json\/wp\/v2\/pages\/9720\/revisions"}],"predecessor-version":[{"id":9725,"href":"https:\/\/tracefy.com\/es\/wp-json\/wp\/v2\/pages\/9720\/revisions\/9725"}],"wp:attachment":[{"href":"https:\/\/tracefy.com\/es\/wp-json\/wp\/v2\/media?parent=9720"}],"curies":[{"name":"wp","href":"https:\/\/api.w.org\/{rel}","templated":true}]}}