{"id":7191,"date":"2024-11-20T15:47:14","date_gmt":"2024-11-20T14:47:14","guid":{"rendered":"https:\/\/new.tracefy.com\/?post_type=product&#038;p=7191"},"modified":"2025-07-15T09:00:33","modified_gmt":"2025-07-15T08:00:33","slug":"tracefy-solo-gps-tracker-incl-instalacion-en-casa","status":"publish","type":"product","link":"https:\/\/tracefy.com\/es\/product\/tracefy-solo-gps-tracker-incl-installatie-aan-huis\/","title":{"rendered":"Localizador GPS Tracefy SOLO incl. instalaci\u00f3n a domicilio"},"content":{"rendered":"<p class=\"p1\">\u00bfNo tiene un distribuidor cerca? Pida el localizador GPS Tracefy SOLO directamente aqu\u00ed y uno de nuestros socios m\u00f3viles se encargar\u00e1 de la instalaci\u00f3n en su domicilio. El precio incluye la instalaci\u00f3n a domicilio y excluye la conectividad y la suscripci\u00f3n de seguimiento. Tras su pedido, nos pondremos en contacto con usted en un plazo de 24 horas en d\u00edas laborables para concertar una cita para la instalaci\u00f3n en su domicilio o en el trabajo.<\/p>\n<p class=\"p1\"><b>Especificaciones t\u00e9cnicas<\/b><\/p>\n<ul class=\"ul1\">\n<li class=\"li1\"><span class=\"s1\">Red: LoRa <\/span><\/li>\n<li class=\"li1\"><span class=\"s1\">Bluetooth de baja energ\u00eda<\/span><\/li>\n<li class=\"li1\"><span class=\"s1\">Seguimiento WIFI<\/span><\/li>\n<li class=\"li1\"><span class=\"s1\">GPS (en caso de robo)<\/span><\/li>\n<li class=\"li1\"><span class=\"s1\">Tama\u00f1o: L56 x A33 x H13 mm en carcasa IP68<\/span><\/li>\n<li class=\"li1\"><span class=\"s1\">Bater\u00eda: bater\u00eda interna de reserva de 700 mAh<\/span><\/li>\n<li class=\"li1\"><span class=\"s1\">Certificado Kiwa<\/span><\/li>\n<li>Obras <span style=\"text-decoration: underline;\"><strong>s\u00f3lo<\/strong><\/span> en los Pa\u00edses Bajos y B\u00e9lgica.<\/li>\n<\/ul>","protected":false},"excerpt":{"rendered":"<p>Geen dealer in de buurt? Bestel hier direct de Tracefy SOLO GPS tracker en \u00e9\u00e9n van onze mobiele partners verzorgt de installatie bij jou thuis. De prijs is inclusief installatie aan huis en exclusief\u00a0abonnement op connectiviteit en opsporing.\u00a0Na je bestelling nemen wij op werkdagen binnen 24 uur contact met je op om een afspraak te [&hellip;]<\/p>\n","protected":false},"featured_media":6969,"comment_status":"closed","ping_status":"closed","template":"","meta":[],"product_brand":[],"product_cat":[29],"product_tag":[30,32],"class_list":{"0":"post-7191","1":"product","2":"type-product","3":"status-publish","4":"has-post-thumbnail","6":"product_cat-geen-categorie","7":"product_tag-gpstracker","8":"product_tag-solo","10":"first","11":"instock","12":"sale","13":"taxable","14":"shipping-taxable","15":"purchasable","16":"product-type-simple"},"yoast_head":"<!-- This site is optimized with the Yoast SEO Premium plugin v27.2 (Yoast SEO v27.2) - https:\/\/yoast.com\/product\/yoast-seo-premium-wordpress\/ -->\n<title>Tracefy SOLO GPS Tracker incl. Installatie aan huis - Tracefy | Keep Your Bike Close<\/title>\n<meta name=\"description\" content=\"Geen dealer in de buurt? Bestel hier de Tracefy GPS tracker voor E-bikes en \u00e9\u00e9n van onze mobiele partners verzorgt de installatie bij jou thuis.De prijs is inclusief de juiste connector en installatie aan huis en exclusief abonnement op connectiviteit en opsporing.\" \/>\n<meta name=\"robots\" content=\"index, follow, max-snippet:-1, max-image-preview:large, max-video-preview:-1\" \/>\n<link rel=\"canonical\" href=\"https:\/\/tracefy.com\/es\/producto\/tracefy-solo-gps-tracker-incl-instalacion-en-casa\/\" \/>\n<meta property=\"og:locale\" content=\"es_ES\" \/>\n<meta property=\"og:type\" content=\"article\" \/>\n<meta property=\"og:title\" content=\"Tracefy SOLO GPS Tracker incl. Installatie aan huis\" \/>\n<meta property=\"og:description\" content=\"Geen dealer in de buurt? Bestel hier de Tracefy GPS tracker voor E-bikes en \u00e9\u00e9n van onze mobiele partners verzorgt de installatie bij jou thuis.De prijs is inclusief de juiste connector en installatie aan huis en exclusief abonnement op connectiviteit en opsporing.\" \/>\n<meta property=\"og:url\" content=\"https:\/\/tracefy.com\/es\/producto\/tracefy-solo-gps-tracker-incl-instalacion-en-casa\/\" \/>\n<meta property=\"og:site_name\" content=\"Tracefy | Keep Your Bike Close\" \/>\n<meta property=\"article:publisher\" content=\"https:\/\/www.facebook.com\/Tracefy\/\" \/>\n<meta property=\"article:modified_time\" content=\"2025-07-15T08:00:33+00:00\" \/>\n<meta property=\"og:image\" content=\"https:\/\/tracefy.com\/wp-content\/uploads\/2024\/09\/SOLO_doosje.png\" \/>\n\t<meta property=\"og:image:width\" content=\"2012\" \/>\n\t<meta property=\"og:image:height\" content=\"2012\" \/>\n\t<meta property=\"og:image:type\" content=\"image\/png\" \/>\n<meta name=\"twitter:card\" content=\"summary_large_image\" \/>\n<meta name=\"twitter:label1\" content=\"Tiempo de lectura\" \/>\n\t<meta name=\"twitter:data1\" content=\"1 minuto\" \/>\n<script type=\"application\/ld+json\" class=\"yoast-schema-graph\">{\"@context\":\"https:\/\/schema.org\",\"@graph\":[{\"@type\":\"WebPage\",\"@id\":\"https:\/\/tracefy.com\/product\/tracefy-solo-gps-tracker-incl-installatie-aan-huis\/\",\"url\":\"https:\/\/tracefy.com\/product\/tracefy-solo-gps-tracker-incl-installatie-aan-huis\/\",\"name\":\"Tracefy SOLO GPS Tracker incl. Installatie aan huis - Tracefy | Keep Your Bike Close\",\"isPartOf\":{\"@id\":\"https:\/\/tracefy.com\/nl\/#website\"},\"primaryImageOfPage\":{\"@id\":\"https:\/\/tracefy.com\/product\/tracefy-solo-gps-tracker-incl-installatie-aan-huis\/#primaryimage\"},\"image\":{\"@id\":\"https:\/\/tracefy.com\/product\/tracefy-solo-gps-tracker-incl-installatie-aan-huis\/#primaryimage\"},\"thumbnailUrl\":\"https:\/\/tracefy.com\/wp-content\/uploads\/2024\/09\/SOLO_doosje.png\",\"datePublished\":\"2024-11-20T14:47:14+00:00\",\"dateModified\":\"2025-07-15T08:00:33+00:00\",\"description\":\"Geen dealer in de buurt? Bestel hier de Tracefy GPS tracker voor E-bikes en \u00e9\u00e9n van onze mobiele partners verzorgt de installatie bij jou thuis.De prijs is inclusief de juiste connector en installatie aan huis en exclusief abonnement op connectiviteit en opsporing.\",\"breadcrumb\":{\"@id\":\"https:\/\/tracefy.com\/product\/tracefy-solo-gps-tracker-incl-installatie-aan-huis\/#breadcrumb\"},\"inLanguage\":\"es\",\"potentialAction\":[{\"@type\":\"ReadAction\",\"target\":[\"https:\/\/tracefy.com\/product\/tracefy-solo-gps-tracker-incl-installatie-aan-huis\/\"]}]},{\"@type\":\"ImageObject\",\"inLanguage\":\"es\",\"@id\":\"https:\/\/tracefy.com\/product\/tracefy-solo-gps-tracker-incl-installatie-aan-huis\/#primaryimage\",\"url\":\"https:\/\/tracefy.com\/wp-content\/uploads\/2024\/09\/SOLO_doosje.png\",\"contentUrl\":\"https:\/\/tracefy.com\/wp-content\/uploads\/2024\/09\/SOLO_doosje.png\",\"width\":2012,\"height\":2012},{\"@type\":\"BreadcrumbList\",\"@id\":\"https:\/\/tracefy.com\/product\/tracefy-solo-gps-tracker-incl-installatie-aan-huis\/#breadcrumb\",\"itemListElement\":[{\"@type\":\"ListItem\",\"position\":1,\"name\":\"Home\",\"item\":\"https:\/\/tracefy.com\/\"},{\"@type\":\"ListItem\",\"position\":2,\"name\":\"Winkel\",\"item\":\"https:\/\/tracefy.com\/winkel\/\"},{\"@type\":\"ListItem\",\"position\":3,\"name\":\"Tracefy SOLO GPS Tracker incl. Installatie aan huis\"}]},{\"@type\":\"WebSite\",\"@id\":\"https:\/\/tracefy.com\/nl\/#website\",\"url\":\"https:\/\/tracefy.com\/nl\/\",\"name\":\"Tracefy | Keep Your Bike Close\",\"description\":\"\",\"publisher\":{\"@id\":\"https:\/\/tracefy.com\/nl\/#organization\"},\"potentialAction\":[{\"@type\":\"SearchAction\",\"target\":{\"@type\":\"EntryPoint\",\"urlTemplate\":\"https:\/\/tracefy.com\/nl\/?s={search_term_string}\"},\"query-input\":{\"@type\":\"PropertyValueSpecification\",\"valueRequired\":true,\"valueName\":\"search_term_string\"}}],\"inLanguage\":\"es\"},{\"@type\":\"Organization\",\"@id\":\"https:\/\/tracefy.com\/nl\/#organization\",\"name\":\"Tracefy | Keep Your Bike Close\",\"url\":\"https:\/\/tracefy.com\/nl\/\",\"logo\":{\"@type\":\"ImageObject\",\"inLanguage\":\"es\",\"@id\":\"https:\/\/tracefy.com\/nl\/#\/schema\/logo\/image\/\",\"url\":\"https:\/\/tracefy.com\/wp-content\/uploads\/2021\/10\/Tracefy_logo_payoff-2022.svg\",\"contentUrl\":\"https:\/\/tracefy.com\/wp-content\/uploads\/2021\/10\/Tracefy_logo_payoff-2022.svg\",\"width\":517.5,\"height\":285.9,\"caption\":\"Tracefy | Keep Your Bike Close\"},\"image\":{\"@id\":\"https:\/\/tracefy.com\/nl\/#\/schema\/logo\/image\/\"},\"sameAs\":[\"https:\/\/www.facebook.com\/Tracefy\/\",\"https:\/\/www.instagram.com\/tracefy_iot\/\",\"https:\/\/www.youtube.com\/@tracefy_iot\",\"https:\/\/www.linkedin.com\/company\/tracefy\/\"]}]}<\/script>\n<!-- \/ Yoast SEO Premium plugin. -->","yoast_head_json":{"title":"Localizador GPS Tracefy SOLO incl instalaci\u00f3n a domicilio - Tracefy | Mant\u00e9n tu bicicleta cerca","description":"\u00bfNo tiene un distribuidor cerca? Pida aqu\u00ed el localizador GPS Tracefy para bicicletas el\u00e9ctricas y uno de nuestros socios m\u00f3viles se encargar\u00e1 de la instalaci\u00f3n en su domicilio. El precio incluye el conector adecuado y la instalaci\u00f3n en el domicilio y excluye la conectividad y la suscripci\u00f3n de seguimiento.","robots":{"index":"index","follow":"follow","max-snippet":"max-snippet:-1","max-image-preview":"max-image-preview:large","max-video-preview":"max-video-preview:-1"},"canonical":"https:\/\/tracefy.com\/es\/producto\/tracefy-solo-gps-tracker-incl-instalacion-en-casa\/","og_locale":"es_ES","og_type":"article","og_title":"Tracefy SOLO GPS Tracker incl. Installatie aan huis","og_description":"Geen dealer in de buurt? Bestel hier de Tracefy GPS tracker voor E-bikes en \u00e9\u00e9n van onze mobiele partners verzorgt de installatie bij jou thuis.De prijs is inclusief de juiste connector en installatie aan huis en exclusief abonnement op connectiviteit en opsporing.","og_url":"https:\/\/tracefy.com\/es\/producto\/tracefy-solo-gps-tracker-incl-instalacion-en-casa\/","og_site_name":"Tracefy | Keep Your Bike Close","article_publisher":"https:\/\/www.facebook.com\/Tracefy\/","article_modified_time":"2025-07-15T08:00:33+00:00","og_image":[{"width":2012,"height":2012,"url":"https:\/\/tracefy.com\/wp-content\/uploads\/2024\/09\/SOLO_doosje.png","type":"image\/png"}],"twitter_card":"summary_large_image","twitter_misc":{"Tiempo de lectura":"1 minuto"},"schema":{"@context":"https:\/\/schema.org","@graph":[{"@type":"WebPage","@id":"https:\/\/tracefy.com\/product\/tracefy-solo-gps-tracker-incl-installatie-aan-huis\/","url":"https:\/\/tracefy.com\/product\/tracefy-solo-gps-tracker-incl-installatie-aan-huis\/","name":"Localizador GPS Tracefy SOLO incl instalaci\u00f3n a domicilio - Tracefy | Mant\u00e9n tu bicicleta cerca","isPartOf":{"@id":"https:\/\/tracefy.com\/nl\/#website"},"primaryImageOfPage":{"@id":"https:\/\/tracefy.com\/product\/tracefy-solo-gps-tracker-incl-installatie-aan-huis\/#primaryimage"},"image":{"@id":"https:\/\/tracefy.com\/product\/tracefy-solo-gps-tracker-incl-installatie-aan-huis\/#primaryimage"},"thumbnailUrl":"https:\/\/tracefy.com\/wp-content\/uploads\/2024\/09\/SOLO_doosje.png","datePublished":"2024-11-20T14:47:14+00:00","dateModified":"2025-07-15T08:00:33+00:00","description":"\u00bfNo tiene un distribuidor cerca? Pida aqu\u00ed el localizador GPS Tracefy para bicicletas el\u00e9ctricas y uno de nuestros socios m\u00f3viles se encargar\u00e1 de la instalaci\u00f3n en su domicilio. El precio incluye el conector adecuado y la instalaci\u00f3n en el domicilio y excluye la conectividad y la suscripci\u00f3n de seguimiento.","breadcrumb":{"@id":"https:\/\/tracefy.com\/product\/tracefy-solo-gps-tracker-incl-installatie-aan-huis\/#breadcrumb"},"inLanguage":"es","potentialAction":[{"@type":"ReadAction","target":["https:\/\/tracefy.com\/product\/tracefy-solo-gps-tracker-incl-installatie-aan-huis\/"]}]},{"@type":"ImageObject","inLanguage":"es","@id":"https:\/\/tracefy.com\/product\/tracefy-solo-gps-tracker-incl-installatie-aan-huis\/#primaryimage","url":"https:\/\/tracefy.com\/wp-content\/uploads\/2024\/09\/SOLO_doosje.png","contentUrl":"https:\/\/tracefy.com\/wp-content\/uploads\/2024\/09\/SOLO_doosje.png","width":2012,"height":2012},{"@type":"BreadcrumbList","@id":"https:\/\/tracefy.com\/product\/tracefy-solo-gps-tracker-incl-installatie-aan-huis\/#breadcrumb","itemListElement":[{"@type":"ListItem","position":1,"name":"Home","item":"https:\/\/tracefy.com\/"},{"@type":"ListItem","position":2,"name":"Winkel","item":"https:\/\/tracefy.com\/winkel\/"},{"@type":"ListItem","position":3,"name":"Tracefy SOLO GPS Tracker incl. Installatie aan huis"}]},{"@type":"WebSite","@id":"https:\/\/tracefy.com\/nl\/#website","url":"https:\/\/tracefy.com\/nl\/","name":"Tracefy | Mant\u00e9n tu bici cerca","description":"","publisher":{"@id":"https:\/\/tracefy.com\/nl\/#organization"},"potentialAction":[{"@type":"SearchAction","target":{"@type":"EntryPoint","urlTemplate":"https:\/\/tracefy.com\/nl\/?s={search_term_string}"},"query-input":{"@type":"PropertyValueSpecification","valueRequired":true,"valueName":"search_term_string"}}],"inLanguage":"es"},{"@type":"Organization","@id":"https:\/\/tracefy.com\/nl\/#organization","name":"Tracefy | Mant\u00e9n tu bici cerca","url":"https:\/\/tracefy.com\/nl\/","logo":{"@type":"ImageObject","inLanguage":"es","@id":"https:\/\/tracefy.com\/nl\/#\/schema\/logo\/image\/","url":"https:\/\/tracefy.com\/wp-content\/uploads\/2021\/10\/Tracefy_logo_payoff-2022.svg","contentUrl":"https:\/\/tracefy.com\/wp-content\/uploads\/2021\/10\/Tracefy_logo_payoff-2022.svg","width":517.5,"height":285.9,"caption":"Tracefy | Keep Your Bike Close"},"image":{"@id":"https:\/\/tracefy.com\/nl\/#\/schema\/logo\/image\/"},"sameAs":["https:\/\/www.facebook.com\/Tracefy\/","https:\/\/www.instagram.com\/tracefy_iot\/","https:\/\/www.youtube.com\/@tracefy_iot","https:\/\/www.linkedin.com\/company\/tracefy\/"]}]}},"_links":{"self":[{"href":"https:\/\/tracefy.com\/es\/wp-json\/wp\/v2\/product\/7191","targetHints":{"allow":["GET"]}}],"collection":[{"href":"https:\/\/tracefy.com\/es\/wp-json\/wp\/v2\/product"}],"about":[{"href":"https:\/\/tracefy.com\/es\/wp-json\/wp\/v2\/types\/product"}],"replies":[{"embeddable":true,"href":"https:\/\/tracefy.com\/es\/wp-json\/wp\/v2\/comments?post=7191"}],"wp:featuredmedia":[{"embeddable":true,"href":"https:\/\/tracefy.com\/es\/wp-json\/wp\/v2\/media\/6969"}],"wp:attachment":[{"href":"https:\/\/tracefy.com\/es\/wp-json\/wp\/v2\/media?parent=7191"}],"wp:term":[{"taxonomy":"product_brand","embeddable":true,"href":"https:\/\/tracefy.com\/es\/wp-json\/wp\/v2\/product_brand?post=7191"},{"taxonomy":"product_cat","embeddable":true,"href":"https:\/\/tracefy.com\/es\/wp-json\/wp\/v2\/product_cat?post=7191"},{"taxonomy":"product_tag","embeddable":true,"href":"https:\/\/tracefy.com\/es\/wp-json\/wp\/v2\/product_tag?post=7191"}],"curies":[{"name":"wp","href":"https:\/\/api.w.org\/{rel}","templated":true}]}}