{"id":5814,"date":"2024-01-25T08:10:29","date_gmt":"2024-01-25T07:10:29","guid":{"rendered":"https:\/\/new.tracefy.com\/?page_id=5814"},"modified":"2026-03-09T08:29:36","modified_gmt":"2026-03-09T07:29:36","slug":"travailler-a","status":"publish","type":"page","link":"https:\/\/tracefy.com\/fr\/over-tracefy\/werken-bij\/","title":{"rendered":"Travailler \u00e0"},"content":{"rendered":"<div data-elementor-type=\"wp-page\" data-elementor-id=\"5814\" class=\"elementor elementor-5814\" data-elementor-post-type=\"page\">\n\t\t\t\t<div class=\"elementor-element elementor-element-fd87ea5 e-con-full e-flex e-con e-parent\" data-id=\"fd87ea5\" data-element_type=\"container\" data-e-type=\"container\" data-settings=\"{&quot;background_background&quot;:&quot;video&quot;,&quot;background_video_link&quot;:&quot;https:\\\/\\\/tracefy.com\\\/wp-content\\\/uploads\\\/2021\\\/11\\\/time-lapse-of-open-laptop-on-desk-2021-08-31-10-13-55-utc.mp4&quot;,&quot;background_play_on_mobile&quot;:&quot;yes&quot;,&quot;jet_parallax_layout_list&quot;:[]}\">\n\t\t<div class=\"elementor-background-video-container\">\n\t\t\t\t\t\t\t<video class=\"elementor-background-video-hosted\" role=\"presentation\" autoplay muted playsinline loop><\/video>\n\t\t\t\t\t<\/div><div class=\"elementor-element elementor-element-46230324 e-flex e-con-boxed e-con e-child\" data-id=\"46230324\" data-element_type=\"container\" data-e-type=\"container\" data-settings=\"{&quot;background_background&quot;:&quot;classic&quot;,&quot;jet_parallax_layout_list&quot;:[]}\">\n\t\t\t\t\t<div class=\"e-con-inner\">\n\t\t\t\t<div class=\"elementor-element elementor-element-73a97158 elementor-widget elementor-widget-heading\" data-id=\"73a97158\" data-element_type=\"widget\" data-e-type=\"widget\" data-widget_type=\"heading.default\">\n\t\t\t\t<div class=\"elementor-widget-container\">\n\t\t\t\t\t<h1 class=\"elementor-heading-title elementor-size-default\">Travailler \u00e0 Tracefy<\/h1>\t\t\t\t<\/div>\n\t\t\t\t<\/div>\n\t\t\t\t<div class=\"elementor-element elementor-element-52af25a8 elementor-widget elementor-widget-heading\" data-id=\"52af25a8\" data-element_type=\"widget\" data-e-type=\"widget\" data-widget_type=\"heading.default\">\n\t\t\t\t<div class=\"elementor-widget-container\">\n\t\t\t\t\t<span class=\"elementor-heading-title elementor-size-default\">Rejoignez l'\u00e9quipe !<\/span>\t\t\t\t<\/div>\n\t\t\t\t<\/div>\n\t\t\t\t\t<\/div>\n\t\t\t\t<\/div>\n\t\t\t\t<\/div>\n\t\t<div class=\"elementor-element elementor-element-80f5326 e-flex e-con-boxed e-con e-parent\" data-id=\"80f5326\" data-element_type=\"container\" data-e-type=\"container\" data-settings=\"{&quot;jet_parallax_layout_list&quot;:[]}\">\n\t\t\t\t\t<div class=\"e-con-inner\">\n\t\t<div class=\"elementor-element elementor-element-c64665e e-con-full e-flex e-con e-child\" data-id=\"c64665e\" data-element_type=\"container\" data-e-type=\"container\" data-settings=\"{&quot;jet_parallax_layout_list&quot;:[]}\">\n\t\t\t\t<div class=\"elementor-element elementor-element-12e87de elementor-vertical-align-top elementor-widget elementor-widget-image-box\" data-id=\"12e87de\" data-element_type=\"widget\" data-e-type=\"widget\" data-widget_type=\"image-box.default\">\n\t\t\t\t<div class=\"elementor-widget-container\">\n\t\t\t\t\t<div class=\"elementor-image-box-wrapper\"><figure class=\"elementor-image-box-img\"><a href=\"https:\/\/tracefy.com\/fr\/a-propos-de-tracefy\/travailler-a\/cadre-commercial-40-heures\/\" tabindex=\"-1\"><img fetchpriority=\"high\" decoding=\"async\" width=\"724\" height=\"912\" src=\"https:\/\/tracefy.com\/wp-content\/uploads\/2026\/01\/sales.jpg\" class=\"attachment-full size-full wp-image-10254\" alt=\"\" srcset=\"https:\/\/tracefy.com\/wp-content\/uploads\/2026\/01\/sales.jpg 724w, https:\/\/tracefy.com\/wp-content\/uploads\/2026\/01\/sales-238x300.jpg 238w, https:\/\/tracefy.com\/wp-content\/uploads\/2026\/01\/sales-10x12.jpg 10w, https:\/\/tracefy.com\/wp-content\/uploads\/2026\/01\/sales-600x756.jpg 600w\" sizes=\"(max-width: 724px) 100vw, 724px\" \/><\/a><\/figure><div class=\"elementor-image-box-content\"><h3 class=\"elementor-image-box-title\"><a href=\"https:\/\/tracefy.com\/fr\/a-propos-de-tracefy\/travailler-a\/cadre-commercial-40-heures\/\">Cadre commercial (40 heures)<\/a><\/h3><p class=\"elementor-image-box-description\">Nous recherchons un professionnel de la vente commerciale exp\u00e9riment\u00e9 qui sait reconna\u00eetre les opportunit\u00e9s, les saisir et n'a pas peur de se lancer, qui est motiv\u00e9 par les nouvelles affaires, l'\u00e9tablissement de relations et la poursuite de la professionnalisation de notre approche commerciale.\net la poursuite de la professionnalisation de notre approche commerciale.<\/p><\/div><\/div>\t\t\t\t<\/div>\n\t\t\t\t<\/div>\n\t\t\t\t<div class=\"elementor-element elementor-element-41e7232 elementor-align-justify elementor-widget elementor-widget-button\" data-id=\"41e7232\" data-element_type=\"widget\" data-e-type=\"widget\" data-widget_type=\"button.default\">\n\t\t\t\t<div class=\"elementor-widget-container\">\n\t\t\t\t\t\t\t\t\t<div class=\"elementor-button-wrapper\">\n\t\t\t\t\t<a class=\"elementor-button elementor-button-link elementor-size-sm\" href=\"https:\/\/tracefy.com\/fr\/a-propos-de-tracefy\/travailler-a\/cadre-commercial-40-heures\/\">\n\t\t\t\t\t\t<span class=\"elementor-button-content-wrapper\">\n\t\t\t\t\t\t\t\t\t<span class=\"elementor-button-text\">En savoir plus<\/span>\n\t\t\t\t\t<\/span>\n\t\t\t\t\t<\/a>\n\t\t\t\t<\/div>\n\t\t\t\t\t\t\t\t<\/div>\n\t\t\t\t<\/div>\n\t\t\t\t<\/div>\n\t\t<div class=\"elementor-element elementor-element-99efd7e e-con-full e-flex e-con e-child\" data-id=\"99efd7e\" data-element_type=\"container\" data-e-type=\"container\" data-settings=\"{&quot;jet_parallax_layout_list&quot;:[]}\">\n\t\t\t\t<div class=\"elementor-element elementor-element-9113351 elementor-vertical-align-top elementor-widget elementor-widget-image-box\" data-id=\"9113351\" data-element_type=\"widget\" data-e-type=\"widget\" data-widget_type=\"image-box.default\">\n\t\t\t\t<div class=\"elementor-widget-container\">\n\t\t\t\t\t<div class=\"elementor-image-box-wrapper\"><figure class=\"elementor-image-box-img\"><a href=\"https:\/\/tracefy.com\/fr\/a-propos-de-tracefy\/travailler-a\/developpeur-back-end-senior\/\" tabindex=\"-1\"><img decoding=\"async\" width=\"724\" height=\"912\" src=\"https:\/\/tracefy.com\/wp-content\/uploads\/2021\/11\/vacature-backend-php.jpg\" class=\"attachment-full size-full wp-image-282\" alt=\"\" srcset=\"https:\/\/tracefy.com\/wp-content\/uploads\/2021\/11\/vacature-backend-php.jpg 724w, https:\/\/tracefy.com\/wp-content\/uploads\/2021\/11\/vacature-backend-php-600x756.jpg 600w, https:\/\/tracefy.com\/wp-content\/uploads\/2021\/11\/vacature-backend-php-238x300.jpg 238w\" sizes=\"(max-width: 724px) 100vw, 724px\" \/><\/a><\/figure><div class=\"elementor-image-box-content\"><h3 class=\"elementor-image-box-title\"><a href=\"https:\/\/tracefy.com\/fr\/a-propos-de-tracefy\/travailler-a\/developpeur-back-end-senior\/\">D\u00e9veloppeur Backend (moyen\/senior)<\/a><\/h3><p class=\"elementor-image-box-description\">Nous aimerions utiliser vos vastes comp\u00e9tences pour d\u00e9velopper et am\u00e9liorer notre plateforme en mettant l'accent sur le d\u00e9ploiement de nouvelles fonctionnalit\u00e9s au sein du portail et de l'application.<\/p><\/div><\/div>\t\t\t\t<\/div>\n\t\t\t\t<\/div>\n\t\t\t\t<div class=\"elementor-element elementor-element-f0b1761 elementor-align-justify elementor-widget elementor-widget-button\" data-id=\"f0b1761\" data-element_type=\"widget\" data-e-type=\"widget\" data-widget_type=\"button.default\">\n\t\t\t\t<div class=\"elementor-widget-container\">\n\t\t\t\t\t\t\t\t\t<div class=\"elementor-button-wrapper\">\n\t\t\t\t\t<a class=\"elementor-button elementor-button-link elementor-size-sm\" href=\"https:\/\/tracefy.com\/fr\/a-propos-de-tracefy\/travailler-a\/developpeur-back-end-senior\/\">\n\t\t\t\t\t\t<span class=\"elementor-button-content-wrapper\">\n\t\t\t\t\t\t\t\t\t<span class=\"elementor-button-text\">En savoir plus<\/span>\n\t\t\t\t\t<\/span>\n\t\t\t\t\t<\/a>\n\t\t\t\t<\/div>\n\t\t\t\t\t\t\t\t<\/div>\n\t\t\t\t<\/div>\n\t\t\t\t<\/div>\n\t\t<div class=\"elementor-element elementor-element-9b5dc2a e-con-full e-flex e-con e-child\" data-id=\"9b5dc2a\" data-element_type=\"container\" data-e-type=\"container\" data-settings=\"{&quot;jet_parallax_layout_list&quot;:[]}\">\n\t\t\t\t<div class=\"elementor-element elementor-element-fc1d48e elementor-vertical-align-top elementor-widget elementor-widget-image-box\" data-id=\"fc1d48e\" data-element_type=\"widget\" data-e-type=\"widget\" data-widget_type=\"image-box.default\">\n\t\t\t\t<div class=\"elementor-widget-container\">\n\t\t\t\t\t<div class=\"elementor-image-box-wrapper\"><figure class=\"elementor-image-box-img\"><a href=\"https:\/\/tracefy.com\/fr\/a-propos-de-tracefy\/travailler-a\/developpeur-back-end-senior\/\" tabindex=\"-1\"><img decoding=\"async\" width=\"724\" height=\"912\" src=\"https:\/\/tracefy.com\/wp-content\/uploads\/2025\/08\/support.jpg\" class=\"attachment-full size-full wp-image-9815\" alt=\"\" srcset=\"https:\/\/tracefy.com\/wp-content\/uploads\/2025\/08\/support.jpg 724w, https:\/\/tracefy.com\/wp-content\/uploads\/2025\/08\/support-238x300.jpg 238w, https:\/\/tracefy.com\/wp-content\/uploads\/2025\/08\/support-10x12.jpg 10w, https:\/\/tracefy.com\/wp-content\/uploads\/2025\/08\/support-600x756.jpg 600w\" sizes=\"(max-width: 724px) 100vw, 724px\" \/><\/a><\/figure><div class=\"elementor-image-box-content\"><h3 class=\"elementor-image-box-title\"><a href=\"https:\/\/tracefy.com\/fr\/a-propos-de-tracefy\/travailler-a\/developpeur-back-end-senior\/\">Charg\u00e9 de l'assistance \u00e0 la client\u00e8le et du recouvrement <\/a><\/h3><p class=\"elementor-image-box-description\">Nous sommes \u00e0 la recherche d'un collaborateur enthousiaste et orient\u00e9 vers le client. Dans ce r\u00f4le, vous serez responsable de l'assistance \u00e0 nos clients pour les questions techniques.<\/p><\/div><\/div>\t\t\t\t<\/div>\n\t\t\t\t<\/div>\n\t\t\t\t<div class=\"elementor-element elementor-element-ae2cd38 elementor-align-justify elementor-widget elementor-widget-button\" data-id=\"ae2cd38\" data-element_type=\"widget\" data-e-type=\"widget\" data-widget_type=\"button.default\">\n\t\t\t\t<div class=\"elementor-widget-container\">\n\t\t\t\t\t\t\t\t\t<div class=\"elementor-button-wrapper\">\n\t\t\t\t\t<a class=\"elementor-button elementor-button-link elementor-size-sm\" href=\"https:\/\/tracefy.com\/fr\/a-propos-de-tracefy\/travailler-a\/agent-de-recouvrement-du-soutien-a-la-clientele\/\">\n\t\t\t\t\t\t<span class=\"elementor-button-content-wrapper\">\n\t\t\t\t\t\t\t\t\t<span class=\"elementor-button-text\">En savoir plus<\/span>\n\t\t\t\t\t<\/span>\n\t\t\t\t\t<\/a>\n\t\t\t\t<\/div>\n\t\t\t\t\t\t\t\t<\/div>\n\t\t\t\t<\/div>\n\t\t\t\t<\/div>\n\t\t\t\t\t<\/div>\n\t\t\t\t<\/div>\n\t\t\t\t<\/div>","protected":false},"excerpt":{"rendered":"<p>Werken bij Tracefy Join the team! Sales Executive (40 uur) Wij op zoek naar een ervaren, commerci\u00eble sales professional die kansen ziet, ze pakt en niet bang is om eropaf te gaan, die energie krijgt van new business, het bouwen van relaties en het verder professionaliseren van onze sales-aanpak. Lees verder Backend Developer (medior\/senior) Jouw [&hellip;]<\/p>\n","protected":false},"author":1,"featured_media":0,"parent":5812,"menu_order":0,"comment_status":"closed","ping_status":"closed","template":"","meta":{"footnotes":""},"class_list":["post-5814","page","type-page","status-publish","hentry"],"yoast_head":"<!-- This site is optimized with the Yoast SEO Premium plugin v27.2 (Yoast SEO v27.2) - https:\/\/yoast.com\/product\/yoast-seo-premium-wordpress\/ -->\n<title>Werken bij - Tracefy | Keep Your Bike Close<\/title>\n<meta name=\"robots\" content=\"index, follow, max-snippet:-1, max-image-preview:large, max-video-preview:-1\" \/>\n<link rel=\"canonical\" href=\"https:\/\/tracefy.com\/fr\/a-propos-de-tracefy\/travailler-a\/\" \/>\n<meta property=\"og:locale\" content=\"fr_FR\" \/>\n<meta property=\"og:type\" content=\"article\" \/>\n<meta property=\"og:title\" content=\"Werken bij\" \/>\n<meta property=\"og:description\" content=\"Werken bij Tracefy Join the team! Sales Executive (40 uur) Wij op zoek naar een ervaren, commerci\u00eble sales professional die kansen ziet, ze pakt en niet bang is om eropaf te gaan, die energie krijgt van new business, het bouwen van relaties en het verder professionaliseren van onze sales-aanpak. Lees verder Backend Developer (medior\/senior) Jouw [&hellip;]\" \/>\n<meta property=\"og:url\" content=\"https:\/\/tracefy.com\/fr\/a-propos-de-tracefy\/travailler-a\/\" \/>\n<meta property=\"og:site_name\" content=\"Tracefy | Keep Your Bike Close\" \/>\n<meta property=\"article:publisher\" content=\"https:\/\/www.facebook.com\/Tracefy\/\" \/>\n<meta property=\"article:modified_time\" content=\"2026-03-09T07:29:36+00:00\" \/>\n<meta property=\"og:image\" content=\"https:\/\/tracefy.com\/wp-content\/uploads\/2026\/01\/sales.jpg\" \/>\n\t<meta property=\"og:image:width\" content=\"724\" \/>\n\t<meta property=\"og:image:height\" content=\"912\" \/>\n\t<meta property=\"og:image:type\" content=\"image\/jpeg\" \/>\n<meta name=\"twitter:card\" content=\"summary_large_image\" \/>\n<meta name=\"twitter:label1\" content=\"Dur\u00e9e de lecture estim\u00e9e\" \/>\n\t<meta name=\"twitter:data1\" content=\"2 minutes\" \/>\n<script type=\"application\/ld+json\" class=\"yoast-schema-graph\">{\"@context\":\"https:\/\/schema.org\",\"@graph\":[{\"@type\":\"WebPage\",\"@id\":\"https:\/\/tracefy.com\/over-tracefy\/werken-bij\/\",\"url\":\"https:\/\/tracefy.com\/over-tracefy\/werken-bij\/\",\"name\":\"Werken bij - Tracefy | Keep Your Bike Close\",\"isPartOf\":{\"@id\":\"https:\/\/tracefy.com\/nl\/#website\"},\"primaryImageOfPage\":{\"@id\":\"https:\/\/tracefy.com\/over-tracefy\/werken-bij\/#primaryimage\"},\"image\":{\"@id\":\"https:\/\/tracefy.com\/over-tracefy\/werken-bij\/#primaryimage\"},\"thumbnailUrl\":\"https:\/\/tracefy.com\/wp-content\/uploads\/2026\/01\/sales.jpg\",\"datePublished\":\"2024-01-25T07:10:29+00:00\",\"dateModified\":\"2026-03-09T07:29:36+00:00\",\"breadcrumb\":{\"@id\":\"https:\/\/tracefy.com\/over-tracefy\/werken-bij\/#breadcrumb\"},\"inLanguage\":\"fr-FR\",\"potentialAction\":[{\"@type\":\"ReadAction\",\"target\":[\"https:\/\/tracefy.com\/over-tracefy\/werken-bij\/\"]}]},{\"@type\":\"ImageObject\",\"inLanguage\":\"fr-FR\",\"@id\":\"https:\/\/tracefy.com\/over-tracefy\/werken-bij\/#primaryimage\",\"url\":\"https:\/\/tracefy.com\/wp-content\/uploads\/2026\/01\/sales.jpg\",\"contentUrl\":\"https:\/\/tracefy.com\/wp-content\/uploads\/2026\/01\/sales.jpg\"},{\"@type\":\"BreadcrumbList\",\"@id\":\"https:\/\/tracefy.com\/over-tracefy\/werken-bij\/#breadcrumb\",\"itemListElement\":[{\"@type\":\"ListItem\",\"position\":1,\"name\":\"Home\",\"item\":\"https:\/\/tracefy.com\/\"},{\"@type\":\"ListItem\",\"position\":2,\"name\":\"Over Tracefy\",\"item\":\"https:\/\/tracefy.com\/over-tracefy\/\"},{\"@type\":\"ListItem\",\"position\":3,\"name\":\"Werken bij\"}]},{\"@type\":\"WebSite\",\"@id\":\"https:\/\/tracefy.com\/nl\/#website\",\"url\":\"https:\/\/tracefy.com\/nl\/\",\"name\":\"Tracefy | Keep Your Bike Close\",\"description\":\"\",\"publisher\":{\"@id\":\"https:\/\/tracefy.com\/nl\/#organization\"},\"potentialAction\":[{\"@type\":\"SearchAction\",\"target\":{\"@type\":\"EntryPoint\",\"urlTemplate\":\"https:\/\/tracefy.com\/nl\/?s={search_term_string}\"},\"query-input\":{\"@type\":\"PropertyValueSpecification\",\"valueRequired\":true,\"valueName\":\"search_term_string\"}}],\"inLanguage\":\"fr-FR\"},{\"@type\":\"Organization\",\"@id\":\"https:\/\/tracefy.com\/nl\/#organization\",\"name\":\"Tracefy | Keep Your Bike Close\",\"url\":\"https:\/\/tracefy.com\/nl\/\",\"logo\":{\"@type\":\"ImageObject\",\"inLanguage\":\"fr-FR\",\"@id\":\"https:\/\/tracefy.com\/nl\/#\/schema\/logo\/image\/\",\"url\":\"https:\/\/tracefy.com\/wp-content\/uploads\/2021\/10\/Tracefy_logo_payoff-2022.svg\",\"contentUrl\":\"https:\/\/tracefy.com\/wp-content\/uploads\/2021\/10\/Tracefy_logo_payoff-2022.svg\",\"width\":517.5,\"height\":285.9,\"caption\":\"Tracefy | Keep Your Bike Close\"},\"image\":{\"@id\":\"https:\/\/tracefy.com\/nl\/#\/schema\/logo\/image\/\"},\"sameAs\":[\"https:\/\/www.facebook.com\/Tracefy\/\",\"https:\/\/www.instagram.com\/tracefy_iot\/\",\"https:\/\/www.youtube.com\/@tracefy_iot\",\"https:\/\/www.linkedin.com\/company\/tracefy\/\"]}]}<\/script>\n<!-- \/ Yoast SEO Premium plugin. -->","yoast_head_json":{"title":"Travailler \u00e0 - Tracefy | Garder son v\u00e9lo pr\u00e8s de soi","robots":{"index":"index","follow":"follow","max-snippet":"max-snippet:-1","max-image-preview":"max-image-preview:large","max-video-preview":"max-video-preview:-1"},"canonical":"https:\/\/tracefy.com\/fr\/a-propos-de-tracefy\/travailler-a\/","og_locale":"fr_FR","og_type":"article","og_title":"Werken bij","og_description":"Werken bij Tracefy Join the team! Sales Executive (40 uur) Wij op zoek naar een ervaren, commerci\u00eble sales professional die kansen ziet, ze pakt en niet bang is om eropaf te gaan, die energie krijgt van new business, het bouwen van relaties en het verder professionaliseren van onze sales-aanpak. Lees verder Backend Developer (medior\/senior) Jouw [&hellip;]","og_url":"https:\/\/tracefy.com\/fr\/a-propos-de-tracefy\/travailler-a\/","og_site_name":"Tracefy | Keep Your Bike Close","article_publisher":"https:\/\/www.facebook.com\/Tracefy\/","article_modified_time":"2026-03-09T07:29:36+00:00","og_image":[{"width":724,"height":912,"url":"https:\/\/tracefy.com\/wp-content\/uploads\/2026\/01\/sales.jpg","type":"image\/jpeg"}],"twitter_card":"summary_large_image","twitter_misc":{"Dur\u00e9e de lecture estim\u00e9e":"2 minutes"},"schema":{"@context":"https:\/\/schema.org","@graph":[{"@type":"WebPage","@id":"https:\/\/tracefy.com\/over-tracefy\/werken-bij\/","url":"https:\/\/tracefy.com\/over-tracefy\/werken-bij\/","name":"Travailler \u00e0 - Tracefy | Garder son v\u00e9lo pr\u00e8s de soi","isPartOf":{"@id":"https:\/\/tracefy.com\/nl\/#website"},"primaryImageOfPage":{"@id":"https:\/\/tracefy.com\/over-tracefy\/werken-bij\/#primaryimage"},"image":{"@id":"https:\/\/tracefy.com\/over-tracefy\/werken-bij\/#primaryimage"},"thumbnailUrl":"https:\/\/tracefy.com\/wp-content\/uploads\/2026\/01\/sales.jpg","datePublished":"2024-01-25T07:10:29+00:00","dateModified":"2026-03-09T07:29:36+00:00","breadcrumb":{"@id":"https:\/\/tracefy.com\/over-tracefy\/werken-bij\/#breadcrumb"},"inLanguage":"fr-FR","potentialAction":[{"@type":"ReadAction","target":["https:\/\/tracefy.com\/over-tracefy\/werken-bij\/"]}]},{"@type":"ImageObject","inLanguage":"fr-FR","@id":"https:\/\/tracefy.com\/over-tracefy\/werken-bij\/#primaryimage","url":"https:\/\/tracefy.com\/wp-content\/uploads\/2026\/01\/sales.jpg","contentUrl":"https:\/\/tracefy.com\/wp-content\/uploads\/2026\/01\/sales.jpg"},{"@type":"BreadcrumbList","@id":"https:\/\/tracefy.com\/over-tracefy\/werken-bij\/#breadcrumb","itemListElement":[{"@type":"ListItem","position":1,"name":"Home","item":"https:\/\/tracefy.com\/"},{"@type":"ListItem","position":2,"name":"Over Tracefy","item":"https:\/\/tracefy.com\/over-tracefy\/"},{"@type":"ListItem","position":3,"name":"Werken bij"}]},{"@type":"WebSite","@id":"https:\/\/tracefy.com\/nl\/#website","url":"https:\/\/tracefy.com\/nl\/","name":"Tracefy | Gardez votre v\u00e9lo pr\u00e8s de vous","description":"","publisher":{"@id":"https:\/\/tracefy.com\/nl\/#organization"},"potentialAction":[{"@type":"SearchAction","target":{"@type":"EntryPoint","urlTemplate":"https:\/\/tracefy.com\/nl\/?s={search_term_string}"},"query-input":{"@type":"PropertyValueSpecification","valueRequired":true,"valueName":"search_term_string"}}],"inLanguage":"fr-FR"},{"@type":"Organization","@id":"https:\/\/tracefy.com\/nl\/#organization","name":"Tracefy | Gardez votre v\u00e9lo pr\u00e8s de vous","url":"https:\/\/tracefy.com\/nl\/","logo":{"@type":"ImageObject","inLanguage":"fr-FR","@id":"https:\/\/tracefy.com\/nl\/#\/schema\/logo\/image\/","url":"https:\/\/tracefy.com\/wp-content\/uploads\/2021\/10\/Tracefy_logo_payoff-2022.svg","contentUrl":"https:\/\/tracefy.com\/wp-content\/uploads\/2021\/10\/Tracefy_logo_payoff-2022.svg","width":517.5,"height":285.9,"caption":"Tracefy | Keep Your Bike Close"},"image":{"@id":"https:\/\/tracefy.com\/nl\/#\/schema\/logo\/image\/"},"sameAs":["https:\/\/www.facebook.com\/Tracefy\/","https:\/\/www.instagram.com\/tracefy_iot\/","https:\/\/www.youtube.com\/@tracefy_iot","https:\/\/www.linkedin.com\/company\/tracefy\/"]}]}},"_links":{"self":[{"href":"https:\/\/tracefy.com\/fr\/wp-json\/wp\/v2\/pages\/5814","targetHints":{"allow":["GET"]}}],"collection":[{"href":"https:\/\/tracefy.com\/fr\/wp-json\/wp\/v2\/pages"}],"about":[{"href":"https:\/\/tracefy.com\/fr\/wp-json\/wp\/v2\/types\/page"}],"author":[{"embeddable":true,"href":"https:\/\/tracefy.com\/fr\/wp-json\/wp\/v2\/users\/1"}],"replies":[{"embeddable":true,"href":"https:\/\/tracefy.com\/fr\/wp-json\/wp\/v2\/comments?post=5814"}],"version-history":[{"count":28,"href":"https:\/\/tracefy.com\/fr\/wp-json\/wp\/v2\/pages\/5814\/revisions"}],"predecessor-version":[{"id":10288,"href":"https:\/\/tracefy.com\/fr\/wp-json\/wp\/v2\/pages\/5814\/revisions\/10288"}],"up":[{"embeddable":true,"href":"https:\/\/tracefy.com\/fr\/wp-json\/wp\/v2\/pages\/5812"}],"wp:attachment":[{"href":"https:\/\/tracefy.com\/fr\/wp-json\/wp\/v2\/media?parent=5814"}],"curies":[{"name":"wp","href":"https:\/\/api.w.org\/{rel}","templated":true}]}}