{"id":6804,"date":"2024-09-06T09:42:12","date_gmt":"2024-09-06T08:42:12","guid":{"rendered":"https:\/\/new.tracefy.com\/?page_id=6804"},"modified":"2024-09-27T12:45:56","modified_gmt":"2024-09-27T11:45:56","slug":"collaborations","status":"publish","type":"page","link":"https:\/\/tracefy.com\/fr\/samenwerkingen\/","title":{"rendered":"Collaborations"},"content":{"rendered":"<div data-elementor-type=\"wp-page\" data-elementor-id=\"6804\" class=\"elementor elementor-6804\" data-elementor-post-type=\"page\">\n\t\t\t\t<div class=\"elementor-element elementor-element-2ce7a0dc e-con-full e-flex e-con e-parent\" data-id=\"2ce7a0dc\" data-element_type=\"container\" data-e-type=\"container\" data-settings=\"{&quot;background_background&quot;:&quot;video&quot;,&quot;background_video_link&quot;:&quot;https:\\\/\\\/youtu.be\\\/OkOZ3TZ4fVc&quot;,&quot;background_play_on_mobile&quot;:&quot;yes&quot;,&quot;jet_parallax_layout_list&quot;:[]}\">\n\t\t<div class=\"elementor-background-video-container\">\n\t\t\t\t\t\t\t<div class=\"elementor-background-video-embed\" role=\"presentation\"><\/div>\n\t\t\t\t\t\t<\/div><div class=\"elementor-element elementor-element-4949c5e4 e-flex e-con-boxed e-con e-child\" data-id=\"4949c5e4\" data-element_type=\"container\" data-e-type=\"container\" data-settings=\"{&quot;background_background&quot;:&quot;classic&quot;,&quot;jet_parallax_layout_list&quot;:[]}\">\n\t\t\t\t\t<div class=\"e-con-inner\">\n\t\t\t\t<div class=\"elementor-element elementor-element-2c4ff69 elementor-widget elementor-widget-heading\" data-id=\"2c4ff69\" data-element_type=\"widget\" data-e-type=\"widget\" data-widget_type=\"heading.default\">\n\t\t\t\t<div class=\"elementor-widget-container\">\n\t\t\t\t\t<h1 class=\"elementor-heading-title elementor-size-default\">Collaborations avec des marques de cyclisme<\/h1>\t\t\t\t<\/div>\n\t\t\t\t<\/div>\n\t\t\t\t\t<\/div>\n\t\t\t\t<\/div>\n\t\t\t\t<\/div>\n\t\t<div class=\"elementor-element elementor-element-fdb3778 e-flex e-con-boxed e-con e-parent\" data-id=\"fdb3778\" data-element_type=\"container\" data-e-type=\"container\" data-settings=\"{&quot;jet_parallax_layout_list&quot;:[]}\">\n\t\t\t\t\t<div class=\"e-con-inner\">\n\t\t\t\t<div class=\"elementor-element elementor-element-a4493e3 elementor-widget elementor-widget-text-editor\" data-id=\"a4493e3\" data-element_type=\"widget\" data-e-type=\"widget\" data-widget_type=\"text-editor.default\">\n\t\t\t\t<div class=\"elementor-widget-container\">\n\t\t\t\t\t\t\t\t\t<p style=\"font-weight: 400;\">Avec la forte augmentation des taux de vol et les obligations des assureurs, on pourrait s'attendre \u00e0 ce que les marques de v\u00e9los \u00e9quipent leurs v\u00e9los de la technologie GPS en s\u00e9rie. Or, ce n'est souvent pas le cas. De nombreuses marques estiment que l'investissement n\u00e9cessaire pour \u00e9quiper tous leurs mod\u00e8les de v\u00e9los \u00e9lectriques d'un syst\u00e8me de localisation GPS est trop \u00e9lev\u00e9. Par exemple, parce qu'elles exportent \u00e9galement vers des pays o\u00f9 le vol est un probl\u00e8me moins important. Elles pr\u00e9f\u00e8rent donc laisser l'installation des traceurs GPS \u00e0 leurs revendeurs apr\u00e8s la vente du v\u00e9lo au consommateur. Nous comprenons parfaitement cette situation et avons mis au point une proposition sp\u00e9ciale \"OEM light\" \u00e0 cet effet.\u00a0<\/p>\t\t\t\t\t\t\t\t<\/div>\n\t\t\t\t<\/div>\n\t\t\t\t\t<\/div>\n\t\t\t\t<\/div>\n\t\t<div class=\"elementor-element elementor-element-3f22589 e-flex e-con-boxed e-con e-parent\" data-id=\"3f22589\" data-element_type=\"container\" data-e-type=\"container\" data-settings=\"{&quot;background_background&quot;:&quot;classic&quot;,&quot;jet_parallax_layout_list&quot;:[]}\">\n\t\t\t\t\t<div class=\"e-con-inner\">\n\t\t<div class=\"elementor-element elementor-element-7ee2fcf e-con-full e-flex e-con e-child\" data-id=\"7ee2fcf\" data-element_type=\"container\" data-e-type=\"container\" data-settings=\"{&quot;jet_parallax_layout_list&quot;:[]}\">\n\t\t\t\t<div class=\"elementor-element elementor-element-e4a189a elementor-widget elementor-widget-heading\" data-id=\"e4a189a\" data-element_type=\"widget\" data-e-type=\"widget\" data-widget_type=\"heading.default\">\n\t\t\t\t<div class=\"elementor-widget-container\">\n\t\t\t\t\t<h2 class=\"elementor-heading-title elementor-size-default\">Un partenaire fiable<\/h2>\t\t\t\t<\/div>\n\t\t\t\t<\/div>\n\t\t\t\t<div class=\"elementor-element elementor-element-1b73f86 elementor-widget elementor-widget-text-editor\" data-id=\"1b73f86\" data-element_type=\"widget\" data-e-type=\"widget\" data-widget_type=\"text-editor.default\">\n\t\t\t\t<div class=\"elementor-widget-container\">\n\t\t\t\t\t\t\t\t\t<p>Pourtant, ces marques ne veulent pas n'importe quel traceur GPS. Elles pr\u00e9f\u00e8rent une solution GPS de haute qualit\u00e9, certifi\u00e9e par Kiwa et fournie par un partenaire fiable. C'est pourquoi de nombreuses marques de v\u00e9los ont choisi de recommander Tracefy \u00e0 leurs revendeurs comme partenaire GPS. Leur objectif est que ces derniers utilisent exclusivement Tracefy pour la technologie GPS de leurs v\u00e9los. Ces magasins de v\u00e9los peuvent commander nos produits de suivi et de localisation directement aupr\u00e8s de nous ou aupr\u00e8s de nos partenaires de distribution PENDLR et Juncker Bike Parts.\u00a0<\/p>\t\t\t\t\t\t\t\t<\/div>\n\t\t\t\t<\/div>\n\t\t\t\t<\/div>\n\t\t<div class=\"elementor-element elementor-element-cae3312 e-con-full e-flex e-con e-child\" data-id=\"cae3312\" data-element_type=\"container\" data-e-type=\"container\" data-settings=\"{&quot;background_background&quot;:&quot;classic&quot;,&quot;jet_parallax_layout_list&quot;:[]}\">\n\t\t\t\t<div class=\"elementor-element elementor-element-bf68f6c elementor-widget elementor-widget-image-gallery\" data-id=\"bf68f6c\" data-element_type=\"widget\" data-e-type=\"widget\" data-widget_type=\"image-gallery.default\">\n\t\t\t\t<div class=\"elementor-widget-container\">\n\t\t\t\t\t\t\t<div class=\"elementor-image-gallery\">\n\t\t\t<div id='gallery-1' class='gallery galleryid-6804 gallery-columns-3 gallery-size-thumbnail'><figure class='gallery-item'>\n\t\t\t<div class='gallery-icon landscape'>\n\t\t\t\t<a data-elementor-open-lightbox=\"no\" href='https:\/\/tracefy.com\/wp-content\/uploads\/2024\/09\/bakfietsnl.png'><img decoding=\"async\" width=\"150\" height=\"150\" src=\"https:\/\/tracefy.com\/wp-content\/uploads\/2024\/09\/bakfietsnl-150x150.png\" class=\"attachment-thumbnail size-thumbnail\" alt=\"\" srcset=\"https:\/\/tracefy.com\/wp-content\/uploads\/2024\/09\/bakfietsnl-150x150.png 150w, https:\/\/tracefy.com\/wp-content\/uploads\/2024\/09\/bakfietsnl-100x100.png 100w, https:\/\/tracefy.com\/wp-content\/uploads\/2024\/09\/bakfietsnl.png 300w\" sizes=\"(max-width: 150px) 100vw, 150px\" \/><\/a>\n\t\t\t<\/div><\/figure><figure class='gallery-item'>\n\t\t\t<div class='gallery-icon landscape'>\n\t\t\t\t<a data-elementor-open-lightbox=\"no\" href='https:\/\/tracefy.com\/wp-content\/uploads\/2024\/09\/batavus.png'><img decoding=\"async\" width=\"150\" height=\"150\" src=\"https:\/\/tracefy.com\/wp-content\/uploads\/2024\/09\/batavus-150x150.png\" class=\"attachment-thumbnail size-thumbnail\" alt=\"\" srcset=\"https:\/\/tracefy.com\/wp-content\/uploads\/2024\/09\/batavus-150x150.png 150w, https:\/\/tracefy.com\/wp-content\/uploads\/2024\/09\/batavus-100x100.png 100w, https:\/\/tracefy.com\/wp-content\/uploads\/2024\/09\/batavus.png 300w\" sizes=\"(max-width: 150px) 100vw, 150px\" \/><\/a>\n\t\t\t<\/div><\/figure><figure class='gallery-item'>\n\t\t\t<div class='gallery-icon landscape'>\n\t\t\t\t<a data-elementor-open-lightbox=\"no\" href='https:\/\/tracefy.com\/wp-content\/uploads\/2024\/09\/cube.png'><img decoding=\"async\" width=\"150\" height=\"150\" src=\"https:\/\/tracefy.com\/wp-content\/uploads\/2024\/09\/cube-150x150.png\" class=\"attachment-thumbnail size-thumbnail\" alt=\"\" srcset=\"https:\/\/tracefy.com\/wp-content\/uploads\/2024\/09\/cube-150x150.png 150w, https:\/\/tracefy.com\/wp-content\/uploads\/2024\/09\/cube-100x100.png 100w, https:\/\/tracefy.com\/wp-content\/uploads\/2024\/09\/cube.png 300w\" sizes=\"(max-width: 150px) 100vw, 150px\" \/><\/a>\n\t\t\t<\/div><\/figure><figure class='gallery-item'>\n\t\t\t<div class='gallery-icon landscape'>\n\t\t\t\t<a data-elementor-open-lightbox=\"no\" href='https:\/\/tracefy.com\/wp-content\/uploads\/2024\/09\/giant.png'><img loading=\"lazy\" decoding=\"async\" width=\"150\" height=\"150\" src=\"https:\/\/tracefy.com\/wp-content\/uploads\/2024\/09\/giant-150x150.png\" class=\"attachment-thumbnail size-thumbnail\" alt=\"\" srcset=\"https:\/\/tracefy.com\/wp-content\/uploads\/2024\/09\/giant-150x150.png 150w, https:\/\/tracefy.com\/wp-content\/uploads\/2024\/09\/giant-100x100.png 100w, https:\/\/tracefy.com\/wp-content\/uploads\/2024\/09\/giant.png 300w\" sizes=\"(max-width: 150px) 100vw, 150px\" \/><\/a>\n\t\t\t<\/div><\/figure><figure class='gallery-item'>\n\t\t\t<div class='gallery-icon landscape'>\n\t\t\t\t<a data-elementor-open-lightbox=\"no\" href='https:\/\/tracefy.com\/wp-content\/uploads\/2024\/09\/koga.png'><img loading=\"lazy\" decoding=\"async\" width=\"150\" height=\"150\" src=\"https:\/\/tracefy.com\/wp-content\/uploads\/2024\/09\/koga-150x150.png\" class=\"attachment-thumbnail size-thumbnail\" alt=\"\" srcset=\"https:\/\/tracefy.com\/wp-content\/uploads\/2024\/09\/koga-150x150.png 150w, https:\/\/tracefy.com\/wp-content\/uploads\/2024\/09\/koga-100x100.png 100w, https:\/\/tracefy.com\/wp-content\/uploads\/2024\/09\/koga.png 300w\" sizes=\"(max-width: 150px) 100vw, 150px\" \/><\/a>\n\t\t\t<\/div><\/figure><figure class='gallery-item'>\n\t\t\t<div class='gallery-icon landscape'>\n\t\t\t\t<a data-elementor-open-lightbox=\"no\" href='https:\/\/tracefy.com\/wp-content\/uploads\/2024\/09\/lovens.png'><img loading=\"lazy\" decoding=\"async\" width=\"150\" height=\"150\" src=\"https:\/\/tracefy.com\/wp-content\/uploads\/2024\/09\/lovens-150x150.png\" class=\"attachment-thumbnail size-thumbnail\" alt=\"\" srcset=\"https:\/\/tracefy.com\/wp-content\/uploads\/2024\/09\/lovens-150x150.png 150w, https:\/\/tracefy.com\/wp-content\/uploads\/2024\/09\/lovens-100x100.png 100w, https:\/\/tracefy.com\/wp-content\/uploads\/2024\/09\/lovens.png 300w\" sizes=\"(max-width: 150px) 100vw, 150px\" \/><\/a>\n\t\t\t<\/div><\/figure><figure class='gallery-item'>\n\t\t\t<div class='gallery-icon landscape'>\n\t\t\t\t<a data-elementor-open-lightbox=\"no\" href='https:\/\/tracefy.com\/wp-content\/uploads\/2024\/09\/sparta.png'><img loading=\"lazy\" decoding=\"async\" width=\"150\" height=\"150\" src=\"https:\/\/tracefy.com\/wp-content\/uploads\/2024\/09\/sparta-150x150.png\" class=\"attachment-thumbnail size-thumbnail\" alt=\"\" srcset=\"https:\/\/tracefy.com\/wp-content\/uploads\/2024\/09\/sparta-150x150.png 150w, https:\/\/tracefy.com\/wp-content\/uploads\/2024\/09\/sparta-100x100.png 100w, https:\/\/tracefy.com\/wp-content\/uploads\/2024\/09\/sparta.png 300w\" sizes=\"(max-width: 150px) 100vw, 150px\" \/><\/a>\n\t\t\t<\/div><\/figure><figure class='gallery-item'>\n\t\t\t<div class='gallery-icon landscape'>\n\t\t\t\t<a data-elementor-open-lightbox=\"no\" href='https:\/\/tracefy.com\/wp-content\/uploads\/2024\/09\/trek.png'><img loading=\"lazy\" decoding=\"async\" width=\"150\" height=\"150\" src=\"https:\/\/tracefy.com\/wp-content\/uploads\/2024\/09\/trek-150x150.png\" class=\"attachment-thumbnail size-thumbnail\" alt=\"\" srcset=\"https:\/\/tracefy.com\/wp-content\/uploads\/2024\/09\/trek-150x150.png 150w, https:\/\/tracefy.com\/wp-content\/uploads\/2024\/09\/trek-100x100.png 100w, https:\/\/tracefy.com\/wp-content\/uploads\/2024\/09\/trek.png 300w\" sizes=\"(max-width: 150px) 100vw, 150px\" \/><\/a>\n\t\t\t<\/div><\/figure><figure class='gallery-item'>\n\t\t\t<div class='gallery-icon landscape'>\n\t\t\t\t<a data-elementor-open-lightbox=\"no\" href='https:\/\/tracefy.com\/wp-content\/uploads\/2024\/09\/vanraam.png'><img loading=\"lazy\" decoding=\"async\" width=\"150\" height=\"150\" src=\"https:\/\/tracefy.com\/wp-content\/uploads\/2024\/09\/vanraam-150x150.png\" class=\"attachment-thumbnail size-thumbnail\" alt=\"\" srcset=\"https:\/\/tracefy.com\/wp-content\/uploads\/2024\/09\/vanraam-150x150.png 150w, https:\/\/tracefy.com\/wp-content\/uploads\/2024\/09\/vanraam-100x100.png 100w, https:\/\/tracefy.com\/wp-content\/uploads\/2024\/09\/vanraam.png 300w\" sizes=\"(max-width: 150px) 100vw, 150px\" \/><\/a>\n\t\t\t<\/div><\/figure>\n\t\t<\/div>\n\t\t<\/div>\n\t\t\t\t\t\t<\/div>\n\t\t\t\t<\/div>\n\t\t\t\t<\/div>\n\t\t\t\t\t<\/div>\n\t\t\t\t<\/div>\n\t\t<div class=\"elementor-element elementor-element-2276614 e-flex e-con-boxed e-con e-parent\" data-id=\"2276614\" data-element_type=\"container\" data-e-type=\"container\" data-settings=\"{&quot;background_background&quot;:&quot;classic&quot;,&quot;jet_parallax_layout_list&quot;:[]}\">\n\t\t\t\t\t<div class=\"e-con-inner\">\n\t\t<div class=\"elementor-element elementor-element-319214d e-con-full e-flex e-con e-child\" data-id=\"319214d\" data-element_type=\"container\" data-e-type=\"container\" data-settings=\"{&quot;jet_parallax_layout_list&quot;:[]}\">\n\t\t\t\t<div class=\"elementor-element elementor-element-ad977dd elementor-widget elementor-widget-image\" data-id=\"ad977dd\" data-element_type=\"widget\" data-e-type=\"widget\" data-widget_type=\"image.default\">\n\t\t\t\t<div class=\"elementor-widget-container\">\n\t\t\t\t\t\t\t\t\t\t\t\t\t\t\t<img loading=\"lazy\" decoding=\"async\" width=\"800\" height=\"450\" src=\"https:\/\/tracefy.com\/wp-content\/uploads\/2024\/09\/Joer-RD-1024x576.jpg\" class=\"attachment-large size-large wp-image-6946\" alt=\"\" srcset=\"https:\/\/tracefy.com\/wp-content\/uploads\/2024\/09\/Joer-RD-1024x576.jpg 1024w, https:\/\/tracefy.com\/wp-content\/uploads\/2024\/09\/Joer-RD-scaled-600x338.jpg 600w, https:\/\/tracefy.com\/wp-content\/uploads\/2024\/09\/Joer-RD-300x169.jpg 300w, https:\/\/tracefy.com\/wp-content\/uploads\/2024\/09\/Joer-RD-768x432.jpg 768w, https:\/\/tracefy.com\/wp-content\/uploads\/2024\/09\/Joer-RD-1536x864.jpg 1536w, https:\/\/tracefy.com\/wp-content\/uploads\/2024\/09\/Joer-RD-2048x1152.jpg 2048w\" sizes=\"(max-width: 800px) 100vw, 800px\" \/>\t\t\t\t\t\t\t\t\t\t\t\t\t\t\t<\/div>\n\t\t\t\t<\/div>\n\t\t\t\t<\/div>\n\t\t<div class=\"elementor-element elementor-element-6815040 e-con-full e-flex e-con e-child\" data-id=\"6815040\" data-element_type=\"container\" data-e-type=\"container\" data-settings=\"{&quot;jet_parallax_layout_list&quot;:[]}\">\n\t\t\t\t<div class=\"elementor-element elementor-element-698ddcf elementor-widget elementor-widget-heading\" data-id=\"698ddcf\" data-element_type=\"widget\" data-e-type=\"widget\" data-widget_type=\"heading.default\">\n\t\t\t\t<div class=\"elementor-widget-container\">\n\t\t\t\t\t<h2 class=\"elementor-heading-title elementor-size-default\">R&amp;D et assistance \u00e9tendues<\/h2>\t\t\t\t<\/div>\n\t\t\t\t<\/div>\n\t\t\t\t<div class=\"elementor-element elementor-element-004808b elementor-widget elementor-widget-text-editor\" data-id=\"004808b\" data-element_type=\"widget\" data-e-type=\"widget\" data-widget_type=\"text-editor.default\">\n\t\t\t\t<div class=\"elementor-widget-container\">\n\t\t\t\t\t\t\t\t\t<p style=\"font-weight: 400;\">Nous menons des activit\u00e9s de R&amp;D approfondies pour ces marques afin de pouvoir les conseiller, ainsi que leurs revendeurs, sur la meilleure fa\u00e7on d'installer le traceur Tracefy et sur l'endroit o\u00f9 il doit \u00eatre install\u00e9. Souvent, nous d\u00e9veloppons \u00e9galement un connecteur sur mesure pour ces partenaires, que les revendeurs peuvent ensuite commander aupr\u00e8s de nous ou de nos partenaires de distribution. Les marques de v\u00e9los n'ont donc pas besoin d'investir elles-m\u00eames dans les connaissances ou les ressources n\u00e9cessaires. Nous offrons une solution compl\u00e8te et, si n\u00e9cessaire, une assistance aux revendeurs et aux consommateurs.<\/p><p style=\"font-weight: 400;\">Votre marque de v\u00e9lo est-elle int\u00e9ress\u00e9e par une collaboration ?<\/p>\t\t\t\t\t\t\t\t<\/div>\n\t\t\t\t<\/div>\n\t\t\t\t<div class=\"elementor-element elementor-element-a938956 elementor-align-justify elementor-widget elementor-widget-button\" data-id=\"a938956\" data-element_type=\"widget\" data-e-type=\"widget\" data-widget_type=\"button.default\">\n\t\t\t\t<div class=\"elementor-widget-container\">\n\t\t\t\t\t\t\t\t\t<div class=\"elementor-button-wrapper\">\n\t\t\t\t\t<a class=\"elementor-button elementor-button-link elementor-size-sm\" href=\"https:\/\/tracefy.com\/fr\/contact\/\">\n\t\t\t\t\t\t<span class=\"elementor-button-content-wrapper\">\n\t\t\t\t\t\t<span class=\"elementor-button-icon\">\n\t\t\t\t<svg aria-hidden=\"true\" class=\"e-font-icon-svg e-far-arrow-alt-circle-right\" viewbox=\"0 0 512 512\" xmlns=\"http:\/\/www.w3.org\/2000\/svg\"><path d=\"M504 256C504 119 393 8 256 8S8 119 8 256s111 248 248 248 248-111 248-248zm-448 0c0-110.5 89.5-200 200-200s200 89.5 200 200-89.5 200-200 200S56 366.5 56 256zm72 20v-40c0-6.6 5.4-12 12-12h116v-67c0-10.7 12.9-16 20.5-8.5l99 99c4.7 4.7 4.7 12.3 0 17l-99 99c-7.6 7.6-20.5 2.2-20.5-8.5v-67H140c-6.6 0-12-5.4-12-12z\"><\/path><\/svg>\t\t\t<\/span>\n\t\t\t\t\t\t\t\t\t<span class=\"elementor-button-text\">Prenez contact avec nous !<\/span>\n\t\t\t\t\t<\/span>\n\t\t\t\t\t<\/a>\n\t\t\t\t<\/div>\n\t\t\t\t\t\t\t\t<\/div>\n\t\t\t\t<\/div>\n\t\t\t\t<\/div>\n\t\t\t\t\t<\/div>\n\t\t\t\t<\/div>\n\t\t\t\t<\/div>","protected":false},"excerpt":{"rendered":"<p>Samenwerkingen fietsmerken Met de sterk stijgende diefstalcijfers en de verplichtingen vanuit verzekeraars, zou je verwachten dat fietsmerken hun fietsen standaard uitrusten met GPS techniek. Dit is echter vaak niet het geval. Veel merken vinden de investering om GPS-tracking in al hun e-bike modellen te implementeren te hoog. Bijvoorbeeld omdat ze ook exporteren naar landen waar [&hellip;]<\/p>\n","protected":false},"author":1,"featured_media":0,"parent":0,"menu_order":0,"comment_status":"closed","ping_status":"closed","template":"","meta":{"footnotes":""},"class_list":["post-6804","page","type-page","status-publish","hentry"],"yoast_head":"<!-- This site is optimized with the Yoast SEO Premium plugin v27.2 (Yoast SEO v27.2) - https:\/\/yoast.com\/product\/yoast-seo-premium-wordpress\/ -->\n<title>Samenwerkingen - Tracefy | Keep Your Bike Close<\/title>\n<meta name=\"robots\" content=\"index, follow, max-snippet:-1, max-image-preview:large, max-video-preview:-1\" \/>\n<link rel=\"canonical\" href=\"https:\/\/tracefy.com\/fr\/collaborations\/\" \/>\n<meta property=\"og:locale\" content=\"fr_FR\" \/>\n<meta property=\"og:type\" content=\"article\" \/>\n<meta property=\"og:title\" content=\"Samenwerkingen\" \/>\n<meta property=\"og:description\" content=\"Samenwerkingen fietsmerken Met de sterk stijgende diefstalcijfers en de verplichtingen vanuit verzekeraars, zou je verwachten dat fietsmerken hun fietsen standaard uitrusten met GPS techniek. Dit is echter vaak niet het geval. Veel merken vinden de investering om GPS-tracking in al hun e-bike modellen te implementeren te hoog. Bijvoorbeeld omdat ze ook exporteren naar landen waar [&hellip;]\" \/>\n<meta property=\"og:url\" content=\"https:\/\/tracefy.com\/fr\/collaborations\/\" \/>\n<meta property=\"og:site_name\" content=\"Tracefy | Keep Your Bike Close\" \/>\n<meta property=\"article:publisher\" content=\"https:\/\/www.facebook.com\/Tracefy\/\" \/>\n<meta property=\"article:modified_time\" content=\"2024-09-27T11:45:56+00:00\" \/>\n<meta property=\"og:image\" content=\"https:\/\/new.tracefy.com\/wp-content\/uploads\/2024\/09\/bakfietsnl-150x150.png\" \/>\n<meta name=\"twitter:card\" content=\"summary_large_image\" \/>\n<meta name=\"twitter:label1\" content=\"Dur\u00e9e de lecture estim\u00e9e\" \/>\n\t<meta name=\"twitter:data1\" content=\"1 minute\" \/>\n<script type=\"application\/ld+json\" class=\"yoast-schema-graph\">{\"@context\":\"https:\/\/schema.org\",\"@graph\":[{\"@type\":\"WebPage\",\"@id\":\"https:\/\/tracefy.com\/samenwerkingen\/\",\"url\":\"https:\/\/tracefy.com\/samenwerkingen\/\",\"name\":\"Samenwerkingen - Tracefy | Keep Your Bike Close\",\"isPartOf\":{\"@id\":\"https:\/\/tracefy.com\/nl\/#website\"},\"primaryImageOfPage\":{\"@id\":\"https:\/\/tracefy.com\/samenwerkingen\/#primaryimage\"},\"image\":{\"@id\":\"https:\/\/tracefy.com\/samenwerkingen\/#primaryimage\"},\"thumbnailUrl\":\"https:\/\/new.tracefy.com\/wp-content\/uploads\/2024\/09\/bakfietsnl-150x150.png\",\"datePublished\":\"2024-09-06T08:42:12+00:00\",\"dateModified\":\"2024-09-27T11:45:56+00:00\",\"breadcrumb\":{\"@id\":\"https:\/\/tracefy.com\/samenwerkingen\/#breadcrumb\"},\"inLanguage\":\"fr-FR\",\"potentialAction\":[{\"@type\":\"ReadAction\",\"target\":[\"https:\/\/tracefy.com\/samenwerkingen\/\"]}]},{\"@type\":\"ImageObject\",\"inLanguage\":\"fr-FR\",\"@id\":\"https:\/\/tracefy.com\/samenwerkingen\/#primaryimage\",\"url\":\"https:\/\/new.tracefy.com\/wp-content\/uploads\/2024\/09\/bakfietsnl-150x150.png\",\"contentUrl\":\"https:\/\/new.tracefy.com\/wp-content\/uploads\/2024\/09\/bakfietsnl-150x150.png\"},{\"@type\":\"BreadcrumbList\",\"@id\":\"https:\/\/tracefy.com\/samenwerkingen\/#breadcrumb\",\"itemListElement\":[{\"@type\":\"ListItem\",\"position\":1,\"name\":\"Home\",\"item\":\"https:\/\/tracefy.com\/\"},{\"@type\":\"ListItem\",\"position\":2,\"name\":\"Samenwerkingen\"}]},{\"@type\":\"WebSite\",\"@id\":\"https:\/\/tracefy.com\/nl\/#website\",\"url\":\"https:\/\/tracefy.com\/nl\/\",\"name\":\"Tracefy | Keep Your Bike Close\",\"description\":\"\",\"publisher\":{\"@id\":\"https:\/\/tracefy.com\/nl\/#organization\"},\"potentialAction\":[{\"@type\":\"SearchAction\",\"target\":{\"@type\":\"EntryPoint\",\"urlTemplate\":\"https:\/\/tracefy.com\/nl\/?s={search_term_string}\"},\"query-input\":{\"@type\":\"PropertyValueSpecification\",\"valueRequired\":true,\"valueName\":\"search_term_string\"}}],\"inLanguage\":\"fr-FR\"},{\"@type\":\"Organization\",\"@id\":\"https:\/\/tracefy.com\/nl\/#organization\",\"name\":\"Tracefy | Keep Your Bike Close\",\"url\":\"https:\/\/tracefy.com\/nl\/\",\"logo\":{\"@type\":\"ImageObject\",\"inLanguage\":\"fr-FR\",\"@id\":\"https:\/\/tracefy.com\/nl\/#\/schema\/logo\/image\/\",\"url\":\"https:\/\/tracefy.com\/wp-content\/uploads\/2021\/10\/Tracefy_logo_payoff-2022.svg\",\"contentUrl\":\"https:\/\/tracefy.com\/wp-content\/uploads\/2021\/10\/Tracefy_logo_payoff-2022.svg\",\"width\":517.5,\"height\":285.9,\"caption\":\"Tracefy | Keep Your Bike Close\"},\"image\":{\"@id\":\"https:\/\/tracefy.com\/nl\/#\/schema\/logo\/image\/\"},\"sameAs\":[\"https:\/\/www.facebook.com\/Tracefy\/\",\"https:\/\/www.instagram.com\/tracefy_iot\/\",\"https:\/\/www.youtube.com\/@tracefy_iot\",\"https:\/\/www.linkedin.com\/company\/tracefy\/\"]}]}<\/script>\n<!-- \/ Yoast SEO Premium plugin. -->","yoast_head_json":{"title":"Collaborations - Tracefy | Garde ton v\u00e9lo pr\u00e8s de toi","robots":{"index":"index","follow":"follow","max-snippet":"max-snippet:-1","max-image-preview":"max-image-preview:large","max-video-preview":"max-video-preview:-1"},"canonical":"https:\/\/tracefy.com\/fr\/collaborations\/","og_locale":"fr_FR","og_type":"article","og_title":"Samenwerkingen","og_description":"Samenwerkingen fietsmerken Met de sterk stijgende diefstalcijfers en de verplichtingen vanuit verzekeraars, zou je verwachten dat fietsmerken hun fietsen standaard uitrusten met GPS techniek. Dit is echter vaak niet het geval. Veel merken vinden de investering om GPS-tracking in al hun e-bike modellen te implementeren te hoog. Bijvoorbeeld omdat ze ook exporteren naar landen waar [&hellip;]","og_url":"https:\/\/tracefy.com\/fr\/collaborations\/","og_site_name":"Tracefy | Keep Your Bike Close","article_publisher":"https:\/\/www.facebook.com\/Tracefy\/","article_modified_time":"2024-09-27T11:45:56+00:00","og_image":[{"url":"https:\/\/new.tracefy.com\/wp-content\/uploads\/2024\/09\/bakfietsnl-150x150.png","type":"","width":"","height":""}],"twitter_card":"summary_large_image","twitter_misc":{"Dur\u00e9e de lecture estim\u00e9e":"1 minute"},"schema":{"@context":"https:\/\/schema.org","@graph":[{"@type":"WebPage","@id":"https:\/\/tracefy.com\/samenwerkingen\/","url":"https:\/\/tracefy.com\/samenwerkingen\/","name":"Collaborations - Tracefy | Garde ton v\u00e9lo pr\u00e8s de toi","isPartOf":{"@id":"https:\/\/tracefy.com\/nl\/#website"},"primaryImageOfPage":{"@id":"https:\/\/tracefy.com\/samenwerkingen\/#primaryimage"},"image":{"@id":"https:\/\/tracefy.com\/samenwerkingen\/#primaryimage"},"thumbnailUrl":"https:\/\/new.tracefy.com\/wp-content\/uploads\/2024\/09\/bakfietsnl-150x150.png","datePublished":"2024-09-06T08:42:12+00:00","dateModified":"2024-09-27T11:45:56+00:00","breadcrumb":{"@id":"https:\/\/tracefy.com\/samenwerkingen\/#breadcrumb"},"inLanguage":"fr-FR","potentialAction":[{"@type":"ReadAction","target":["https:\/\/tracefy.com\/samenwerkingen\/"]}]},{"@type":"ImageObject","inLanguage":"fr-FR","@id":"https:\/\/tracefy.com\/samenwerkingen\/#primaryimage","url":"https:\/\/new.tracefy.com\/wp-content\/uploads\/2024\/09\/bakfietsnl-150x150.png","contentUrl":"https:\/\/new.tracefy.com\/wp-content\/uploads\/2024\/09\/bakfietsnl-150x150.png"},{"@type":"BreadcrumbList","@id":"https:\/\/tracefy.com\/samenwerkingen\/#breadcrumb","itemListElement":[{"@type":"ListItem","position":1,"name":"Home","item":"https:\/\/tracefy.com\/"},{"@type":"ListItem","position":2,"name":"Samenwerkingen"}]},{"@type":"WebSite","@id":"https:\/\/tracefy.com\/nl\/#website","url":"https:\/\/tracefy.com\/nl\/","name":"Tracefy | Gardez votre v\u00e9lo pr\u00e8s de vous","description":"","publisher":{"@id":"https:\/\/tracefy.com\/nl\/#organization"},"potentialAction":[{"@type":"SearchAction","target":{"@type":"EntryPoint","urlTemplate":"https:\/\/tracefy.com\/nl\/?s={search_term_string}"},"query-input":{"@type":"PropertyValueSpecification","valueRequired":true,"valueName":"search_term_string"}}],"inLanguage":"fr-FR"},{"@type":"Organization","@id":"https:\/\/tracefy.com\/nl\/#organization","name":"Tracefy | Gardez votre v\u00e9lo pr\u00e8s de vous","url":"https:\/\/tracefy.com\/nl\/","logo":{"@type":"ImageObject","inLanguage":"fr-FR","@id":"https:\/\/tracefy.com\/nl\/#\/schema\/logo\/image\/","url":"https:\/\/tracefy.com\/wp-content\/uploads\/2021\/10\/Tracefy_logo_payoff-2022.svg","contentUrl":"https:\/\/tracefy.com\/wp-content\/uploads\/2021\/10\/Tracefy_logo_payoff-2022.svg","width":517.5,"height":285.9,"caption":"Tracefy | Keep Your Bike Close"},"image":{"@id":"https:\/\/tracefy.com\/nl\/#\/schema\/logo\/image\/"},"sameAs":["https:\/\/www.facebook.com\/Tracefy\/","https:\/\/www.instagram.com\/tracefy_iot\/","https:\/\/www.youtube.com\/@tracefy_iot","https:\/\/www.linkedin.com\/company\/tracefy\/"]}]}},"_links":{"self":[{"href":"https:\/\/tracefy.com\/fr\/wp-json\/wp\/v2\/pages\/6804","targetHints":{"allow":["GET"]}}],"collection":[{"href":"https:\/\/tracefy.com\/fr\/wp-json\/wp\/v2\/pages"}],"about":[{"href":"https:\/\/tracefy.com\/fr\/wp-json\/wp\/v2\/types\/page"}],"author":[{"embeddable":true,"href":"https:\/\/tracefy.com\/fr\/wp-json\/wp\/v2\/users\/1"}],"replies":[{"embeddable":true,"href":"https:\/\/tracefy.com\/fr\/wp-json\/wp\/v2\/comments?post=6804"}],"version-history":[{"count":28,"href":"https:\/\/tracefy.com\/fr\/wp-json\/wp\/v2\/pages\/6804\/revisions"}],"predecessor-version":[{"id":7020,"href":"https:\/\/tracefy.com\/fr\/wp-json\/wp\/v2\/pages\/6804\/revisions\/7020"}],"wp:attachment":[{"href":"https:\/\/tracefy.com\/fr\/wp-json\/wp\/v2\/media?parent=6804"}],"curies":[{"name":"wp","href":"https:\/\/api.w.org\/{rel}","templated":true}]}}