{"id":8907,"date":"2024-11-25T09:15:51","date_gmt":"2024-11-25T08:15:51","guid":{"rendered":"https:\/\/new.tracefy.com\/?page_id=8907"},"modified":"2024-11-25T09:23:36","modified_gmt":"2024-11-25T08:23:36","slug":"traceur-gps-velo","status":"publish","type":"page","link":"https:\/\/tracefy.com\/fr\/gps-tracker-fiets\/","title":{"rendered":"V\u00e9lo de rep\u00e9rage GPS"},"content":{"rendered":"<div data-elementor-type=\"wp-page\" data-elementor-id=\"8907\" class=\"elementor elementor-8907\" data-elementor-post-type=\"page\">\n\t\t\t\t<div class=\"elementor-element elementor-element-d37f5d3 e-flex e-con-boxed e-con e-parent\" data-id=\"d37f5d3\" data-element_type=\"container\" data-e-type=\"container\" data-settings=\"{&quot;background_background&quot;:&quot;classic&quot;,&quot;jet_parallax_layout_list&quot;:[]}\">\n\t\t\t\t\t<div class=\"e-con-inner\">\n\t\t\t\t<div class=\"elementor-element elementor-element-20fe3bf elementor-widget elementor-widget-heading\" data-id=\"20fe3bf\" data-element_type=\"widget\" data-e-type=\"widget\" data-widget_type=\"heading.default\">\n\t\t\t\t<div class=\"elementor-widget-container\">\n\t\t\t\t\t<h2 class=\"elementor-heading-title elementor-size-default\">V\u00e9lo de rep\u00e9rage GPS<\/h2>\t\t\t\t<\/div>\n\t\t\t\t<\/div>\n\t\t\t\t\t<\/div>\n\t\t\t\t<\/div>\n\t\t<div class=\"elementor-element elementor-element-7c66b1e e-flex e-con-boxed e-con e-parent\" data-id=\"7c66b1e\" data-element_type=\"container\" data-e-type=\"container\" data-settings=\"{&quot;jet_parallax_layout_list&quot;:[]}\">\n\t\t\t\t\t<div class=\"e-con-inner\">\n\t\t\t\t<div class=\"elementor-element elementor-element-1fb301e elementor-widget elementor-widget-text-editor\" data-id=\"1fb301e\" data-element_type=\"widget\" data-e-type=\"widget\" data-widget_type=\"text-editor.default\">\n\t\t\t\t<div class=\"elementor-widget-container\">\n\t\t\t\t\t\t\t\t\t<p>Un traceur GPS pour votre v\u00e9lo est un outil pratique pour savoir o\u00f9 se trouve votre v\u00e9lo. Le vol de v\u00e9lo en particulier est un probl\u00e8me majeur auquel le traceur gps de votre v\u00e9lo apporte une solution.<\/p><p>Les Pays-Bas sont vraiment un pays de cyclistes, mais il y a toujours un risque d'accident. <a href=\"https:\/\/tracefy.com\/fr\/detection-des-vols\/\">vol<\/a>. Dans la rue commer\u00e7ante, \u00e0 la gare ou \u00e0 la maison, dans le jardin. Malheureusement, cela arrive litt\u00e9ralement tous les jours. Avec un syst\u00e8me de tra\u00e7age gps dans votre v\u00e9lo ou e-bike, il y a de tr\u00e8s bonnes chances que votre beau v\u00e9lo soit retrouv\u00e9.<\/p>\t\t\t\t\t\t\t\t<\/div>\n\t\t\t\t<\/div>\n\t\t\t\t\t<\/div>\n\t\t\t\t<\/div>\n\t\t<div class=\"elementor-element elementor-element-037dd25 e-flex e-con-boxed e-con e-parent\" data-id=\"037dd25\" data-element_type=\"container\" data-e-type=\"container\" data-settings=\"{&quot;jet_parallax_layout_list&quot;:[]}\">\n\t\t\t\t\t<div class=\"e-con-inner\">\n\t\t\t\t<div class=\"elementor-element elementor-element-c24ee7c elementor-widget elementor-widget-heading\" data-id=\"c24ee7c\" data-element_type=\"widget\" data-e-type=\"widget\" data-widget_type=\"heading.default\">\n\t\t\t\t<div class=\"elementor-widget-container\">\n\t\t\t\t\t<h2 class=\"elementor-heading-title elementor-size-default\">Installation d'un traceur GPS<\/h2>\t\t\t\t<\/div>\n\t\t\t\t<\/div>\n\t\t\t\t<div class=\"elementor-element elementor-element-6d012b6 elementor-widget elementor-widget-text-editor\" data-id=\"6d012b6\" data-element_type=\"widget\" data-e-type=\"widget\" data-widget_type=\"text-editor.default\">\n\t\t\t\t<div class=\"elementor-widget-container\">\n\t\t\t\t\t\t\t\t\t<p>Un traceur GPS pour votre v\u00e9lo est un outil pratique pour savoir o\u00f9 se trouve votre v\u00e9lo. Le vol de v\u00e9lo en particulier est un probl\u00e8me majeur auquel le traceur gps de votre v\u00e9lo apporte une solution.<\/p><p>Les Pays-Bas sont vraiment un pays de cyclistes, mais il y a toujours un risque d'accident. <a href=\"https:\/\/tracefy.com\/fr\/detection-des-vols\/\">vol<\/a>. Dans la rue commer\u00e7ante, \u00e0 la gare ou \u00e0 la maison, dans le jardin. Malheureusement, cela arrive litt\u00e9ralement tous les jours. Avec un syst\u00e8me de tra\u00e7age gps dans votre v\u00e9lo ou e-bike, il y a de tr\u00e8s bonnes chances que votre beau v\u00e9lo soit retrouv\u00e9.<\/p>\t\t\t\t\t\t\t\t<\/div>\n\t\t\t\t<\/div>\n\t\t\t\t<div class=\"elementor-element elementor-element-4677f79 elementor-align-center elementor-widget elementor-widget-global elementor-global-6593 elementor-widget-button\" data-id=\"4677f79\" data-element_type=\"widget\" data-e-type=\"widget\" data-widget_type=\"button.default\">\n\t\t\t\t<div class=\"elementor-widget-container\">\n\t\t\t\t\t\t\t\t\t<div class=\"elementor-button-wrapper\">\n\t\t\t\t\t<a class=\"elementor-button elementor-button-link elementor-size-sm\" href=\"https:\/\/tracefy.com\/fr\/concessionnaires\/recherche-de-concessionnaires\/\">\n\t\t\t\t\t\t<span class=\"elementor-button-content-wrapper\">\n\t\t\t\t\t\t<span class=\"elementor-button-icon\">\n\t\t\t\t<svg aria-hidden=\"true\" class=\"e-font-icon-svg e-far-arrow-alt-circle-right\" viewbox=\"0 0 512 512\" xmlns=\"http:\/\/www.w3.org\/2000\/svg\"><path d=\"M504 256C504 119 393 8 256 8S8 119 8 256s111 248 248 248 248-111 248-248zm-448 0c0-110.5 89.5-200 200-200s200 89.5 200 200-89.5 200-200 200S56 366.5 56 256zm72 20v-40c0-6.6 5.4-12 12-12h116v-67c0-10.7 12.9-16 20.5-8.5l99 99c4.7 4.7 4.7 12.3 0 17l-99 99c-7.6 7.6-20.5 2.2-20.5-8.5v-67H140c-6.6 0-12-5.4-12-12z\"><\/path><\/svg>\t\t\t<\/span>\n\t\t\t\t\t\t\t\t\t<span class=\"elementor-button-text\">Trouver un distributeur<\/span>\n\t\t\t\t\t<\/span>\n\t\t\t\t\t<\/a>\n\t\t\t\t<\/div>\n\t\t\t\t\t\t\t\t<\/div>\n\t\t\t\t<\/div>\n\t\t\t\t\t<\/div>\n\t\t\t\t<\/div>\n\t\t<div class=\"elementor-element elementor-element-4c7ec4d e-flex e-con-boxed e-con e-parent\" data-id=\"4c7ec4d\" data-element_type=\"container\" data-e-type=\"container\" data-settings=\"{&quot;background_background&quot;:&quot;classic&quot;,&quot;jet_parallax_layout_list&quot;:[]}\">\n\t\t\t\t\t<div class=\"e-con-inner\">\n\t\t<div class=\"elementor-element elementor-element-0a60ef0 e-con-full e-flex e-con e-child\" data-id=\"0a60ef0\" data-element_type=\"container\" data-e-type=\"container\" data-settings=\"{&quot;jet_parallax_layout_list&quot;:[]}\">\n\t\t\t\t<div class=\"elementor-element elementor-element-5bff949 elementor-widget elementor-widget-heading\" data-id=\"5bff949\" data-element_type=\"widget\" data-e-type=\"widget\" data-widget_type=\"heading.default\">\n\t\t\t\t<div class=\"elementor-widget-container\">\n\t\t\t\t\t<h2 class=\"elementor-heading-title elementor-size-default\">Traceur gps cach\u00e9 v\u00e9lo<\/h2>\t\t\t\t<\/div>\n\t\t\t\t<\/div>\n\t\t\t\t<div class=\"elementor-element elementor-element-0248274 elementor-widget elementor-widget-text-editor\" data-id=\"0248274\" data-element_type=\"widget\" data-e-type=\"widget\" data-widget_type=\"text-editor.default\">\n\t\t\t\t<div class=\"elementor-widget-container\">\n\t\t\t\t\t\t\t\t\t<p>Notre traceur GPS est cach\u00e9 dans votre v\u00e9lo. Les m\u00e9caniciens et les revendeurs affili\u00e9s \u00e0 notre soci\u00e9t\u00e9 le font pour vous. De cette fa\u00e7on, il est invisible pour vous, mais aussi pour les voleurs de v\u00e9lo, si votre v\u00e9lo est \u00e9quip\u00e9 d'un syst\u00e8me de suivi. Il est donc moins facile pour les voleurs de le d\u00e9sactiver.<\/p>\t\t\t\t\t\t\t\t<\/div>\n\t\t\t\t<\/div>\n\t\t\t\t<\/div>\n\t\t<div class=\"elementor-element elementor-element-3fceef7 e-con-full e-flex e-con e-child\" data-id=\"3fceef7\" data-element_type=\"container\" data-e-type=\"container\" data-settings=\"{&quot;jet_parallax_layout_list&quot;:[]}\">\n\t\t\t\t<div class=\"elementor-element elementor-element-af01458 elementor-widget elementor-widget-image\" data-id=\"af01458\" data-element_type=\"widget\" data-e-type=\"widget\" data-widget_type=\"image.default\">\n\t\t\t\t<div class=\"elementor-widget-container\">\n\t\t\t\t\t\t\t\t\t\t\t\t\t\t\t<img fetchpriority=\"high\" decoding=\"async\" width=\"800\" height=\"600\" src=\"https:\/\/tracefy.com\/wp-content\/uploads\/2022\/09\/Joerie_gerrits-scaled-1-1024x768.jpg\" class=\"attachment-large size-large wp-image-3044\" alt=\"\" srcset=\"https:\/\/tracefy.com\/wp-content\/uploads\/2022\/09\/Joerie_gerrits-scaled-1-1024x768.jpg 1024w, https:\/\/tracefy.com\/wp-content\/uploads\/2022\/09\/Joerie_gerrits-scaled-1-600x450.jpg 600w, https:\/\/tracefy.com\/wp-content\/uploads\/2022\/09\/Joerie_gerrits-scaled-1-300x225.jpg 300w, https:\/\/tracefy.com\/wp-content\/uploads\/2022\/09\/Joerie_gerrits-scaled-1-768x576.jpg 768w, https:\/\/tracefy.com\/wp-content\/uploads\/2022\/09\/Joerie_gerrits-scaled-1-1536x1152.jpg 1536w, https:\/\/tracefy.com\/wp-content\/uploads\/2022\/09\/Joerie_gerrits-scaled-1-2048x1536.jpg 2048w\" sizes=\"(max-width: 800px) 100vw, 800px\" \/>\t\t\t\t\t\t\t\t\t\t\t\t\t\t\t<\/div>\n\t\t\t\t<\/div>\n\t\t\t\t<\/div>\n\t\t\t\t\t<\/div>\n\t\t\t\t<\/div>\n\t\t<div class=\"elementor-element elementor-element-29fc56f e-flex e-con-boxed e-con e-parent\" data-id=\"29fc56f\" data-element_type=\"container\" data-e-type=\"container\" data-settings=\"{&quot;jet_parallax_layout_list&quot;:[]}\">\n\t\t\t\t\t<div class=\"e-con-inner\">\n\t\t\t\t<div class=\"elementor-element elementor-element-36277e3 elementor-widget elementor-widget-heading\" data-id=\"36277e3\" data-element_type=\"widget\" data-e-type=\"widget\" data-widget_type=\"heading.default\">\n\t\t\t\t<div class=\"elementor-widget-container\">\n\t\t\t\t\t<h2 class=\"elementor-heading-title elementor-size-default\">Meilleur gps tracker v\u00e9lo<\/h2>\t\t\t\t<\/div>\n\t\t\t\t<\/div>\n\t\t\t\t<div class=\"elementor-element elementor-element-999696b elementor-widget elementor-widget-text-editor\" data-id=\"999696b\" data-element_type=\"widget\" data-e-type=\"widget\" data-widget_type=\"text-editor.default\">\n\t\t\t\t<div class=\"elementor-widget-container\">\n\t\t\t\t\t\t\t\t\t<p>Tracefy propose le meilleur traceur GPS pour votre v\u00e9lo ou votre v\u00e9lo \u00e9lectrique. En fait, apr\u00e8s avoir install\u00e9 votre syst\u00e8me de suivi de v\u00e9lo, vous ne serez pas seulement en mesure de suivre votre v\u00e9lo. Vous avez \u00e9galement l'option d'un <a href=\"https:\/\/tracefy.com\/fr\/consumer\/\">abonnement<\/a> o\u00f9 votre v\u00e9lo est activement suivi apr\u00e8s le vol. Nous le faisons en collaboration avec G4S. Cette \u00e9quipe a de l'exp\u00e9rience dans la r\u00e9cup\u00e9ration de v\u00e9los vol\u00e9s \u00e0 l'aide de notre syst\u00e8me de suivi. Vous \u00e9vitez ainsi les conflits inutiles et vous vous en remettez \u00e0 des sp\u00e9cialistes qui ont d\u00e9j\u00e0 eu affaire \u00e0 ce genre de choses.<\/p>\t\t\t\t\t\t\t\t<\/div>\n\t\t\t\t<\/div>\n\t\t\t\t<div class=\"elementor-element elementor-element-c50bae8 elementor-widget elementor-widget-heading\" data-id=\"c50bae8\" data-element_type=\"widget\" data-e-type=\"widget\" data-widget_type=\"heading.default\">\n\t\t\t\t<div class=\"elementor-widget-container\">\n\t\t\t\t\t<h2 class=\"elementor-heading-title elementor-size-default\">S\u00e9curit\u00e9 des v\u00e9los gr\u00e2ce \u00e0 un traceur GPS<\/h2>\t\t\t\t<\/div>\n\t\t\t\t<\/div>\n\t\t\t\t<div class=\"elementor-element elementor-element-da5508c elementor-widget elementor-widget-text-editor\" data-id=\"da5508c\" data-element_type=\"widget\" data-e-type=\"widget\" data-widget_type=\"text-editor.default\">\n\t\t\t\t<div class=\"elementor-widget-container\">\n\t\t\t\t\t\t\t\t\t<p>S\u00e9curiser son v\u00e9lo est toujours un d\u00e9fi. Vous n'\u00eates jamais 100% s\u00fbr que votre v\u00e9lo ne sera pas vol\u00e9. Un bon cadenas r\u00e9duit les risques, mais s'il est vol\u00e9, vous voulez toujours augmenter vos chances de le retrouver. Un traceur GPS est l'outil id\u00e9al pour retrouver votre v\u00e9lo vol\u00e9. Bien s\u00fbr, il vaut mieux pr\u00e9venir que gu\u00e9rir, mais une fois que votre v\u00e9lo aura disparu, vous serez heureux d'avoir cet outil.<\/p>\t\t\t\t\t\t\t\t<\/div>\n\t\t\t\t<\/div>\n\t\t\t\t<div class=\"elementor-element elementor-element-4e8c40a elementor-widget elementor-widget-heading\" data-id=\"4e8c40a\" data-element_type=\"widget\" data-e-type=\"widget\" data-widget_type=\"heading.default\">\n\t\t\t\t<div class=\"elementor-widget-container\">\n\t\t\t\t\t<h2 class=\"elementor-heading-title elementor-size-default\">Suivi des v\u00e9los<\/h2>\t\t\t\t<\/div>\n\t\t\t\t<\/div>\n\t\t\t\t<div class=\"elementor-element elementor-element-2bdad1c elementor-widget elementor-widget-text-editor\" data-id=\"2bdad1c\" data-element_type=\"widget\" data-e-type=\"widget\" data-widget_type=\"text-editor.default\">\n\t\t\t\t<div class=\"elementor-widget-container\">\n\t\t\t\t\t\t\t\t\t<p>Avec l'option de suivi et de localisation, vous suivez votre v\u00e9lo automatiquement. Vous pouvez donc voir en direct si votre v\u00e9lo est toujours l\u00e0 o\u00f9 vous l'avez laiss\u00e9, mais vous serez \u00e9galement averti s'il est d\u00e9plac\u00e9. En outre, gr\u00e2ce \u00e0 la fonction de suivi et de tra\u00e7age, vous pouvez voir tous les itin\u00e9raires que vous avez parcourus, y compris les distances correspondantes. C'est agr\u00e9able d'avoir un aper\u00e7u de vos activit\u00e9s, y compris une estimation des calories consomm\u00e9es. En outre, le syst\u00e8me de suivi du v\u00e9lo enregistre \u00e9galement tous les kilom\u00e8tres parcourus et vous avertit p\u00e9riodiquement lorsqu'il est temps de proc\u00e9der \u00e0 une nouvelle r\u00e9vision. Pratique ! Mais le plus important reste notre syst\u00e8me de suivi de v\u00e9lo pour <a href=\"https:\/\/tracefy.com\/fr\/detection-des-vols\/\">le vol de bicyclettes et la d\u00e9tection.<\/a><\/p>\t\t\t\t\t\t\t\t<\/div>\n\t\t\t\t<\/div>\n\t\t\t\t<div class=\"elementor-element elementor-element-7116ee8 elementor-widget elementor-widget-heading\" data-id=\"7116ee8\" data-element_type=\"widget\" data-e-type=\"widget\" data-widget_type=\"heading.default\">\n\t\t\t\t<div class=\"elementor-widget-container\">\n\t\t\t\t\t<h2 class=\"elementor-heading-title elementor-size-default\">Prix d'un traceur GPS pour v\u00e9lo<\/h2>\t\t\t\t<\/div>\n\t\t\t\t<\/div>\n\t\t\t\t<div class=\"elementor-element elementor-element-75921cf elementor-widget elementor-widget-text-editor\" data-id=\"75921cf\" data-element_type=\"widget\" data-e-type=\"widget\" data-widget_type=\"text-editor.default\">\n\t\t\t\t<div class=\"elementor-widget-container\">\n\t\t\t\t\t\t\t\t\t<p>Quel est le prix d'un traceur GPS pour v\u00e9lo ? Et comment est calcul\u00e9 le prix de votre traceur GPS pour v\u00e9lo ?<br \/>C'est une bonne question, car vous voulez savoir o\u00f9 vous en \u00eates en termes de co\u00fbt. Vous achetez le syst\u00e8me aupr\u00e8s de l'un de nos revendeurs affili\u00e9s. Pour ce prix, l'installation est \u00e9galement prise en charge. Celle-ci ne peut \u00eatre effectu\u00e9e que par<a href=\"https:\/\/tracefy.com\/fr\/consumer\/recherche-de-concessionnaires\/\"> Distributeurs de Tracefy.<\/a> En outre, Tracefy fonctionne avec des abonnements. Vous avez le choix entre <a href=\"https:\/\/tracefy.com\/fr\/consumer\/\">abonnements de deux ans<\/a>. Vous avez le choix entre la connectivit\u00e9 de base et le pack complet avec d\u00e9tection de vol.<\/p>\t\t\t\t\t\t\t\t<\/div>\n\t\t\t\t<\/div>\n\t\t\t\t\t<\/div>\n\t\t\t\t<\/div>\n\t\t<div class=\"elementor-element elementor-element-120d857 e-flex e-con-boxed e-con e-parent\" data-id=\"120d857\" data-element_type=\"container\" data-e-type=\"container\" data-settings=\"{&quot;jet_parallax_layout_list&quot;:[]}\">\n\t\t\t\t\t<div class=\"e-con-inner\">\n\t\t\t\t<div class=\"elementor-element elementor-element-5ff82fc elementor-align-center elementor-widget elementor-widget-button\" data-id=\"5ff82fc\" data-element_type=\"widget\" data-e-type=\"widget\" data-widget_type=\"button.default\">\n\t\t\t\t<div class=\"elementor-widget-container\">\n\t\t\t\t\t\t\t\t\t<div class=\"elementor-button-wrapper\">\n\t\t\t\t\t<a class=\"elementor-button elementor-button-link elementor-size-sm\" href=\"https:\/\/tracefy.com\/fr\/\">\n\t\t\t\t\t\t<span class=\"elementor-button-content-wrapper\">\n\t\t\t\t\t\t<span class=\"elementor-button-icon\">\n\t\t\t\t<svg aria-hidden=\"true\" class=\"e-font-icon-svg e-far-arrow-alt-circle-right\" viewbox=\"0 0 512 512\" xmlns=\"http:\/\/www.w3.org\/2000\/svg\"><path d=\"M504 256C504 119 393 8 256 8S8 119 8 256s111 248 248 248 248-111 248-248zm-448 0c0-110.5 89.5-200 200-200s200 89.5 200 200-89.5 200-200 200S56 366.5 56 256zm72 20v-40c0-6.6 5.4-12 12-12h116v-67c0-10.7 12.9-16 20.5-8.5l99 99c4.7 4.7 4.7 12.3 0 17l-99 99c-7.6 7.6-20.5 2.2-20.5-8.5v-67H140c-6.6 0-12-5.4-12-12z\"><\/path><\/svg>\t\t\t<\/span>\n\t\t\t\t\t\t\t\t\t<span class=\"elementor-button-text\">D\u00e9couvrir l'application Tracefy<\/span>\n\t\t\t\t\t<\/span>\n\t\t\t\t\t<\/a>\n\t\t\t\t<\/div>\n\t\t\t\t\t\t\t\t<\/div>\n\t\t\t\t<\/div>\n\t\t\t\t\t<\/div>\n\t\t\t\t<\/div>\n\t\t\t\t<\/div>","protected":false},"excerpt":{"rendered":"<p>GPS Tracker fiets Een gps tracker voor je fiets is een handige tool om te weten waar je fiets is. Met name fietsdiefstal is een groot probleem waar de gps tracker in je fiets de oplossing biedt. Nederland is echt een fietsland, maar er is dus altijd een kans op diefstal. In de winkelstraat, op [&hellip;]<\/p>\n","protected":false},"author":1,"featured_media":0,"parent":0,"menu_order":0,"comment_status":"closed","ping_status":"closed","template":"","meta":{"footnotes":""},"class_list":["post-8907","page","type-page","status-publish","hentry"],"yoast_head":"<!-- This site is optimized with the Yoast SEO Premium plugin v27.2 (Yoast SEO v27.2) - https:\/\/yoast.com\/product\/yoast-seo-premium-wordpress\/ -->\n<title>GPS Tracker fiets - Tracefy | Keep Your Bike Close<\/title>\n<meta name=\"robots\" content=\"index, follow, max-snippet:-1, max-image-preview:large, max-video-preview:-1\" \/>\n<link rel=\"canonical\" href=\"https:\/\/tracefy.com\/fr\/traceur-gps-velo\/\" \/>\n<meta property=\"og:locale\" content=\"fr_FR\" \/>\n<meta property=\"og:type\" content=\"article\" \/>\n<meta property=\"og:title\" content=\"GPS Tracker fiets\" \/>\n<meta property=\"og:description\" content=\"GPS Tracker fiets Een gps tracker voor je fiets is een handige tool om te weten waar je fiets is. Met name fietsdiefstal is een groot probleem waar de gps tracker in je fiets de oplossing biedt. Nederland is echt een fietsland, maar er is dus altijd een kans op diefstal. In de winkelstraat, op [&hellip;]\" \/>\n<meta property=\"og:url\" content=\"https:\/\/tracefy.com\/fr\/traceur-gps-velo\/\" \/>\n<meta property=\"og:site_name\" content=\"Tracefy | Keep Your Bike Close\" \/>\n<meta property=\"article:publisher\" content=\"https:\/\/www.facebook.com\/Tracefy\/\" \/>\n<meta property=\"article:modified_time\" content=\"2024-11-25T08:23:36+00:00\" \/>\n<meta property=\"og:image\" content=\"https:\/\/new.tracefy.com\/wp-content\/uploads\/2022\/09\/Joerie_gerrits-scaled-1-1024x768.jpg\" \/>\n<meta name=\"twitter:card\" content=\"summary_large_image\" \/>\n<meta name=\"twitter:label1\" content=\"Dur\u00e9e de lecture estim\u00e9e\" \/>\n\t<meta name=\"twitter:data1\" content=\"3 minutes\" \/>\n<script type=\"application\/ld+json\" class=\"yoast-schema-graph\">{\"@context\":\"https:\/\/schema.org\",\"@graph\":[{\"@type\":\"WebPage\",\"@id\":\"https:\/\/tracefy.com\/gps-tracker-fiets\/\",\"url\":\"https:\/\/tracefy.com\/gps-tracker-fiets\/\",\"name\":\"GPS Tracker fiets - Tracefy | Keep Your Bike Close\",\"isPartOf\":{\"@id\":\"https:\/\/tracefy.com\/nl\/#website\"},\"primaryImageOfPage\":{\"@id\":\"https:\/\/tracefy.com\/gps-tracker-fiets\/#primaryimage\"},\"image\":{\"@id\":\"https:\/\/tracefy.com\/gps-tracker-fiets\/#primaryimage\"},\"thumbnailUrl\":\"https:\/\/new.tracefy.com\/wp-content\/uploads\/2022\/09\/Joerie_gerrits-scaled-1-1024x768.jpg\",\"datePublished\":\"2024-11-25T08:15:51+00:00\",\"dateModified\":\"2024-11-25T08:23:36+00:00\",\"breadcrumb\":{\"@id\":\"https:\/\/tracefy.com\/gps-tracker-fiets\/#breadcrumb\"},\"inLanguage\":\"fr-FR\",\"potentialAction\":[{\"@type\":\"ReadAction\",\"target\":[\"https:\/\/tracefy.com\/gps-tracker-fiets\/\"]}]},{\"@type\":\"ImageObject\",\"inLanguage\":\"fr-FR\",\"@id\":\"https:\/\/tracefy.com\/gps-tracker-fiets\/#primaryimage\",\"url\":\"https:\/\/new.tracefy.com\/wp-content\/uploads\/2022\/09\/Joerie_gerrits-scaled-1-1024x768.jpg\",\"contentUrl\":\"https:\/\/new.tracefy.com\/wp-content\/uploads\/2022\/09\/Joerie_gerrits-scaled-1-1024x768.jpg\"},{\"@type\":\"BreadcrumbList\",\"@id\":\"https:\/\/tracefy.com\/gps-tracker-fiets\/#breadcrumb\",\"itemListElement\":[{\"@type\":\"ListItem\",\"position\":1,\"name\":\"Home\",\"item\":\"https:\/\/tracefy.com\/\"},{\"@type\":\"ListItem\",\"position\":2,\"name\":\"GPS Tracker fiets\"}]},{\"@type\":\"WebSite\",\"@id\":\"https:\/\/tracefy.com\/nl\/#website\",\"url\":\"https:\/\/tracefy.com\/nl\/\",\"name\":\"Tracefy | Keep Your Bike Close\",\"description\":\"\",\"publisher\":{\"@id\":\"https:\/\/tracefy.com\/nl\/#organization\"},\"potentialAction\":[{\"@type\":\"SearchAction\",\"target\":{\"@type\":\"EntryPoint\",\"urlTemplate\":\"https:\/\/tracefy.com\/nl\/?s={search_term_string}\"},\"query-input\":{\"@type\":\"PropertyValueSpecification\",\"valueRequired\":true,\"valueName\":\"search_term_string\"}}],\"inLanguage\":\"fr-FR\"},{\"@type\":\"Organization\",\"@id\":\"https:\/\/tracefy.com\/nl\/#organization\",\"name\":\"Tracefy | Keep Your Bike Close\",\"url\":\"https:\/\/tracefy.com\/nl\/\",\"logo\":{\"@type\":\"ImageObject\",\"inLanguage\":\"fr-FR\",\"@id\":\"https:\/\/tracefy.com\/nl\/#\/schema\/logo\/image\/\",\"url\":\"https:\/\/tracefy.com\/wp-content\/uploads\/2021\/10\/Tracefy_logo_payoff-2022.svg\",\"contentUrl\":\"https:\/\/tracefy.com\/wp-content\/uploads\/2021\/10\/Tracefy_logo_payoff-2022.svg\",\"width\":517.5,\"height\":285.9,\"caption\":\"Tracefy | Keep Your Bike Close\"},\"image\":{\"@id\":\"https:\/\/tracefy.com\/nl\/#\/schema\/logo\/image\/\"},\"sameAs\":[\"https:\/\/www.facebook.com\/Tracefy\/\",\"https:\/\/www.instagram.com\/tracefy_iot\/\",\"https:\/\/www.youtube.com\/@tracefy_iot\",\"https:\/\/www.linkedin.com\/company\/tracefy\/\"]}]}<\/script>\n<!-- \/ Yoast SEO Premium plugin. -->","yoast_head_json":{"title":"Traceur GPS v\u00e9lo - Tracefy | Gardez votre v\u00e9lo pr\u00e8s de vous","robots":{"index":"index","follow":"follow","max-snippet":"max-snippet:-1","max-image-preview":"max-image-preview:large","max-video-preview":"max-video-preview:-1"},"canonical":"https:\/\/tracefy.com\/fr\/traceur-gps-velo\/","og_locale":"fr_FR","og_type":"article","og_title":"GPS Tracker fiets","og_description":"GPS Tracker fiets Een gps tracker voor je fiets is een handige tool om te weten waar je fiets is. Met name fietsdiefstal is een groot probleem waar de gps tracker in je fiets de oplossing biedt. Nederland is echt een fietsland, maar er is dus altijd een kans op diefstal. In de winkelstraat, op [&hellip;]","og_url":"https:\/\/tracefy.com\/fr\/traceur-gps-velo\/","og_site_name":"Tracefy | Keep Your Bike Close","article_publisher":"https:\/\/www.facebook.com\/Tracefy\/","article_modified_time":"2024-11-25T08:23:36+00:00","og_image":[{"url":"https:\/\/new.tracefy.com\/wp-content\/uploads\/2022\/09\/Joerie_gerrits-scaled-1-1024x768.jpg","type":"","width":"","height":""}],"twitter_card":"summary_large_image","twitter_misc":{"Dur\u00e9e de lecture estim\u00e9e":"3 minutes"},"schema":{"@context":"https:\/\/schema.org","@graph":[{"@type":"WebPage","@id":"https:\/\/tracefy.com\/gps-tracker-fiets\/","url":"https:\/\/tracefy.com\/gps-tracker-fiets\/","name":"Traceur GPS v\u00e9lo - Tracefy | Gardez votre v\u00e9lo pr\u00e8s de vous","isPartOf":{"@id":"https:\/\/tracefy.com\/nl\/#website"},"primaryImageOfPage":{"@id":"https:\/\/tracefy.com\/gps-tracker-fiets\/#primaryimage"},"image":{"@id":"https:\/\/tracefy.com\/gps-tracker-fiets\/#primaryimage"},"thumbnailUrl":"https:\/\/new.tracefy.com\/wp-content\/uploads\/2022\/09\/Joerie_gerrits-scaled-1-1024x768.jpg","datePublished":"2024-11-25T08:15:51+00:00","dateModified":"2024-11-25T08:23:36+00:00","breadcrumb":{"@id":"https:\/\/tracefy.com\/gps-tracker-fiets\/#breadcrumb"},"inLanguage":"fr-FR","potentialAction":[{"@type":"ReadAction","target":["https:\/\/tracefy.com\/gps-tracker-fiets\/"]}]},{"@type":"ImageObject","inLanguage":"fr-FR","@id":"https:\/\/tracefy.com\/gps-tracker-fiets\/#primaryimage","url":"https:\/\/new.tracefy.com\/wp-content\/uploads\/2022\/09\/Joerie_gerrits-scaled-1-1024x768.jpg","contentUrl":"https:\/\/new.tracefy.com\/wp-content\/uploads\/2022\/09\/Joerie_gerrits-scaled-1-1024x768.jpg"},{"@type":"BreadcrumbList","@id":"https:\/\/tracefy.com\/gps-tracker-fiets\/#breadcrumb","itemListElement":[{"@type":"ListItem","position":1,"name":"Home","item":"https:\/\/tracefy.com\/"},{"@type":"ListItem","position":2,"name":"GPS Tracker fiets"}]},{"@type":"WebSite","@id":"https:\/\/tracefy.com\/nl\/#website","url":"https:\/\/tracefy.com\/nl\/","name":"Tracefy | Gardez votre v\u00e9lo pr\u00e8s de vous","description":"","publisher":{"@id":"https:\/\/tracefy.com\/nl\/#organization"},"potentialAction":[{"@type":"SearchAction","target":{"@type":"EntryPoint","urlTemplate":"https:\/\/tracefy.com\/nl\/?s={search_term_string}"},"query-input":{"@type":"PropertyValueSpecification","valueRequired":true,"valueName":"search_term_string"}}],"inLanguage":"fr-FR"},{"@type":"Organization","@id":"https:\/\/tracefy.com\/nl\/#organization","name":"Tracefy | Gardez votre v\u00e9lo pr\u00e8s de vous","url":"https:\/\/tracefy.com\/nl\/","logo":{"@type":"ImageObject","inLanguage":"fr-FR","@id":"https:\/\/tracefy.com\/nl\/#\/schema\/logo\/image\/","url":"https:\/\/tracefy.com\/wp-content\/uploads\/2021\/10\/Tracefy_logo_payoff-2022.svg","contentUrl":"https:\/\/tracefy.com\/wp-content\/uploads\/2021\/10\/Tracefy_logo_payoff-2022.svg","width":517.5,"height":285.9,"caption":"Tracefy | Keep Your Bike Close"},"image":{"@id":"https:\/\/tracefy.com\/nl\/#\/schema\/logo\/image\/"},"sameAs":["https:\/\/www.facebook.com\/Tracefy\/","https:\/\/www.instagram.com\/tracefy_iot\/","https:\/\/www.youtube.com\/@tracefy_iot","https:\/\/www.linkedin.com\/company\/tracefy\/"]}]}},"_links":{"self":[{"href":"https:\/\/tracefy.com\/fr\/wp-json\/wp\/v2\/pages\/8907","targetHints":{"allow":["GET"]}}],"collection":[{"href":"https:\/\/tracefy.com\/fr\/wp-json\/wp\/v2\/pages"}],"about":[{"href":"https:\/\/tracefy.com\/fr\/wp-json\/wp\/v2\/types\/page"}],"author":[{"embeddable":true,"href":"https:\/\/tracefy.com\/fr\/wp-json\/wp\/v2\/users\/1"}],"replies":[{"embeddable":true,"href":"https:\/\/tracefy.com\/fr\/wp-json\/wp\/v2\/comments?post=8907"}],"version-history":[{"count":4,"href":"https:\/\/tracefy.com\/fr\/wp-json\/wp\/v2\/pages\/8907\/revisions"}],"predecessor-version":[{"id":8911,"href":"https:\/\/tracefy.com\/fr\/wp-json\/wp\/v2\/pages\/8907\/revisions\/8911"}],"wp:attachment":[{"href":"https:\/\/tracefy.com\/fr\/wp-json\/wp\/v2\/media?parent=8907"}],"curies":[{"name":"wp","href":"https:\/\/api.w.org\/{rel}","templated":true}]}}