{"id":8912,"date":"2024-11-25T09:24:42","date_gmt":"2024-11-25T08:24:42","guid":{"rendered":"https:\/\/new.tracefy.com\/?page_id=8912"},"modified":"2024-11-25T09:28:12","modified_gmt":"2024-11-25T08:28:12","slug":"gps-tracker-e-bike","status":"publish","type":"page","link":"https:\/\/tracefy.com\/fr\/gps-tracker-e-bike\/","title":{"rendered":"Traceur GPS E-bike"},"content":{"rendered":"<div data-elementor-type=\"wp-page\" data-elementor-id=\"8912\" class=\"elementor elementor-8912\" data-elementor-post-type=\"page\">\n\t\t\t\t<div class=\"elementor-element elementor-element-d37f5d3 e-flex e-con-boxed e-con e-parent\" data-id=\"d37f5d3\" data-element_type=\"container\" data-e-type=\"container\" data-settings=\"{&quot;background_background&quot;:&quot;classic&quot;,&quot;jet_parallax_layout_list&quot;:[]}\">\n\t\t\t\t\t<div class=\"e-con-inner\">\n\t\t\t\t<div class=\"elementor-element elementor-element-20fe3bf elementor-widget elementor-widget-heading\" data-id=\"20fe3bf\" data-element_type=\"widget\" data-e-type=\"widget\" data-widget_type=\"heading.default\">\n\t\t\t\t<div class=\"elementor-widget-container\">\n\t\t\t\t\t<h2 class=\"elementor-heading-title elementor-size-default\">Traceur GPS E-bike<\/h2>\t\t\t\t<\/div>\n\t\t\t\t<\/div>\n\t\t\t\t\t<\/div>\n\t\t\t\t<\/div>\n\t\t<div class=\"elementor-element elementor-element-7c66b1e e-flex e-con-boxed e-con e-parent\" data-id=\"7c66b1e\" data-element_type=\"container\" data-e-type=\"container\" data-settings=\"{&quot;jet_parallax_layout_list&quot;:[]}\">\n\t\t\t\t\t<div class=\"e-con-inner\">\n\t\t\t\t<div class=\"elementor-element elementor-element-1fb301e elementor-widget elementor-widget-text-editor\" data-id=\"1fb301e\" data-element_type=\"widget\" data-e-type=\"widget\" data-widget_type=\"text-editor.default\">\n\t\t\t\t<div class=\"elementor-widget-container\">\n\t\t\t\t\t\t\t\t\t<p><span style=\"font-weight: 400;\">Votre v\u00e9lo \u00e9lectrique, vous en prenez soin. Un traceur GPS pour votre v\u00e9lo \u00e9lectrique ou un v\u00e9lo \u00e9lectrique avec traceur GPS est donc extr\u00eamement populaire. Malheureusement, les vols de bicyclettes sont encore tr\u00e8s fr\u00e9quents. Et les v\u00e9los \u00e9lectriques sont \u00e9galement tr\u00e8s appr\u00e9ci\u00e9s des voleurs de bicyclettes en raison de leur valeur d'achat \u00e9lev\u00e9e. Bien s\u00fbr, vous voulez toujours \u00e9viter le vol, mais si cela se produit, il est bon de savoir que gr\u00e2ce au traceur gps ebike, il y a de bonnes chances que le v\u00e9lo soit retrouv\u00e9. Et gr\u00e2ce \u00e0 cette forte probabilit\u00e9 de retrouver votre v\u00e9lo \u00e9lectrique, vous obtiendrez \u00e9galement une r\u00e9duction sur votre achat de v\u00e9lo \u00e9lectrique. <\/span><a href=\"https:\/\/tracefy.com\/fr\/elektrische-fiets-verzekeren-met-tracefy\/\"><span style=\"font-weight: 400;\">assurance bicyclette<\/span><\/a><span style=\"font-weight: 400;\">.<\/span><\/p>\t\t\t\t\t\t\t\t<\/div>\n\t\t\t\t<\/div>\n\t\t\t\t\t<\/div>\n\t\t\t\t<\/div>\n\t\t<div class=\"elementor-element elementor-element-037dd25 e-flex e-con-boxed e-con e-parent\" data-id=\"037dd25\" data-element_type=\"container\" data-e-type=\"container\" data-settings=\"{&quot;jet_parallax_layout_list&quot;:[]}\">\n\t\t\t\t\t<div class=\"e-con-inner\">\n\t\t\t\t<div class=\"elementor-element elementor-element-c24ee7c elementor-widget elementor-widget-heading\" data-id=\"c24ee7c\" data-element_type=\"widget\" data-e-type=\"widget\" data-widget_type=\"heading.default\">\n\t\t\t\t<div class=\"elementor-widget-container\">\n\t\t\t\t\t<h2 class=\"elementor-heading-title elementor-size-default\">Traceur multifonctionnel pour v\u00e9lo \u00e9lectrique<\/h2>\t\t\t\t<\/div>\n\t\t\t\t<\/div>\n\t\t\t\t<div class=\"elementor-element elementor-element-6d012b6 elementor-widget elementor-widget-text-editor\" data-id=\"6d012b6\" data-element_type=\"widget\" data-e-type=\"widget\" data-widget_type=\"text-editor.default\">\n\t\t\t\t<div class=\"elementor-widget-container\">\n\t\t\t\t\t\t\t\t\t<p><span style=\"font-weight: 400;\">Le traceur gps pour votre v\u00e9lo \u00e9lectrique n'est pas seulement utile pour le retrouver apr\u00e8s un vol. Comme ce traceur gps suit \u00e9galement vos trajets, vous pouvez voir exactement quels itin\u00e9raires vous avez tous parcourus et, sur la base du nombre de kilom\u00e8tres parcourus, vous recevez un rappel lorsqu'il est temps de proc\u00e9der \u00e0 l'entretien p\u00e9riodique de votre v\u00e9lo. Pratique ! De cette mani\u00e8re, le traceur gps de votre v\u00e9lo \u00e9lectrique est enti\u00e8rement au service de votre comportement cycliste. Un v\u00e9lo \u00e9lectrique avec tracker gps est la prochaine \u00e9tape de l'innovation cycliste.<\/span><\/p>\t\t\t\t\t\t\t\t<\/div>\n\t\t\t\t<\/div>\n\t\t\t\t<div class=\"elementor-element elementor-element-4677f79 elementor-align-center elementor-widget elementor-widget-global elementor-global-6593 elementor-widget-button\" data-id=\"4677f79\" data-element_type=\"widget\" data-e-type=\"widget\" data-widget_type=\"button.default\">\n\t\t\t\t<div class=\"elementor-widget-container\">\n\t\t\t\t\t\t\t\t\t<div class=\"elementor-button-wrapper\">\n\t\t\t\t\t<a class=\"elementor-button elementor-button-link elementor-size-sm\" href=\"https:\/\/tracefy.com\/fr\/concessionnaires\/recherche-de-concessionnaires\/\">\n\t\t\t\t\t\t<span class=\"elementor-button-content-wrapper\">\n\t\t\t\t\t\t<span class=\"elementor-button-icon\">\n\t\t\t\t<svg aria-hidden=\"true\" class=\"e-font-icon-svg e-far-arrow-alt-circle-right\" viewbox=\"0 0 512 512\" xmlns=\"http:\/\/www.w3.org\/2000\/svg\"><path d=\"M504 256C504 119 393 8 256 8S8 119 8 256s111 248 248 248 248-111 248-248zm-448 0c0-110.5 89.5-200 200-200s200 89.5 200 200-89.5 200-200 200S56 366.5 56 256zm72 20v-40c0-6.6 5.4-12 12-12h116v-67c0-10.7 12.9-16 20.5-8.5l99 99c4.7 4.7 4.7 12.3 0 17l-99 99c-7.6 7.6-20.5 2.2-20.5-8.5v-67H140c-6.6 0-12-5.4-12-12z\"><\/path><\/svg>\t\t\t<\/span>\n\t\t\t\t\t\t\t\t\t<span class=\"elementor-button-text\">Trouver un distributeur<\/span>\n\t\t\t\t\t<\/span>\n\t\t\t\t\t<\/a>\n\t\t\t\t<\/div>\n\t\t\t\t\t\t\t\t<\/div>\n\t\t\t\t<\/div>\n\t\t\t\t\t<\/div>\n\t\t\t\t<\/div>\n\t\t<div class=\"elementor-element elementor-element-4c7ec4d e-flex e-con-boxed e-con e-parent\" data-id=\"4c7ec4d\" data-element_type=\"container\" data-e-type=\"container\" data-settings=\"{&quot;background_background&quot;:&quot;classic&quot;,&quot;jet_parallax_layout_list&quot;:[]}\">\n\t\t\t\t\t<div class=\"e-con-inner\">\n\t\t<div class=\"elementor-element elementor-element-0a60ef0 e-con-full e-flex e-con e-child\" data-id=\"0a60ef0\" data-element_type=\"container\" data-e-type=\"container\" data-settings=\"{&quot;jet_parallax_layout_list&quot;:[]}\">\n\t\t\t\t<div class=\"elementor-element elementor-element-5bff949 elementor-widget elementor-widget-heading\" data-id=\"5bff949\" data-element_type=\"widget\" data-e-type=\"widget\" data-widget_type=\"heading.default\">\n\t\t\t\t<div class=\"elementor-widget-container\">\n\t\t\t\t\t<h2 class=\"elementor-heading-title elementor-size-default\">Meilleur traceur GPS pour E-bike<\/h2>\t\t\t\t<\/div>\n\t\t\t\t<\/div>\n\t\t\t\t<div class=\"elementor-element elementor-element-0248274 elementor-widget elementor-widget-text-editor\" data-id=\"0248274\" data-element_type=\"widget\" data-e-type=\"widget\" data-widget_type=\"text-editor.default\">\n\t\t\t\t<div class=\"elementor-widget-container\">\n\t\t\t\t\t\t\t\t\t<p><a href=\"https:\/\/tracefy.com\/fr\/\"><span style=\"font-weight: 400; color: white;\">Tracefy<\/span><\/a><span style=\"font-weight: 400;\"> offre la solution GPS pour votre v\u00e9lo \u00e9lectrique. Gr\u00e2ce \u00e0 la batterie de votre v\u00e9lo \u00e9lectrique, le traceur est toujours aliment\u00e9. Notre traceur GPS est donc \u00e9galement con\u00e7u sp\u00e9cifiquement pour les v\u00e9los \u00e9lectriques.<\/span><\/p><p><span style=\"font-weight: 400;\">Le tracker est en outre int\u00e9gr\u00e9 par les services reconnus de l'Union europ\u00e9enne. <\/span><a href=\"https:\/\/tracefy.com\/fr\/consumer\/recherche-de-concessionnaires\/\"><span style=\"font-weight: 400;\">concessionnaires<\/span><\/a><span style=\"font-weight: 400;\">. En effet, il est important que le traceur soit intra\u00e7able et qu'il ne puisse pas \u00eatre simplement \u00e9teint ou d\u00e9mont\u00e9. C'est pourquoi nous avons d\u00e9cid\u00e9 de ne faire appel qu'\u00e0 un r\u00e9seau de revendeurs agr\u00e9\u00e9s pour l'installation de votre traceur GPS. Heureusement, vous pouvez facilement trouver votre revendeur local sur notre site web et il y en a toujours un \u00e0 proximit\u00e9.<\/span><\/p>\t\t\t\t\t\t\t\t<\/div>\n\t\t\t\t<\/div>\n\t\t\t\t<\/div>\n\t\t<div class=\"elementor-element elementor-element-3fceef7 e-con-full e-flex e-con e-child\" data-id=\"3fceef7\" data-element_type=\"container\" data-e-type=\"container\" data-settings=\"{&quot;jet_parallax_layout_list&quot;:[]}\">\n\t\t\t\t<div class=\"elementor-element elementor-element-af01458 elementor-widget elementor-widget-image\" data-id=\"af01458\" data-element_type=\"widget\" data-e-type=\"widget\" data-widget_type=\"image.default\">\n\t\t\t\t<div class=\"elementor-widget-container\">\n\t\t\t\t\t\t\t\t\t\t\t\t\t\t\t<img fetchpriority=\"high\" decoding=\"async\" width=\"800\" height=\"600\" src=\"https:\/\/tracefy.com\/wp-content\/uploads\/2022\/09\/Joerie_gerrits-scaled-1-1024x768.jpg\" class=\"attachment-large size-large wp-image-3044\" alt=\"\" srcset=\"https:\/\/tracefy.com\/wp-content\/uploads\/2022\/09\/Joerie_gerrits-scaled-1-1024x768.jpg 1024w, https:\/\/tracefy.com\/wp-content\/uploads\/2022\/09\/Joerie_gerrits-scaled-1-600x450.jpg 600w, https:\/\/tracefy.com\/wp-content\/uploads\/2022\/09\/Joerie_gerrits-scaled-1-300x225.jpg 300w, https:\/\/tracefy.com\/wp-content\/uploads\/2022\/09\/Joerie_gerrits-scaled-1-768x576.jpg 768w, https:\/\/tracefy.com\/wp-content\/uploads\/2022\/09\/Joerie_gerrits-scaled-1-1536x1152.jpg 1536w, https:\/\/tracefy.com\/wp-content\/uploads\/2022\/09\/Joerie_gerrits-scaled-1-2048x1536.jpg 2048w\" sizes=\"(max-width: 800px) 100vw, 800px\" \/>\t\t\t\t\t\t\t\t\t\t\t\t\t\t\t<\/div>\n\t\t\t\t<\/div>\n\t\t\t\t<\/div>\n\t\t\t\t\t<\/div>\n\t\t\t\t<\/div>\n\t\t<div class=\"elementor-element elementor-element-29fc56f e-flex e-con-boxed e-con e-parent\" data-id=\"29fc56f\" data-element_type=\"container\" data-e-type=\"container\" data-settings=\"{&quot;jet_parallax_layout_list&quot;:[]}\">\n\t\t\t\t\t<div class=\"e-con-inner\">\n\t\t\t\t<div class=\"elementor-element elementor-element-36277e3 elementor-widget elementor-widget-heading\" data-id=\"36277e3\" data-element_type=\"widget\" data-e-type=\"widget\" data-widget_type=\"heading.default\">\n\t\t\t\t<div class=\"elementor-widget-container\">\n\t\t\t\t\t<h2 class=\"elementor-heading-title elementor-size-default\">Quel est le co\u00fbt d'un traceur GPS pour v\u00e9los \u00e9lectriques ?<\/h2>\t\t\t\t<\/div>\n\t\t\t\t<\/div>\n\t\t\t\t<div class=\"elementor-element elementor-element-999696b elementor-widget elementor-widget-text-editor\" data-id=\"999696b\" data-element_type=\"widget\" data-e-type=\"widget\" data-widget_type=\"text-editor.default\">\n\t\t\t\t<div class=\"elementor-widget-container\">\n\t\t\t\t\t\t\t\t\t<p><span style=\"font-weight: 400;\">Le prix d'achat comprend le montage sur votre v\u00e9lo \u00e9lectrique. Deux types d'abonnement sont \u00e9galement disponibles. Vous vous demandez peut-\u00eatre pourquoi vous continuez \u00e0 payer chaque mois pour utiliser votre traceur GPS pour v\u00e9lo \u00e9lectrique. Avec notre traceur GPS pour v\u00e9lo \u00e9lectrique, vous \u00eates toujours en ligne. Vous utilisez \u00e9galement notre application pour suivre les donn\u00e9es de votre v\u00e9lo. Nous facturons une redevance mensuelle pour sa maintenance. Voir notre offre actuelle <\/span><a href=\"https:\/\/tracefy.com\/fr\/\"><span style=\"font-weight: 400;\">Taux de Tracefy<\/span><\/a><span style=\"font-weight: 400;\">.\u00a0 <\/span><\/p>\t\t\t\t\t\t\t\t<\/div>\n\t\t\t\t<\/div>\n\t\t\t\t<div class=\"elementor-element elementor-element-c50bae8 elementor-widget elementor-widget-heading\" data-id=\"c50bae8\" data-element_type=\"widget\" data-e-type=\"widget\" data-widget_type=\"heading.default\">\n\t\t\t\t<div class=\"elementor-widget-container\">\n\t\t\t\t\t<h2 class=\"elementor-heading-title elementor-size-default\">Suivi des v\u00e9los \u00e9lectriques avec Tracefy<\/h2>\t\t\t\t<\/div>\n\t\t\t\t<\/div>\n\t\t\t\t<div class=\"elementor-element elementor-element-da5508c elementor-widget elementor-widget-text-editor\" data-id=\"da5508c\" data-element_type=\"widget\" data-e-type=\"widget\" data-widget_type=\"text-editor.default\">\n\t\t\t\t<div class=\"elementor-widget-container\">\n\t\t\t\t\t\t\t\t\t<p><span style=\"font-weight: 400;\">Vous en avez fini avec les vols de v\u00e9los ? Alors achetez d\u00e8s aujourd'hui votre traceur GPS Tracefy. Les \u00e9tapes sont simples. Trouvez votre revendeur, faites installer le traceur GPS sur votre v\u00e9lo \u00e9lectrique, t\u00e9l\u00e9chargez l'application et activez le suivi. Ainsi, vous pouvez suivre votre v\u00e9lo \u00e9lectrique depuis le bureau ou chez vous, sur votre canap\u00e9. Mieux encore, votre v\u00e9lo \u00e9lectrique reste en place lorsque vous ne l'utilisez pas vous-m\u00eame.<\/span><\/p>\t\t\t\t\t\t\t\t<\/div>\n\t\t\t\t<\/div>\n\t\t\t\t\t<\/div>\n\t\t\t\t<\/div>\n\t\t<div class=\"elementor-element elementor-element-120d857 e-flex e-con-boxed e-con e-parent\" data-id=\"120d857\" data-element_type=\"container\" data-e-type=\"container\" data-settings=\"{&quot;jet_parallax_layout_list&quot;:[]}\">\n\t\t\t\t\t<div class=\"e-con-inner\">\n\t\t\t\t<div class=\"elementor-element elementor-element-5ff82fc elementor-align-center elementor-widget elementor-widget-button\" data-id=\"5ff82fc\" data-element_type=\"widget\" data-e-type=\"widget\" data-widget_type=\"button.default\">\n\t\t\t\t<div class=\"elementor-widget-container\">\n\t\t\t\t\t\t\t\t\t<div class=\"elementor-button-wrapper\">\n\t\t\t\t\t<a class=\"elementor-button elementor-button-link elementor-size-sm\" href=\"https:\/\/tracefy.com\/fr\/\">\n\t\t\t\t\t\t<span class=\"elementor-button-content-wrapper\">\n\t\t\t\t\t\t<span class=\"elementor-button-icon\">\n\t\t\t\t<svg aria-hidden=\"true\" class=\"e-font-icon-svg e-far-arrow-alt-circle-right\" viewbox=\"0 0 512 512\" xmlns=\"http:\/\/www.w3.org\/2000\/svg\"><path d=\"M504 256C504 119 393 8 256 8S8 119 8 256s111 248 248 248 248-111 248-248zm-448 0c0-110.5 89.5-200 200-200s200 89.5 200 200-89.5 200-200 200S56 366.5 56 256zm72 20v-40c0-6.6 5.4-12 12-12h116v-67c0-10.7 12.9-16 20.5-8.5l99 99c4.7 4.7 4.7 12.3 0 17l-99 99c-7.6 7.6-20.5 2.2-20.5-8.5v-67H140c-6.6 0-12-5.4-12-12z\"><\/path><\/svg>\t\t\t<\/span>\n\t\t\t\t\t\t\t\t\t<span class=\"elementor-button-text\">D\u00e9couvrir l'application Tracefy<\/span>\n\t\t\t\t\t<\/span>\n\t\t\t\t\t<\/a>\n\t\t\t\t<\/div>\n\t\t\t\t\t\t\t\t<\/div>\n\t\t\t\t<\/div>\n\t\t\t\t\t<\/div>\n\t\t\t\t<\/div>\n\t\t\t\t<\/div>","protected":false},"excerpt":{"rendered":"<p>GPS Tracker E-bike\u200b Jouw e-bike, daar ben je zuinig op. Een gps tracker voor je e-bike of een elektrische fiets met gps tracker is daarom razend populair. Helaas komt diefstal van fietsen nog steeds heel erg veel voor. En ook e-bikes zijn vanwege hun hoge aanschafwaarde erg geliefd onder fietsendieven. Uiteraard wil je diefstal altijd [&hellip;]<\/p>\n","protected":false},"author":1,"featured_media":0,"parent":0,"menu_order":0,"comment_status":"closed","ping_status":"closed","template":"","meta":{"footnotes":""},"class_list":["post-8912","page","type-page","status-publish","hentry"],"yoast_head":"<!-- This site is optimized with the Yoast SEO Premium plugin v27.2 (Yoast SEO v27.2) - https:\/\/yoast.com\/product\/yoast-seo-premium-wordpress\/ -->\n<title>GPS Tracker E-bike - Tracefy | Keep Your Bike Close<\/title>\n<meta name=\"robots\" content=\"index, follow, max-snippet:-1, max-image-preview:large, max-video-preview:-1\" \/>\n<link rel=\"canonical\" href=\"https:\/\/tracefy.com\/fr\/gps-tracker-e-bike\/\" \/>\n<meta property=\"og:locale\" content=\"fr_FR\" \/>\n<meta property=\"og:type\" content=\"article\" \/>\n<meta property=\"og:title\" content=\"GPS Tracker E-bike\" \/>\n<meta property=\"og:description\" content=\"GPS Tracker E-bike\u200b Jouw e-bike, daar ben je zuinig op. Een gps tracker voor je e-bike of een elektrische fiets met gps tracker is daarom razend populair. Helaas komt diefstal van fietsen nog steeds heel erg veel voor. En ook e-bikes zijn vanwege hun hoge aanschafwaarde erg geliefd onder fietsendieven. Uiteraard wil je diefstal altijd [&hellip;]\" \/>\n<meta property=\"og:url\" content=\"https:\/\/tracefy.com\/fr\/gps-tracker-e-bike\/\" \/>\n<meta property=\"og:site_name\" content=\"Tracefy | Keep Your Bike Close\" \/>\n<meta property=\"article:publisher\" content=\"https:\/\/www.facebook.com\/Tracefy\/\" \/>\n<meta property=\"article:modified_time\" content=\"2024-11-25T08:28:12+00:00\" \/>\n<meta property=\"og:image\" content=\"https:\/\/new.tracefy.com\/wp-content\/uploads\/2022\/09\/Joerie_gerrits-scaled-1-1024x768.jpg\" \/>\n<meta name=\"twitter:card\" content=\"summary_large_image\" \/>\n<meta name=\"twitter:label1\" content=\"Dur\u00e9e de lecture estim\u00e9e\" \/>\n\t<meta name=\"twitter:data1\" content=\"2 minutes\" \/>\n<script type=\"application\/ld+json\" class=\"yoast-schema-graph\">{\"@context\":\"https:\/\/schema.org\",\"@graph\":[{\"@type\":\"WebPage\",\"@id\":\"https:\/\/tracefy.com\/gps-tracker-e-bike\/\",\"url\":\"https:\/\/tracefy.com\/gps-tracker-e-bike\/\",\"name\":\"GPS Tracker E-bike - Tracefy | Keep Your Bike Close\",\"isPartOf\":{\"@id\":\"https:\/\/tracefy.com\/nl\/#website\"},\"primaryImageOfPage\":{\"@id\":\"https:\/\/tracefy.com\/gps-tracker-e-bike\/#primaryimage\"},\"image\":{\"@id\":\"https:\/\/tracefy.com\/gps-tracker-e-bike\/#primaryimage\"},\"thumbnailUrl\":\"https:\/\/new.tracefy.com\/wp-content\/uploads\/2022\/09\/Joerie_gerrits-scaled-1-1024x768.jpg\",\"datePublished\":\"2024-11-25T08:24:42+00:00\",\"dateModified\":\"2024-11-25T08:28:12+00:00\",\"breadcrumb\":{\"@id\":\"https:\/\/tracefy.com\/gps-tracker-e-bike\/#breadcrumb\"},\"inLanguage\":\"fr-FR\",\"potentialAction\":[{\"@type\":\"ReadAction\",\"target\":[\"https:\/\/tracefy.com\/gps-tracker-e-bike\/\"]}]},{\"@type\":\"ImageObject\",\"inLanguage\":\"fr-FR\",\"@id\":\"https:\/\/tracefy.com\/gps-tracker-e-bike\/#primaryimage\",\"url\":\"https:\/\/new.tracefy.com\/wp-content\/uploads\/2022\/09\/Joerie_gerrits-scaled-1-1024x768.jpg\",\"contentUrl\":\"https:\/\/new.tracefy.com\/wp-content\/uploads\/2022\/09\/Joerie_gerrits-scaled-1-1024x768.jpg\"},{\"@type\":\"BreadcrumbList\",\"@id\":\"https:\/\/tracefy.com\/gps-tracker-e-bike\/#breadcrumb\",\"itemListElement\":[{\"@type\":\"ListItem\",\"position\":1,\"name\":\"Home\",\"item\":\"https:\/\/tracefy.com\/\"},{\"@type\":\"ListItem\",\"position\":2,\"name\":\"GPS Tracker E-bike\"}]},{\"@type\":\"WebSite\",\"@id\":\"https:\/\/tracefy.com\/nl\/#website\",\"url\":\"https:\/\/tracefy.com\/nl\/\",\"name\":\"Tracefy | Keep Your Bike Close\",\"description\":\"\",\"publisher\":{\"@id\":\"https:\/\/tracefy.com\/nl\/#organization\"},\"potentialAction\":[{\"@type\":\"SearchAction\",\"target\":{\"@type\":\"EntryPoint\",\"urlTemplate\":\"https:\/\/tracefy.com\/nl\/?s={search_term_string}\"},\"query-input\":{\"@type\":\"PropertyValueSpecification\",\"valueRequired\":true,\"valueName\":\"search_term_string\"}}],\"inLanguage\":\"fr-FR\"},{\"@type\":\"Organization\",\"@id\":\"https:\/\/tracefy.com\/nl\/#organization\",\"name\":\"Tracefy | Keep Your Bike Close\",\"url\":\"https:\/\/tracefy.com\/nl\/\",\"logo\":{\"@type\":\"ImageObject\",\"inLanguage\":\"fr-FR\",\"@id\":\"https:\/\/tracefy.com\/nl\/#\/schema\/logo\/image\/\",\"url\":\"https:\/\/tracefy.com\/wp-content\/uploads\/2021\/10\/Tracefy_logo_payoff-2022.svg\",\"contentUrl\":\"https:\/\/tracefy.com\/wp-content\/uploads\/2021\/10\/Tracefy_logo_payoff-2022.svg\",\"width\":517.5,\"height\":285.9,\"caption\":\"Tracefy | Keep Your Bike Close\"},\"image\":{\"@id\":\"https:\/\/tracefy.com\/nl\/#\/schema\/logo\/image\/\"},\"sameAs\":[\"https:\/\/www.facebook.com\/Tracefy\/\",\"https:\/\/www.instagram.com\/tracefy_iot\/\",\"https:\/\/www.youtube.com\/@tracefy_iot\",\"https:\/\/www.linkedin.com\/company\/tracefy\/\"]}]}<\/script>\n<!-- \/ Yoast SEO Premium plugin. -->","yoast_head_json":{"title":"Traceur GPS E-bike - Tracefy | Gardez votre v\u00e9lo pr\u00e8s de vous","robots":{"index":"index","follow":"follow","max-snippet":"max-snippet:-1","max-image-preview":"max-image-preview:large","max-video-preview":"max-video-preview:-1"},"canonical":"https:\/\/tracefy.com\/fr\/gps-tracker-e-bike\/","og_locale":"fr_FR","og_type":"article","og_title":"GPS Tracker E-bike","og_description":"GPS Tracker E-bike\u200b Jouw e-bike, daar ben je zuinig op. Een gps tracker voor je e-bike of een elektrische fiets met gps tracker is daarom razend populair. Helaas komt diefstal van fietsen nog steeds heel erg veel voor. En ook e-bikes zijn vanwege hun hoge aanschafwaarde erg geliefd onder fietsendieven. Uiteraard wil je diefstal altijd [&hellip;]","og_url":"https:\/\/tracefy.com\/fr\/gps-tracker-e-bike\/","og_site_name":"Tracefy | Keep Your Bike Close","article_publisher":"https:\/\/www.facebook.com\/Tracefy\/","article_modified_time":"2024-11-25T08:28:12+00:00","og_image":[{"url":"https:\/\/new.tracefy.com\/wp-content\/uploads\/2022\/09\/Joerie_gerrits-scaled-1-1024x768.jpg","type":"","width":"","height":""}],"twitter_card":"summary_large_image","twitter_misc":{"Dur\u00e9e de lecture estim\u00e9e":"2 minutes"},"schema":{"@context":"https:\/\/schema.org","@graph":[{"@type":"WebPage","@id":"https:\/\/tracefy.com\/gps-tracker-e-bike\/","url":"https:\/\/tracefy.com\/gps-tracker-e-bike\/","name":"Traceur GPS E-bike - Tracefy | Gardez votre v\u00e9lo pr\u00e8s de vous","isPartOf":{"@id":"https:\/\/tracefy.com\/nl\/#website"},"primaryImageOfPage":{"@id":"https:\/\/tracefy.com\/gps-tracker-e-bike\/#primaryimage"},"image":{"@id":"https:\/\/tracefy.com\/gps-tracker-e-bike\/#primaryimage"},"thumbnailUrl":"https:\/\/new.tracefy.com\/wp-content\/uploads\/2022\/09\/Joerie_gerrits-scaled-1-1024x768.jpg","datePublished":"2024-11-25T08:24:42+00:00","dateModified":"2024-11-25T08:28:12+00:00","breadcrumb":{"@id":"https:\/\/tracefy.com\/gps-tracker-e-bike\/#breadcrumb"},"inLanguage":"fr-FR","potentialAction":[{"@type":"ReadAction","target":["https:\/\/tracefy.com\/gps-tracker-e-bike\/"]}]},{"@type":"ImageObject","inLanguage":"fr-FR","@id":"https:\/\/tracefy.com\/gps-tracker-e-bike\/#primaryimage","url":"https:\/\/new.tracefy.com\/wp-content\/uploads\/2022\/09\/Joerie_gerrits-scaled-1-1024x768.jpg","contentUrl":"https:\/\/new.tracefy.com\/wp-content\/uploads\/2022\/09\/Joerie_gerrits-scaled-1-1024x768.jpg"},{"@type":"BreadcrumbList","@id":"https:\/\/tracefy.com\/gps-tracker-e-bike\/#breadcrumb","itemListElement":[{"@type":"ListItem","position":1,"name":"Home","item":"https:\/\/tracefy.com\/"},{"@type":"ListItem","position":2,"name":"GPS Tracker E-bike"}]},{"@type":"WebSite","@id":"https:\/\/tracefy.com\/nl\/#website","url":"https:\/\/tracefy.com\/nl\/","name":"Tracefy | Gardez votre v\u00e9lo pr\u00e8s de vous","description":"","publisher":{"@id":"https:\/\/tracefy.com\/nl\/#organization"},"potentialAction":[{"@type":"SearchAction","target":{"@type":"EntryPoint","urlTemplate":"https:\/\/tracefy.com\/nl\/?s={search_term_string}"},"query-input":{"@type":"PropertyValueSpecification","valueRequired":true,"valueName":"search_term_string"}}],"inLanguage":"fr-FR"},{"@type":"Organization","@id":"https:\/\/tracefy.com\/nl\/#organization","name":"Tracefy | Gardez votre v\u00e9lo pr\u00e8s de vous","url":"https:\/\/tracefy.com\/nl\/","logo":{"@type":"ImageObject","inLanguage":"fr-FR","@id":"https:\/\/tracefy.com\/nl\/#\/schema\/logo\/image\/","url":"https:\/\/tracefy.com\/wp-content\/uploads\/2021\/10\/Tracefy_logo_payoff-2022.svg","contentUrl":"https:\/\/tracefy.com\/wp-content\/uploads\/2021\/10\/Tracefy_logo_payoff-2022.svg","width":517.5,"height":285.9,"caption":"Tracefy | Keep Your Bike Close"},"image":{"@id":"https:\/\/tracefy.com\/nl\/#\/schema\/logo\/image\/"},"sameAs":["https:\/\/www.facebook.com\/Tracefy\/","https:\/\/www.instagram.com\/tracefy_iot\/","https:\/\/www.youtube.com\/@tracefy_iot","https:\/\/www.linkedin.com\/company\/tracefy\/"]}]}},"_links":{"self":[{"href":"https:\/\/tracefy.com\/fr\/wp-json\/wp\/v2\/pages\/8912","targetHints":{"allow":["GET"]}}],"collection":[{"href":"https:\/\/tracefy.com\/fr\/wp-json\/wp\/v2\/pages"}],"about":[{"href":"https:\/\/tracefy.com\/fr\/wp-json\/wp\/v2\/types\/page"}],"author":[{"embeddable":true,"href":"https:\/\/tracefy.com\/fr\/wp-json\/wp\/v2\/users\/1"}],"replies":[{"embeddable":true,"href":"https:\/\/tracefy.com\/fr\/wp-json\/wp\/v2\/comments?post=8912"}],"version-history":[{"count":4,"href":"https:\/\/tracefy.com\/fr\/wp-json\/wp\/v2\/pages\/8912\/revisions"}],"predecessor-version":[{"id":8916,"href":"https:\/\/tracefy.com\/fr\/wp-json\/wp\/v2\/pages\/8912\/revisions\/8916"}],"wp:attachment":[{"href":"https:\/\/tracefy.com\/fr\/wp-json\/wp\/v2\/media?parent=8912"}],"curies":[{"name":"wp","href":"https:\/\/api.w.org\/{rel}","templated":true}]}}