{"id":4142,"date":"2023-03-14T08:43:41","date_gmt":"2023-03-14T07:43:41","guid":{"rendered":"https:\/\/tracefy.com\/product\/hoodie-with-logo\/"},"modified":"2025-07-15T09:01:31","modified_gmt":"2025-07-15T08:01:31","slug":"traceur-gps-tracefy-y-compris-linstallation-a-domicile","status":"publish","type":"product","link":"https:\/\/tracefy.com\/fr\/product\/tracefy-gps-tracker-inclusief-installatie-aan-huis\/","title":{"rendered":"Tracefy PRO GPS Tracker avec installation \u00e0 domicile"},"content":{"rendered":"<p class=\"p1\">Pas de revendeur \u00e0 proximit\u00e9 ? Commandez le traceur GPS Tracefy pour v\u00e9los \u00e9lectriques directement ici et l'un de nos partenaires mobiles se chargera de l'installation \u00e0 votre domicile. Le prix comprend le connecteur ad\u00e9quat et l'installation \u00e0 domicile et ne comprend pas <span class=\"s1\">\u00e0 la connectivit\u00e9 et \u00e0 la d\u00e9tection.<\/span> Apr\u00e8s votre commande, nous vous contacterons dans les 24 heures les jours ouvrables pour fixer un rendez-vous pour l'installation \u00e0 domicile ou sur le lieu de travail.<\/p>\n<p class=\"p1\"><b>Sp\u00e9cifications techniques<\/b><\/p>\n<ul class=\"ul1\">\n<li class=\"li1\">R\u00e9seau - LTE CAT 1 (4G) - 2G fallback<\/li>\n<li class=\"li1\">Bluetooth Low Energy<\/li>\n<li class=\"li1\">Acc\u00e9l\u00e9rom\u00e8tre 3D<\/li>\n<li class=\"li1\">Batterie : batterie de secours interne de 600 mAh<\/li>\n<li class=\"li1\">Dimensions : 53 x 26 x 14 mm dans un bo\u00eetier IP65<\/li>\n<li class=\"li1\">Param\u00e8tres du micrologiciel<span class=\"Apple-converted-space\">\u00a0 <\/span>des mises \u00e0 jour \"par voie hertzienne\".<\/li>\n<li class=\"li1\">Connexion par connecteur<\/li>\n<li class=\"li1\">Certifi\u00e9 Kiwa<\/li>\n<\/ul>","protected":false},"excerpt":{"rendered":"<p>Geen dealer in de buurt? Bestel hier direct de Tracefy GPS tracker voor E-bikes en \u00e9\u00e9n van onze mobiele partners verzorgt de installatie bij jou thuis. De prijs is inclusief de juiste connector en installatie aan huis en exclusief abonnement op connectiviteit en opsporing. Na je bestelling nemen wij op werkdagen binnen 24 uur contact [&hellip;]<\/p>\n","protected":false},"featured_media":6967,"comment_status":"closed","ping_status":"closed","template":"","meta":[],"product_brand":[],"product_cat":[29],"product_tag":[30,31],"class_list":{"0":"post-4142","1":"product","2":"type-product","3":"status-publish","4":"has-post-thumbnail","6":"product_cat-geen-categorie","7":"product_tag-gpstracker","8":"product_tag-pro","10":"first","11":"instock","12":"taxable","13":"shipping-taxable","14":"purchasable","15":"product-type-simple"},"yoast_head":"<!-- This site is optimized with the Yoast SEO Premium plugin v27.2 (Yoast SEO v27.2) - https:\/\/yoast.com\/product\/yoast-seo-premium-wordpress\/ -->\n<title>Tracefy PRO GPS Tracker incl. Installatie aan huis - Tracefy | Keep Your Bike Close<\/title>\n<meta name=\"description\" content=\"Geen dealer in de buurt? Bestel hier de Tracefy GPS tracker voor E-bikes en \u00e9\u00e9n van onze mobiele partners verzorgt de installatie bij jou thuis.De prijs is inclusief de juiste connector en installatie aan huis en exclusief abonnement op connectiviteit en opsporing.\" \/>\n<meta name=\"robots\" content=\"index, follow, max-snippet:-1, max-image-preview:large, max-video-preview:-1\" \/>\n<link rel=\"canonical\" href=\"https:\/\/tracefy.com\/fr\/produit\/traceur-gps-tracefy-y-compris-linstallation-a-domicile\/\" \/>\n<meta property=\"og:locale\" content=\"fr_FR\" \/>\n<meta property=\"og:type\" content=\"article\" \/>\n<meta property=\"og:title\" content=\"Tracefy PRO GPS Tracker incl. Installatie aan huis\" \/>\n<meta property=\"og:description\" content=\"Geen dealer in de buurt? Bestel hier de Tracefy GPS tracker voor E-bikes en \u00e9\u00e9n van onze mobiele partners verzorgt de installatie bij jou thuis.De prijs is inclusief de juiste connector en installatie aan huis en exclusief abonnement op connectiviteit en opsporing.\" \/>\n<meta property=\"og:url\" content=\"https:\/\/tracefy.com\/fr\/produit\/traceur-gps-tracefy-y-compris-linstallation-a-domicile\/\" \/>\n<meta property=\"og:site_name\" content=\"Tracefy | Keep Your Bike Close\" \/>\n<meta property=\"article:publisher\" content=\"https:\/\/www.facebook.com\/Tracefy\/\" \/>\n<meta property=\"article:modified_time\" content=\"2025-07-15T08:01:31+00:00\" \/>\n<meta property=\"og:image\" content=\"https:\/\/tracefy.com\/wp-content\/uploads\/2024\/09\/PRO_doosje.png\" \/>\n\t<meta property=\"og:image:width\" content=\"2012\" \/>\n\t<meta property=\"og:image:height\" content=\"2012\" \/>\n\t<meta property=\"og:image:type\" content=\"image\/png\" \/>\n<meta name=\"twitter:card\" content=\"summary_large_image\" \/>\n<meta name=\"twitter:label1\" content=\"Dur\u00e9e de lecture estim\u00e9e\" \/>\n\t<meta name=\"twitter:data1\" content=\"1 minute\" \/>\n<script type=\"application\/ld+json\" class=\"yoast-schema-graph\">{\"@context\":\"https:\/\/schema.org\",\"@graph\":[{\"@type\":\"WebPage\",\"@id\":\"https:\/\/tracefy.com\/product\/tracefy-gps-tracker-inclusief-installatie-aan-huis\/\",\"url\":\"https:\/\/tracefy.com\/product\/tracefy-gps-tracker-inclusief-installatie-aan-huis\/\",\"name\":\"Tracefy PRO GPS Tracker incl. Installatie aan huis - Tracefy | Keep Your Bike Close\",\"isPartOf\":{\"@id\":\"https:\/\/tracefy.com\/nl\/#website\"},\"primaryImageOfPage\":{\"@id\":\"https:\/\/tracefy.com\/product\/tracefy-gps-tracker-inclusief-installatie-aan-huis\/#primaryimage\"},\"image\":{\"@id\":\"https:\/\/tracefy.com\/product\/tracefy-gps-tracker-inclusief-installatie-aan-huis\/#primaryimage\"},\"thumbnailUrl\":\"https:\/\/tracefy.com\/wp-content\/uploads\/2024\/09\/PRO_doosje.png\",\"datePublished\":\"2023-03-14T07:43:41+00:00\",\"dateModified\":\"2025-07-15T08:01:31+00:00\",\"description\":\"Geen dealer in de buurt? Bestel hier de Tracefy GPS tracker voor E-bikes en \u00e9\u00e9n van onze mobiele partners verzorgt de installatie bij jou thuis.De prijs is inclusief de juiste connector en installatie aan huis en exclusief abonnement op connectiviteit en opsporing.\",\"breadcrumb\":{\"@id\":\"https:\/\/tracefy.com\/product\/tracefy-gps-tracker-inclusief-installatie-aan-huis\/#breadcrumb\"},\"inLanguage\":\"fr-FR\",\"potentialAction\":[{\"@type\":\"ReadAction\",\"target\":[\"https:\/\/tracefy.com\/product\/tracefy-gps-tracker-inclusief-installatie-aan-huis\/\"]}]},{\"@type\":\"ImageObject\",\"inLanguage\":\"fr-FR\",\"@id\":\"https:\/\/tracefy.com\/product\/tracefy-gps-tracker-inclusief-installatie-aan-huis\/#primaryimage\",\"url\":\"https:\/\/tracefy.com\/wp-content\/uploads\/2024\/09\/PRO_doosje.png\",\"contentUrl\":\"https:\/\/tracefy.com\/wp-content\/uploads\/2024\/09\/PRO_doosje.png\",\"width\":2012,\"height\":2012},{\"@type\":\"BreadcrumbList\",\"@id\":\"https:\/\/tracefy.com\/product\/tracefy-gps-tracker-inclusief-installatie-aan-huis\/#breadcrumb\",\"itemListElement\":[{\"@type\":\"ListItem\",\"position\":1,\"name\":\"Home\",\"item\":\"https:\/\/tracefy.com\/\"},{\"@type\":\"ListItem\",\"position\":2,\"name\":\"Winkel\",\"item\":\"https:\/\/tracefy.com\/winkel\/\"},{\"@type\":\"ListItem\",\"position\":3,\"name\":\"Tracefy PRO GPS Tracker incl. Installatie aan huis\"}]},{\"@type\":\"WebSite\",\"@id\":\"https:\/\/tracefy.com\/nl\/#website\",\"url\":\"https:\/\/tracefy.com\/nl\/\",\"name\":\"Tracefy | Keep Your Bike Close\",\"description\":\"\",\"publisher\":{\"@id\":\"https:\/\/tracefy.com\/nl\/#organization\"},\"potentialAction\":[{\"@type\":\"SearchAction\",\"target\":{\"@type\":\"EntryPoint\",\"urlTemplate\":\"https:\/\/tracefy.com\/nl\/?s={search_term_string}\"},\"query-input\":{\"@type\":\"PropertyValueSpecification\",\"valueRequired\":true,\"valueName\":\"search_term_string\"}}],\"inLanguage\":\"fr-FR\"},{\"@type\":\"Organization\",\"@id\":\"https:\/\/tracefy.com\/nl\/#organization\",\"name\":\"Tracefy | Keep Your Bike Close\",\"url\":\"https:\/\/tracefy.com\/nl\/\",\"logo\":{\"@type\":\"ImageObject\",\"inLanguage\":\"fr-FR\",\"@id\":\"https:\/\/tracefy.com\/nl\/#\/schema\/logo\/image\/\",\"url\":\"https:\/\/tracefy.com\/wp-content\/uploads\/2021\/10\/Tracefy_logo_payoff-2022.svg\",\"contentUrl\":\"https:\/\/tracefy.com\/wp-content\/uploads\/2021\/10\/Tracefy_logo_payoff-2022.svg\",\"width\":517.5,\"height\":285.9,\"caption\":\"Tracefy | Keep Your Bike Close\"},\"image\":{\"@id\":\"https:\/\/tracefy.com\/nl\/#\/schema\/logo\/image\/\"},\"sameAs\":[\"https:\/\/www.facebook.com\/Tracefy\/\",\"https:\/\/www.instagram.com\/tracefy_iot\/\",\"https:\/\/www.youtube.com\/@tracefy_iot\",\"https:\/\/www.linkedin.com\/company\/tracefy\/\"]}]}<\/script>\n<!-- \/ Yoast SEO Premium plugin. -->","yoast_head_json":{"title":"Tracefy PRO GPS Tracker avec installation \u00e0 domicile - Tracefy | Gardez votre v\u00e9lo pr\u00e8s de vous","description":"Pas de revendeur \u00e0 proximit\u00e9 ? Commandez le traceur GPS Tracefy pour v\u00e9los \u00e9lectriques ici et l'un de nos partenaires mobiles se chargera de l'installation \u00e0 votre domicile. Le prix comprend le connecteur ad\u00e9quat et l'installation \u00e0 domicile et exclut la connectivit\u00e9 et l'abonnement de suivi.","robots":{"index":"index","follow":"follow","max-snippet":"max-snippet:-1","max-image-preview":"max-image-preview:large","max-video-preview":"max-video-preview:-1"},"canonical":"https:\/\/tracefy.com\/fr\/produit\/traceur-gps-tracefy-y-compris-linstallation-a-domicile\/","og_locale":"fr_FR","og_type":"article","og_title":"Tracefy PRO GPS Tracker incl. Installatie aan huis","og_description":"Geen dealer in de buurt? Bestel hier de Tracefy GPS tracker voor E-bikes en \u00e9\u00e9n van onze mobiele partners verzorgt de installatie bij jou thuis.De prijs is inclusief de juiste connector en installatie aan huis en exclusief abonnement op connectiviteit en opsporing.","og_url":"https:\/\/tracefy.com\/fr\/produit\/traceur-gps-tracefy-y-compris-linstallation-a-domicile\/","og_site_name":"Tracefy | Keep Your Bike Close","article_publisher":"https:\/\/www.facebook.com\/Tracefy\/","article_modified_time":"2025-07-15T08:01:31+00:00","og_image":[{"width":2012,"height":2012,"url":"https:\/\/tracefy.com\/wp-content\/uploads\/2024\/09\/PRO_doosje.png","type":"image\/png"}],"twitter_card":"summary_large_image","twitter_misc":{"Dur\u00e9e de lecture estim\u00e9e":"1 minute"},"schema":{"@context":"https:\/\/schema.org","@graph":[{"@type":"WebPage","@id":"https:\/\/tracefy.com\/product\/tracefy-gps-tracker-inclusief-installatie-aan-huis\/","url":"https:\/\/tracefy.com\/product\/tracefy-gps-tracker-inclusief-installatie-aan-huis\/","name":"Tracefy PRO GPS Tracker avec installation \u00e0 domicile - Tracefy | Gardez votre v\u00e9lo pr\u00e8s de vous","isPartOf":{"@id":"https:\/\/tracefy.com\/nl\/#website"},"primaryImageOfPage":{"@id":"https:\/\/tracefy.com\/product\/tracefy-gps-tracker-inclusief-installatie-aan-huis\/#primaryimage"},"image":{"@id":"https:\/\/tracefy.com\/product\/tracefy-gps-tracker-inclusief-installatie-aan-huis\/#primaryimage"},"thumbnailUrl":"https:\/\/tracefy.com\/wp-content\/uploads\/2024\/09\/PRO_doosje.png","datePublished":"2023-03-14T07:43:41+00:00","dateModified":"2025-07-15T08:01:31+00:00","description":"Pas de revendeur \u00e0 proximit\u00e9 ? Commandez le traceur GPS Tracefy pour v\u00e9los \u00e9lectriques ici et l'un de nos partenaires mobiles se chargera de l'installation \u00e0 votre domicile. Le prix comprend le connecteur ad\u00e9quat et l'installation \u00e0 domicile et exclut la connectivit\u00e9 et l'abonnement de suivi.","breadcrumb":{"@id":"https:\/\/tracefy.com\/product\/tracefy-gps-tracker-inclusief-installatie-aan-huis\/#breadcrumb"},"inLanguage":"fr-FR","potentialAction":[{"@type":"ReadAction","target":["https:\/\/tracefy.com\/product\/tracefy-gps-tracker-inclusief-installatie-aan-huis\/"]}]},{"@type":"ImageObject","inLanguage":"fr-FR","@id":"https:\/\/tracefy.com\/product\/tracefy-gps-tracker-inclusief-installatie-aan-huis\/#primaryimage","url":"https:\/\/tracefy.com\/wp-content\/uploads\/2024\/09\/PRO_doosje.png","contentUrl":"https:\/\/tracefy.com\/wp-content\/uploads\/2024\/09\/PRO_doosje.png","width":2012,"height":2012},{"@type":"BreadcrumbList","@id":"https:\/\/tracefy.com\/product\/tracefy-gps-tracker-inclusief-installatie-aan-huis\/#breadcrumb","itemListElement":[{"@type":"ListItem","position":1,"name":"Home","item":"https:\/\/tracefy.com\/"},{"@type":"ListItem","position":2,"name":"Winkel","item":"https:\/\/tracefy.com\/winkel\/"},{"@type":"ListItem","position":3,"name":"Tracefy PRO GPS Tracker incl. Installatie aan huis"}]},{"@type":"WebSite","@id":"https:\/\/tracefy.com\/nl\/#website","url":"https:\/\/tracefy.com\/nl\/","name":"Tracefy | Gardez votre v\u00e9lo pr\u00e8s de vous","description":"","publisher":{"@id":"https:\/\/tracefy.com\/nl\/#organization"},"potentialAction":[{"@type":"SearchAction","target":{"@type":"EntryPoint","urlTemplate":"https:\/\/tracefy.com\/nl\/?s={search_term_string}"},"query-input":{"@type":"PropertyValueSpecification","valueRequired":true,"valueName":"search_term_string"}}],"inLanguage":"fr-FR"},{"@type":"Organization","@id":"https:\/\/tracefy.com\/nl\/#organization","name":"Tracefy | Gardez votre v\u00e9lo pr\u00e8s de vous","url":"https:\/\/tracefy.com\/nl\/","logo":{"@type":"ImageObject","inLanguage":"fr-FR","@id":"https:\/\/tracefy.com\/nl\/#\/schema\/logo\/image\/","url":"https:\/\/tracefy.com\/wp-content\/uploads\/2021\/10\/Tracefy_logo_payoff-2022.svg","contentUrl":"https:\/\/tracefy.com\/wp-content\/uploads\/2021\/10\/Tracefy_logo_payoff-2022.svg","width":517.5,"height":285.9,"caption":"Tracefy | Keep Your Bike Close"},"image":{"@id":"https:\/\/tracefy.com\/nl\/#\/schema\/logo\/image\/"},"sameAs":["https:\/\/www.facebook.com\/Tracefy\/","https:\/\/www.instagram.com\/tracefy_iot\/","https:\/\/www.youtube.com\/@tracefy_iot","https:\/\/www.linkedin.com\/company\/tracefy\/"]}]}},"_links":{"self":[{"href":"https:\/\/tracefy.com\/fr\/wp-json\/wp\/v2\/product\/4142","targetHints":{"allow":["GET"]}}],"collection":[{"href":"https:\/\/tracefy.com\/fr\/wp-json\/wp\/v2\/product"}],"about":[{"href":"https:\/\/tracefy.com\/fr\/wp-json\/wp\/v2\/types\/product"}],"replies":[{"embeddable":true,"href":"https:\/\/tracefy.com\/fr\/wp-json\/wp\/v2\/comments?post=4142"}],"wp:featuredmedia":[{"embeddable":true,"href":"https:\/\/tracefy.com\/fr\/wp-json\/wp\/v2\/media\/6967"}],"wp:attachment":[{"href":"https:\/\/tracefy.com\/fr\/wp-json\/wp\/v2\/media?parent=4142"}],"wp:term":[{"taxonomy":"product_brand","embeddable":true,"href":"https:\/\/tracefy.com\/fr\/wp-json\/wp\/v2\/product_brand?post=4142"},{"taxonomy":"product_cat","embeddable":true,"href":"https:\/\/tracefy.com\/fr\/wp-json\/wp\/v2\/product_cat?post=4142"},{"taxonomy":"product_tag","embeddable":true,"href":"https:\/\/tracefy.com\/fr\/wp-json\/wp\/v2\/product_tag?post=4142"}],"curies":[{"name":"wp","href":"https:\/\/api.w.org\/{rel}","templated":true}]}}