{"id":5826,"date":"2024-01-25T08:13:08","date_gmt":"2024-01-25T07:13:08","guid":{"rendered":"https:\/\/new.tracefy.com\/?page_id=5826"},"modified":"2025-12-11T11:52:10","modified_gmt":"2025-12-11T10:52:10","slug":"diefstal-opsporing","status":"publish","type":"page","link":"https:\/\/tracefy.com\/nl\/diefstal-opsporing\/","title":{"rendered":"Diefstal &#038; Opsporing"},"content":{"rendered":"\t\t<div data-elementor-type=\"wp-page\" data-elementor-id=\"5826\" class=\"elementor elementor-5826\" data-elementor-post-type=\"page\">\n\t\t\t\t<div class=\"elementor-element elementor-element-45f02969 e-con-full e-flex e-con e-parent\" data-id=\"45f02969\" data-element_type=\"container\" data-e-type=\"container\" data-settings=\"{&quot;background_background&quot;:&quot;video&quot;,&quot;background_video_link&quot;:&quot;https:\\\/\\\/www.youtube.com\\\/embed\\\/psZcBF9F7_4?controls=0&amp;rel=0&amp;playsinline=1&amp;enablejsapi=1&amp;origin=https%3A%2F%2Ftracefy.com&amp;widgetid=1&quot;,&quot;jet_parallax_layout_list&quot;:[]}\">\n\t\t<div class=\"elementor-background-video-container elementor-hidden-mobile\">\n\t\t\t\t\t\t\t<div class=\"elementor-background-video-embed\" role=\"presentation\"><\/div>\n\t\t\t\t\t\t<\/div><div class=\"elementor-element elementor-element-44d809f8 e-flex e-con-boxed e-con e-child\" data-id=\"44d809f8\" data-element_type=\"container\" data-e-type=\"container\" data-settings=\"{&quot;background_background&quot;:&quot;classic&quot;,&quot;jet_parallax_layout_list&quot;:[]}\">\n\t\t\t\t\t<div class=\"e-con-inner\">\n\t\t\t\t<div class=\"elementor-element elementor-element-117f648c elementor-widget elementor-widget-heading\" data-id=\"117f648c\" data-element_type=\"widget\" data-e-type=\"widget\" data-widget_type=\"heading.default\">\n\t\t\t\t<div class=\"elementor-widget-container\">\n\t\t\t\t\t<h1 class=\"elementor-heading-title elementor-size-default\">Diefstal &amp; Opsporing<\/h1>\t\t\t\t<\/div>\n\t\t\t\t<\/div>\n\t\t\t\t<div class=\"elementor-element elementor-element-0123c72 elementor-widget elementor-widget-heading\" data-id=\"0123c72\" data-element_type=\"widget\" data-e-type=\"widget\" data-widget_type=\"heading.default\">\n\t\t\t\t<div class=\"elementor-widget-container\">\n\t\t\t\t\t<span class=\"elementor-heading-title elementor-size-default\">FIETS WEG? TRACEFY IS TOT UW DIENST!<\/span>\t\t\t\t<\/div>\n\t\t\t\t<\/div>\n\t\t\t\t\t<\/div>\n\t\t\t\t<\/div>\n\t\t\t\t<\/div>\n\t\t<div class=\"elementor-element elementor-element-d49364a e-flex e-con-boxed e-con e-parent\" data-id=\"d49364a\" data-element_type=\"container\" data-e-type=\"container\" data-settings=\"{&quot;jet_parallax_layout_list&quot;:[]}\">\n\t\t\t\t\t<div class=\"e-con-inner\">\n\t\t\t\t<div class=\"elementor-element elementor-element-a4f716e elementor-widget elementor-widget-text-editor\" data-id=\"a4f716e\" data-element_type=\"widget\" data-e-type=\"widget\" data-widget_type=\"text-editor.default\">\n\t\t\t\t<div class=\"elementor-widget-container\">\n\t\t\t\t\t\t\t\t\t<p>Tracefy is een tech bedrijf met meer dan 10 jaar ervaring in digitale fietsbeveiliging. Wij hebben als missie om een stevige vuist te maken tegen fietsdiefstal. Wij bieden als enige in Europa een complete en duurzame GPS oplossing; onze dienstverlening voorziet niet alleen in een supersterke fiets GPS tracker, maar omvat ook een app waarmee je zelf altijd zicht hebt op de locatie van je fiets. En is hij er toch vandoor? Dan kun je rekenen op ondersteuning van onze gespecialiseerde opsporingsdienst die regelt dat hij weer bij je terugkomt. Hiervoor werken wij samen met een aantal partners en onze eigen bike rechercheurs. Daarnaast krijg je soms korting op je fietsverzekering als je fiets is voorzien van de Tracefy fietsbeveiliging.\u00a0<\/p>\t\t\t\t\t\t\t\t<\/div>\n\t\t\t\t<\/div>\n\t\t\t\t\t<\/div>\n\t\t\t\t<\/div>\n\t\t<div class=\"elementor-element elementor-element-7d9aa59 e-flex e-con-boxed e-con e-parent\" data-id=\"7d9aa59\" data-element_type=\"container\" data-e-type=\"container\" data-settings=\"{&quot;background_background&quot;:&quot;classic&quot;,&quot;jet_parallax_layout_list&quot;:[]}\">\n\t\t\t\t\t<div class=\"e-con-inner\">\n\t\t<div class=\"elementor-element elementor-element-1153ffa e-con-full e-flex e-con e-child\" data-id=\"1153ffa\" data-element_type=\"container\" data-e-type=\"container\" data-settings=\"{&quot;jet_parallax_layout_list&quot;:[]}\">\n\t\t\t\t<div class=\"elementor-element elementor-element-cf31099 elementor-widget elementor-widget-heading\" data-id=\"cf31099\" data-element_type=\"widget\" data-e-type=\"widget\" data-widget_type=\"heading.default\">\n\t\t\t\t<div class=\"elementor-widget-container\">\n\t\t\t\t\t<h2 class=\"elementor-heading-title elementor-size-default\">HOE WERKT TRACEFY GPS PROTECTIE?<\/h2>\t\t\t\t<\/div>\n\t\t\t\t<\/div>\n\t\t\t\t<div class=\"elementor-element elementor-element-4607683 elementor-widget elementor-widget-text-editor\" data-id=\"4607683\" data-element_type=\"widget\" data-e-type=\"widget\" data-widget_type=\"text-editor.default\">\n\t\t\t\t<div class=\"elementor-widget-container\">\n\t\t\t\t\t\t\t\t\t<ol><li>Je kunt de Tracefy GPS tracker kopen bij \u00e9\u00e9n van de Tracefy aangesloten dealers. Wij vinden het belangrijk dat onze GPS tracker altijd op de juiste manier wordt ge\u00efnstalleerd. Daarom moet dit altijd bij een fietsenwinkel worden gedaan. We leveren daarom ook niet direct aan de consument. Wij hanteren een verkoopadviesprijs van \u20ac209,95 voor de PRO en \u20ac129,95 voor de SOLO. De GPS tracker wordt onzichtbaar in je fiets ingebouwd.\u00a0<\/li><li>Ga naar de App store of Google play store en download de \u201cTracefy\u201d SOLO of PRO app<\/li><li>Registreer je fiets via het framenummer, kies het gewenste abonnement en betaal via de app<\/li><\/ol>\t\t\t\t\t\t\t\t<\/div>\n\t\t\t\t<\/div>\n\t\t\t\t<\/div>\n\t\t\t\t\t<\/div>\n\t\t\t\t<\/div>\n\t\t<div class=\"elementor-element elementor-element-576eb88 e-flex e-con-boxed e-con e-parent\" data-id=\"576eb88\" data-element_type=\"container\" data-e-type=\"container\" data-settings=\"{&quot;jet_parallax_layout_list&quot;:[]}\">\n\t\t\t\t\t<div class=\"e-con-inner\">\n\t\t<div class=\"elementor-element elementor-element-63e48bb e-con-full e-flex e-con e-child\" data-id=\"63e48bb\" data-element_type=\"container\" data-e-type=\"container\" data-settings=\"{&quot;jet_parallax_layout_list&quot;:[]}\">\n\t\t\t\t<div class=\"elementor-element elementor-element-a33cd36 elementor-widget elementor-widget-heading\" data-id=\"a33cd36\" data-element_type=\"widget\" data-e-type=\"widget\" data-widget_type=\"heading.default\">\n\t\t\t\t<div class=\"elementor-widget-container\">\n\t\t\t\t\t<h2 class=\"elementor-heading-title elementor-size-default\">TRACEFY OPSPORING<\/h2>\t\t\t\t<\/div>\n\t\t\t\t<\/div>\n\t\t\t\t<div class=\"elementor-element elementor-element-aba27f8 elementor-widget elementor-widget-text-editor\" data-id=\"aba27f8\" data-element_type=\"widget\" data-e-type=\"widget\" data-widget_type=\"text-editor.default\">\n\t\t\t\t<div class=\"elementor-widget-container\">\n\t\t\t\t\t\t\t\t\t<p>Via de app kun je kiezen voor een abonnement van 1, 3 of\u00a0 5 jaar. Als je voor 5 jaar kiest, betaal je het minst per jaar.\u00a0<\/p><p>Bij diefstal kun je terugvallen op een gespecialiseerde opsporingsdienst die je fiets terughaalt. Je activeert deze dienst met de meldknop \u201cmijn fiets is gestolen\u201d in de Tracefy app. Wij raden altijd aan om daarnaast ook een fietsverzekering af te sluiten.\u00a0<\/p>\t\t\t\t\t\t\t\t<\/div>\n\t\t\t\t<\/div>\n\t\t\t\t<\/div>\n\t\t<div class=\"elementor-element elementor-element-54b58a6 e-con-full e-flex e-con e-child\" data-id=\"54b58a6\" data-element_type=\"container\" data-e-type=\"container\" data-settings=\"{&quot;jet_parallax_layout_list&quot;:[]}\">\n\t\t\t\t<div class=\"elementor-element elementor-element-b75ec86 elementor-blockquote--skin-boxed elementor-blockquote--button-view-text elementor-blockquote--button-skin-classic elementor-widget elementor-widget-blockquote\" data-id=\"b75ec86\" data-element_type=\"widget\" data-e-type=\"widget\" data-widget_type=\"blockquote.default\">\n\t\t\t\t<div class=\"elementor-widget-container\">\n\t\t\t\t\t\t\t<blockquote class=\"elementor-blockquote\">\n\t\t\t<p class=\"elementor-blockquote__content\">\n\t\t\t\t\nVia de Tracefy PRO\/SOLO app kan de gebruiker gemakkelijk de fiets als vermist opgeven. Na deze melding dient de gebruiker aangifte van diefstal te doen bij de politie. Het aangifte nummer moet vervolgens worden gedeeld met het Tracefy opsporingsteam. De gebruiker krijgt na de melding direct contact met de Tracefy meldkamer. \t\t\t<\/p>\n\t\t\t\t\t\t\t<div class=\"e-q-footer\">\n\t\t\t\t\t\t\t\t\t\t\t\t\t\t\t\t<a href=\"https:\/\/twitter.com\/intent\/tweet?text=Gr%C3%A2ce+%C3%A0+l%27application+Tracefy+PRO%2FSOLO%2C+l%27utilisateur+peut+facilement+signaler+la+disparition+de+son+v%C3%A9lo.+Apr%C3%A8s+cette+d%C3%A9claration%2C+l%27utilisateur+doit+signaler+le+vol+%C3%A0+la+police.+Le+num%C3%A9ro+du+rapport+doit+ensuite+%C3%AAtre+communiqu%C3%A9+%C3%A0+l%27%C3%A9quipe+de+d%C3%A9tection+de+Tracefy.+Apr%C3%A8s+la+d%C3%A9claration%2C+l%27utilisateur+entre+directement+en+contact+avec+la+salle+de+contr%C3%B4le+de+Tracefy.&amp;url=https%3A%2F%2Ftracefy.com%2Ffr%2Fdiefstal-opsporing%2F%3Fgad_campaignid%3D17224221803%26gad_source%3D1%26gbraid%3D0AAAAADOfwUrQrDgOJFQikewQSQudceCH4\" class=\"elementor-blockquote__tweet-button\" target=\"_blank\">\n\t\t\t\t\t\t\t\t\t\t\t\t\t\t\t\t\t\t\t\t\t\t<span class=\"elementor-blockquote__tweet-label\"><\/span>\n\t\t\t\t\t\t\t\t\t\t\t\t\t<\/a>\n\t\t\t\t\t\t\t\t\t<\/div>\n\t\t\t\t\t<\/blockquote>\n\t\t\t\t\t\t<\/div>\n\t\t\t\t<\/div>\n\t\t\t\t<\/div>\n\t\t\t\t\t<\/div>\n\t\t\t\t<\/div>\n\t\t<div class=\"elementor-element elementor-element-7c1ea29 e-flex e-con-boxed e-con e-parent\" data-id=\"7c1ea29\" data-element_type=\"container\" data-e-type=\"container\" data-settings=\"{&quot;jet_parallax_layout_list&quot;:[]}\">\n\t\t\t\t\t<div class=\"e-con-inner\">\n\t\t\t\t<div class=\"elementor-element elementor-element-014e936 uael-button-stack-mobile uael-button-halign-center elementor-widget elementor-widget-uael-buttons\" data-id=\"014e936\" data-element_type=\"widget\" data-e-type=\"widget\" data-widget_type=\"uael-buttons.default\">\n\t\t\t\t<div class=\"elementor-widget-container\">\n\t\t\t\t\t\t\t<div class=\"uael-dual-button-outer-wrap\">\n\t\t\t<div class=\"uael-dual-button-wrap\">\n\t\t\t\t\t\t\t\t<div class=\"uael-button-wrapper uael-dual-button elementor-widget-button elementor-repeater-item-e102b33 uael-dual-button-0\">\n\t\t\t\t\t<a class=\"elementor-button-link elementor-button elementor-size-sm elementor-button-link\" href=\"https:\/\/tracefy.com\/dealers\/dealer-zoeken\/\">\n\t\t\t\t\t\t\t\t<span class=\"elementor-button-content-wrapper uael-buttons-icon-\">\n\t\t\t\t\t\t\t\t\t\t\t\t<span class=\"elementor-align-icon- elementor-button-icon\">\n\t\t\t\t\t\t\t\t\t\t\t<\/span>\n\t\t\t\t\t\t\t\t\t\t<span class=\"elementor-button-text elementor-inline-editing\" data-elementor-setting-key=\"buttons.0.text\" data-elementor-inline-editing-toolbar=\"none\">Dealer zoeken<\/span>\n\t\t<\/span>\n\t\t\t\t\t\t\t<\/a>\n\t\t\t\t<\/div>\n\t\t\t\t\t\t\t\t<div class=\"uael-button-wrapper uael-dual-button elementor-widget-button elementor-repeater-item-31b927a uael-dual-button-1\">\n\t\t\t\t\t<a class=\"elementor-button-link elementor-button elementor-size-sm elementor-button-link\" href=\"https:\/\/tracefy.com\/dealers\/dealer-worden\/\">\n\t\t\t\t\t\t\t\t<span class=\"elementor-button-content-wrapper uael-buttons-icon- elementor-button-content-wrapper uael-buttons-icon-\">\n\t\t\t\t\t\t\t\t\t\t\t\t<span class=\"elementor-align-icon- elementor-button-icon\">\n\t\t\t\t\t\t\t\t\t\t\t<\/span>\n\t\t\t\t\t\t\t\t\t\t<span class=\"elementor-button-text elementor-inline-editing\" data-elementor-setting-key=\"buttons.1.text\" data-elementor-inline-editing-toolbar=\"none\">Dealer worden<\/span>\n\t\t<\/span>\n\t\t\t\t\t\t\t<\/a>\n\t\t\t\t<\/div>\n\t\t\t\t\t\t\t<\/div>\n\t\t<\/div>\n\t\t\t\t\t\t<\/div>\n\t\t\t\t<\/div>\n\t\t\t\t\t<\/div>\n\t\t\t\t<\/div>\n\t\t<div class=\"elementor-element elementor-element-37fdc39 e-flex e-con-boxed e-con e-parent\" data-id=\"37fdc39\" data-element_type=\"container\" data-e-type=\"container\" data-settings=\"{&quot;background_background&quot;:&quot;classic&quot;,&quot;jet_parallax_layout_list&quot;:[]}\">\n\t\t\t\t\t<div class=\"e-con-inner\">\n\t\t\t\t<div class=\"elementor-element elementor-element-dc0ac80 elementor-widget elementor-widget-heading\" data-id=\"dc0ac80\" data-element_type=\"widget\" data-e-type=\"widget\" data-widget_type=\"heading.default\">\n\t\t\t\t<div class=\"elementor-widget-container\">\n\t\t\t\t\t<h2 class=\"elementor-heading-title elementor-size-default\">Altijd verbonden via de app van Tracefy<\/h2>\t\t\t\t<\/div>\n\t\t\t\t<\/div>\n\t\t\t\t<div class=\"elementor-element elementor-element-9917bfd elementor-widget elementor-widget-text-editor\" data-id=\"9917bfd\" data-element_type=\"widget\" data-e-type=\"widget\" data-widget_type=\"text-editor.default\">\n\t\t\t\t<div class=\"elementor-widget-container\">\n\t\t\t\t\t\t\t\t\t<p>Met de app van Tracefy ben je altijd virtueel verbonden met je fiets en kun je onder andere zien waar je fiets is. Maar de app biedt nog veel meer handige functionaliteiten. Zo krijg je een notificatie als je fiets wordt verplaatst, heb je inzage in alle gereden routes, afstanden, etc. En is je fiets gestolen? Dan kun je er via de app eenvoudig melding van maken en gaat de opsporingsdienst aan de slag.<\/p>\t\t\t\t\t\t\t\t<\/div>\n\t\t\t\t<\/div>\n\t\t<div class=\"elementor-element elementor-element-b534cd3 e-con-full e-flex e-con e-child\" data-id=\"b534cd3\" data-element_type=\"container\" data-e-type=\"container\" data-settings=\"{&quot;jet_parallax_layout_list&quot;:[]}\">\n\t\t<div class=\"elementor-element elementor-element-22922a7 e-con-full e-flex e-con e-child\" data-id=\"22922a7\" data-element_type=\"container\" data-e-type=\"container\" data-settings=\"{&quot;jet_parallax_layout_list&quot;:[]}\">\n\t\t\t\t<div class=\"elementor-element elementor-element-469992f elementor-widget elementor-widget-image\" data-id=\"469992f\" data-element_type=\"widget\" data-e-type=\"widget\" data-widget_type=\"image.default\">\n\t\t\t\t<div class=\"elementor-widget-container\">\n\t\t\t\t\t\t\t\t\t\t\t\t\t\t\t<img fetchpriority=\"high\" decoding=\"async\" width=\"800\" height=\"320\" src=\"https:\/\/tracefy.com\/wp-content\/uploads\/2021\/12\/apple-store-icon-1024x410.png\" class=\"attachment-large size-large wp-image-460\" alt=\"\" srcset=\"https:\/\/tracefy.com\/wp-content\/uploads\/2021\/12\/apple-store-icon-1024x410.png 1024w, https:\/\/tracefy.com\/wp-content\/uploads\/2021\/12\/apple-store-icon-600x240.png 600w, https:\/\/tracefy.com\/wp-content\/uploads\/2021\/12\/apple-store-icon-300x120.png 300w, https:\/\/tracefy.com\/wp-content\/uploads\/2021\/12\/apple-store-icon-768x307.png 768w, https:\/\/tracefy.com\/wp-content\/uploads\/2021\/12\/apple-store-icon-1536x614.png 1536w, https:\/\/tracefy.com\/wp-content\/uploads\/2021\/12\/apple-store-icon-2048x819.png 2048w\" sizes=\"(max-width: 800px) 100vw, 800px\" \/>\t\t\t\t\t\t\t\t\t\t\t\t\t\t\t<\/div>\n\t\t\t\t<\/div>\n\t\t\t\t<\/div>\n\t\t<div class=\"elementor-element elementor-element-9725842 e-con-full e-flex e-con e-child\" data-id=\"9725842\" data-element_type=\"container\" data-e-type=\"container\" data-settings=\"{&quot;jet_parallax_layout_list&quot;:[]}\">\n\t\t\t\t<div class=\"elementor-element elementor-element-21b0b17 elementor-widget elementor-widget-image\" data-id=\"21b0b17\" data-element_type=\"widget\" data-e-type=\"widget\" data-widget_type=\"image.default\">\n\t\t\t\t<div class=\"elementor-widget-container\">\n\t\t\t\t\t\t\t\t\t\t\t\t\t\t\t<img decoding=\"async\" width=\"800\" height=\"320\" src=\"https:\/\/tracefy.com\/wp-content\/uploads\/2021\/12\/google-play-store-icon-1024x410.png\" class=\"attachment-large size-large wp-image-459\" alt=\"\" srcset=\"https:\/\/tracefy.com\/wp-content\/uploads\/2021\/12\/google-play-store-icon-1024x410.png 1024w, https:\/\/tracefy.com\/wp-content\/uploads\/2021\/12\/google-play-store-icon-600x240.png 600w, https:\/\/tracefy.com\/wp-content\/uploads\/2021\/12\/google-play-store-icon-300x120.png 300w, https:\/\/tracefy.com\/wp-content\/uploads\/2021\/12\/google-play-store-icon-768x307.png 768w, https:\/\/tracefy.com\/wp-content\/uploads\/2021\/12\/google-play-store-icon-1536x614.png 1536w, https:\/\/tracefy.com\/wp-content\/uploads\/2021\/12\/google-play-store-icon-2048x819.png 2048w\" sizes=\"(max-width: 800px) 100vw, 800px\" \/>\t\t\t\t\t\t\t\t\t\t\t\t\t\t\t<\/div>\n\t\t\t\t<\/div>\n\t\t\t\t<\/div>\n\t\t\t\t<\/div>\n\t\t\t\t\t<\/div>\n\t\t\t\t<\/div>\n\t\t\t\t<\/div>\n\t\t","protected":false},"excerpt":{"rendered":"<p>Diefstal &amp; Opsporing FIETS WEG? TRACEFY IS TOT UW DIENST! Tracefy is een tech bedrijf met meer dan 10 jaar ervaring in digitale fietsbeveiliging. Wij hebben als missie om een stevige vuist te maken tegen fietsdiefstal. Wij bieden als enige in Europa een complete en duurzame GPS oplossing; onze dienstverlening voorziet niet alleen in een [&hellip;]<\/p>\n","protected":false},"author":1,"featured_media":0,"parent":0,"menu_order":0,"comment_status":"closed","ping_status":"closed","template":"","meta":{"footnotes":""},"class_list":["post-5826","page","type-page","status-publish","hentry"],"yoast_head":"<!-- This site is optimized with the Yoast SEO Premium plugin v27.2 (Yoast SEO v27.2) - https:\/\/yoast.com\/product\/yoast-seo-premium-wordpress\/ -->\n<title>Diefstal &amp; Opsporing - Tracefy | Keep Your Bike Close<\/title>\n<meta name=\"robots\" content=\"index, follow, max-snippet:-1, max-image-preview:large, max-video-preview:-1\" \/>\n<link rel=\"canonical\" href=\"https:\/\/tracefy.com\/nl\/diefstal-opsporing\/\" \/>\n<meta property=\"og:locale\" content=\"nl_NL\" \/>\n<meta property=\"og:type\" content=\"article\" \/>\n<meta property=\"og:title\" content=\"Diefstal &amp; Opsporing\" \/>\n<meta property=\"og:description\" content=\"Diefstal &amp; Opsporing FIETS WEG? TRACEFY IS TOT UW DIENST! Tracefy is een tech bedrijf met meer dan 10 jaar ervaring in digitale fietsbeveiliging. Wij hebben als missie om een stevige vuist te maken tegen fietsdiefstal. Wij bieden als enige in Europa een complete en duurzame GPS oplossing; onze dienstverlening voorziet niet alleen in een [&hellip;]\" \/>\n<meta property=\"og:url\" content=\"https:\/\/tracefy.com\/nl\/diefstal-opsporing\/\" \/>\n<meta property=\"og:site_name\" content=\"Tracefy | Keep Your Bike Close\" \/>\n<meta property=\"article:publisher\" content=\"https:\/\/www.facebook.com\/Tracefy\/\" \/>\n<meta property=\"article:modified_time\" content=\"2025-12-11T10:52:10+00:00\" \/>\n<meta property=\"og:image\" content=\"https:\/\/tracefy.com\/wp-content\/uploads\/2021\/12\/apple-store-icon.png\" \/>\n\t<meta property=\"og:image:width\" content=\"2560\" \/>\n\t<meta property=\"og:image:height\" content=\"1024\" \/>\n\t<meta property=\"og:image:type\" content=\"image\/png\" \/>\n<meta name=\"twitter:card\" content=\"summary_large_image\" \/>\n<meta name=\"twitter:label1\" content=\"Geschatte leestijd\" \/>\n\t<meta name=\"twitter:data1\" content=\"3 minuten\" \/>\n<script type=\"application\/ld+json\" class=\"yoast-schema-graph\">{\"@context\":\"https:\/\/schema.org\",\"@graph\":[{\"@type\":\"WebPage\",\"@id\":\"https:\/\/tracefy.com\/nl\/diefstal-opsporing\/\",\"url\":\"https:\/\/tracefy.com\/nl\/diefstal-opsporing\/\",\"name\":\"Diefstal & Opsporing - Tracefy | Keep Your Bike Close\",\"isPartOf\":{\"@id\":\"https:\/\/tracefy.com\/nl\/#website\"},\"primaryImageOfPage\":{\"@id\":\"https:\/\/tracefy.com\/nl\/diefstal-opsporing\/#primaryimage\"},\"image\":{\"@id\":\"https:\/\/tracefy.com\/nl\/diefstal-opsporing\/#primaryimage\"},\"thumbnailUrl\":\"https:\/\/tracefy.com\/wp-content\/uploads\/2021\/12\/apple-store-icon-1024x410.png\",\"datePublished\":\"2024-01-25T07:13:08+00:00\",\"dateModified\":\"2025-12-11T10:52:10+00:00\",\"breadcrumb\":{\"@id\":\"https:\/\/tracefy.com\/nl\/diefstal-opsporing\/#breadcrumb\"},\"inLanguage\":\"nl-NL\",\"potentialAction\":[{\"@type\":\"ReadAction\",\"target\":[\"https:\/\/tracefy.com\/nl\/diefstal-opsporing\/\"]}]},{\"@type\":\"ImageObject\",\"inLanguage\":\"nl-NL\",\"@id\":\"https:\/\/tracefy.com\/nl\/diefstal-opsporing\/#primaryimage\",\"url\":\"https:\/\/tracefy.com\/wp-content\/uploads\/2021\/12\/apple-store-icon-1024x410.png\",\"contentUrl\":\"https:\/\/tracefy.com\/wp-content\/uploads\/2021\/12\/apple-store-icon-1024x410.png\"},{\"@type\":\"BreadcrumbList\",\"@id\":\"https:\/\/tracefy.com\/nl\/diefstal-opsporing\/#breadcrumb\",\"itemListElement\":[{\"@type\":\"ListItem\",\"position\":1,\"name\":\"Home\",\"item\":\"https:\/\/tracefy.com\/\"},{\"@type\":\"ListItem\",\"position\":2,\"name\":\"Diefstal &#038; Opsporing\"}]},{\"@type\":\"WebSite\",\"@id\":\"https:\/\/tracefy.com\/nl\/#website\",\"url\":\"https:\/\/tracefy.com\/nl\/\",\"name\":\"Tracefy | Keep Your Bike Close\",\"description\":\"\",\"publisher\":{\"@id\":\"https:\/\/tracefy.com\/nl\/#organization\"},\"potentialAction\":[{\"@type\":\"SearchAction\",\"target\":{\"@type\":\"EntryPoint\",\"urlTemplate\":\"https:\/\/tracefy.com\/nl\/?s={search_term_string}\"},\"query-input\":{\"@type\":\"PropertyValueSpecification\",\"valueRequired\":true,\"valueName\":\"search_term_string\"}}],\"inLanguage\":\"nl-NL\"},{\"@type\":\"Organization\",\"@id\":\"https:\/\/tracefy.com\/nl\/#organization\",\"name\":\"Tracefy | Keep Your Bike Close\",\"url\":\"https:\/\/tracefy.com\/nl\/\",\"logo\":{\"@type\":\"ImageObject\",\"inLanguage\":\"nl-NL\",\"@id\":\"https:\/\/tracefy.com\/nl\/#\/schema\/logo\/image\/\",\"url\":\"https:\/\/tracefy.com\/wp-content\/uploads\/2021\/10\/Tracefy_logo_payoff-2022.svg\",\"contentUrl\":\"https:\/\/tracefy.com\/wp-content\/uploads\/2021\/10\/Tracefy_logo_payoff-2022.svg\",\"width\":517.5,\"height\":285.9,\"caption\":\"Tracefy | Keep Your Bike Close\"},\"image\":{\"@id\":\"https:\/\/tracefy.com\/nl\/#\/schema\/logo\/image\/\"},\"sameAs\":[\"https:\/\/www.facebook.com\/Tracefy\/\",\"https:\/\/www.instagram.com\/tracefy_iot\/\",\"https:\/\/www.youtube.com\/@tracefy_iot\",\"https:\/\/www.linkedin.com\/company\/tracefy\/\"]}]}<\/script>\n<!-- \/ Yoast SEO Premium plugin. -->","yoast_head_json":{"title":"Diefstal & Opsporing - Tracefy | Keep Your Bike Close","robots":{"index":"index","follow":"follow","max-snippet":"max-snippet:-1","max-image-preview":"max-image-preview:large","max-video-preview":"max-video-preview:-1"},"canonical":"https:\/\/tracefy.com\/nl\/diefstal-opsporing\/","og_locale":"nl_NL","og_type":"article","og_title":"Diefstal & Opsporing","og_description":"Diefstal &amp; Opsporing FIETS WEG? TRACEFY IS TOT UW DIENST! Tracefy is een tech bedrijf met meer dan 10 jaar ervaring in digitale fietsbeveiliging. Wij hebben als missie om een stevige vuist te maken tegen fietsdiefstal. Wij bieden als enige in Europa een complete en duurzame GPS oplossing; onze dienstverlening voorziet niet alleen in een [&hellip;]","og_url":"https:\/\/tracefy.com\/nl\/diefstal-opsporing\/","og_site_name":"Tracefy | Keep Your Bike Close","article_publisher":"https:\/\/www.facebook.com\/Tracefy\/","article_modified_time":"2025-12-11T10:52:10+00:00","og_image":[{"width":2560,"height":1024,"url":"https:\/\/tracefy.com\/wp-content\/uploads\/2021\/12\/apple-store-icon.png","type":"image\/png"}],"twitter_card":"summary_large_image","twitter_misc":{"Geschatte leestijd":"3 minuten"},"schema":{"@context":"https:\/\/schema.org","@graph":[{"@type":"WebPage","@id":"https:\/\/tracefy.com\/nl\/diefstal-opsporing\/","url":"https:\/\/tracefy.com\/nl\/diefstal-opsporing\/","name":"Diefstal & Opsporing - Tracefy | Keep Your Bike Close","isPartOf":{"@id":"https:\/\/tracefy.com\/nl\/#website"},"primaryImageOfPage":{"@id":"https:\/\/tracefy.com\/nl\/diefstal-opsporing\/#primaryimage"},"image":{"@id":"https:\/\/tracefy.com\/nl\/diefstal-opsporing\/#primaryimage"},"thumbnailUrl":"https:\/\/tracefy.com\/wp-content\/uploads\/2021\/12\/apple-store-icon-1024x410.png","datePublished":"2024-01-25T07:13:08+00:00","dateModified":"2025-12-11T10:52:10+00:00","breadcrumb":{"@id":"https:\/\/tracefy.com\/nl\/diefstal-opsporing\/#breadcrumb"},"inLanguage":"nl-NL","potentialAction":[{"@type":"ReadAction","target":["https:\/\/tracefy.com\/nl\/diefstal-opsporing\/"]}]},{"@type":"ImageObject","inLanguage":"nl-NL","@id":"https:\/\/tracefy.com\/nl\/diefstal-opsporing\/#primaryimage","url":"https:\/\/tracefy.com\/wp-content\/uploads\/2021\/12\/apple-store-icon-1024x410.png","contentUrl":"https:\/\/tracefy.com\/wp-content\/uploads\/2021\/12\/apple-store-icon-1024x410.png"},{"@type":"BreadcrumbList","@id":"https:\/\/tracefy.com\/nl\/diefstal-opsporing\/#breadcrumb","itemListElement":[{"@type":"ListItem","position":1,"name":"Home","item":"https:\/\/tracefy.com\/"},{"@type":"ListItem","position":2,"name":"Diefstal &#038; Opsporing"}]},{"@type":"WebSite","@id":"https:\/\/tracefy.com\/nl\/#website","url":"https:\/\/tracefy.com\/nl\/","name":"Tracefy | Keep Your Bike Close","description":"","publisher":{"@id":"https:\/\/tracefy.com\/nl\/#organization"},"potentialAction":[{"@type":"SearchAction","target":{"@type":"EntryPoint","urlTemplate":"https:\/\/tracefy.com\/nl\/?s={search_term_string}"},"query-input":{"@type":"PropertyValueSpecification","valueRequired":true,"valueName":"search_term_string"}}],"inLanguage":"nl-NL"},{"@type":"Organization","@id":"https:\/\/tracefy.com\/nl\/#organization","name":"Tracefy | Keep Your Bike Close","url":"https:\/\/tracefy.com\/nl\/","logo":{"@type":"ImageObject","inLanguage":"nl-NL","@id":"https:\/\/tracefy.com\/nl\/#\/schema\/logo\/image\/","url":"https:\/\/tracefy.com\/wp-content\/uploads\/2021\/10\/Tracefy_logo_payoff-2022.svg","contentUrl":"https:\/\/tracefy.com\/wp-content\/uploads\/2021\/10\/Tracefy_logo_payoff-2022.svg","width":517.5,"height":285.9,"caption":"Tracefy | Keep Your Bike Close"},"image":{"@id":"https:\/\/tracefy.com\/nl\/#\/schema\/logo\/image\/"},"sameAs":["https:\/\/www.facebook.com\/Tracefy\/","https:\/\/www.instagram.com\/tracefy_iot\/","https:\/\/www.youtube.com\/@tracefy_iot","https:\/\/www.linkedin.com\/company\/tracefy\/"]}]}},"_links":{"self":[{"href":"https:\/\/tracefy.com\/nl\/wp-json\/wp\/v2\/pages\/5826","targetHints":{"allow":["GET"]}}],"collection":[{"href":"https:\/\/tracefy.com\/nl\/wp-json\/wp\/v2\/pages"}],"about":[{"href":"https:\/\/tracefy.com\/nl\/wp-json\/wp\/v2\/types\/page"}],"author":[{"embeddable":true,"href":"https:\/\/tracefy.com\/nl\/wp-json\/wp\/v2\/users\/1"}],"replies":[{"embeddable":true,"href":"https:\/\/tracefy.com\/nl\/wp-json\/wp\/v2\/comments?post=5826"}],"version-history":[{"count":52,"href":"https:\/\/tracefy.com\/nl\/wp-json\/wp\/v2\/pages\/5826\/revisions"}],"predecessor-version":[{"id":10175,"href":"https:\/\/tracefy.com\/nl\/wp-json\/wp\/v2\/pages\/5826\/revisions\/10175"}],"wp:attachment":[{"href":"https:\/\/tracefy.com\/nl\/wp-json\/wp\/v2\/media?parent=5826"}],"curies":[{"name":"wp","href":"https:\/\/api.w.org\/{rel}","templated":true}]}}